{"id":17,"date":"2025-04-05T05:08:33","date_gmt":"2025-04-05T05:08:33","guid":{"rendered":"https:\/\/checkinhanoi.com\/?page_id=17"},"modified":"2025-04-07T05:35:42","modified_gmt":"2025-04-07T05:35:42","slug":"faq-ffok","status":"publish","type":"page","link":"https:\/\/checkinhanoi.com\/index.php\/faq-ffok\/","title":{"rendered":"FAQ FFok \u2013 M\u1ecdi th\u1eafc m\u1eafc c\u1ee7a b\u1ea1n \u0111\u1ec1u c\u00f3 l\u1eddi gi\u1ea3i \u1edf \u0111\u00e2y n\u00e8!"},"content":{"rendered":"\n<h1 class=\"wp-block-heading\"><span class=\"ez-toc-section\" id=\"FAQ_FFok_%E2%80%93_Moi_thac_mac_cua_ban_deu_co_loi_giai_o_day_ne\"><\/span>FAQ FFok \u2013 M\u1ecdi th\u1eafc m\u1eafc c\u1ee7a b\u1ea1n \u0111\u1ec1u c\u00f3 l\u1eddi gi\u1ea3i \u1edf \u0111\u00e2y n\u00e8!<span class=\"ez-toc-section-end\"><\/span><\/h1>\n\n\n\n<figure class=\"wp-block-image aligncenter size-full\"><img loading=\"lazy\" decoding=\"async\" width=\"800\" height=\"450\" src=\"https:\/\/checkinhanoi.com\/wp-content\/uploads\/2025\/04\/faq.jpg\" alt=\"FAQ FFok \u2013 M\u1ecdi th\u1eafc m\u1eafc c\u1ee7a b\u1ea1n \u0111\u1ec1u c\u00f3 l\u1eddi gi\u1ea3i \u1edf \u0111\u00e2y n\u00e8!\" class=\"wp-image-178\" srcset=\"https:\/\/checkinhanoi.com\/wp-content\/uploads\/2025\/04\/faq.jpg 800w, https:\/\/checkinhanoi.com\/wp-content\/uploads\/2025\/04\/faq-300x169.jpg 300w, https:\/\/checkinhanoi.com\/wp-content\/uploads\/2025\/04\/faq-768x432.jpg 768w\" sizes=\"auto, (max-width: 800px) 100vw, 800px\" \/><figcaption class=\"wp-element-caption\">FAQ FFok \u2013 M\u1ecdi th\u1eafc m\u1eafc c\u1ee7a b\u1ea1n \u0111\u1ec1u c\u00f3 l\u1eddi gi\u1ea3i \u1edf \u0111\u00e2y n\u00e8!<\/figcaption><\/figure>\n\n\n\n<p>Trong th\u1ebf gi\u1edbi \u0111\u1ea7y bi\u1ebfn \u0111\u1ed9ng c\u1ee7a game online v\u00e0 c\u00e1c n\u1ec1n t\u1ea3ng c\u00e1 c\u01b0\u1ee3c,&nbsp;<strong><a href=\"https:\/\/checkinhanoi.com\/index.php\/faq-ffok\/\">FAQ FFok<\/a><\/strong>&nbsp;\u0111\u00e3 xu\u1ea5t hi\u1ec7n nh\u01b0 m\u1ed9t ngu\u1ed3n th\u00f4ng tin h\u1eefu \u00edch cho ng\u01b0\u1eddi ch\u01a1i. D\u01b0\u1edbi \u0111\u00e2y l\u00e0 b\u00e0i vi\u1ebft chi ti\u1ebft gi\u00fap b\u1ea1n hi\u1ec3u r\u00f5 h\u01a1n v\u1ec1 FFok, t\u1eeb c\u00e1ch \u0111\u0103ng k\u00fd t\u00e0i kho\u1ea3n \u0111\u1ebfn c\u00e1c v\u1ea5n \u0111\u1ec1 li\u00ean quan \u0111\u1ebfn b\u1ea3o m\u1eadt v\u00e0 h\u1ed7 tr\u1ee3 ng\u01b0\u1eddi d\u00f9ng.<\/p><div id=\"ez-toc-container\" class=\"ez-toc-v2_0_82_2 ez-toc-wrap-center counter-hierarchy ez-toc-counter ez-toc-grey ez-toc-container-direction\">\n<div class=\"ez-toc-title-container\">\n<p class=\"ez-toc-title\" style=\"cursor:inherit\">T\u00f3m t\u1eaft<\/p>\n<span class=\"ez-toc-title-toggle\"><a href=\"#\" class=\"ez-toc-pull-right ez-toc-btn ez-toc-btn-xs ez-toc-btn-default ez-toc-toggle\" aria-label=\"Toggle Table of Content\"><span class=\"ez-toc-js-icon-con\"><span class=\"\"><span class=\"eztoc-hide\" style=\"display:none;\">Toggle<\/span><span class=\"ez-toc-icon-toggle-span\"><svg style=\"fill: #999;color:#999\" xmlns=\"http:\/\/www.w3.org\/2000\/svg\" class=\"list-377408\" width=\"20px\" height=\"20px\" viewBox=\"0 0 24 24\" fill=\"none\"><path d=\"M6 6H4v2h2V6zm14 0H8v2h12V6zM4 11h2v2H4v-2zm16 0H8v2h12v-2zM4 16h2v2H4v-2zm16 0H8v2h12v-2z\" fill=\"currentColor\"><\/path><\/svg><svg style=\"fill: #999;color:#999\" class=\"arrow-unsorted-368013\" xmlns=\"http:\/\/www.w3.org\/2000\/svg\" width=\"10px\" height=\"10px\" viewBox=\"0 0 24 24\" version=\"1.2\" baseProfile=\"tiny\"><path d=\"M18.2 9.3l-6.2-6.3-6.2 6.3c-.2.2-.3.4-.3.7s.1.5.3.7c.2.2.4.3.7.3h11c.3 0 .5-.1.7-.3.2-.2.3-.5.3-.7s-.1-.5-.3-.7zM5.8 14.7l6.2 6.3 6.2-6.3c.2-.2.3-.5.3-.7s-.1-.5-.3-.7c-.2-.2-.4-.3-.7-.3h-11c-.3 0-.5.1-.7.3-.2.2-.3.5-.3.7s.1.5.3.7z\"\/><\/svg><\/span><\/span><\/span><\/a><\/span><\/div>\n<nav><ul class='ez-toc-list ez-toc-list-level-1 ' ><li class='ez-toc-page-1 ez-toc-heading-level-1'><a class=\"ez-toc-link ez-toc-heading-1\" href=\"https:\/\/checkinhanoi.com\/index.php\/faq-ffok\/#FAQ_FFok_%E2%80%93_Moi_thac_mac_cua_ban_deu_co_loi_giai_o_day_ne\" >FAQ FFok \u2013 M\u1ecdi th\u1eafc m\u1eafc c\u1ee7a b\u1ea1n \u0111\u1ec1u c\u00f3 l\u1eddi gi\u1ea3i \u1edf \u0111\u00e2y n\u00e8!<\/a><ul class='ez-toc-list-level-2' ><li class='ez-toc-heading-level-2'><a class=\"ez-toc-link ez-toc-heading-2\" href=\"https:\/\/checkinhanoi.com\/index.php\/faq-ffok\/#FFok_la_gi_va_co_dang_tin_khong\" >FFok l\u00e0 g\u00ec v\u00e0 c\u00f3 \u0111\u00e1ng tin kh\u00f4ng?<\/a><\/li><li class='ez-toc-page-1 ez-toc-heading-level-2'><a class=\"ez-toc-link ez-toc-heading-3\" href=\"https:\/\/checkinhanoi.com\/index.php\/faq-ffok\/#Nhung_cau_hoi_thuong_gap_khi_su_dung_FFok\" >Nh\u1eefng c\u00e2u h\u1ecfi th\u01b0\u1eddng g\u1eb7p khi s\u1eed d\u1ee5ng FFok<\/a><\/li><li class='ez-toc-page-1 ez-toc-heading-level-2'><a class=\"ez-toc-link ez-toc-heading-4\" href=\"https:\/\/checkinhanoi.com\/index.php\/faq-ffok\/#Giai_dap_thac_mac_ve_bao_mat_va_ho_tro_nguoi_dung\" >Gi\u1ea3i \u0111\u00e1p th\u1eafc m\u1eafc v\u1ec1 b\u1ea3o m\u1eadt v\u00e0 h\u1ed7 tr\u1ee3 ng\u01b0\u1eddi d\u00f9ng<\/a><\/li><li class='ez-toc-page-1 ez-toc-heading-level-2'><a class=\"ez-toc-link ez-toc-heading-5\" href=\"https:\/\/checkinhanoi.com\/index.php\/faq-ffok\/#Ket_luan\" >K\u1ebft lu\u1eadn<\/a><\/li><\/ul><\/li><\/ul><\/nav><\/div>\n\n\n\n\n<h2 class=\"wp-block-heading\"><span class=\"ez-toc-section\" id=\"FFok_la_gi_va_co_dang_tin_khong\"><\/span>FFok l\u00e0 g\u00ec v\u00e0 c\u00f3 \u0111\u00e1ng tin kh\u00f4ng?<span class=\"ez-toc-section-end\"><\/span><\/h2>\n\n\n\n<p><a href=\"https:\/\/checkinhanoi.com\/\"><strong>FFok<\/strong><\/a> l\u00e0 m\u1ed9t n\u1ec1n t\u1ea3ng chuy\u00ean cung c\u1ea5p d\u1ecbch v\u1ee5 c\u00e1 c\u01b0\u1ee3c tr\u1ef1c tuy\u1ebfn v\u00e0 tr\u00f2 ch\u01a1i \u0111i\u1ec7n t\u1eed, n\u01a1i m\u00e0 ng\u01b0\u1eddi ch\u01a1i c\u00f3 th\u1ec3 tham gia v\u00e0o nhi\u1ec1u lo\u1ea1i h\u00ecnh c\u00e1 c\u01b0\u1ee3c kh\u00e1c nhau. \u0110\u01b0\u1ee3c thi\u1ebft k\u1ebf \u0111\u1ec3 mang l\u1ea1i tr\u1ea3i nghi\u1ec7m m\u01b0\u1ee3t m\u00e0 v\u00e0 th\u00fa v\u1ecb, FFok thu h\u00fat h\u00e0ng tri\u1ec7u ng\u01b0\u1eddi d\u00f9ng tr\u00ean to\u00e0n c\u1ea7u.<\/p>\n\n\n\n<h3 class=\"wp-block-heading\">T\u1ed5ng quan nhanh v\u1ec1 FFok cho ng\u01b0\u1eddi m\u1edbi ch\u01a1i<\/h3>\n\n\n\n<p>Khi b\u1eaft \u0111\u1ea7u v\u1edbi FFok, ng\u01b0\u1eddi ch\u01a1i s\u1ebd \u0111\u01b0\u1ee3c ti\u1ebfp c\u1eadn v\u1edbi m\u1ed9t giao di\u1ec7n th\u00e2n thi\u1ec7n, d\u1ec5 s\u1eed d\u1ee5ng. N\u1ec1n t\u1ea3ng n\u00e0y kh\u00f4ng ch\u1ec9 n\u1ed5i b\u1eadt v\u1edbi c\u00e1c tr\u00f2 ch\u01a1i \u0111a d\u1ea1ng m\u00e0 c\u00f2n c\u00f3 c\u00e1c ch\u01b0\u01a1ng tr\u00ecnh khuy\u1ebfn m\u00e3i h\u1ea5p d\u1eabn d\u00e0nh cho ng\u01b0\u1eddi m\u1edbi. \u0110\u1eb7c bi\u1ec7t, FFok cung c\u1ea5p m\u1ed9t s\u1ed1 tr\u00f2 ch\u01a1i ph\u1ed5 bi\u1ebfn nh\u01b0 poker, slot v\u00e0 c\u00e1c tr\u00f2 ch\u01a1i casino tr\u1ef1c ti\u1ebfp.<\/p>\n\n\n\n<p>Ng\u01b0\u1eddi ch\u01a1i c\u00f3 th\u1ec3 d\u1ec5 d\u00e0ng t\u00ecm th\u1ea5y h\u01b0\u1edbng d\u1eabn v\u00e0 th\u00f4ng tin c\u1ee5 th\u1ec3 v\u1ec1 t\u1eebng tr\u00f2 ch\u01a1i ngay tr\u00ean trang web. \u0110i\u1ec1u n\u00e0y c\u1ef1c k\u1ef3 h\u1eefu \u00edch cho nh\u1eefng ai l\u1ea7n \u0111\u1ea7u ti\u00ean tham gia b\u1edfi n\u00f3 gi\u00fap ng\u01b0\u1eddi ch\u01a1i l\u00e0m quen v\u1edbi c\u00e1ch th\u1ee9c ho\u1ea1t \u0111\u1ed9ng v\u00e0 lu\u1eadt ch\u01a1i c\u01a1 b\u1ea3n.<\/p>\n\n\n\n<h3 class=\"wp-block-heading\">Nh\u1eefng l\u00fd do khi\u1ebfn FFok \u0111\u01b0\u1ee3c nhi\u1ec1u ng\u01b0\u1eddi l\u1ef1a ch\u1ecdn<\/h3>\n\n\n\n<p>M\u1ed9t trong nh\u1eefng l\u00fd do ch\u00ednh m\u00e0 nhi\u1ec1u ng\u01b0\u1eddi ch\u01a1i l\u1ef1a ch\u1ecdn FFok ch\u00ednh l\u00e0 \u0111\u1ed9 tin c\u1eady v\u00e0 an to\u00e0n c\u1ee7a n\u1ec1n t\u1ea3ng n\u00e0y. V\u1edbi ch\u1ee9ng nh\u1eadn h\u1ee3p ph\u00e1p t\u1eeb c\u00e1c c\u01a1 quan qu\u1ea3n l\u00fd uy t\u00edn, FFok cam k\u1ebft mang \u0111\u1ebfn s\u1ef1 b\u1ea3o v\u1ec7 t\u1ed1i \u01b0u cho th\u00f4ng tin c\u00e1 nh\u00e2n v\u00e0 t\u00e0i kho\u1ea3n c\u1ee7a ng\u01b0\u1eddi d\u00f9ng.<\/p>\n\n\n\n<p>B\u00ean c\u1ea1nh \u0111\u00f3, FFok c\u00f2n cung c\u1ea5p nhi\u1ec1u ph\u01b0\u01a1ng th\u1ee9c thanh to\u00e1n linh ho\u1ea1t, gi\u00fap ng\u01b0\u1eddi ch\u01a1i d\u1ec5 d\u00e0ng n\u1ea1p v\u00e0 r\u00fat ti\u1ec1n. H\u1ec7 th\u1ed1ng ch\u0103m s\u00f3c kh\u00e1ch h\u00e0ng c\u0169ng \u0111\u01b0\u1ee3c \u0111\u00e1nh gi\u00e1 cao, lu\u00f4n s\u1eb5n s\u00e0ng h\u1ed7 tr\u1ee3 ng\u01b0\u1eddi d\u00f9ng 24\/7.<\/p>\n\n\n\n<h2 class=\"wp-block-heading\"><span class=\"ez-toc-section\" id=\"Nhung_cau_hoi_thuong_gap_khi_su_dung_FFok\"><\/span>Nh\u1eefng c\u00e2u h\u1ecfi th\u01b0\u1eddng g\u1eb7p khi s\u1eed d\u1ee5ng FFok<span class=\"ez-toc-section-end\"><\/span><\/h2>\n\n\n\n<p>Khi s\u1eed d\u1ee5ng FFok, kh\u00f4ng \u00edt ng\u01b0\u1eddi ch\u01a1i g\u1eb7p ph\u1ea3i m\u1ed9t s\u1ed1 c\u00e2u h\u1ecfi ph\u1ed5 bi\u1ebfn. Ch\u00ednh v\u00ec v\u1eady, ch\u00fang ta s\u1ebd c\u00f9ng \u0111i\u1ec3m qua m\u1ed9t s\u1ed1 c\u00e2u h\u1ecfi th\u01b0\u1eddng g\u1eb7p nh\u1ea5t \u0111\u1ec3 gi\u00fap b\u1ea1n c\u00f3 c\u00e1i nh\u00ecn r\u00f5 n\u00e9t h\u01a1n.<\/p>\n\n\n\n<h3 class=\"wp-block-heading\">H\u01b0\u1edbng d\u1eabn \u0111\u0103ng k\u00fd, \u0111\u0103ng nh\u1eadp, v\u00e0 x\u00e1c minh t\u00e0i kho\u1ea3n<\/h3>\n\n\n\n<p>Qu\u00e1 tr\u00ecnh \u0111\u0103ng k\u00fd t\u00e0i kho\u1ea3n tr\u00ean FFok kh\u00e1 \u0111\u01a1n gi\u1ea3n v\u00e0 nhanh ch\u00f3ng. Ng\u01b0\u1eddi d\u00f9ng ch\u1ec9 c\u1ea7n truy c\u1eadp v\u00e0o trang ch\u1ee7 c\u1ee7a FFok v\u00e0 t\u00ecm n\u00fat &#8220;\u0110\u0103ng k\u00fd&#8221;. Sau \u0111\u00f3, b\u1ea1n s\u1ebd c\u1ea7n \u0111i\u1ec1n v\u00e0o m\u1ed9t form \u0111\u0103ng k\u00fd v\u1edbi c\u00e1c th\u00f4ng tin c\u01a1 b\u1ea3n nh\u01b0 t\u00ean, email, v\u00e0 s\u1ed1 \u0111i\u1ec7n tho\u1ea1i.<\/p>\n\n\n\n<p>Sau khi \u0111i\u1ec1n xong, b\u1ea1n s\u1ebd nh\u1eadn m\u1ed9t email x\u00e1c nh\u1eadn, n\u01a1i b\u1ea1n c\u1ea7n nh\u1ea5p v\u00e0o li\u00ean k\u1ebft \u0111\u1ec3 ho\u00e0n t\u1ea5t qu\u00e1 tr\u00ecnh \u0111\u0103ng k\u00fd. M\u1ed9t \u0111i\u1ec3m quan tr\u1ecdng l\u00e0 b\u1ea1n n\u00ean s\u1eed d\u1ee5ng th\u00f4ng tin ch\u00ednh x\u00e1c \u0111\u1ec3 tr\u00e1nh g\u1eb7p r\u1eafc r\u1ed1i trong vi\u1ec7c x\u00e1c minh t\u00e0i kho\u1ea3n sau n\u00e0y.<\/p>\n\n\n\n<p>Khi \u0111\u00e3 c\u00f3 t\u00e0i kho\u1ea3n, b\u1ea1n c\u00f3 th\u1ec3 \u0111\u0103ng nh\u1eadp b\u1eb1ng t\u00ean \u0111\u0103ng nh\u1eadp v\u00e0 m\u1eadt kh\u1ea9u \u0111\u00e3 t\u1ea1o. N\u1ebfu qu\u00ean m\u1eadt kh\u1ea9u, FFok c\u0169ng cung c\u1ea5p t\u00ednh n\u0103ng kh\u00f4i ph\u1ee5c m\u1eadt kh\u1ea9u r\u1ea5t ti\u1ec7n l\u1ee3i.<\/p>\n\n\n\n<h3 class=\"wp-block-heading\">C\u00e1ch ch\u01a1i, n\u1ea1p r\u00fat v\u00e0 x\u1eed l\u00fd khi c\u00f3 s\u1ef1 c\u1ed1<\/h3>\n\n\n\n<p>Khi \u0111\u00e3 \u0111\u0103ng nh\u1eadp th\u00e0nh c\u00f4ng v\u00e0o FFok, b\u1ea1n c\u00f3 th\u1ec3 b\u1eaft \u0111\u1ea7u kh\u00e1m ph\u00e1 c\u00e1c tr\u00f2 ch\u01a1i. M\u1ed7i tr\u00f2 ch\u01a1i s\u1ebd c\u00f3 h\u01b0\u1edbng d\u1eabn chi ti\u1ebft \u0111i k\u00e8m, gi\u00fap b\u1ea1n d\u1ec5 d\u00e0ng l\u00e0m quen v\u00e0 tham gia.<\/p>\n\n\n\n<p>Vi\u1ec7c n\u1ea1p ti\u1ec1n v\u00e0o t\u00e0i kho\u1ea3n c\u0169ng r\u1ea5t d\u1ec5 d\u00e0ng. FFok h\u1ed7 tr\u1ee3 nhi\u1ec1u h\u00ecnh th\u1ee9c n\u1ea1p ti\u1ec1n nh\u01b0 th\u1ebb ng\u00e2n h\u00e0ng, v\u00ed \u0111i\u1ec7n t\u1eed, hay chuy\u1ec3n kho\u1ea3n ng\u00e2n h\u00e0ng. B\u1ea1n ch\u1ec9 c\u1ea7n v\u00e0o ph\u1ea7n \u201cN\u1ea1p ti\u1ec1n\u201d v\u00e0 ch\u1ecdn ph\u01b0\u01a1ng th\u1ee9c ph\u00f9 h\u1ee3p, sau \u0111\u00f3 th\u1ef1c hi\u1ec7n theo h\u01b0\u1edbng d\u1eabn.<\/p>\n\n\n\n<p>N\u1ebfu g\u1eb7p r\u1eafc r\u1ed1i trong qu\u00e1 tr\u00ecnh n\u1ea1p ho\u1eb7c r\u00fat ti\u1ec1n, b\u1ea1n h\u00e3y ki\u1ec3m tra l\u1ea1i th\u00f4ng tin t\u00e0i kho\u1ea3n c\u1ee7a m\u00ecnh. Trong tr\u01b0\u1eddng h\u1ee3p v\u1eabn kh\u00f4ng kh\u1eafc ph\u1ee5c \u0111\u01b0\u1ee3c, b\u1ea1n n\u00ean li\u00ean h\u1ec7 v\u1edbi b\u1ed9 ph\u1eadn h\u1ed7 tr\u1ee3 kh\u00e1ch h\u00e0ng \u0111\u1ec3 \u0111\u01b0\u1ee3c gi\u1ea3i quy\u1ebft nhanh ch\u00f3ng.<\/p>\n\n\n\n<h2 class=\"wp-block-heading\"><span class=\"ez-toc-section\" id=\"Giai_dap_thac_mac_ve_bao_mat_va_ho_tro_nguoi_dung\"><\/span>Gi\u1ea3i \u0111\u00e1p th\u1eafc m\u1eafc v\u1ec1 b\u1ea3o m\u1eadt v\u00e0 h\u1ed7 tr\u1ee3 ng\u01b0\u1eddi d\u00f9ng<span class=\"ez-toc-section-end\"><\/span><\/h2>\n\n\n\n<p>B\u1ea3o m\u1eadt th\u00f4ng tin v\u00e0 quy\u1ec1n l\u1ee3i c\u1ee7a ng\u01b0\u1eddi ch\u01a1i l\u00e0 m\u1ed9t trong nh\u1eefng y\u1ebfu t\u1ed1 quan tr\u1ecdng nh\u1ea5t t\u1ea1i FFok. Ch\u00fang t\u00f4i s\u1ebd c\u00f9ng ph\u00e2n t\u00edch c\u00e1ch th\u1ee9c m\u00e0 FFok b\u1ea3o v\u1ec7 ng\u01b0\u1eddi d\u00f9ng c\u0169ng nh\u01b0 h\u1ed7 tr\u1ee3 khi c\u00f3 s\u1ef1 c\u1ed1 x\u1ea3y ra.<\/p>\n\n\n\n<h3 class=\"wp-block-heading\">FFok b\u1ea3o v\u1ec7 th\u00f4ng tin ng\u01b0\u1eddi d\u00f9ng nh\u01b0 th\u1ebf n\u00e0o?<\/h3>\n\n\n\n<p>FFok s\u1eed d\u1ee5ng c\u00f4ng ngh\u1ec7 m\u00e3 h\u00f3a SSL ti\u00ean ti\u1ebfn \u0111\u1ec3 b\u1ea3o v\u1ec7 d\u1eef li\u1ec7u c\u00e1 nh\u00e2n v\u00e0 th\u00f4ng tin t\u00e0i kho\u1ea3n c\u1ee7a ng\u01b0\u1eddi ch\u01a1i. \u0110i\u1ec1u n\u00e0y c\u00f3 ngh\u0129a l\u00e0 m\u1ecdi th\u00f4ng tin b\u1ea1n nh\u1eadp v\u00e0o n\u1ec1n t\u1ea3ng \u0111\u1ec1u \u0111\u01b0\u1ee3c m\u00e3 h\u00f3a v\u00e0 ch\u1ec9 c\u00f3 th\u1ec3 \u0111\u01b0\u1ee3c gi\u1ea3i m\u00e3 b\u1edfi h\u1ec7 th\u1ed1ng c\u1ee7a FFok.<\/p>\n\n\n\n<p>Ngo\u00e0i ra, FFok c\u0169ng th\u1ef1c hi\u1ec7n c\u00e1c bi\u1ec7n ph\u00e1p b\u1ea3o m\u1eadt kh\u00e1c nh\u01b0 x\u00e1c minh hai b\u01b0\u1edbc v\u00e0 c\u00e1c quy tr\u00ecnh ki\u1ec3m tra ch\u1eb7t ch\u1ebd nh\u1eb1m ph\u00e1t hi\u1ec7n v\u00e0 ng\u0103n ch\u1eb7n c\u00e1c h\u00e0nh vi gian l\u1eadn. Ng\u01b0\u1eddi ch\u01a1i ho\u00e0n to\u00e0n c\u00f3 th\u1ec3 y\u00ean t\u00e2m khi tham gia v\u00e0o c\u00e1c ho\u1ea1t \u0111\u1ed9ng c\u00e1 c\u01b0\u1ee3c t\u1ea1i \u0111\u00e2y.<\/p>\n\n\n\n<h3 class=\"wp-block-heading\">Li\u00ean h\u1ec7 h\u1ed7 tr\u1ee3 khi g\u1eb7p r\u1eafc r\u1ed1i th\u00ec l\u00e0m sao?<\/h3>\n\n\n\n<p>Trong tr\u01b0\u1eddng h\u1ee3p g\u1eb7p ph\u1ea3i v\u1ea5n \u0111\u1ec1 n\u00e0o \u0111\u00f3 trong qu\u00e1 tr\u00ecnh s\u1eed d\u1ee5ng, b\u1ea1n c\u00f3 th\u1ec3 li\u00ean h\u1ec7 v\u1edbi \u0111\u1ed9i ng\u0169 h\u1ed7 tr\u1ee3 kh\u00e1ch h\u00e0ng c\u1ee7a FFok th\u00f4ng qua nhi\u1ec1u k\u00eanh kh\u00e1c nhau nh\u01b0 live chat, email ho\u1eb7c \u0111i\u1ec7n tho\u1ea1i. Th\u1eddi gian ph\u1ea3n h\u1ed3i l\u00e0 r\u1ea5t nhanh ch\u00f3ng, th\u01b0\u1eddng ch\u1ec9 m\u1ea5t v\u00e0i ph\u00fat.<\/p>\n\n\n\n<p>\u0110\u1ed9i ng\u0169 h\u1ed7 tr\u1ee3 c\u1ee7a FFok \u0111\u01b0\u1ee3c \u0111\u00e0o t\u1ea1o b\u00e0i b\u1ea3n v\u00e0 lu\u00f4n s\u1eb5n s\u00e0ng gi\u1ea3i \u0111\u00e1p m\u1ecdi th\u1eafc m\u1eafc c\u1ee7a ng\u01b0\u1eddi ch\u01a1i. H\u1ecd kh\u00f4ng ch\u1ec9 gi\u00fap \u0111\u1ee1 v\u1ec1 c\u00e1c v\u1ea5n \u0111\u1ec1 k\u1ef9 thu\u1eadt m\u00e0 c\u00f2n c\u00f3 th\u1ec3 t\u01b0 v\u1ea5n cho b\u1ea1n v\u1ec1 c\u00e1ch ch\u01a1i v\u00e0 qu\u1ea3n l\u00fd t\u00e0i kho\u1ea3n hi\u1ec7u qu\u1ea3.<\/p>\n\n\n\n<h2 class=\"wp-block-heading\"><span class=\"ez-toc-section\" id=\"Ket_luan\"><\/span>K\u1ebft lu\u1eadn<span class=\"ez-toc-section-end\"><\/span><\/h2>\n\n\n\n<p>Nh\u01b0 v\u1eady, qua b\u00e0i vi\u1ebft n\u00e0y, b\u1ea1n \u0111\u00e3 c\u00f3 c\u00e1i nh\u00ecn s\u00e2u s\u1eafc h\u01a1n v\u1ec1&nbsp;<strong>FAQ FFok<\/strong>&nbsp;v\u00e0 c\u00e1c v\u1ea5n \u0111\u1ec1 th\u01b0\u1eddng g\u1eb7p khi s\u1eed d\u1ee5ng n\u1ec1n t\u1ea3ng n\u00e0y. T\u1eeb vi\u1ec7c \u0111\u0103ng k\u00fd t\u00e0i kho\u1ea3n, c\u00e1ch ch\u01a1i, n\u1ea1p r\u00fat cho \u0111\u1ebfn b\u1ea3o m\u1eadt v\u00e0 h\u1ed7 tr\u1ee3 ng\u01b0\u1eddi d\u00f9ng, FFok \u0111\u00e3 ch\u1ee9ng minh m\u00ecnh l\u00e0 m\u1ed9t l\u1ef1a ch\u1ecdn \u0111\u00e1ng tin c\u1eady cho nh\u1eefng ai y\u00eau th\u00edch c\u00e1 c\u01b0\u1ee3c tr\u1ef1c tuy\u1ebfn. Hy v\u1ecdng r\u1eb1ng nh\u1eefng th\u00f4ng tin tr\u00ean s\u1ebd gi\u00fap b\u1ea1n c\u00f3 tr\u1ea3i nghi\u1ec7m t\u1ed1t nh\u1ea5t khi tham gia v\u00e0o FFok!<\/p>\n\n\n","protected":false},"excerpt":{"rendered":"<p>FAQ FFok \u2013 M\u1ecdi th\u1eafc m\u1eafc c\u1ee7a b\u1ea1n \u0111\u1ec1u c\u00f3 l\u1eddi gi\u1ea3i \u1edf \u0111\u00e2y n\u00e8! Trong th\u1ebf gi\u1edbi \u0111\u1ea7y bi\u1ebfn \u0111\u1ed9ng c\u1ee7a game online v\u00e0 c\u00e1c n\u1ec1n t\u1ea3ng c\u00e1 c\u01b0\u1ee3c,&nbsp;FAQ FFok&nbsp;\u0111\u00e3 xu\u1ea5t hi\u1ec7n nh\u01b0 m\u1ed9t ngu\u1ed3n th\u00f4ng tin h\u1eefu \u00edch cho ng\u01b0\u1eddi ch\u01a1i. D\u01b0\u1edbi \u0111\u00e2y l\u00e0 b\u00e0i vi\u1ebft chi ti\u1ebft gi\u00fap b\u1ea1n hi\u1ec3u r\u00f5 h\u01a1n [&#8230;]\n","protected":false},"author":1,"featured_media":178,"parent":0,"menu_order":0,"comment_status":"closed","ping_status":"closed","template":"","meta":{"footnotes":""},"class_list":["post-17","page","type-page","status-publish","has-post-thumbnail","hentry"],"_links":{"self":[{"href":"https:\/\/checkinhanoi.com\/index.php\/wp-json\/wp\/v2\/pages\/17","targetHints":{"allow":["GET"]}}],"collection":[{"href":"https:\/\/checkinhanoi.com\/index.php\/wp-json\/wp\/v2\/pages"}],"about":[{"href":"https:\/\/checkinhanoi.com\/index.php\/wp-json\/wp\/v2\/types\/page"}],"author":[{"embeddable":true,"href":"https:\/\/checkinhanoi.com\/index.php\/wp-json\/wp\/v2\/users\/1"}],"replies":[{"embeddable":true,"href":"https:\/\/checkinhanoi.com\/index.php\/wp-json\/wp\/v2\/comments?post=17"}],"version-history":[{"count":3,"href":"https:\/\/checkinhanoi.com\/index.php\/wp-json\/wp\/v2\/pages\/17\/revisions"}],"predecessor-version":[{"id":179,"href":"https:\/\/checkinhanoi.com\/index.php\/wp-json\/wp\/v2\/pages\/17\/revisions\/179"}],"wp:featuredmedia":[{"embeddable":true,"href":"https:\/\/checkinhanoi.com\/index.php\/wp-json\/wp\/v2\/media\/178"}],"wp:attachment":[{"href":"https:\/\/checkinhanoi.com\/index.php\/wp-json\/wp\/v2\/media?parent=17"}],"curies":[{"name":"wp","href":"https:\/\/api.w.org\/{rel}","templated":true}]}}