{"id":19,"date":"2025-04-05T05:08:17","date_gmt":"2025-04-05T05:08:17","guid":{"rendered":"https:\/\/checkinhanoi.com\/?page_id=19"},"modified":"2025-04-07T05:48:41","modified_gmt":"2025-04-07T05:48:41","slug":"dai-ly-ffok","status":"publish","type":"page","link":"https:\/\/checkinhanoi.com\/index.php\/dai-ly-ffok\/","title":{"rendered":"\u0110\u1ea1i l\u00fd FFok \u2013 C\u01a1 h\u1ed9i ki\u1ebfm ti\u1ec1n si\u00eau ngon, b\u1ea1n th\u1eed ch\u01b0a?"},"content":{"rendered":"\n<h1 class=\"wp-block-heading\"><span class=\"ez-toc-section\" id=\"Dai_ly_FFok_%E2%80%93_Co_hoi_kiem_tien_sieu_ngon_ban_thu_chua\"><\/span>\u0110\u1ea1i l\u00fd FFok \u2013 C\u01a1 h\u1ed9i ki\u1ebfm ti\u1ec1n si\u00eau ngon, b\u1ea1n th\u1eed ch\u01b0a?<span class=\"ez-toc-section-end\"><\/span><\/h1>\n\n\n\n<figure class=\"wp-block-image aligncenter size-full\"><img loading=\"lazy\" decoding=\"async\" width=\"800\" height=\"450\" src=\"https:\/\/checkinhanoi.com\/wp-content\/uploads\/2025\/04\/dai-ly.jpg\" alt=\"\u0110\u1ea1i l\u00fd FFok \u2013 C\u01a1 h\u1ed9i ki\u1ebfm ti\u1ec1n si\u00eau ngon, b\u1ea1n th\u1eed ch\u01b0a?\" class=\"wp-image-187\" srcset=\"https:\/\/checkinhanoi.com\/wp-content\/uploads\/2025\/04\/dai-ly.jpg 800w, https:\/\/checkinhanoi.com\/wp-content\/uploads\/2025\/04\/dai-ly-300x169.jpg 300w, https:\/\/checkinhanoi.com\/wp-content\/uploads\/2025\/04\/dai-ly-768x432.jpg 768w\" sizes=\"auto, (max-width: 800px) 100vw, 800px\" \/><figcaption class=\"wp-element-caption\">\u0110\u1ea1i l\u00fd FFok \u2013 C\u01a1 h\u1ed9i ki\u1ebfm ti\u1ec1n si\u00eau ngon, b\u1ea1n th\u1eed ch\u01b0a?<\/figcaption><\/figure>\n\n\n\n<p><strong><a href=\"https:\/\/checkinhanoi.com\/index.php\/dai-ly-ffok\/\">\u0110\u1ea1i l\u00fd FFok<\/a><\/strong>&nbsp;\u0111ang tr\u1edf th\u00e0nh m\u1ed9t trong nh\u1eefng c\u01a1 h\u1ed9i v\u00e0ng \u0111\u1ec3 ki\u1ebfm ti\u1ec1n online m\u00e0 nhi\u1ec1u ng\u01b0\u1eddi \u0111ang b\u00e0n t\u00e1n s\u00f4i n\u1ed5i. N\u1ec1n t\u1ea3ng n\u00e0y kh\u00f4ng ch\u1ec9 cung c\u1ea5p cho b\u1ea1n m\u1ed9t h\u1ec7 th\u1ed1ng hoa h\u1ed3ng h\u1ea5p d\u1eabn m\u00e0 c\u00f2n h\u1ed7 tr\u1ee3 b\u1ea1n trong vi\u1ec7c marketing v\u00e0 c\u00e1c c\u00f4ng c\u1ee5 chuy\u00ean nghi\u1ec7p \u0111i k\u00e8m, gi\u00fap b\u1ea1n c\u00f3 th\u1ec3 t\u1ed1i \u01b0u h\u00f3a vi\u1ec7c kinh doanh c\u1ee7a m\u00ecnh. Trong b\u00e0i vi\u1ebft n\u00e0y, ch\u00fang ta s\u1ebd c\u00f9ng t\u00ecm hi\u1ec3u s\u00e2u h\u01a1n v\u1ec1&nbsp;<em>\u0111\u1ea1i l\u00fd FFok<\/em>, t\u1eeb l\u1ee3i \u00edch, \u0111i\u1ec1u ki\u1ec7n tham gia cho \u0111\u1ebfn c\u00e1c m\u1eb9o x\u00e2y d\u1ef1ng h\u1ec7 th\u1ed1ng hi\u1ec7u qu\u1ea3.<\/p><div id=\"ez-toc-container\" class=\"ez-toc-v2_0_82_2 ez-toc-wrap-center counter-hierarchy ez-toc-counter ez-toc-grey ez-toc-container-direction\">\n<div class=\"ez-toc-title-container\">\n<p class=\"ez-toc-title\" style=\"cursor:inherit\">T\u00f3m t\u1eaft<\/p>\n<span class=\"ez-toc-title-toggle\"><a href=\"#\" class=\"ez-toc-pull-right ez-toc-btn ez-toc-btn-xs ez-toc-btn-default ez-toc-toggle\" aria-label=\"Toggle Table of Content\"><span class=\"ez-toc-js-icon-con\"><span class=\"\"><span class=\"eztoc-hide\" style=\"display:none;\">Toggle<\/span><span class=\"ez-toc-icon-toggle-span\"><svg style=\"fill: #999;color:#999\" xmlns=\"http:\/\/www.w3.org\/2000\/svg\" class=\"list-377408\" width=\"20px\" height=\"20px\" viewBox=\"0 0 24 24\" fill=\"none\"><path d=\"M6 6H4v2h2V6zm14 0H8v2h12V6zM4 11h2v2H4v-2zm16 0H8v2h12v-2zM4 16h2v2H4v-2zm16 0H8v2h12v-2z\" fill=\"currentColor\"><\/path><\/svg><svg style=\"fill: #999;color:#999\" class=\"arrow-unsorted-368013\" xmlns=\"http:\/\/www.w3.org\/2000\/svg\" width=\"10px\" height=\"10px\" viewBox=\"0 0 24 24\" version=\"1.2\" baseProfile=\"tiny\"><path d=\"M18.2 9.3l-6.2-6.3-6.2 6.3c-.2.2-.3.4-.3.7s.1.5.3.7c.2.2.4.3.7.3h11c.3 0 .5-.1.7-.3.2-.2.3-.5.3-.7s-.1-.5-.3-.7zM5.8 14.7l6.2 6.3 6.2-6.3c.2-.2.3-.5.3-.7s-.1-.5-.3-.7c-.2-.2-.4-.3-.7-.3h-11c-.3 0-.5.1-.7.3-.2.2-.3.5-.3.7s.1.5.3.7z\"\/><\/svg><\/span><\/span><\/span><\/a><\/span><\/div>\n<nav><ul class='ez-toc-list ez-toc-list-level-1 ' ><li class='ez-toc-page-1 ez-toc-heading-level-1'><a class=\"ez-toc-link ez-toc-heading-1\" href=\"https:\/\/checkinhanoi.com\/index.php\/dai-ly-ffok\/#Dai_ly_FFok_%E2%80%93_Co_hoi_kiem_tien_sieu_ngon_ban_thu_chua\" >\u0110\u1ea1i l\u00fd FFok \u2013 C\u01a1 h\u1ed9i ki\u1ebfm ti\u1ec1n si\u00eau ngon, b\u1ea1n th\u1eed ch\u01b0a?<\/a><ul class='ez-toc-list-level-2' ><li class='ez-toc-heading-level-2'><a class=\"ez-toc-link ez-toc-heading-2\" href=\"https:\/\/checkinhanoi.com\/index.php\/dai-ly-ffok\/#Tro_thanh_dai_ly_FFok_la_sao_va_co_loi_gi\" >Tr\u1edf th\u00e0nh \u0111\u1ea1i l\u00fd FFok l\u00e0 sao v\u00e0 c\u00f3 l\u1ee3i g\u00ec?<\/a><\/li><li class='ez-toc-page-1 ez-toc-heading-level-2'><a class=\"ez-toc-link ez-toc-heading-3\" href=\"https:\/\/checkinhanoi.com\/index.php\/dai-ly-ffok\/#Dieu_kien_de_tham_gia_lam_dai_ly_FFok_la_gi\" >\u0110i\u1ec1u ki\u1ec7n \u0111\u1ec3 tham gia l\u00e0m \u0111\u1ea1i l\u00fd FFok l\u00e0 g\u00ec?<\/a><\/li><li class='ez-toc-page-1 ez-toc-heading-level-2'><a class=\"ez-toc-link ez-toc-heading-4\" href=\"https:\/\/checkinhanoi.com\/index.php\/dai-ly-ffok\/#Meo_xay_dung_he_thong_dai_ly_FFok_hieu_qua\" >M\u1eb9o x\u00e2y d\u1ef1ng h\u1ec7 th\u1ed1ng \u0111\u1ea1i l\u00fd FFok hi\u1ec7u qu\u1ea3<\/a><\/li><li class='ez-toc-page-1 ez-toc-heading-level-2'><a class=\"ez-toc-link ez-toc-heading-5\" href=\"https:\/\/checkinhanoi.com\/index.php\/dai-ly-ffok\/#Ket_luan\" >K\u1ebft lu\u1eadn<\/a><\/li><\/ul><\/li><\/ul><\/nav><\/div>\n\n\n\n\n<h2 class=\"wp-block-heading\"><span class=\"ez-toc-section\" id=\"Tro_thanh_dai_ly_FFok_la_sao_va_co_loi_gi\"><\/span>Tr\u1edf th\u00e0nh \u0111\u1ea1i l\u00fd FFok l\u00e0 sao v\u00e0 c\u00f3 l\u1ee3i g\u00ec?<span class=\"ez-toc-section-end\"><\/span><\/h2>\n\n\n\n<p>Tr\u1edf th\u00e0nh&nbsp;<strong>\u0111\u1ea1i l\u00fd FFok<\/strong>&nbsp;\u0111\u1ed3ng ngh\u0129a v\u1edbi vi\u1ec7c b\u1ea1n s\u1ebd tr\u1edf th\u00e0nh m\u1ed9t ph\u1ea7n c\u1ee7a h\u1ec7 th\u1ed1ng ph\u00e2n ph\u1ed1i s\u1ea3n ph\u1ea9m\/d\u1ecbch v\u1ee5 c\u1ee7a h\u1ecd. \u0110i\u1ec1u n\u00e0y kh\u00f4ng ch\u1ec9 gi\u00fap b\u1ea1n c\u00f3 th\u00eam ngu\u1ed3n thu nh\u1eadp m\u00e0 c\u00f2n m\u1edf ra c\u00e1nh c\u1eeda m\u1edbi cho c\u00e1c c\u01a1 h\u1ed9i kinh doanh.<\/p>\n\n\n\n<h3 class=\"wp-block-heading\">H\u1ec7 th\u1ed1ng hoa h\u1ed3ng h\u1ea5p d\u1eabn d\u00e0nh cho \u0111\u1ea1i l\u00fd<\/h3>\n\n\n\n<p>Khi tham gia l\u00e0m \u0111\u1ea1i l\u00fd t\u1ea1i FFok, b\u1ea1n s\u1ebd \u0111\u01b0\u1ee3c h\u01b0\u1edfng m\u1ed9t h\u1ec7 th\u1ed1ng hoa h\u1ed3ng c\u1ef1c k\u1ef3 h\u1ea5p d\u1eabn. H\u1ec7 th\u1ed1ng n\u00e0y c\u00f3 th\u1ec3 chia th\u00e0nh nhi\u1ec1u c\u1ea5p \u0111\u1ed9 kh\u00e1c nhau, khi\u1ebfn cho m\u1ee9c hoa h\u1ed3ng c\u1ee7a b\u1ea1n c\u00f3 th\u1ec3 t\u0103ng l\u00ean \u0111\u00e1ng k\u1ec3 t\u00f9y thu\u1ed9c v\u00e0o kh\u1ed1i l\u01b0\u1ee3ng s\u1ea3n ph\u1ea9m\/d\u1ecbch v\u1ee5 m\u00e0 b\u1ea1n b\u00e1n ra.<\/p>\n\n\n\n<p>H\u1ec7 th\u1ed1ng hoa h\u1ed3ng th\u01b0\u1eddng \u0111\u01b0\u1ee3c t\u00ednh theo t\u1ef7 l\u1ec7 ph\u1ea7n tr\u0103m tr\u00ean doanh thu m\u00e0 b\u1ea1n t\u1ea1o ra. \u0110i\u1ec1u n\u00e0y c\u00f3 ngh\u0129a l\u00e0 c\u00e0ng b\u00e1n nhi\u1ec1u, b\u1ea1n c\u00e0ng nh\u1eadn \u0111\u01b0\u1ee3c nhi\u1ec1u ti\u1ec1n. \u0110\u1eb7c bi\u1ec7t, nhi\u1ec1u \u0111\u1ea1i l\u00fd \u0111\u00e3 cho th\u1ea5y r\u1eb1ng v\u1edbi chi\u1ebfn l\u01b0\u1ee3c ti\u1ebfp th\u1ecb \u0111\u00fang \u0111\u1eafn, vi\u1ec7c ki\u1ebfm ti\u1ec1n t\u1eeb hoa h\u1ed3ng c\u00f3 th\u1ec3 \u0111\u1ea1t t\u1edbi con s\u1ed1 r\u1ea5t cao trong th\u1eddi gian ng\u1eafn.<\/p>\n\n\n\n<p>Ngo\u00e0i ra, <a href=\"https:\/\/checkinhanoi.com\/\"><strong>FFok<\/strong><\/a> c\u0169ng th\u01b0\u1eddng xuy\u00ean c\u00f3 c\u00e1c ch\u01b0\u01a1ng tr\u00ecnh khuy\u1ebfn m\u00e3i \u0111\u1eb7c bi\u1ec7t d\u00e0nh ri\u00eang cho \u0111\u1ea1i l\u00fd, gi\u00fap h\u1ecd d\u1ec5 d\u00e0ng t\u0103ng doanh thu h\u01a1n. Vi\u1ec7c n\u1eafm b\u1eaft th\u00f4ng tin k\u1ecbp th\u1eddi s\u1ebd gi\u00fap b\u1ea1n t\u1eadn d\u1ee5ng t\u1ed1t c\u00e1c c\u01a1 h\u1ed9i n\u00e0y.<\/p>\n\n\n\n<h3 class=\"wp-block-heading\">H\u1ed7 tr\u1ee3 marketing, c\u00f4ng c\u1ee5 chuy\u00ean nghi\u1ec7p \u0111i k\u00e8m<\/h3>\n\n\n\n<p>M\u1ed9t trong nh\u1eefng \u0111i\u1ec3m m\u1ea1nh c\u1ee7a vi\u1ec7c tr\u1edf th\u00e0nh \u0111\u1ea1i l\u00fd FFok ch\u00ednh l\u00e0 h\u1ec7 th\u1ed1ng h\u1ed7 tr\u1ee3 marketing m\u00e0 h\u1ecd cung c\u1ea5p. T\u1eeb banner qu\u1ea3ng c\u00e1o \u0111\u1ebfn m\u1eabu email marketing, t\u1ea5t c\u1ea3 \u0111\u1ec1u \u0111\u01b0\u1ee3c thi\u1ebft k\u1ebf chuy\u00ean nghi\u1ec7p nh\u1eb1m gi\u00fap b\u1ea1n d\u1ec5 d\u00e0ng ti\u1ebfp c\u1eadn kh\u00e1ch h\u00e0ng ti\u1ec1m n\u0103ng.<\/p>\n\n\n\n<p>FFok c\u0169ng t\u00edch h\u1ee3p nhi\u1ec1u c\u00f4ng c\u1ee5 ph\u00e2n t\u00edch hi\u1ec7u qu\u1ea3 \u0111\u1ec3 b\u1ea1n c\u00f3 th\u1ec3 theo d\u00f5i \u0111\u01b0\u1ee3c hi\u1ec7u su\u1ea5t marketing c\u1ee7a m\u00ecnh. \u0110i\u1ec1u n\u00e0y gi\u00fap b\u1ea1n \u0111i\u1ec1u ch\u1ec9nh n\u1ed9i dung v\u00e0 h\u00ecnh th\u1ee9c qu\u1ea3ng b\u00e1 sao cho ph\u00f9 h\u1ee3p nh\u1ea5t v\u1edbi \u0111\u1ed1i t\u01b0\u1ee3ng kh\u00e1ch h\u00e0ng m\u00e0 b\u1ea1n mu\u1ed1n nh\u1eafm \u0111\u1ebfn.<\/p>\n\n\n\n<p>Th\u00eam v\u00e0o \u0111\u00f3, c\u1ed9ng \u0111\u1ed3ng \u0111\u1ea1i l\u00fd c\u1ee7a FFok c\u0169ng r\u1ea5t n\u0103ng \u0111\u1ed9ng. B\u1ea1n c\u00f3 th\u1ec3 chia s\u1ebb kinh nghi\u1ec7m, h\u1ecfi \u0111\u00e1p v\u00e0 h\u1ecdc h\u1ecfi nh\u1eefng b\u00ed quy\u1ebft t\u1eeb c\u00e1c \u0111\u1ea1i l\u00fd kh\u00e1c \u0111\u1ec3 nhanh ch\u00f3ng ph\u00e1t tri\u1ec3n trong l\u0129nh v\u1ef1c n\u00e0y.<\/p>\n\n\n\n<h2 class=\"wp-block-heading\"><span class=\"ez-toc-section\" id=\"Dieu_kien_de_tham_gia_lam_dai_ly_FFok_la_gi\"><\/span>\u0110i\u1ec1u ki\u1ec7n \u0111\u1ec3 tham gia l\u00e0m \u0111\u1ea1i l\u00fd FFok l\u00e0 g\u00ec?<span class=\"ez-toc-section-end\"><\/span><\/h2>\n\n\n\n<p>M\u1eb7c d\u00f9 h\u1ec7 th\u1ed1ng l\u00e0m \u0111\u1ea1i l\u00fd c\u1ee7a FFok kh\u00e1 \u0111\u01a1n gi\u1ea3n v\u00e0 d\u1ec5 ti\u1ebfp c\u1eadn, nh\u01b0ng v\u1eabn c\u00f3 m\u1ed9t s\u1ed1 \u0111i\u1ec1u ki\u1ec7n c\u1ea7n ph\u1ea3i \u0111\u00e1p \u1ee9ng \u0111\u1ec3 b\u1ea1n c\u00f3 th\u1ec3 tham gia.<\/p>\n\n\n\n<h3 class=\"wp-block-heading\">C\u1ea7n chu\u1ea9n b\u1ecb g\u00ec \u0111\u1ec3 b\u1eaft \u0111\u1ea7u ki\u1ebfm ti\u1ec1n c\u00f9ng FFok<\/h3>\n\n\n\n<p>\u0110\u1ea7u ti\u00ean, b\u1ea1n c\u1ea7n c\u00f3 m\u1ed9t t\u00e0i kho\u1ea3n c\u00e1 nh\u00e2n tr\u00ean n\u1ec1n t\u1ea3ng FFok. Vi\u1ec7c \u0111\u0103ng k\u00fd t\u00e0i kho\u1ea3n l\u00e0 mi\u1ec5n ph\u00ed v\u00e0 r\u1ea5t nhanh ch\u00f3ng. Sau khi t\u1ea1o t\u00e0i kho\u1ea3n, b\u1ea1n n\u00ean ho\u00e0n thi\u1ec7n h\u1ed3 s\u01a1 c\u00e1 nh\u00e2n c\u1ee7a m\u00ecnh \u0111\u1ec3 t\u0103ng kh\u1ea3 n\u0103ng ti\u1ebfp c\u1eadn v\u1edbi kh\u00e1ch h\u00e0ng.<\/p>\n\n\n\n<p>B\u00ean c\u1ea1nh \u0111\u00f3, vi\u1ec7c trang b\u1ecb ki\u1ebfn th\u1ee9c v\u1ec1 s\u1ea3n ph\u1ea9m\/d\u1ecbch v\u1ee5 m\u00e0 b\u1ea1n s\u1ebd kinh doanh c\u0169ng r\u1ea5t quan tr\u1ecdng. B\u1ea1n c\u1ea7n hi\u1ec3u r\u00f5 v\u1ec1 \u0111\u1eb7c \u0111i\u1ec3m, l\u1ee3i \u00edch c\u0169ng nh\u01b0 c\u00e1ch s\u1eed d\u1ee5ng s\u1ea3n ph\u1ea9m \u0111\u1ec3 c\u00f3 th\u1ec3 t\u01b0 v\u1ea5n v\u00e0 thuy\u1ebft ph\u1ee5c kh\u00e1ch h\u00e0ng m\u1ed9t c\u00e1ch t\u1ed1t nh\u1ea5t.<\/p>\n\n\n\n<p>Cu\u1ed1i c\u00f9ng, h\u00e3y chu\u1ea9n b\u1ecb m\u1ed9t ch\u00fat v\u1ec1 m\u1eb7t t\u00e0i ch\u00ednh \u0111\u1ec3 c\u00f3 th\u1ec3 chi tr\u1ea3 cho c\u00e1c ho\u1ea1t \u0111\u1ed9ng marketing ban \u0111\u1ea7u nh\u01b0 ch\u1ea1y qu\u1ea3ng c\u00e1o hay in \u1ea5n t\u00e0i li\u1ec7u.<\/p>\n\n\n\n<h3 class=\"wp-block-heading\">Quy tr\u00ecnh \u0111\u0103ng k\u00fd \u0111\u1ea1i l\u00fd \u0111\u01a1n gi\u1ea3n trong v\u00e0i b\u01b0\u1edbc<\/h3>\n\n\n\n<p>Quy tr\u00ecnh \u0111\u0103ng k\u00fd tr\u1edf th\u00e0nh \u0111\u1ea1i l\u00fd FFok \u0111\u01b0\u1ee3c thi\u1ebft k\u1ebf r\u1ea5t \u0111\u01a1n gi\u1ea3n v\u00e0 thu\u1eadn ti\u1ec7n. B\u1ea1n ch\u1ec9 c\u1ea7n truy c\u1eadp v\u00e0o website c\u1ee7a FFok, \u0111i\u1ec1n th\u00f4ng tin c\u01a1 b\u1ea3n v\u00e0 g\u1eedi y\u00eau c\u1ea7u \u0111\u0103ng k\u00fd. Th\u1eddi gian x\u1eed l\u00fd \u0111\u01a1n \u0111\u0103ng k\u00fd th\u01b0\u1eddng di\u1ec5n ra trong v\u00f2ng 24 gi\u1edd.<\/p>\n\n\n\n<p>Sau khi \u0111\u01b0\u1ee3c ch\u1ea5p nh\u1eadn, b\u1ea1n s\u1ebd nh\u1eadn \u0111\u01b0\u1ee3c m\u1ed9t h\u01b0\u1edbng d\u1eabn chi ti\u1ebft v\u1ec1 c\u00e1ch s\u1eed d\u1ee5ng c\u00e1c c\u00f4ng c\u1ee5 v\u00e0 t\u00e0i nguy\u00ean h\u1ed7 tr\u1ee3 m\u00e0 FFok cung c\u1ea5p. H\u1ec7 th\u1ed1ng c\u1ee7a FFok c\u0169ng \u0111\u1ea3m b\u1ea3o r\u1eb1ng b\u1ea1n s\u1ebd kh\u00f4ng g\u1eb7p kh\u00f3 kh\u0103n trong vi\u1ec7c t\u00ecm ki\u1ebfm th\u00f4ng tin c\u1ea7n thi\u1ebft \u0111\u1ec3 b\u1eaft \u0111\u1ea7u kinh doanh.<\/p>\n\n\n\n<p>Ng\u00e0y nay, v\u1edbi s\u1ef1 ph\u00e1t tri\u1ec3n kh\u00f4ng ng\u1eebng c\u1ee7a c\u00f4ng ngh\u1ec7, vi\u1ec7c tr\u1edf th\u00e0nh m\u1ed9t \u0111\u1ea1i l\u00fd tr\u1ef1c tuy\u1ebfn tr\u1edf n\u00ean d\u1ec5 d\u00e0ng h\u01a1n bao gi\u1edd h\u1ebft. B\u1ea1n ch\u1ec9 c\u1ea7n c\u00f3 m\u1ed9t chi\u1ebfc m\u00e1y t\u00ednh ho\u1eb7c \u0111i\u1ec7n tho\u1ea1i th\u00f4ng minh k\u1ebft n\u1ed1i internet l\u00e0 \u0111\u00e3 c\u00f3 th\u1ec3 b\u1eaft tay ngay v\u00e0o vi\u1ec7c ki\u1ebfm ti\u1ec1n.<\/p>\n\n\n\n<h2 class=\"wp-block-heading\"><span class=\"ez-toc-section\" id=\"Meo_xay_dung_he_thong_dai_ly_FFok_hieu_qua\"><\/span>M\u1eb9o x\u00e2y d\u1ef1ng h\u1ec7 th\u1ed1ng \u0111\u1ea1i l\u00fd FFok hi\u1ec7u qu\u1ea3<span class=\"ez-toc-section-end\"><\/span><\/h2>\n\n\n\n<p>X\u00e2y d\u1ef1ng m\u1ed9t h\u1ec7 th\u1ed1ng \u0111\u1ea1i l\u00fd FFok hi\u1ec7u qu\u1ea3 kh\u00f4ng ch\u1ec9 \u0111\u01a1n thu\u1ea7n l\u00e0 vi\u1ec7c b\u00e1n h\u00e0ng. N\u00f3 c\u00f2n li\u00ean quan \u0111\u1ebfn vi\u1ec7c qu\u1ea3n l\u00fd v\u00e0 ph\u00e1t tri\u1ec3n m\u1ed1i quan h\u1ec7 v\u1edbi kh\u00e1ch h\u00e0ng c\u0169ng nh\u01b0 nh\u1eefng \u0111\u1ea1i l\u00fd kh\u00e1c.<\/p>\n\n\n\n<h3 class=\"wp-block-heading\">C\u00e1ch thu h\u00fat ng\u01b0\u1eddi ch\u01a1i m\u1edbi c\u1ef1c \u0111\u01a1n gi\u1ea3n<\/h3>\n\n\n\n<p>\u0110\u1ec3 thu h\u00fat ng\u01b0\u1eddi ch\u01a1i m\u1edbi, b\u1ea1n c\u1ea7n ph\u1ea3i c\u00f3 m\u1ed9t chi\u1ebfn l\u01b0\u1ee3c marketing h\u1ee3p l\u00fd. M\u1ed9t trong nh\u1eefng c\u00e1ch hi\u1ec7u qu\u1ea3 nh\u1ea5t l\u00e0 s\u1eed d\u1ee5ng m\u1ea1ng x\u00e3 h\u1ed9i. H\u00e3y t\u1ea1o nh\u1eefng b\u00e0i vi\u1ebft thu h\u00fat, chia s\u1ebb th\u00f4ng tin h\u1eefu \u00edch v\u00e0 khuy\u1ebfn m\u00e3i h\u1ea5p d\u1eabn \u0111\u1ec3 k\u00eau g\u1ecdi m\u1ecdi ng\u01b0\u1eddi tham gia.<\/p>\n\n\n\n<p>Ngo\u00e0i ra, h\u00e3y t\u1ed5 ch\u1ee9c c\u00e1c bu\u1ed5i livestream ho\u1eb7c webinar \u0111\u1ec3 gi\u1edbi thi\u1ec7u s\u1ea3n ph\u1ea9m. \u0110i\u1ec1u n\u00e0y kh\u00f4ng ch\u1ec9 gi\u00fap b\u1ea1n t\u1ea1o \u1ea5n t\u01b0\u1ee3ng m\u00e0 c\u00f2n c\u00f3 c\u01a1 h\u1ed9i \u0111\u1ec3 tr\u1ef1c ti\u1ebfp giao l\u01b0u v\u1edbi kh\u00e1ch h\u00e0ng, gi\u1ea3i \u0111\u00e1p th\u1eafc m\u1eafc v\u00e0 t\u1ea1o d\u1ef1ng l\u00f2ng tin.<\/p>\n\n\n\n<p>N\u1ebfu c\u00f3 th\u1ec3, h\u00e3y k\u1ebft h\u1ee3p v\u1edbi c\u00e1c influencer ho\u1eb7c blogger c\u00f3 uy t\u00edn trong l\u0129nh v\u1ef1c \u0111\u1ec3 qu\u1ea3ng b\u00e1 cho s\u1ea3n ph\u1ea9m c\u1ee7a b\u1ea1n. Vi\u1ec7c n\u00e0y s\u1ebd gi\u00fap b\u1ea1n nhanh ch\u00f3ng ti\u1ebfp c\u1eadn \u0111\u01b0\u1ee3c l\u01b0\u1ee3ng kh\u00e1ch h\u00e0ng l\u1edbn v\u00e0 ti\u1ec1m n\u0103ng.<\/p>\n\n\n\n<h3 class=\"wp-block-heading\">Gi\u1eef ch\u00e2n ng\u01b0\u1eddi ch\u01a1i v\u00e0 t\u0103ng doanh thu l\u00e2u d\u00e0i<\/h3>\n\n\n\n<p>Gi\u1eef ch\u00e2n kh\u00e1ch h\u00e0ng l\u00e0 y\u1ebfu t\u1ed1 quan tr\u1ecdng \u0111\u1ec3 \u0111\u1ea3m b\u1ea3o doanh thu l\u00e2u d\u00e0i. \u0110\u1ec3 l\u00e0m \u0111\u01b0\u1ee3c \u0111i\u1ec1u n\u00e0y, b\u1ea1n c\u1ea7n x\u00e2y d\u1ef1ng m\u1ed9t m\u1ed1i quan h\u1ec7 g\u1eafn b\u00f3 v\u00e0 \u0111\u00e1ng tin c\u1eady v\u1edbi h\u1ecd.<\/p>\n\n\n\n<p>\u0110\u1ea7u ti\u00ean, h\u00e3y lu\u00f4n ch\u0103m s\u00f3c kh\u00e1ch h\u00e0ng sau khi h\u1ecd mua s\u1ea3n ph\u1ea9m. G\u1eedi email c\u1ea3m \u01a1n, h\u1ecfi th\u0103m v\u1ec1 tr\u1ea3i nghi\u1ec7m s\u1eed d\u1ee5ng s\u1ea3n ph\u1ea9m v\u00e0 \u0111\u1ec1 xu\u1ea5t nh\u1eefng s\u1ea3n ph\u1ea9m t\u01b0\u01a1ng t\u1ef1 s\u1ebd gi\u00fap h\u1ecd c\u1ea3m th\u1ea5y \u0111\u01b0\u1ee3c quan t\u00e2m.<\/p>\n\n\n\n<p>Th\u1ee9 hai, h\u00e3y th\u01b0\u1eddng xuy\u00ean c\u1eadp nh\u1eadt c\u00e1c th\u00f4ng tin khuy\u1ebfn m\u00e3i, \u01b0u \u0111\u00e3i m\u1edbi nh\u1ea5t \u0111\u1ebfn v\u1edbi kh\u00e1ch h\u00e0ng qua c\u00e1c k\u00eanh truy\u1ec1n th\u00f4ng c\u1ee7a b\u1ea1n. Vi\u1ec7c n\u00e0y kh\u00f4ng ch\u1ec9 gi\u1eef ch\u00e2n kh\u00e1ch h\u00e0ng c\u0169 m\u00e0 c\u00f2n thu h\u00fat th\u00eam kh\u00e1ch h\u00e0ng m\u1edbi.<\/p>\n\n\n\n<p>Cu\u1ed1i c\u00f9ng, h\u00e3y xem x\u00e9t vi\u1ec7c x\u00e2y d\u1ef1ng ch\u01b0\u01a1ng tr\u00ecnh th\u01b0\u1edfng cho kh\u00e1ch h\u00e0ng trung th\u00e0nh. C\u00e1c \u01b0u \u0111\u00e3i t\u1eeb ch\u01b0\u01a1ng tr\u00ecnh n\u00e0y kh\u00f4ng ch\u1ec9 khi\u1ebfn kh\u00e1ch h\u00e0ng h\u00e0i l\u00f2ng m\u00e0 c\u00f2n khuy\u1ebfn kh\u00edch h\u1ecd quay l\u1ea1i mua s\u1eafm nhi\u1ec1u l\u1ea7n.<\/p>\n\n\n\n<h2 class=\"wp-block-heading\"><span class=\"ez-toc-section\" id=\"Ket_luan\"><\/span>K\u1ebft lu\u1eadn<span class=\"ez-toc-section-end\"><\/span><\/h2>\n\n\n\n<p>T\u00f3m l\u1ea1i, vi\u1ec7c tr\u1edf th\u00e0nh&nbsp;<strong>\u0111\u1ea1i l\u00fd FFok<\/strong>&nbsp;kh\u00f4ng ch\u1ec9 l\u00e0 m\u1ed9t c\u01a1 h\u1ed9i ki\u1ebfm ti\u1ec1n h\u1ea5p d\u1eabn m\u00e0 c\u00f2n l\u00e0 m\u1ed9t h\u00e0nh tr\u00ecnh th\u00fa v\u1ecb \u0111\u1ec3 kh\u00e1m ph\u00e1 th\u1ebf gi\u1edbi kinh doanh online. V\u1edbi h\u1ec7 th\u1ed1ng hoa h\u1ed3ng h\u1ea5p d\u1eabn, c\u00f4ng c\u1ee5 marketing chuy\u00ean nghi\u1ec7p v\u00e0 h\u1ed7 tr\u1ee3 t\u1eeb c\u1ed9ng \u0111\u1ed3ng, FFok th\u1ef1c s\u1ef1 mang l\u1ea1i nhi\u1ec1u gi\u00e1 tr\u1ecb cho nh\u1eefng ai mu\u1ed1n th\u1eed s\u1ee9c trong l\u0129nh v\u1ef1c n\u00e0y.<\/p>\n\n\n","protected":false},"excerpt":{"rendered":"<p>\u0110\u1ea1i l\u00fd FFok \u2013 C\u01a1 h\u1ed9i ki\u1ebfm ti\u1ec1n si\u00eau ngon, b\u1ea1n th\u1eed ch\u01b0a? \u0110\u1ea1i l\u00fd FFok&nbsp;\u0111ang tr\u1edf th\u00e0nh m\u1ed9t trong nh\u1eefng c\u01a1 h\u1ed9i v\u00e0ng \u0111\u1ec3 ki\u1ebfm ti\u1ec1n online m\u00e0 nhi\u1ec1u ng\u01b0\u1eddi \u0111ang b\u00e0n t\u00e1n s\u00f4i n\u1ed5i. N\u1ec1n t\u1ea3ng n\u00e0y kh\u00f4ng ch\u1ec9 cung c\u1ea5p cho b\u1ea1n m\u1ed9t h\u1ec7 th\u1ed1ng hoa h\u1ed3ng h\u1ea5p d\u1eabn m\u00e0 c\u00f2n h\u1ed7 [&#8230;]\n","protected":false},"author":1,"featured_media":187,"parent":0,"menu_order":0,"comment_status":"closed","ping_status":"closed","template":"","meta":{"footnotes":""},"class_list":["post-19","page","type-page","status-publish","has-post-thumbnail","hentry"],"_links":{"self":[{"href":"https:\/\/checkinhanoi.com\/index.php\/wp-json\/wp\/v2\/pages\/19","targetHints":{"allow":["GET"]}}],"collection":[{"href":"https:\/\/checkinhanoi.com\/index.php\/wp-json\/wp\/v2\/pages"}],"about":[{"href":"https:\/\/checkinhanoi.com\/index.php\/wp-json\/wp\/v2\/types\/page"}],"author":[{"embeddable":true,"href":"https:\/\/checkinhanoi.com\/index.php\/wp-json\/wp\/v2\/users\/1"}],"replies":[{"embeddable":true,"href":"https:\/\/checkinhanoi.com\/index.php\/wp-json\/wp\/v2\/comments?post=19"}],"version-history":[{"count":3,"href":"https:\/\/checkinhanoi.com\/index.php\/wp-json\/wp\/v2\/pages\/19\/revisions"}],"predecessor-version":[{"id":188,"href":"https:\/\/checkinhanoi.com\/index.php\/wp-json\/wp\/v2\/pages\/19\/revisions\/188"}],"wp:featuredmedia":[{"embeddable":true,"href":"https:\/\/checkinhanoi.com\/index.php\/wp-json\/wp\/v2\/media\/187"}],"wp:attachment":[{"href":"https:\/\/checkinhanoi.com\/index.php\/wp-json\/wp\/v2\/media?parent=19"}],"curies":[{"name":"wp","href":"https:\/\/api.w.org\/{rel}","templated":true}]}}