{"id":20,"date":"2025-04-05T05:08:08","date_gmt":"2025-04-05T05:08:08","guid":{"rendered":"https:\/\/checkinhanoi.com\/?page_id=20"},"modified":"2025-04-07T03:29:36","modified_gmt":"2025-04-07T03:29:36","slug":"xo-so-ffok","status":"publish","type":"page","link":"https:\/\/checkinhanoi.com\/index.php\/xo-so-ffok\/","title":{"rendered":"X\u1ed5 S\u1ed1 FFok \u2013 Ch\u01a1i vui tr\u00fang l\u1edbn, b\u1ea1n th\u1eed ch\u01b0a?"},"content":{"rendered":"\n<h1 class=\"wp-block-heading\"><span class=\"ez-toc-section\" id=\"Xo_So_FFok_%E2%80%93_Choi_vui_trung_lon_ban_thu_chua\"><\/span>X\u1ed5 S\u1ed1 FFok \u2013 Ch\u01a1i vui tr\u00fang l\u1edbn, b\u1ea1n th\u1eed ch\u01b0a?<span class=\"ez-toc-section-end\"><\/span><\/h1>\n\n\n\n<p><a href=\"https:\/\/checkinhanoi.com\/index.php\/xo-so-ffok\/\"><strong>X\u1ed5 s\u1ed1 FFok<\/strong><\/a> \u0111ang tr\u1edf th\u00e0nh m\u1ed9t trong nh\u1eefng h\u00ecnh th\u1ee9c gi\u1ea3i tr\u00ed th\u00fa v\u1ecb v\u00e0 h\u1ea5p d\u1eabn nh\u1ea5t hi\u1ec7n nay. V\u1edbi nh\u1eefng \u0111\u1eb7c \u0111i\u1ec3m ri\u00eang bi\u1ec7t, FFok kh\u00f4ng ch\u1ec9 mang \u0111\u1ebfn cho ng\u01b0\u1eddi ch\u01a1i c\u01a1 h\u1ed9i tr\u00fang th\u01b0\u1edfng l\u1edbn m\u00e0 c\u00f2n t\u1ea1o ra nh\u1eefng tr\u1ea3i nghi\u1ec7m th\u00fa v\u1ecb khi tham gia. N\u1ebfu b\u1ea1n l\u00e0 m\u1ed9t ng\u01b0\u1eddi y\u00eau th\u00edch s\u1ef1 h\u1ed3i h\u1ed9p v\u00e0 mong mu\u1ed1n t\u00ecm ki\u1ebfm v\u1eadn may c\u1ee7a m\u00ecnh, h\u00e3y c\u00f9ng kh\u00e1m ph\u00e1 nh\u1eefng \u0111i\u1ec1u \u0111\u1eb7c bi\u1ec7t v\u1ec1 x\u1ed5 s\u1ed1 FFok qua b\u00e0i vi\u1ebft d\u01b0\u1edbi \u0111\u00e2y nh\u00e9!<\/p><div id=\"ez-toc-container\" class=\"ez-toc-v2_0_82_2 ez-toc-wrap-center counter-hierarchy ez-toc-counter ez-toc-grey ez-toc-container-direction\">\n<div class=\"ez-toc-title-container\">\n<p class=\"ez-toc-title\" style=\"cursor:inherit\">T\u00f3m t\u1eaft<\/p>\n<span class=\"ez-toc-title-toggle\"><a href=\"#\" class=\"ez-toc-pull-right ez-toc-btn ez-toc-btn-xs ez-toc-btn-default ez-toc-toggle\" aria-label=\"Toggle Table of Content\"><span class=\"ez-toc-js-icon-con\"><span class=\"\"><span class=\"eztoc-hide\" style=\"display:none;\">Toggle<\/span><span class=\"ez-toc-icon-toggle-span\"><svg style=\"fill: #999;color:#999\" xmlns=\"http:\/\/www.w3.org\/2000\/svg\" class=\"list-377408\" width=\"20px\" height=\"20px\" viewBox=\"0 0 24 24\" fill=\"none\"><path d=\"M6 6H4v2h2V6zm14 0H8v2h12V6zM4 11h2v2H4v-2zm16 0H8v2h12v-2zM4 16h2v2H4v-2zm16 0H8v2h12v-2z\" fill=\"currentColor\"><\/path><\/svg><svg style=\"fill: #999;color:#999\" class=\"arrow-unsorted-368013\" xmlns=\"http:\/\/www.w3.org\/2000\/svg\" width=\"10px\" height=\"10px\" viewBox=\"0 0 24 24\" version=\"1.2\" baseProfile=\"tiny\"><path d=\"M18.2 9.3l-6.2-6.3-6.2 6.3c-.2.2-.3.4-.3.7s.1.5.3.7c.2.2.4.3.7.3h11c.3 0 .5-.1.7-.3.2-.2.3-.5.3-.7s-.1-.5-.3-.7zM5.8 14.7l6.2 6.3 6.2-6.3c.2-.2.3-.5.3-.7s-.1-.5-.3-.7c-.2-.2-.4-.3-.7-.3h-11c-.3 0-.5.1-.7.3-.2.2-.3.5-.3.7s.1.5.3.7z\"\/><\/svg><\/span><\/span><\/span><\/a><\/span><\/div>\n<nav><ul class='ez-toc-list ez-toc-list-level-1 ' ><li class='ez-toc-page-1 ez-toc-heading-level-1'><a class=\"ez-toc-link ez-toc-heading-1\" href=\"https:\/\/checkinhanoi.com\/index.php\/xo-so-ffok\/#Xo_So_FFok_%E2%80%93_Choi_vui_trung_lon_ban_thu_chua\" >X\u1ed5 S\u1ed1 FFok \u2013 Ch\u01a1i vui tr\u00fang l\u1edbn, b\u1ea1n th\u1eed ch\u01b0a?<\/a><ul class='ez-toc-list-level-2' ><li class='ez-toc-heading-level-2'><a class=\"ez-toc-link ez-toc-heading-2\" href=\"https:\/\/checkinhanoi.com\/index.php\/xo-so-ffok\/#Xo_so_FFok_co_gi_dac_biet_hon_may_noi_khac\" >X\u1ed5 s\u1ed1 FFok c\u00f3 g\u00ec \u0111\u1eb7c bi\u1ec7t h\u01a1n m\u1ea5y n\u01a1i kh\u00e1c?<\/a><\/li><li class='ez-toc-page-1 ez-toc-heading-level-2'><a class=\"ez-toc-link ez-toc-heading-3\" href=\"https:\/\/checkinhanoi.com\/index.php\/xo-so-ffok\/#Cach_tham_gia_choi_xo_so_tai_FFok\" >C\u00e1ch tham gia ch\u01a1i x\u1ed5 s\u1ed1 t\u1ea1i FFok<\/a><\/li><li class='ez-toc-page-1 ez-toc-heading-level-2'><a class=\"ez-toc-link ez-toc-heading-4\" href=\"https:\/\/checkinhanoi.com\/index.php\/xo-so-ffok\/#Meo_choi_xo_so_FFok_trung_thuong_cao_hon\" >M\u1eb9o ch\u01a1i x\u1ed5 s\u1ed1 FFok tr\u00fang th\u01b0\u1edfng cao h\u01a1n<\/a><\/li><li class='ez-toc-page-1 ez-toc-heading-level-2'><a class=\"ez-toc-link ez-toc-heading-5\" href=\"https:\/\/checkinhanoi.com\/index.php\/xo-so-ffok\/#Ket_luan\" >K\u1ebft lu\u1eadn<\/a><\/li><\/ul><\/li><\/ul><\/nav><\/div>\n\n\n\n\n<h2 class=\"wp-block-heading\"><span class=\"ez-toc-section\" id=\"Xo_so_FFok_co_gi_dac_biet_hon_may_noi_khac\"><\/span>X\u1ed5 s\u1ed1 FFok c\u00f3 g\u00ec \u0111\u1eb7c bi\u1ec7t h\u01a1n m\u1ea5y n\u01a1i kh\u00e1c?<span class=\"ez-toc-section-end\"><\/span><\/h2>\n\n\n\n<p>X\u1ed5 s\u1ed1 FFok n\u1ed5i b\u1eadt h\u01a1n r\u1ea5t nhi\u1ec1u so v\u1edbi c\u00e1c nh\u00e0 c\u00e1i truy\u1ec1n th\u1ed1ng nh\u1edd v\u00e0o t\u00ednh n\u0103ng \u0111a d\u1ea1ng v\u00e0 tr\u1ea3i nghi\u1ec7m ng\u01b0\u1eddi d\u00f9ng tuy\u1ec7t v\u1eddi. \u0110\u00e2y ch\u00ednh l\u00e0 l\u00fd do m\u00e0 ng\u00e0y c\u00e0ng nhi\u1ec1u ng\u01b0\u1eddi ch\u1ecdn FFok l\u00e0m \u0111i\u1ec3m d\u1eebng ch\u00e2n cho ni\u1ec1m \u0111am m\u00ea x\u1ed5 s\u1ed1 c\u1ee7a m\u00ecnh.<\/p>\n\n\n\n<h3 class=\"wp-block-heading\">\u0110a d\u1ea1ng th\u1ec3 lo\u1ea1i x\u1ed5 s\u1ed1 t\u1eeb truy\u1ec1n th\u1ed1ng \u0111\u1ebfn hi\u1ec7n \u0111\u1ea1i<\/h3>\n\n\n\n<p>M\u1ed9t trong nh\u1eefng y\u1ebfu t\u1ed1 thu h\u00fat ng\u01b0\u1eddi ch\u01a1i t\u1ea1i <a href=\"https:\/\/checkinhanoi.com\/\"><strong>FFok<\/strong><\/a> ch\u00ednh l\u00e0 s\u1ef1 \u0111a d\u1ea1ng v\u1ec1 th\u1ec3 lo\u1ea1i x\u1ed5 s\u1ed1. Kh\u00f4ng ch\u1ec9 d\u1eebng l\u1ea1i \u1edf x\u1ed5 s\u1ed1 truy\u1ec1n th\u1ed1ng nh\u01b0 mi\u1ec1n B\u1eafc, mi\u1ec1n Trung hay mi\u1ec1n Nam, FFok c\u00f2n cung c\u1ea5p nhi\u1ec1u lo\u1ea1i h\u00ecnh x\u1ed5 s\u1ed1 m\u1edbi l\u1ea1 v\u00e0 \u0111\u1ed9c \u0111\u00e1o, t\u1eeb x\u1ed5 s\u1ed1 \u0111i\u1ec7n to\u00e1n cho \u0111\u1ebfn x\u1ed5 s\u1ed1 online. \u0110i\u1ec1u n\u00e0y gi\u00fap ng\u01b0\u1eddi ch\u01a1i d\u1ec5 d\u00e0ng l\u1ef1a ch\u1ecdn \u0111\u01b0\u1ee3c h\u00ecnh th\u1ee9c m\u00e0 m\u00ecnh y\u00eau th\u00edch nh\u1ea5t.<\/p>\n\n\n\n<p>Ngo\u00e0i ra, vi\u1ec7c k\u1ebft h\u1ee3p gi\u1eefa x\u1ed5 s\u1ed1 truy\u1ec1n th\u1ed1ng v\u00e0 c\u00f4ng ngh\u1ec7 hi\u1ec7n \u0111\u1ea1i l\u00e0 m\u1ed9t \u0111i\u1ec3m c\u1ed9ng l\u1edbn. Ng\u01b0\u1eddi ch\u01a1i c\u00f3 th\u1ec3 tr\u1ea3i nghi\u1ec7m c\u1ea3m gi\u00e1c h\u1ed3i h\u1ed9p qua m\u1ed9t chi\u1ebfc smartphone hay m\u00e1y t\u00ednh b\u1ea3ng m\u00e0 kh\u00f4ng c\u1ea7n ph\u1ea3i ra ngo\u00e0i. \u0110i\u1ec1u n\u00e0y kh\u00f4ng ch\u1ec9 gi\u00fap ti\u1ebft ki\u1ec7m th\u1eddi gian m\u00e0 c\u00f2n t\u1ea1o s\u1ef1 thu\u1eadn ti\u1ec7n cho ng\u01b0\u1eddi ch\u01a1i c\u00f3 th\u1ec3 tham gia b\u1ea5t c\u1ee9 l\u00fac n\u00e0o, \u1edf \u0111\u00e2u.<\/p>\n\n\n\n<h3 class=\"wp-block-heading\">Giao di\u1ec7n d\u1ec5 ch\u01a1i, \u0111\u1eb7t s\u1ed1 c\u1ef1c l\u1eb9<\/h3>\n\n\n\n<p>Giao di\u1ec7n c\u1ee7a trang web ho\u1eb7c \u1ee9ng d\u1ee5ng FFok \u0111\u01b0\u1ee3c thi\u1ebft k\u1ebf r\u1ea5t th\u00e2n thi\u1ec7n v\u00e0 d\u1ec5 s\u1eed d\u1ee5ng. Ngay c\u1ea3 nh\u1eefng ng\u01b0\u1eddi l\u1ea7n \u0111\u1ea7u ti\u00ean ti\u1ebfp x\u00fac v\u1edbi x\u1ed5 s\u1ed1 c\u0169ng c\u00f3 th\u1ec3 nhanh ch\u00f3ng l\u00e0m quen v\u00e0 tham gia \u0111\u1eb7t c\u01b0\u1ee3c. M\u1ed7i b\u01b0\u1edbc \u0111\u1ec1u \u0111\u01b0\u1ee3c h\u01b0\u1edbng d\u1eabn r\u00f5 r\u00e0ng, t\u1eeb vi\u1ec7c \u0111\u0103ng k\u00fd t\u00e0i kho\u1ea3n cho \u0111\u1ebfn c\u00e1ch ch\u1ecdn s\u1ed1 v\u00e0 ch\u1ed1t k\u00e8o.<\/p>\n\n\n\n<p>Kh\u00f4ng ch\u1ec9 v\u1eady, t\u1ed1c \u0111\u1ed9 x\u1eed l\u00fd c\u0169ng l\u00e0 m\u1ed9t y\u1ebfu t\u1ed1 quan tr\u1ecdng khi\u1ebfn FFok tr\u1edf n\u00ean n\u1ed5i b\u1eadt. Ng\u01b0\u1eddi ch\u01a1i c\u00f3 th\u1ec3 nhanh ch\u00f3ng \u0111\u1eb7t s\u1ed1 b\u1eb1ng c\u00e1ch ch\u1ec9 c\u1ea7n v\u00e0i c\u00fa nh\u1ea5p chu\u1ed9t, kh\u00f4ng m\u1ea5t qu\u00e1 nhi\u1ec1u th\u1eddi gian ch\u1edd \u0111\u1ee3i. \u0110i\u1ec1u n\u00e0y t\u1ea1o c\u1ea3m gi\u00e1c tho\u1ea3i m\u00e1i v\u00e0 d\u1ec5 ch\u1ecbu cho ng\u01b0\u1eddi ch\u01a1i, gi\u00fap h\u1ecd t\u1eadp trung h\u01a1n v\u00e0o vi\u1ec7c l\u1ef1a ch\u1ecdn s\u1ed1.<\/p>\n\n\n\n<h2 class=\"wp-block-heading\"><span class=\"ez-toc-section\" id=\"Cach_tham_gia_choi_xo_so_tai_FFok\"><\/span>C\u00e1ch tham gia ch\u01a1i x\u1ed5 s\u1ed1 t\u1ea1i FFok<span class=\"ez-toc-section-end\"><\/span><\/h2>\n\n\n\n<p>\u0110\u1ec3 tham gia x\u1ed5 s\u1ed1 t\u1ea1i FFok, ng\u01b0\u1eddi ch\u01a1i c\u1ea7n th\u1ef1c hi\u1ec7n m\u1ed9t s\u1ed1 b\u01b0\u1edbc \u0111\u01a1n gi\u1ea3n. D\u01b0\u1edbi \u0111\u00e2y, ch\u00fang ta s\u1ebd \u0111i v\u00e0o chi ti\u1ebft t\u1eebng b\u01b0\u1edbc \u0111\u1ec3 b\u1ea1n c\u00f3 th\u1ec3 d\u1ec5 d\u00e0ng tham gia.<\/p>\n\n\n\n<h3 class=\"wp-block-heading\">H\u01b0\u1edbng d\u1eabn t\u1eebng b\u01b0\u1edbc t\u1eeb ch\u1ecdn s\u1ed1 \u0111\u1ebfn ch\u1ed1t k\u00e8o<\/h3>\n\n\n\n<p>Vi\u1ec7c tham gia ch\u01a1i x\u1ed5 s\u1ed1 t\u1ea1i FFok b\u1eaft \u0111\u1ea7u b\u1eb1ng vi\u1ec7c \u0111\u0103ng k\u00fd t\u00e0i kho\u1ea3n. B\u1ea1n ch\u1ec9 c\u1ea7n cung c\u1ea5p m\u1ed9t s\u1ed1 th\u00f4ng tin c\u01a1 b\u1ea3n nh\u01b0 t\u00ean, s\u1ed1 \u0111i\u1ec7n tho\u1ea1i, \u0111\u1ecba ch\u1ec9 email&#8230; Sau khi ho\u00e0n t\u1ea5t, b\u1ea1n s\u1ebd nh\u1eadn \u0111\u01b0\u1ee3c m\u1ed9t t\u00e0i kho\u1ea3n c\u00e1 nh\u00e2n \u0111\u1ec3 c\u00f3 th\u1ec3 truy c\u1eadp v\u00e0o h\u1ec7 th\u1ed1ng.<\/p>\n\n\n\n<p>Khi \u0111\u00e3 \u0111\u0103ng nh\u1eadp v\u00e0o t\u00e0i kho\u1ea3n, b\u01b0\u1edbc ti\u1ebfp theo l\u00e0 ch\u1ecdn lo\u1ea1i x\u1ed5 s\u1ed1 b\u1ea1n mu\u1ed1n tham gia. C\u00f3 r\u1ea5t nhi\u1ec1u t\u00f9y ch\u1ecdn cho b\u1ea1n, bao g\u1ed3m x\u1ed5 s\u1ed1 mi\u1ec1n B\u1eafc, mi\u1ec1n Trung, mi\u1ec1n Nam v\u00e0 c\u00e1c h\u00ecnh th\u1ee9c x\u1ed5 s\u1ed1 \u0111i\u1ec7n to\u00e1n. M\u1ed9t \u0111i\u1ec1u th\u00fa v\u1ecb l\u00e0 FFok th\u01b0\u1eddng xuy\u00ean c\u1eadp nh\u1eadt v\u00e0 gi\u1edbi thi\u1ec7u nh\u1eefng lo\u1ea1i h\u00ecnh x\u1ed5 s\u1ed1 m\u1edbi, t\u1ea1o s\u1ef1 \u0111a d\u1ea1ng cho ng\u01b0\u1eddi ch\u01a1i.<\/p>\n\n\n\n<p>Sau khi \u0111\u00e3 ch\u1ecdn \u0111\u01b0\u1ee3c lo\u1ea1i x\u1ed5 s\u1ed1, b\u1ea1n s\u1ebd ti\u1ebfn h\u00e0nh ch\u1ecdn s\u1ed1. T\u1ea1i \u0111\u00e2y, b\u1ea1n c\u00f3 th\u1ec3 t\u1ef1 m\u00ecnh ch\u1ecdn s\u1ed1 m\u00e0 b\u1ea1n c\u1ea3m th\u1ea5y may m\u1eafn ho\u1eb7c tham kh\u1ea3o nh\u1eefng g\u1ee3i \u00fd t\u1eeb h\u1ec7 th\u1ed1ng. Cu\u1ed1i c\u00f9ng, ch\u1ec9 c\u1ea7n ch\u1ed1t k\u00e8o v\u00e0 ki\u1ec3m tra l\u1ea1i th\u00f4ng tin tr\u01b0\u1edbc khi x\u00e1c nh\u1eadn \u0111\u1eb7t c\u01b0\u1ee3c.<\/p>\n\n\n\n<h3 class=\"wp-block-heading\">Nh\u1eefng khung gi\u1edd v\u00e0ng n\u00ean canh khi ch\u01a1i<\/h3>\n\n\n\n<p>\u0110\u1ec3 t\u1ed1i \u01b0u h\u00f3a kh\u1ea3 n\u0103ng tr\u00fang th\u01b0\u1edfng, ng\u01b0\u1eddi ch\u01a1i c\u1ea7n n\u1eafm \u0111\u01b0\u1ee3c nh\u1eefng khung gi\u1edd v\u00e0ng trong ng\u00e0y \u0111\u1ec3 tham gia \u0111\u1eb7t c\u01b0\u1ee3c. Theo kinh nghi\u1ec7m c\u1ee7a nhi\u1ec1u ng\u01b0\u1eddi ch\u01a1i l\u00e2u n\u0103m, nh\u1eefng khung gi\u1edd sau \u0111\u00e2y th\u01b0\u1eddng c\u00f3 t\u1ef7 l\u1ec7 th\u1eafng cao h\u01a1n:<\/p>\n\n\n\n<ul class=\"wp-block-list\">\n<li>Bu\u1ed5i s\u00e1ng: Kho\u1ea3ng th\u1eddi gian t\u1eeb 8h &#8211; 10h l\u00e0 l\u00fac m\u1ecdi th\u1ee9 di\u1ec5n ra s\u00f4i \u0111\u1ed9ng. Nhi\u1ec1u ng\u01b0\u1eddi ch\u01a1i th\u01b0\u1eddng \u0111\u1eb7t c\u01b0\u1ee3c v\u00e0o th\u1eddi \u0111i\u1ec3m n\u00e0y v\u00ec h\u1ecd c\u1ea3m th\u1ea5y tinh th\u1ea7n ph\u1ea5n ch\u1ea5n v\u00e0 hy v\u1ecdng.<\/li>\n\n\n\n<li>Gi\u1eefa tr\u01b0a: Gi\u1eefa tr\u01b0a c\u0169ng l\u00e0 th\u1eddi \u0111i\u1ec3m nhi\u1ec1u ng\u01b0\u1eddi ngh\u1ec9 ng\u01a1i v\u00e0 t\u00ecm ki\u1ebfm v\u1eadn may. Th\u1eddi gian t\u1eeb 12h &#8211; 14h th\u01b0\u1eddng ch\u1ee9ng ki\u1ebfn l\u01b0\u1ee3ng ng\u01b0\u1eddi ch\u01a1i \u0111\u00f4ng \u0111\u1ea3o.<\/li>\n\n\n\n<li>Bu\u1ed5i chi\u1ec1u: Kho\u1ea3ng 16h &#8211; 18h l\u00e0 th\u1eddi \u0111i\u1ec3m cu\u1ed1i ng\u00e0y, m\u1ecdi ng\u01b0\u1eddi th\u01b0\u1eddng c\u00f3 t\u00e2m l\u00fd mu\u1ed1n \u201cc\u01b0\u1ee3c l\u1edbn\u201d \u0111\u1ec3 c\u00f3 th\u1ec3 \u0111\u1ed5i \u0111\u1eddi ngay trong ng\u00e0y.<\/li>\n<\/ul>\n\n\n\n<p>Vi\u1ec7c n\u1eafm b\u1eaft nh\u1eefng khung gi\u1edd n\u00e0y s\u1ebd gi\u00fap b\u1ea1n t\u0103ng c\u01b0\u1eddng c\u01a1 h\u1ed9i tr\u00fang th\u01b0\u1edfng, \u0111\u1ed3ng th\u1eddi t\u1ea1o th\u00eam kh\u00f4ng kh\u00ed h\u00e0o h\u1ee9ng m\u1ed7i khi tham gia.<\/p>\n\n\n\n<h2 class=\"wp-block-heading\"><span class=\"ez-toc-section\" id=\"Meo_choi_xo_so_FFok_trung_thuong_cao_hon\"><\/span>M\u1eb9o ch\u01a1i x\u1ed5 s\u1ed1 FFok tr\u00fang th\u01b0\u1edfng cao h\u01a1n<span class=\"ez-toc-section-end\"><\/span><\/h2>\n\n\n\n<p>Ch\u01a1i x\u1ed5 s\u1ed1 kh\u00f4ng ch\u1ec9 \u0111\u01a1n thu\u1ea7n l\u00e0 \u0111\u1eb7t c\u01b0\u1ee3c m\u00e0 c\u00f2n l\u00e0 ngh\u1ec7 thu\u1eadt. \u0110\u1ec3 n\u00e2ng cao kh\u1ea3 n\u0103ng tr\u00fang th\u01b0\u1edfng, ng\u01b0\u1eddi ch\u01a1i c\u1ea7n c\u00f3 nh\u1eefng chi\u1ebfn l\u01b0\u1ee3c v\u00e0 m\u1eb9o ri\u00eang.<\/p>\n\n\n\n<h3 class=\"wp-block-heading\">Kinh nghi\u1ec7m ch\u1ecdn s\u1ed1 theo c\u1ea7u l\u00f4 hay b\u1eaft trend<\/h3>\n\n\n\n<p>M\u1ed9t trong nh\u1eefng m\u1eb9o hi\u1ec7u qu\u1ea3 nh\u1ea5t \u0111\u1ec3 t\u0103ng c\u01a1 h\u1ed9i tr\u00fang th\u01b0\u1edfng l\u00e0 vi\u1ec7c ch\u1ecdn s\u1ed1 theo c\u1ea7u l\u00f4 ho\u1eb7c c\u00e1c xu h\u01b0\u1edbng \u0111ang hot tr\u00ean m\u1ea1ng x\u00e3 h\u1ed9i. Nhi\u1ec1u ng\u01b0\u1eddi ch\u01a1i th\u01b0\u1eddng nghi\u00ean c\u1ee9u xem trong th\u1eddi gian g\u1ea7n \u0111\u00e2y, nh\u1eefng con s\u1ed1 n\u00e0o th\u01b0\u1eddng xuy\u00ean xu\u1ea5t hi\u1ec7n, ho\u1eb7c nh\u1eefng con s\u1ed1 n\u00e0o \u0111ang \u201chot\u201d.<\/p>\n\n\n\n<p>Vi\u1ec7c theo d\u00f5i v\u00e0 ph\u00e2n t\u00edch c\u1ea7u l\u00f4 kh\u00f4ng ch\u1ec9 gi\u00fap b\u1ea1n c\u00f3 c\u00e1i nh\u00ecn t\u1ed5ng qu\u00e1t v\u1ec1 x\u00e1c su\u1ea5t ra s\u1ed1 m\u00e0 c\u00f2n t\u1ea1o ra m\u1ed9t c\u1ea3m gi\u00e1c h\u1ed3i h\u1ed9p v\u00e0 ph\u1ea5n kh\u00edch trong qu\u00e1 tr\u00ecnh ch\u01a1i. Tuy nhi\u00ean, c\u1ea7n nh\u1edb r\u1eb1ng \u0111\u00e2y c\u0169ng ch\u1ec9 l\u00e0 m\u1ed9t y\u1ebfu t\u1ed1 tham kh\u1ea3o, kh\u00f4ng n\u00ean d\u1ef1a ho\u00e0n to\u00e0n v\u00e0o n\u00f3.<\/p>\n\n\n\n<h3 class=\"wp-block-heading\">N\u00ean chia v\u1ed1n th\u1ebf n\u00e0o \u0111\u1ec3 kh\u00f4ng ch\u00e1y t\u00fai?<\/h3>\n\n\n\n<p>Qu\u1ea3n l\u00fd v\u1ed1n l\u00e0 m\u1ed9t ph\u1ea7n r\u1ea5t quan tr\u1ecdng trong vi\u1ec7c ch\u01a1i x\u1ed5 s\u1ed1. B\u1ea1n c\u1ea7n x\u00e1c \u0111\u1ecbnh r\u00f5 s\u1ed1 ti\u1ec1n m\u00e0 m\u00ecnh c\u00f3 th\u1ec3 \u0111\u1ea7u t\u01b0 v\u00e0 lu\u00f4n gi\u1eef nguy\u00ean m\u1ee9c \u0111\u00f3. Khuy\u1ebfn ngh\u1ecb l\u00e0 b\u1ea1n n\u00ean chia nh\u1ecf s\u1ed1 ti\u1ec1n c\u1ee7a m\u00ecnh ra theo t\u1eebng l\u1ea7n ch\u01a1i, tr\u00e1nh t\u00ecnh tr\u1ea1ng \u201c\u0111\u1eb7t c\u01b0\u1ee3c t\u1ea5t tay\u201d v\u00e0o m\u1ed9t l\u1ea7n.<\/p>\n\n\n\n<p>\u0110i\u1ec1u n\u00e0y kh\u00f4ng ch\u1ec9 gi\u00fap b\u1ea1n k\u00e9o d\u00e0i th\u1eddi gian ch\u01a1i m\u00e0 c\u00f2n t\u1ea1o c\u01a1 h\u1ed9i cho b\u1ea1n c\u00f3 th\u1ec3 \u0111i\u1ec1u ch\u1ec9nh chi\u1ebfn l\u01b0\u1ee3c khi c\u1ea7n thi\u1ebft. N\u1ebfu b\u1ea1n thua trong m\u1ed9t v\u00e0i l\u1ea7n \u0111\u1ea7u, \u0111\u1eebng qu\u00e1 n\u00f3ng v\u1ed9i m\u00e0 \u0111\u1eb7t c\u01b0\u1ee3c l\u1edbn h\u01a1n. H\u00e3y b\u00ecnh t\u0129nh v\u00e0 ti\u1ebfp t\u1ee5c \u00e1p d\u1ee5ng nh\u1eefng chi\u1ebfn l\u01b0\u1ee3c c\u1ee7a m\u00ecnh.<\/p>\n\n\n\n<h2 class=\"wp-block-heading\"><span class=\"ez-toc-section\" id=\"Ket_luan\"><\/span>K\u1ebft lu\u1eadn<span class=\"ez-toc-section-end\"><\/span><\/h2>\n\n\n\n<p>X\u1ed5 s\u1ed1 FFok kh\u00f4ng ch\u1ec9 \u0111\u01a1n thu\u1ea7n l\u00e0 tr\u00f2 ch\u01a1i may r\u1ee7i m\u00e0 c\u00f2n l\u00e0 m\u1ed9t h\u00ecnh th\u1ee9c gi\u1ea3i tr\u00ed th\u00fa v\u1ecb, mang l\u1ea1i cho ng\u01b0\u1eddi ch\u01a1i nhi\u1ec1u cung b\u1eadc c\u1ea3m x\u00fac kh\u00e1c nhau. V\u1edbi nh\u1eefng \u0111i\u1ec3m \u0111\u1eb7c bi\u1ec7t nh\u01b0 s\u1ef1 \u0111a d\u1ea1ng trong th\u1ec3 lo\u1ea1i x\u1ed5 s\u1ed1, giao di\u1ec7n d\u1ec5 ch\u01a1i v\u00e0 c\u00e1c m\u1eb9o h\u1eefu \u00edch, FFok th\u1ef1c s\u1ef1 l\u00e0 m\u1ed9t s\u1ef1 l\u1ef1a ch\u1ecdn h\u1ea5p d\u1eabn cho nh\u1eefng ai y\u00eau th\u00edch c\u1ea3m gi\u00e1c h\u1ed3i h\u1ed9p v\u00e0 kh\u00e1t khao chinh ph\u1ee5c v\u1eadn may. H\u00e3y th\u1eed s\u1ee9c v\u1edbi x\u1ed5 s\u1ed1 FFok v\u00e0 bi\u1ebft \u0111\u00e2u b\u1ea1n s\u1ebd l\u00e0 ng\u01b0\u1eddi may m\u1eafn ti\u1ebfp theo!<\/p>\n\n\n","protected":false},"excerpt":{"rendered":"<p>X\u1ed5 S\u1ed1 FFok \u2013 Ch\u01a1i vui tr\u00fang l\u1edbn, b\u1ea1n th\u1eed ch\u01b0a? X\u1ed5 s\u1ed1 FFok \u0111ang tr\u1edf th\u00e0nh m\u1ed9t trong nh\u1eefng h\u00ecnh th\u1ee9c gi\u1ea3i tr\u00ed th\u00fa v\u1ecb v\u00e0 h\u1ea5p d\u1eabn nh\u1ea5t hi\u1ec7n nay. V\u1edbi nh\u1eefng \u0111\u1eb7c \u0111i\u1ec3m ri\u00eang bi\u1ec7t, FFok kh\u00f4ng ch\u1ec9 mang \u0111\u1ebfn cho ng\u01b0\u1eddi ch\u01a1i c\u01a1 h\u1ed9i tr\u00fang th\u01b0\u1edfng l\u1edbn m\u00e0 c\u00f2n t\u1ea1o ra [&#8230;]\n","protected":false},"author":1,"featured_media":152,"parent":0,"menu_order":0,"comment_status":"closed","ping_status":"closed","template":"","meta":{"footnotes":""},"class_list":["post-20","page","type-page","status-publish","has-post-thumbnail","hentry"],"_links":{"self":[{"href":"https:\/\/checkinhanoi.com\/index.php\/wp-json\/wp\/v2\/pages\/20","targetHints":{"allow":["GET"]}}],"collection":[{"href":"https:\/\/checkinhanoi.com\/index.php\/wp-json\/wp\/v2\/pages"}],"about":[{"href":"https:\/\/checkinhanoi.com\/index.php\/wp-json\/wp\/v2\/types\/page"}],"author":[{"embeddable":true,"href":"https:\/\/checkinhanoi.com\/index.php\/wp-json\/wp\/v2\/users\/1"}],"replies":[{"embeddable":true,"href":"https:\/\/checkinhanoi.com\/index.php\/wp-json\/wp\/v2\/comments?post=20"}],"version-history":[{"count":2,"href":"https:\/\/checkinhanoi.com\/index.php\/wp-json\/wp\/v2\/pages\/20\/revisions"}],"predecessor-version":[{"id":34,"href":"https:\/\/checkinhanoi.com\/index.php\/wp-json\/wp\/v2\/pages\/20\/revisions\/34"}],"wp:featuredmedia":[{"embeddable":true,"href":"https:\/\/checkinhanoi.com\/index.php\/wp-json\/wp\/v2\/media\/152"}],"wp:attachment":[{"href":"https:\/\/checkinhanoi.com\/index.php\/wp-json\/wp\/v2\/media?parent=20"}],"curies":[{"name":"wp","href":"https:\/\/api.w.org\/{rel}","templated":true}]}}