{"id":21,"date":"2025-04-05T05:08:00","date_gmt":"2025-04-05T05:08:00","guid":{"rendered":"https:\/\/checkinhanoi.com\/?page_id=21"},"modified":"2025-04-07T05:17:05","modified_gmt":"2025-04-07T05:17:05","slug":"the-thao-ffok","status":"publish","type":"page","link":"https:\/\/checkinhanoi.com\/index.php\/the-thao-ffok\/","title":{"rendered":"Th\u1ec3 Thao FFok \u2013 C\u00e1 c\u01b0\u1ee3c th\u1ec3 thao c\u1ef1c ch\u00e1y, c\u1ef1c \u0111\u00e3!"},"content":{"rendered":"\n<h1 class=\"wp-block-heading\"><span class=\"ez-toc-section\" id=\"The_Thao_FFok_%E2%80%93_Ca_cuoc_the_thao_cuc_chay_cuc_da\"><\/span>Th\u1ec3 Thao FFok \u2013 C\u00e1 c\u01b0\u1ee3c th\u1ec3 thao c\u1ef1c ch\u00e1y, c\u1ef1c \u0111\u00e3!<span class=\"ez-toc-section-end\"><\/span><\/h1>\n\n\n\n<figure class=\"wp-block-image aligncenter size-full\"><img loading=\"lazy\" decoding=\"async\" width=\"800\" height=\"450\" src=\"https:\/\/checkinhanoi.com\/wp-content\/uploads\/2025\/04\/the-thao.jpg\" alt=\"Th\u1ec3 Thao FFok \u2013 C\u00e1 c\u01b0\u1ee3c th\u1ec3 thao c\u1ef1c ch\u00e1y, c\u1ef1c \u0111\u00e3!\" class=\"wp-image-153\" srcset=\"https:\/\/checkinhanoi.com\/wp-content\/uploads\/2025\/04\/the-thao.jpg 800w, https:\/\/checkinhanoi.com\/wp-content\/uploads\/2025\/04\/the-thao-300x169.jpg 300w, https:\/\/checkinhanoi.com\/wp-content\/uploads\/2025\/04\/the-thao-768x432.jpg 768w\" sizes=\"auto, (max-width: 800px) 100vw, 800px\" \/><figcaption class=\"wp-element-caption\">Th\u1ec3 Thao FFok \u2013 C\u00e1 c\u01b0\u1ee3c th\u1ec3 thao c\u1ef1c ch\u00e1y, c\u1ef1c \u0111\u00e3!<\/figcaption><\/figure>\n\n\n\n<p><a href=\"https:\/\/checkinhanoi.com\/index.php\/the-thao-ffok\/\"><strong>Th\u1ec3 thao FFok<\/strong><\/a> \u0111ang tr\u1edf th\u00e0nh m\u1ed9t trong nh\u1eefng n\u1ec1n t\u1ea3ng c\u00e1 c\u01b0\u1ee3c th\u1ec3 thao hot nh\u1ea5t hi\u1ec7n nay, kh\u00f4ng ch\u1ec9 thu h\u00fat nh\u1eefng ng\u01b0\u1eddi \u0111am m\u00ea th\u1ec3 thao m\u00e0 c\u00f2n c\u1ea3 nh\u1eefng ai y\u00eau th\u00edch c\u1ea3m gi\u00e1c m\u1ea1nh v\u00e0 c\u01a1 h\u1ed9i ki\u1ebfm ti\u1ec1n. V\u1edbi nhi\u1ec1u m\u00f4n th\u1ec3 thao \u0111a d\u1ea1ng, giao di\u1ec7n tr\u1ef1c quan v\u00e0 t\u1ef7 l\u1ec7 c\u01b0\u1ee3c h\u1ea5p d\u1eabn, FFok h\u1ee9a h\u1eb9n s\u1ebd mang \u0111\u1ebfn cho b\u1ea1n tr\u1ea3i nghi\u1ec7m c\u00e1 c\u01b0\u1ee3c tuy\u1ec7t v\u1eddi nh\u1ea5t.<\/p><div id=\"ez-toc-container\" class=\"ez-toc-v2_0_82_2 ez-toc-wrap-center counter-hierarchy ez-toc-counter ez-toc-grey ez-toc-container-direction\">\n<div class=\"ez-toc-title-container\">\n<p class=\"ez-toc-title\" style=\"cursor:inherit\">T\u00f3m t\u1eaft<\/p>\n<span class=\"ez-toc-title-toggle\"><a href=\"#\" class=\"ez-toc-pull-right ez-toc-btn ez-toc-btn-xs ez-toc-btn-default ez-toc-toggle\" aria-label=\"Toggle Table of Content\"><span class=\"ez-toc-js-icon-con\"><span class=\"\"><span class=\"eztoc-hide\" style=\"display:none;\">Toggle<\/span><span class=\"ez-toc-icon-toggle-span\"><svg style=\"fill: #999;color:#999\" xmlns=\"http:\/\/www.w3.org\/2000\/svg\" class=\"list-377408\" width=\"20px\" height=\"20px\" viewBox=\"0 0 24 24\" fill=\"none\"><path d=\"M6 6H4v2h2V6zm14 0H8v2h12V6zM4 11h2v2H4v-2zm16 0H8v2h12v-2zM4 16h2v2H4v-2zm16 0H8v2h12v-2z\" fill=\"currentColor\"><\/path><\/svg><svg style=\"fill: #999;color:#999\" class=\"arrow-unsorted-368013\" xmlns=\"http:\/\/www.w3.org\/2000\/svg\" width=\"10px\" height=\"10px\" viewBox=\"0 0 24 24\" version=\"1.2\" baseProfile=\"tiny\"><path d=\"M18.2 9.3l-6.2-6.3-6.2 6.3c-.2.2-.3.4-.3.7s.1.5.3.7c.2.2.4.3.7.3h11c.3 0 .5-.1.7-.3.2-.2.3-.5.3-.7s-.1-.5-.3-.7zM5.8 14.7l6.2 6.3 6.2-6.3c.2-.2.3-.5.3-.7s-.1-.5-.3-.7c-.2-.2-.4-.3-.7-.3h-11c-.3 0-.5.1-.7.3-.2.2-.3.5-.3.7s.1.5.3.7z\"\/><\/svg><\/span><\/span><\/span><\/a><\/span><\/div>\n<nav><ul class='ez-toc-list ez-toc-list-level-1 ' ><li class='ez-toc-page-1 ez-toc-heading-level-1'><a class=\"ez-toc-link ez-toc-heading-1\" href=\"https:\/\/checkinhanoi.com\/index.php\/the-thao-ffok\/#The_Thao_FFok_%E2%80%93_Ca_cuoc_the_thao_cuc_chay_cuc_da\" >Th\u1ec3 Thao FFok \u2013 C\u00e1 c\u01b0\u1ee3c th\u1ec3 thao c\u1ef1c ch\u00e1y, c\u1ef1c \u0111\u00e3!<\/a><ul class='ez-toc-list-level-2' ><li class='ez-toc-heading-level-2'><a class=\"ez-toc-link ez-toc-heading-2\" href=\"https:\/\/checkinhanoi.com\/index.php\/the-thao-ffok\/#The_thao_FFok_co_gi_hot_ma_ai_cung_me\" >Th\u1ec3 thao FFok c\u00f3 g\u00ec hot m\u00e0 ai c\u0169ng m\u00ea?<\/a><\/li><li class='ez-toc-page-1 ez-toc-heading-level-2'><a class=\"ez-toc-link ez-toc-heading-3\" href=\"https:\/\/checkinhanoi.com\/index.php\/the-thao-ffok\/#Cach_tham_gia_ca_cuoc_the_thao_tai_FFok\" >C\u00e1ch tham gia c\u00e1 c\u01b0\u1ee3c th\u1ec3 thao t\u1ea1i FFok<\/a><\/li><li class='ez-toc-page-1 ez-toc-heading-level-2'><a class=\"ez-toc-link ez-toc-heading-4\" href=\"https:\/\/checkinhanoi.com\/index.php\/the-thao-ffok\/#Meo_ca_do_the_thao_giup_tang_ti_le_thang\" >M\u1eb9o c\u00e1 \u0111\u1ed9 th\u1ec3 thao gi\u00fap t\u0103ng t\u1ec9 l\u1ec7 th\u1eafng<\/a><\/li><li class='ez-toc-page-1 ez-toc-heading-level-2'><a class=\"ez-toc-link ez-toc-heading-5\" href=\"https:\/\/checkinhanoi.com\/index.php\/the-thao-ffok\/#Ket_luan\" >K\u1ebft lu\u1eadn<\/a><\/li><\/ul><\/li><\/ul><\/nav><\/div>\n\n\n\n\n<h2 class=\"wp-block-heading\"><span class=\"ez-toc-section\" id=\"The_thao_FFok_co_gi_hot_ma_ai_cung_me\"><\/span>Th\u1ec3 thao FFok c\u00f3 g\u00ec hot m\u00e0 ai c\u0169ng m\u00ea?<span class=\"ez-toc-section-end\"><\/span><\/h2>\n\n\n\n<p>Khi nh\u1eafc \u0111\u1ebfn c\u00e1 c\u01b0\u1ee3c th\u1ec3 thao, kh\u00f4ng th\u1ec3 kh\u00f4ng nh\u1eafc \u0111\u1ebfn&nbsp;<strong>th\u1ec3 thao FFok<\/strong>. \u0110\u00e2y l\u00e0 m\u1ed9t trong nh\u1eefng n\u1ec1n t\u1ea3ng h\u00e0ng \u0111\u1ea7u v\u1edbi nhi\u1ec1u t\u00ednh n\u0103ng n\u1ed5i b\u1eadt, thu h\u00fat h\u00e0ng tri\u1ec7u ng\u01b0\u1eddi ch\u01a1i. H\u00e3y c\u00f9ng kh\u00e1m ph\u00e1 l\u00fd do v\u00ec sao Th\u1ec3 thao FFok l\u1ea1i hot \u0111\u1ebfn v\u1eady!<\/p>\n\n\n\n<h3 class=\"wp-block-heading\">\u0110a d\u1ea1ng m\u00f4n th\u1ec3 thao: b\u00f3ng \u0111\u00e1, b\u00f3ng r\u1ed5, tennis,\u2026<\/h3>\n\n\n\n<p>M\u1ed9t trong nh\u1eefng \u0111i\u1ec3m n\u1ed5i b\u1eadt c\u1ee7a FFok ch\u00ednh l\u00e0 s\u1ef1 \u0111a d\u1ea1ng v\u1ec1 m\u00f4n th\u1ec3 thao m\u00e0 ng\u01b0\u1eddi ch\u01a1i c\u00f3 th\u1ec3 tham gia c\u00e1 c\u01b0\u1ee3c. Kh\u00f4ng ch\u1ec9 ri\u00eang b\u00f3ng \u0111\u00e1 \u2013 m\u00f4n th\u1ec3 thao vua \u0111\u01b0\u1ee3c y\u00eau th\u00edch tr\u00ean to\u00e0n th\u1ebf gi\u1edbi, FFok c\u00f2n cung c\u1ea5p c\u00e1c l\u1ef1a ch\u1ecdn nh\u01b0 b\u00f3ng r\u1ed5, tennis, \u0111ua ng\u1ef1a, b\u00f3ng ch\u00e0y, v\u00e0 nhi\u1ec1u m\u00f4n th\u1ec3 thao kh\u00e1c.<\/p>\n\n\n\n<p>Ng\u01b0\u1eddi ch\u01a1i c\u00f3 th\u1ec3 t\u00ecm th\u1ea5y nhi\u1ec1u tr\u1eadn \u0111\u1ea5u t\u1eeb c\u00e1c gi\u1ea3i \u0111\u1ea5u l\u1edbn \u0111\u1ebfn nh\u1ecf, t\u1eeb c\u00e1c gi\u1ea3i qu\u1ed1c t\u1ebf \u0111\u1ebfn c\u00e1c gi\u1ea3i \u0111\u1ecba ph\u01b0\u01a1ng. \u0110i\u1ec1u n\u00e0y gi\u00fap cho m\u1ecdi ng\u01b0\u1eddi \u0111\u1ec1u c\u00f3 c\u01a1 h\u1ed9i tham gia c\u00e1 c\u01b0\u1ee3c d\u00f9 l\u00e0 fan c\u1ee7a m\u00f4n th\u1ec3 thao n\u00e0o. Ch\u1eb3ng h\u1ea1n, n\u1ebfu b\u1ea1n l\u00e0 t\u00edn \u0111\u1ed3 c\u1ee7a b\u00f3ng r\u1ed5 NBA, b\u1ea1n ho\u00e0n to\u00e0n c\u00f3 th\u1ec3 theo d\u00f5i v\u00e0 \u0111\u1eb7t c\u01b0\u1ee3c v\u00e0o c\u00e1c tr\u1eadn \u0111\u1ea5u di\u1ec5n ra h\u00e0ng tu\u1ea7n.<\/p>\n\n\n\n<p>Ngo\u00e0i ra, vi\u1ec7c c\u1eadp nh\u1eadt th\u00f4ng tin nhanh ch\u00f3ng v\u00e0 ch\u00ednh x\u00e1c v\u1ec1 c\u00e1c tr\u1eadn \u0111\u1ea5u, \u0111\u1ed9i h\u00ecnh, phong \u0111\u1ed9 c\u1ea7u th\u1ee7 c\u0169ng l\u00e0 m\u1ed9t \u0111i\u1ec3m c\u1ed9ng l\u1edbn. Ng\u01b0\u1eddi ch\u01a1i c\u00f3 th\u1ec3 d\u1ec5 d\u00e0ng n\u1eafm b\u1eaft t\u00ecnh h\u00ecnh v\u00e0 \u0111\u01b0a ra quy\u1ebft \u0111\u1ecbnh c\u00e1 c\u01b0\u1ee3c \u0111\u00fang \u0111\u1eafn h\u01a1n.<\/p>\n\n\n\n<h3 class=\"wp-block-heading\">Giao di\u1ec7n tr\u1ef1c quan, t\u1ef7 l\u1ec7 c\u01b0\u1ee3c \u1ed5n \u00e1p<\/h3>\n\n\n\n<p>Giao di\u1ec7n c\u1ee7a Th\u1ec3 thao FFok r\u1ea5t th\u00e2n thi\u1ec7n v\u1edbi ng\u01b0\u1eddi s\u1eed d\u1ee5ng, d\u1ec5 d\u00e0ng \u0111i\u1ec1u h\u01b0\u1edbng v\u00e0 t\u00ecm ki\u1ebfm th\u00f4ng tin. M\u1ed9t giao di\u1ec7n tr\u1ef1c quan kh\u00f4ng ch\u1ec9 gi\u00fap ng\u01b0\u1eddi ch\u01a1i ti\u1ebft ki\u1ec7m th\u1eddi gian m\u00e0 c\u00f2n t\u1ea1o c\u1ea3m gi\u00e1c tho\u1ea3i m\u00e1i khi tham gia c\u00e1 c\u01b0\u1ee3c.<\/p>\n\n\n\n<p>T\u1ef7 l\u1ec7 c\u01b0\u1ee3c t\u1ea1i <a href=\"https:\/\/checkinhanoi.com\/\"><strong>FFok<\/strong><\/a> c\u0169ng l\u00e0 m\u1ed9t trong nh\u1eefng y\u1ebfu t\u1ed1 khi\u1ebfn n\u1ec1n t\u1ea3ng n\u00e0y thu h\u00fat ng\u01b0\u1eddi ch\u01a1i. T\u1ef7 l\u1ec7 c\u01b0\u1ee3c lu\u00f4n \u1edf m\u1ee9c \u1ed5n \u0111\u1ecbnh v\u00e0 c\u1ea1nh tranh, \u0111\u1ea3m b\u1ea3o r\u1eb1ng ng\u01b0\u1eddi ch\u01a1i s\u1ebd nh\u1eadn \u0111\u01b0\u1ee3c l\u1ee3i nhu\u1eadn h\u1ee3p l\u00fd khi \u0111\u1eb7t c\u01b0\u1ee3c. Kh\u00f4ng ch\u1ec9 v\u1eady, h\u1ec7 th\u1ed1ng c\u01b0\u1ee3c c\u0169ng r\u1ea5t linh ho\u1ea1t, cho ph\u00e9p ng\u01b0\u1eddi ch\u01a1i c\u00f3 nhi\u1ec1u l\u1ef1a ch\u1ecdn \u0111\u1ec3 t\u1ed1i \u01b0u h\u00f3a kho\u1ea3n \u0111\u1ea7u t\u01b0 c\u1ee7a m\u00ecnh.<\/p>\n\n\n\n<p>H\u1ec7 th\u1ed1ng b\u00e1o c\u00e1o v\u00e0 th\u1ed1ng k\u00ea c\u0169ng r\u1ea5t chi ti\u1ebft, gi\u00fap ng\u01b0\u1eddi ch\u01a1i d\u1ec5 d\u00e0ng theo d\u00f5i c\u00e1c c\u01b0\u1ee3c \u0111\u00e3 th\u1ef1c hi\u1ec7n v\u00e0 k\u1ebft qu\u1ea3 c\u1ee7a t\u1eebng tr\u1eadn \u0111\u1ea5u. \u0110i\u1ec1u n\u00e0y t\u1ea1o ra m\u1ed9t m\u00f4i tr\u01b0\u1eddng c\u00e1 c\u01b0\u1ee3c minh b\u1ea1ch v\u00e0 c\u00f4ng b\u1eb1ng, t\u0103ng c\u01b0\u1eddng ni\u1ec1m tin c\u1ee7a ng\u01b0\u1eddi ch\u01a1i v\u00e0o n\u1ec1n t\u1ea3ng n\u00e0y.<\/p>\n\n\n\n<h2 class=\"wp-block-heading\"><span class=\"ez-toc-section\" id=\"Cach_tham_gia_ca_cuoc_the_thao_tai_FFok\"><\/span>C\u00e1ch tham gia c\u00e1 c\u01b0\u1ee3c th\u1ec3 thao t\u1ea1i FFok<span class=\"ez-toc-section-end\"><\/span><\/h2>\n\n\n\n<p>N\u1ebfu b\u1ea1n mu\u1ed1n tham gia c\u00e1 c\u01b0\u1ee3c t\u1ea1i Th\u1ec3 thao FFok nh\u01b0ng ch\u01b0a bi\u1ebft b\u1eaft \u0111\u1ea7u t\u1eeb \u0111\u00e2u, \u0111\u1eebng lo l\u1eafng! D\u01b0\u1edbi \u0111\u00e2y l\u00e0 h\u01b0\u1edbng d\u1eabn chi ti\u1ebft c\u00e1ch tham gia.<\/p>\n\n\n\n<h3 class=\"wp-block-heading\">H\u01b0\u1edbng d\u1eabn \u0111\u1eb7t c\u01b0\u1ee3c t\u1eeb A-Z cho ng\u01b0\u1eddi m\u1edbi<\/h3>\n\n\n\n<p>\u0110\u1ea7u ti\u00ean, \u0111\u1ec3 c\u00f3 th\u1ec3 tham gia c\u00e1 c\u01b0\u1ee3c t\u1ea1i FFok, b\u1ea1n c\u1ea7n t\u1ea1o m\u1ed9t t\u00e0i kho\u1ea3n. Vi\u1ec7c \u0111\u0103ng k\u00fd r\u1ea5t \u0111\u01a1n gi\u1ea3n, ch\u1ec9 c\u1ea7n v\u00e0i b\u01b0\u1edbc \u0111i\u1ec1n th\u00f4ng tin c\u00e1 nh\u00e2n v\u00e0 x\u00e1c nh\u1eadn danh t\u00ednh.<\/p>\n\n\n\n<p>Sau khi \u0111\u0103ng k\u00fd th\u00e0nh c\u00f4ng, b\u1ea1n s\u1ebd nh\u1eadn \u0111\u01b0\u1ee3c m\u1ed9t t\u00e0i kho\u1ea3n v\u1edbi s\u1ed1 d\u01b0 0 \u0111\u1ed3ng. Ti\u1ebfp theo, b\u1ea1n c\u1ea7n n\u1ea1p ti\u1ec1n v\u00e0o t\u00e0i kho\u1ea3n \u0111\u1ec3 c\u00f3 th\u1ec3 b\u1eaft \u0111\u1ea7u \u0111\u1eb7t c\u01b0\u1ee3c. FFok h\u1ed7 tr\u1ee3 nhi\u1ec1u k\u00eanh n\u1ea1p ti\u1ec1n kh\u00e1c nhau nh\u01b0 chuy\u1ec3n kho\u1ea3n ng\u00e2n h\u00e0ng, v\u00ed \u0111i\u1ec7n t\u1eed, hay th\u1ebb c\u00e0o \u0111i\u1ec7n tho\u1ea1i.<\/p>\n\n\n\n<p>Khi c\u00f3 ti\u1ec1n trong t\u00e0i kho\u1ea3n, b\u1ea1n c\u00f3 th\u1ec3 ti\u1ebfn h\u00e0nh \u0111\u1eb7t c\u01b0\u1ee3c. Truy c\u1eadp v\u00e0o m\u1ee5c \u201cC\u00e1 c\u01b0\u1ee3c\u201d tr\u00ean giao di\u1ec7n ch\u00ednh, ch\u1ecdn m\u00f4n th\u1ec3 thao b\u1ea1n quan t\u00e2m. B\u1ea1n s\u1ebd th\u1ea5y danh s\u00e1ch c\u00e1c tr\u1eadn \u0111\u1ea5u s\u1eafp di\u1ec5n ra, ch\u1ec9 c\u1ea7n nh\u1ea5n v\u00e0o tr\u1eadn \u0111\u1ea5u m\u00e0 b\u1ea1n mu\u1ed1n c\u01b0\u1ee3c, sau \u0111\u00f3 ch\u1ecdn lo\u1ea1i k\u00e8o v\u00e0 s\u1ed1 ti\u1ec1n mu\u1ed1n \u0111\u1eb7t.<\/p>\n\n\n\n<p>Cu\u1ed1i c\u00f9ng, sau khi ki\u1ec3m tra k\u1ef9 l\u01b0\u1ee1ng th\u00f4ng tin c\u01b0\u1ee3c, b\u1ea1n ch\u1ec9 c\u1ea7n nh\u1ea5n \u201cX\u00e1c nh\u1eadn\u201d l\u00e0 \u0111\u00e3 ho\u00e0n t\u1ea5t!<\/p>\n\n\n\n<h3 class=\"wp-block-heading\">Gi\u1ea3i th\u00edch c\u00e1c lo\u1ea1i k\u00e8o th\u00f4ng d\u1ee5ng d\u1ec5 hi\u1ec3u<\/h3>\n\n\n\n<p>Trong c\u00e1 c\u01b0\u1ee3c th\u1ec3 thao, c\u00f3 r\u1ea5t nhi\u1ec1u lo\u1ea1i k\u00e8o kh\u00e1c nhau m\u00e0 ng\u01b0\u1eddi ch\u01a1i c\u1ea7n n\u1eafm r\u00f5. C\u00e1c lo\u1ea1i k\u00e8o ph\u1ed5 bi\u1ebfn nh\u1ea5t bao g\u1ed3m k\u00e8o ch\u00e2u \u00c1, k\u00e8o ch\u00e2u \u00c2u v\u00e0 k\u00e8o t\u00e0i x\u1ec9u.<\/p>\n\n\n\n<p>K\u00e8o ch\u00e2u \u00c1 l\u00e0 lo\u1ea1i k\u00e8o th\u01b0\u1eddng \u0111\u01b0\u1ee3c s\u1eed d\u1ee5ng r\u1ed9ng r\u00e3i. N\u00f3 d\u1ef1a tr\u00ean t\u1ef7 l\u1ec7 ch\u1ea5p gi\u1eefa hai \u0111\u1ed9i, gi\u00fap c\u00e2n b\u1eb1ng l\u1ef1c l\u01b0\u1ee3ng gi\u1eefa c\u00e1c \u0111\u1ed9i b\u00f3ng. K\u00e8o ch\u00e2u \u00c2u kh\u00e1 \u0111\u01a1n gi\u1ea3n, ng\u01b0\u1eddi ch\u01a1i ch\u1ec9 c\u1ea7n d\u1ef1 \u0111o\u00e1n \u0111\u1ed9i th\u1eafng ho\u1eb7c h\u00f2a. Cu\u1ed1i c\u00f9ng, k\u00e8o t\u00e0i x\u1ec9u l\u00e0 lo\u1ea1i k\u00e8o d\u1ef1 \u0111o\u00e1n t\u1ed5ng s\u1ed1 b\u00e0n th\u1eafng c\u1ee7a tr\u1eadn \u0111\u1ea5u, r\u1ea5t th\u00fa v\u1ecb cho nh\u1eefng ai y\u00eau th\u00edch s\u1ef1 h\u1ed3i h\u1ed9p.<\/p>\n\n\n\n<p>N\u1eafm r\u00f5 c\u00e1c lo\u1ea1i k\u00e8o s\u1ebd gi\u00fap ng\u01b0\u1eddi ch\u01a1i c\u00f3 th\u00eam ki\u1ebfn th\u1ee9c v\u00e0 chi\u1ebfn l\u01b0\u1ee3c c\u00e1 c\u01b0\u1ee3c t\u1ed1t h\u01a1n, t\u1eeb \u0111\u00f3 n\u00e2ng cao kh\u1ea3 n\u0103ng th\u1eafng c\u01b0\u1ee3c.<\/p>\n\n\n\n<h2 class=\"wp-block-heading\"><span class=\"ez-toc-section\" id=\"Meo_ca_do_the_thao_giup_tang_ti_le_thang\"><\/span>M\u1eb9o c\u00e1 \u0111\u1ed9 th\u1ec3 thao gi\u00fap t\u0103ng t\u1ec9 l\u1ec7 th\u1eafng<span class=\"ez-toc-section-end\"><\/span><\/h2>\n\n\n\n<p>\u0110\u1ec3 tr\u1edf th\u00e0nh m\u1ed9t ng\u01b0\u1eddi ch\u01a1i c\u00e1 c\u01b0\u1ee3c th\u00e0nh c\u00f4ng, b\u1ea1n kh\u00f4ng ch\u1ec9 c\u1ea7n may m\u1eafn m\u00e0 c\u00f2n c\u1ea7n c\u00f3 ki\u1ebfn th\u1ee9c v\u00e0 chi\u1ebfn l\u01b0\u1ee3c. D\u01b0\u1edbi \u0111\u00e2y l\u00e0 m\u1ed9t s\u1ed1 m\u1eb9o hi\u1ec7u qu\u1ea3 gi\u00fap t\u0103ng t\u1ec9 l\u1ec7 th\u1eafng khi tham gia c\u00e1 c\u01b0\u1ee3c t\u1ea1i FFok.<\/p>\n\n\n\n<h3 class=\"wp-block-heading\">C\u00e1ch ph\u00e2n t\u00edch tr\u1eadn \u0111\u1ea5u v\u00e0 soi k\u00e8o c\u1ef1c chu\u1ea9n<\/h3>\n\n\n\n<p>Ph\u00e2n t\u00edch tr\u1eadn \u0111\u1ea5u l\u00e0 b\u01b0\u1edbc quan tr\u1ecdng tr\u01b0\u1edbc khi \u0111\u1eb7t c\u01b0\u1ee3c. B\u1ea1n c\u1ea7n xem x\u00e9t nhi\u1ec1u y\u1ebfu t\u1ed1 nh\u01b0 phong \u0111\u1ed9 g\u1ea7n \u0111\u00e2y c\u1ee7a c\u00e1c \u0111\u1ed9i, l\u1ecbch s\u1eed \u0111\u1ed1i \u0111\u1ea7u, t\u00ecnh h\u00ecnh ch\u1ea5n th\u01b0\u01a1ng, v\u00e0 c\u1ea3 th\u1eddi ti\u1ebft trong ng\u00e0y thi \u0111\u1ea5u.<\/p>\n\n\n\n<p>M\u1ed9t c\u00e1ch \u0111\u01a1n gi\u1ea3n \u0111\u1ec3 ph\u00e2n t\u00edch l\u00e0 xem x\u00e9t c\u00e1c th\u1ed1ng k\u00ea c\u1ee7a \u0111\u1ed9i b\u00f3ng. V\u00ed d\u1ee5, n\u1ebfu \u0111\u1ed9i ch\u1ee7 nh\u00e0 c\u00f3 phong \u0111\u1ed9 s\u00e2n nh\u00e0 t\u1ed1t v\u00e0 \u0111\u1ed9i kh\u00e1ch g\u1eb7p v\u1ea5n \u0111\u1ec1 v\u1ec1 l\u1ef1c l\u01b0\u1ee3ng, th\u00ec c\u01a1 h\u1ed9i th\u1eafng c\u1ee7a \u0111\u1ed9i ch\u1ee7 nh\u00e0 s\u1ebd cao h\u01a1n. Ngo\u00e0i ra, h\u00e3y theo d\u00f5i c\u00e1c b\u1ea3n tin th\u1ec3 thao, n\u01a1i c\u00f3 nh\u1eefng nh\u1eadn \u0111\u1ecbnh t\u1eeb c\u00e1c chuy\u00ean gia.<\/p>\n\n\n\n<p>Soi k\u00e8o c\u0169ng l\u00e0 m\u1ed9t ph\u1ea7n kh\u00f4ng th\u1ec3 thi\u1ebfu trong qu\u00e1 tr\u00ecnh n\u00e0y. B\u1ea1n n\u00ean so s\u00e1nh t\u1ef7 l\u1ec7 k\u00e8o t\u1eeb nhi\u1ec1u ngu\u1ed3n kh\u00e1c nhau \u0111\u1ec3 \u0111\u01b0a ra quy\u1ebft \u0111\u1ecbnh ch\u00ednh x\u00e1c nh\u1ea5t. FFok th\u01b0\u1eddng xuy\u00ean c\u1eadp nh\u1eadt k\u00e8o m\u1edbi, v\u00ec v\u1eady h\u00e3y ch\u00fa \u00fd theo d\u00f5i nh\u00e9!<\/p>\n\n\n\n<h3 class=\"wp-block-heading\">Qu\u1ea3n l\u00fd v\u1ed1n v\u00e0 gi\u1eef t\u00e2m l\u00fd v\u1eefng khi c\u01b0\u1ee3c<\/h3>\n\n\n\n<p>Qu\u1ea3n l\u00fd v\u1ed1n l\u00e0 ch\u00eca kh\u00f3a d\u1eabn \u0111\u1ebfn th\u00e0nh c\u00f4ng trong c\u00e1 c\u01b0\u1ee3c th\u1ec3 thao. B\u1ea1n n\u00ean \u0111\u1eb7t ra m\u1ed9t ng\u00e2n s\u00e1ch c\u1ee5 th\u1ec3 cho m\u1ed7i l\u1ea7n c\u01b0\u1ee3c v\u00e0 kh\u00f4ng n\u00ean v\u01b0\u1ee3t qu\u00e1 con s\u1ed1 \u0111\u00f3. Vi\u1ec7c n\u00e0y gi\u00fap b\u1ea1n tr\u00e1nh \u0111\u01b0\u1ee3c t\u00ecnh tr\u1ea1ng thua l\u1ed7 nghi\u00eam tr\u1ecdng.<\/p>\n\n\n\n<p>B\u00ean c\u1ea1nh \u0111\u00f3, gi\u1eef t\u00e2m l\u00fd v\u1eefng v\u00e0ng c\u0169ng r\u1ea5t quan tr\u1ecdng. \u0110\u1eebng \u0111\u1ec3 c\u1ea3m x\u00fac chi ph\u1ed1i quy\u1ebft \u0111\u1ecbnh c\u00e1 c\u01b0\u1ee3c c\u1ee7a b\u1ea1n. N\u1ebfu b\u1ea1n v\u1eeba thua m\u1ed9t c\u01b0\u1ee3c l\u1edbn, h\u00e3y b\u00ecnh t\u0129nh v\u00e0 \u0111\u1ee3i th\u1eddi \u0111i\u1ec3m ph\u00f9 h\u1ee3p \u0111\u1ec3 ti\u1ebfp t\u1ee5c \u0111\u1eb7t c\u01b0\u1ee3c. C\u1ea3m x\u00fac c\u00f3 th\u1ec3 l\u00e0m b\u1ea1n \u0111\u01b0a ra nh\u1eefng quy\u1ebft \u0111\u1ecbnh sai l\u1ea7m, v\u00ec v\u1eady h\u00e3y lu\u00f4n gi\u1eef m\u1ed9t c\u00e1i \u0111\u1ea7u l\u1ea1nh.<\/p>\n\n\n\n<h2 class=\"wp-block-heading\"><span class=\"ez-toc-section\" id=\"Ket_luan\"><\/span>K\u1ebft lu\u1eadn<span class=\"ez-toc-section-end\"><\/span><\/h2>\n\n\n\n<p>Nh\u01b0 v\u1eady, Th\u1ec3 thao FFok l\u00e0 m\u1ed9t s\u00e2n ch\u01a1i l\u00fd t\u01b0\u1edfng cho nh\u1eefng ai y\u00eau th\u00edch c\u00e1 c\u01b0\u1ee3c th\u1ec3 thao. V\u1edbi s\u1ef1 \u0111a d\u1ea1ng v\u1ec1 m\u00f4n th\u1ec3 thao, giao di\u1ec7n th\u00e2n thi\u1ec7n v\u00e0 t\u1ef7 l\u1ec7 c\u01b0\u1ee3c t\u1ed1t, FFok ch\u1eafc ch\u1eafn s\u1ebd mang \u0111\u1ebfn cho b\u1ea1n nh\u1eefng tr\u1ea3i nghi\u1ec7m th\u00fa v\u1ecb v\u00e0 h\u1ea5p d\u1eabn. Hy v\u1ecdng r\u1eb1ng b\u00e0i vi\u1ebft n\u00e0y \u0111\u00e3 cung c\u1ea5p cho b\u1ea1n nh\u1eefng th\u00f4ng tin h\u1eefu \u00edch \u0111\u1ec3 tham gia c\u00e1 c\u01b0\u1ee3c m\u1ed9t c\u00e1ch hi\u1ec7u qu\u1ea3. Ch\u00fac b\u1ea1n may m\u1eafn v\u00e0 th\u00e0nh c\u00f4ng trong t\u1eebng l\u1ea7n \u0111\u1eb7t c\u01b0\u1ee3c!<\/p>\n\n\n","protected":false},"excerpt":{"rendered":"<p>Th\u1ec3 Thao FFok \u2013 C\u00e1 c\u01b0\u1ee3c th\u1ec3 thao c\u1ef1c ch\u00e1y, c\u1ef1c \u0111\u00e3! Th\u1ec3 thao FFok \u0111ang tr\u1edf th\u00e0nh m\u1ed9t trong nh\u1eefng n\u1ec1n t\u1ea3ng c\u00e1 c\u01b0\u1ee3c th\u1ec3 thao hot nh\u1ea5t hi\u1ec7n nay, kh\u00f4ng ch\u1ec9 thu h\u00fat nh\u1eefng ng\u01b0\u1eddi \u0111am m\u00ea th\u1ec3 thao m\u00e0 c\u00f2n c\u1ea3 nh\u1eefng ai y\u00eau th\u00edch c\u1ea3m gi\u00e1c m\u1ea1nh v\u00e0 c\u01a1 h\u1ed9i ki\u1ebfm [&#8230;]\n","protected":false},"author":1,"featured_media":153,"parent":0,"menu_order":0,"comment_status":"closed","ping_status":"closed","template":"","meta":{"footnotes":""},"class_list":["post-21","page","type-page","status-publish","has-post-thumbnail","hentry"],"_links":{"self":[{"href":"https:\/\/checkinhanoi.com\/index.php\/wp-json\/wp\/v2\/pages\/21","targetHints":{"allow":["GET"]}}],"collection":[{"href":"https:\/\/checkinhanoi.com\/index.php\/wp-json\/wp\/v2\/pages"}],"about":[{"href":"https:\/\/checkinhanoi.com\/index.php\/wp-json\/wp\/v2\/types\/page"}],"author":[{"embeddable":true,"href":"https:\/\/checkinhanoi.com\/index.php\/wp-json\/wp\/v2\/users\/1"}],"replies":[{"embeddable":true,"href":"https:\/\/checkinhanoi.com\/index.php\/wp-json\/wp\/v2\/comments?post=21"}],"version-history":[{"count":3,"href":"https:\/\/checkinhanoi.com\/index.php\/wp-json\/wp\/v2\/pages\/21\/revisions"}],"predecessor-version":[{"id":167,"href":"https:\/\/checkinhanoi.com\/index.php\/wp-json\/wp\/v2\/pages\/21\/revisions\/167"}],"wp:featuredmedia":[{"embeddable":true,"href":"https:\/\/checkinhanoi.com\/index.php\/wp-json\/wp\/v2\/media\/153"}],"wp:attachment":[{"href":"https:\/\/checkinhanoi.com\/index.php\/wp-json\/wp\/v2\/media?parent=21"}],"curies":[{"name":"wp","href":"https:\/\/api.w.org\/{rel}","templated":true}]}}