{"id":22,"date":"2025-04-05T05:07:52","date_gmt":"2025-04-05T05:07:52","guid":{"rendered":"https:\/\/checkinhanoi.com\/?page_id=22"},"modified":"2025-04-07T05:17:18","modified_gmt":"2025-04-07T05:17:18","slug":"no-hu-ffok","status":"publish","type":"page","link":"https:\/\/checkinhanoi.com\/index.php\/no-hu-ffok\/","title":{"rendered":"N\u1ed5 H\u0169 FFok \u2013 Ch\u01a1i l\u00e0 ghi\u1ec1n, n\u1ed5 l\u00e0 gi\u00e0u!"},"content":{"rendered":"\n<h1 class=\"wp-block-heading\"><span class=\"ez-toc-section\" id=\"No_Hu_FFok_%E2%80%93_Choi_la_ghien_no_la_giau\"><\/span>N\u1ed5 H\u0169 FFok \u2013 Ch\u01a1i l\u00e0 ghi\u1ec1n, n\u1ed5 l\u00e0 gi\u00e0u!<span class=\"ez-toc-section-end\"><\/span><\/h1>\n\n\n\n<figure class=\"wp-block-image aligncenter size-full\"><img loading=\"lazy\" decoding=\"async\" width=\"800\" height=\"450\" src=\"https:\/\/checkinhanoi.com\/wp-content\/uploads\/2025\/04\/no-hu.jpg\" alt=\"N\u1ed5 H\u0169 FFok \u2013 Ch\u01a1i l\u00e0 ghi\u1ec1n, n\u1ed5 l\u00e0 gi\u00e0u!\" class=\"wp-image-156\" srcset=\"https:\/\/checkinhanoi.com\/wp-content\/uploads\/2025\/04\/no-hu.jpg 800w, https:\/\/checkinhanoi.com\/wp-content\/uploads\/2025\/04\/no-hu-300x169.jpg 300w, https:\/\/checkinhanoi.com\/wp-content\/uploads\/2025\/04\/no-hu-768x432.jpg 768w\" sizes=\"auto, (max-width: 800px) 100vw, 800px\" \/><figcaption class=\"wp-element-caption\">N\u1ed5 H\u0169 FFok \u2013 Ch\u01a1i l\u00e0 ghi\u1ec1n, n\u1ed5 l\u00e0 gi\u00e0u!<\/figcaption><\/figure>\n\n\n\n<p><a href=\"https:\/\/checkinhanoi.com\/index.php\/no-hu-ffok\/\"><strong>N\u1ed5 h\u0169 FFok<\/strong><\/a> \u0111ang tr\u1edf th\u00e0nh m\u1ed9t tr\u00f2 ch\u01a1i h\u1ea5p d\u1eabn trong c\u1ed9ng \u0111\u1ed3ng game th\u1ee7 Vi\u1ec7t Nam. V\u1edbi s\u1ef1 k\u1ebft h\u1ee3p ho\u00e0n h\u1ea3o gi\u1eefa \u0111\u1ed3 h\u1ecda \u0111\u1eb9p m\u1eaft v\u00e0 c\u00e1c ph\u1ea7n th\u01b0\u1edfng th\u00fa v\u1ecb, \u0111\u00e2y l\u00e0 n\u01a1i m\u00e0 ng\u01b0\u1eddi ch\u01a1i kh\u00f4ng ch\u1ec9 t\u00ecm ki\u1ebfm ni\u1ec1m vui m\u00e0 c\u00f2n c\u00f3 c\u01a1 h\u1ed9i gia t\u0103ng t\u00e0i s\u1ea3n c\u1ee7a m\u00ecnh. Trong b\u00e0i vi\u1ebft n\u00e0y, ch\u00fang ta s\u1ebd \u0111i s\u00e2u v\u00e0o nh\u1eefng \u0111i\u1ec1u th\u00fa v\u1ecb v\u1ec1 tr\u00f2 ch\u01a1i n\u00e0y, c\u00e1ch tham gia c\u0169ng nh\u01b0 m\u1ed9t s\u1ed1 b\u00ed k\u00edp \u0111\u1ec3 d\u1ec5 d\u00e0ng chi\u1ebfn th\u1eafng h\u01a1n.<\/p><div id=\"ez-toc-container\" class=\"ez-toc-v2_0_82_2 ez-toc-wrap-center counter-hierarchy ez-toc-counter ez-toc-grey ez-toc-container-direction\">\n<div class=\"ez-toc-title-container\">\n<p class=\"ez-toc-title\" style=\"cursor:inherit\">T\u00f3m t\u1eaft<\/p>\n<span class=\"ez-toc-title-toggle\"><a href=\"#\" class=\"ez-toc-pull-right ez-toc-btn ez-toc-btn-xs ez-toc-btn-default ez-toc-toggle\" aria-label=\"Toggle Table of Content\"><span class=\"ez-toc-js-icon-con\"><span class=\"\"><span class=\"eztoc-hide\" style=\"display:none;\">Toggle<\/span><span class=\"ez-toc-icon-toggle-span\"><svg style=\"fill: #999;color:#999\" xmlns=\"http:\/\/www.w3.org\/2000\/svg\" class=\"list-377408\" width=\"20px\" height=\"20px\" viewBox=\"0 0 24 24\" fill=\"none\"><path d=\"M6 6H4v2h2V6zm14 0H8v2h12V6zM4 11h2v2H4v-2zm16 0H8v2h12v-2zM4 16h2v2H4v-2zm16 0H8v2h12v-2z\" fill=\"currentColor\"><\/path><\/svg><svg style=\"fill: #999;color:#999\" class=\"arrow-unsorted-368013\" xmlns=\"http:\/\/www.w3.org\/2000\/svg\" width=\"10px\" height=\"10px\" viewBox=\"0 0 24 24\" version=\"1.2\" baseProfile=\"tiny\"><path d=\"M18.2 9.3l-6.2-6.3-6.2 6.3c-.2.2-.3.4-.3.7s.1.5.3.7c.2.2.4.3.7.3h11c.3 0 .5-.1.7-.3.2-.2.3-.5.3-.7s-.1-.5-.3-.7zM5.8 14.7l6.2 6.3 6.2-6.3c.2-.2.3-.5.3-.7s-.1-.5-.3-.7c-.2-.2-.4-.3-.7-.3h-11c-.3 0-.5.1-.7.3-.2.2-.3.5-.3.7s.1.5.3.7z\"\/><\/svg><\/span><\/span><\/span><\/a><\/span><\/div>\n<nav><ul class='ez-toc-list ez-toc-list-level-1 ' ><li class='ez-toc-page-1 ez-toc-heading-level-1'><a class=\"ez-toc-link ez-toc-heading-1\" href=\"https:\/\/checkinhanoi.com\/index.php\/no-hu-ffok\/#No_Hu_FFok_%E2%80%93_Choi_la_ghien_no_la_giau\" >N\u1ed5 H\u0169 FFok \u2013 Ch\u01a1i l\u00e0 ghi\u1ec1n, n\u1ed5 l\u00e0 gi\u00e0u!<\/a><ul class='ez-toc-list-level-2' ><li class='ez-toc-heading-level-2'><a class=\"ez-toc-link ez-toc-heading-2\" href=\"https:\/\/checkinhanoi.com\/index.php\/no-hu-ffok\/#No_hu_la_gi_va_choi_o_FFok_co_gi_vui\" >N\u1ed5 h\u0169 l\u00e0 g\u00ec v\u00e0 ch\u01a1i \u1edf FFok c\u00f3 g\u00ec vui?<\/a><\/li><li class='ez-toc-page-1 ez-toc-heading-level-2'><a class=\"ez-toc-link ez-toc-heading-3\" href=\"https:\/\/checkinhanoi.com\/index.php\/no-hu-ffok\/#Cach_tham_gia_game_no_hu_FFok_cho_nguoi_moi\" >C\u00e1ch tham gia game n\u1ed5 h\u0169 FFok cho ng\u01b0\u1eddi m\u1edbi<\/a><\/li><li class='ez-toc-page-1 ez-toc-heading-level-2'><a class=\"ez-toc-link ez-toc-heading-4\" href=\"https:\/\/checkinhanoi.com\/index.php\/no-hu-ffok\/#Bi_kip_giup_tang_co_hoi_no_hu_tai_FFok\" >B\u00ed k\u00edp gi\u00fap t\u0103ng c\u01a1 h\u1ed9i n\u1ed5 h\u0169 t\u1ea1i FFok<\/a><\/li><li class='ez-toc-page-1 ez-toc-heading-level-2'><a class=\"ez-toc-link ez-toc-heading-5\" href=\"https:\/\/checkinhanoi.com\/index.php\/no-hu-ffok\/#Ket_luan\" >K\u1ebft lu\u1eadn<\/a><\/li><\/ul><\/li><\/ul><\/nav><\/div>\n\n\n\n\n<h2 class=\"wp-block-heading\"><span class=\"ez-toc-section\" id=\"No_hu_la_gi_va_choi_o_FFok_co_gi_vui\"><\/span>N\u1ed5 h\u0169 l\u00e0 g\u00ec v\u00e0 ch\u01a1i \u1edf FFok c\u00f3 g\u00ec vui?<span class=\"ez-toc-section-end\"><\/span><\/h2>\n\n\n\n<p>N\u1ed5 h\u0169 l\u00e0 m\u1ed9t tr\u00f2 ch\u01a1i tr\u1ef1c tuy\u1ebfn \u0111\u01b0\u1ee3c y\u00eau th\u00edch, n\u01a1i ng\u01b0\u1eddi ch\u01a1i quay m\u00e1y v\u00e0 mong \u0111\u1ee3i nh\u1eadn \u0111\u01b0\u1ee3c ph\u1ea7n th\u01b0\u1edfng l\u1edbn t\u1eeb vi\u1ec7c &#8220;n\u1ed5&#8221; h\u0169. \u1ede <a href=\"https:\/\/checkinhanoi.com\/\"><strong>FFok<\/strong><\/a>, tr\u00f2 ch\u01a1i n\u00e0y kh\u00f4ng ch\u1ec9 \u0111\u01a1n thu\u1ea7n l\u00e0 m\u1ed9t tr\u00f2 ch\u01a1i may r\u1ee7i m\u00e0 c\u00f2n l\u00e0 m\u1ed9t tr\u1ea3i nghi\u1ec7m gi\u1ea3i tr\u00ed \u0111\u1ea7y m\u00e0u s\u1eafc v\u00e0 k\u1ecbch t\u00ednh.<\/p>\n\n\n\n<h3 class=\"wp-block-heading\">\u0110\u1ed3 h\u1ecda c\u1ef1c b\u1eaft m\u1eaft, \u00e2m thanh s\u1ed1ng \u0111\u1ed9ng<\/h3>\n\n\n\n<p>M\u1ed9t trong nh\u1eefng y\u1ebfu t\u1ed1 khi\u1ebfn n\u1ed5 h\u0169 t\u1ea1i FFok thu h\u00fat ng\u01b0\u1eddi ch\u01a1i ch\u00ednh l\u00e0 ch\u1ea5t l\u01b0\u1ee3ng \u0111\u1ed3 h\u1ecda tuy\u1ec7t v\u1eddi. \u0110\u01b0\u1ee3c thi\u1ebft k\u1ebf v\u1edbi h\u00ecnh \u1ea3nh s\u1eafc n\u00e9t, m\u00e0u s\u1eafc t\u01b0\u01a1i s\u00e1ng, m\u1ed7i tr\u00f2 ch\u01a1i \u0111\u1ec1u mang \u0111\u1ebfn cho ng\u01b0\u1eddi ch\u01a1i c\u1ea3m gi\u00e1c nh\u01b0 \u0111ang l\u1ea1c v\u00e0o m\u1ed9t th\u1ebf gi\u1edbi k\u1ef3 di\u1ec7u. \u0110i\u1ec1u n\u00e0y gi\u00fap t\u1ea1o ra m\u1ed9t b\u1ea7u kh\u00f4ng kh\u00ed vui v\u1ebb, l\u00e0m cho ng\u01b0\u1eddi ch\u01a1i c\u1ea3m th\u1ea5y h\u00e0o h\u1ee9ng v\u00e0 mu\u1ed1n kh\u00e1m ph\u00e1 nhi\u1ec1u h\u01a1n n\u1eefa.<\/p>\n\n\n\n<p>\u00c2m thanh c\u0169ng \u0111\u00f3ng vai tr\u00f2 quan tr\u1ecdng kh\u00f4ng k\u00e9m trong vi\u1ec7c t\u1ea1o n\u00ean m\u1ed9t tr\u1ea3i nghi\u1ec7m ch\u01a1i game \u0111\u00e1ng nh\u1edb. \u00c2m thanh s\u1ed1ng \u0111\u1ed9ng, t\u1eeb ti\u1ebfng quay c\u1ee7a m\u00e1y cho \u0111\u1ebfn ti\u1ebfng chu\u00f4ng b\u00e1o hi\u1ec7u khi c\u00f3 ph\u1ea7n th\u01b0\u1edfng, t\u1ea5t c\u1ea3 \u0111\u1ec1u g\u00f3p ph\u1ea7n l\u00e0m t\u0103ng th\u00eam c\u1ea3m gi\u00e1c h\u1ed3i h\u1ed9p v\u00e0 ph\u1ea5n kh\u00edch khi ch\u01a1i n\u1ed5 h\u0169.<\/p>\n\n\n\n<h3 class=\"wp-block-heading\">Nhi\u1ec1u d\u00f2ng game v\u1edbi m\u1ee9c th\u01b0\u1edfng h\u1ea5p d\u1eabn<\/h3>\n\n\n\n<p>FFok cung c\u1ea5p \u0111a d\u1ea1ng c\u00e1c d\u00f2ng game n\u1ed5 h\u0169, m\u1ed7i tr\u00f2 ch\u01a1i l\u1ea1i c\u00f3 nh\u1eefng \u0111\u1eb7c \u0111i\u1ec3m ri\u00eang bi\u1ec7t c\u00f9ng m\u1ee9c th\u01b0\u1edfng kh\u00e1c nhau. Ng\u01b0\u1eddi ch\u01a1i s\u1ebd kh\u00f4ng bao gi\u1edd c\u1ea3m th\u1ea5y nh\u00e0m ch\u00e1n khi lu\u00f4n c\u00f3 nh\u1eefng l\u1ef1a ch\u1ecdn m\u1edbi m\u1ebb \u0111\u1ec3 kh\u00e1m ph\u00e1. M\u1ed7i game \u0111\u1ec1u c\u00f3 quy t\u1eafc v\u00e0 c\u00e1ch th\u1ee9c ho\u1ea1t \u0111\u1ed9ng ri\u00eang, gi\u00fap ng\u01b0\u1eddi ch\u01a1i d\u1ec5 d\u00e0ng t\u00ecm \u0111\u01b0\u1ee3c tr\u00f2 ch\u01a1i ph\u00f9 h\u1ee3p v\u1edbi s\u1edf th\u00edch v\u00e0 phong c\u00e1ch c\u1ee7a m\u00ecnh.<\/p>\n\n\n\n<p>C\u00e1c m\u1ee9c th\u01b0\u1edfng t\u1ea1i FFok th\u01b0\u1eddng r\u1ea5t cao, th\u1eadm ch\u00ed m\u1ed9t l\u1ea7n &#8220;n\u1ed5&#8221; c\u00f3 th\u1ec3 mang l\u1ea1i cho b\u1ea1n nh\u1eefng ph\u1ea7n th\u01b0\u1edfng l\u00ean \u0111\u1ebfn h\u00e0ng tri\u1ec7u \u0111\u1ed3ng. \u0110i\u1ec1u n\u00e0y kh\u00f4ng ch\u1ec9 t\u1ea1o ra c\u01a1 h\u1ed9i l\u00e0m gi\u00e0u cho ng\u01b0\u1eddi ch\u01a1i, m\u00e0 c\u00f2n mang l\u1ea1i c\u1ea3m gi\u00e1c ph\u1ea5n kh\u00edch khi ngh\u0129 \u0111\u1ebfn kh\u1ea3 n\u0103ng tr\u00fang th\u01b0\u1edfng l\u1edbn.<\/p>\n\n\n\n<h2 class=\"wp-block-heading\"><span class=\"ez-toc-section\" id=\"Cach_tham_gia_game_no_hu_FFok_cho_nguoi_moi\"><\/span>C\u00e1ch tham gia game n\u1ed5 h\u0169 FFok cho ng\u01b0\u1eddi m\u1edbi<span class=\"ez-toc-section-end\"><\/span><\/h2>\n\n\n\n<p>N\u1ebfu b\u1ea1n l\u00e0 m\u1ed9t ng\u01b0\u1eddi m\u1edbi ch\u01b0a t\u1eebng ch\u01a1i n\u1ed5 h\u0169 t\u1ea1i FFok, \u0111\u1eebng lo l\u1eafng! Ch\u00fang t\u00f4i s\u1ebd h\u01b0\u1edbng d\u1eabn b\u1ea1n t\u1eebng b\u01b0\u1edbc \u0111\u1ec3 d\u1ec5 d\u00e0ng tham gia tr\u00f2 ch\u01a1i n\u00e0y m\u1ed9t c\u00e1ch thu\u1eadn l\u1ee3i nh\u1ea5t.<\/p>\n\n\n\n<h3 class=\"wp-block-heading\">Ch\u1ecdn ph\u00f2ng, ch\u1ecdn m\u1ee9c c\u01b0\u1ee3c th\u1ebf n\u00e0o cho h\u1ee3p l\u00fd<\/h3>\n\n\n\n<p>Khi \u0111\u0103ng nh\u1eadp v\u00e0o h\u1ec7 th\u1ed1ng FFok, b\u1ea1n s\u1ebd \u0111\u01b0\u1ee3c \u0111\u01b0a \u0111\u1ebfn c\u00e1c ph\u00f2ng ch\u01a1i kh\u00e1c nhau, t\u00f9y thu\u1ed9c v\u00e0o m\u1ee9c c\u01b0\u1ee3c m\u00e0 b\u1ea1n mu\u1ed1n \u0111\u1eb7t. Vi\u1ec7c ch\u1ecdn ph\u00f2ng ch\u01a1i l\u00e0 r\u1ea5t quan tr\u1ecdng, v\u00ec n\u00f3 s\u1ebd \u1ea3nh h\u01b0\u1edfng \u0111\u1ebfn kh\u1ea3 n\u0103ng th\u1eafng c\u1ee7a b\u1ea1n.<\/p>\n\n\n\n<p>N\u1ebfu b\u1ea1n l\u00e0 ng\u01b0\u1eddi m\u1edbi, h\u00e3y b\u1eaft \u0111\u1ea7u v\u1edbi nh\u1eefng ph\u00f2ng c\u00f3 m\u1ee9c c\u01b0\u1ee3c th\u1ea5p. \u0110i\u1ec1u n\u00e0y kh\u00f4ng ch\u1ec9 gi\u00fap b\u1ea1n d\u1ea7n l\u00e0m quen v\u1edbi c\u00e1ch ch\u01a1i m\u00e0 c\u00f2n h\u1ea1n ch\u1ebf r\u1ee7i ro cho t\u00fai ti\u1ec1n c\u1ee7a b\u1ea1n. Khi \u0111\u00e3 t\u1ef1 tin h\u01a1n, b\u1ea1n c\u00f3 th\u1ec3 th\u1eed s\u1ee9c \u1edf nh\u1eefng ph\u00f2ng c\u01b0\u1ee3c cao h\u01a1n \u0111\u1ec3 t\u0103ng c\u01a1 h\u1ed9i nh\u1eadn th\u01b0\u1edfng l\u1edbn.<\/p>\n\n\n\n<h3 class=\"wp-block-heading\">Gi\u1ea3i th\u00edch c\u00e1ch quay v\u00e0 nh\u1eadn th\u01b0\u1edfng khi n\u1ed5 h\u0169<\/h3>\n\n\n\n<p>C\u00e1ch ch\u01a1i n\u1ed5 h\u0169 t\u1ea1i FFok r\u1ea5t \u0111\u01a1n gi\u1ea3n. B\u1ea1n ch\u1ec9 c\u1ea7n ch\u1ecdn s\u1ed1 ti\u1ec1n c\u01b0\u1ee3c, sau \u0111\u00f3 nh\u1ea5n n\u00fat quay. H\u1ec7 th\u1ed1ng s\u1ebd t\u1ef1 \u0111\u1ed9ng quay v\u00f2ng v\u00e0 tr\u1ea3 v\u1ec1 k\u1ebft qu\u1ea3 d\u1ef1a tr\u00ean t\u1ed5 h\u1ee3p bi\u1ec3u t\u01b0\u1ee3ng xu\u1ea5t hi\u1ec7n tr\u00ean m\u00e0n h\u00ecnh. N\u1ebfu b\u1ea1n nh\u1eadn \u0111\u01b0\u1ee3c t\u1ed5 h\u1ee3p nh\u1ea5t \u0111\u1ecbnh, h\u0169 s\u1ebd &#8220;n\u1ed5&#8221; v\u00e0 b\u1ea1n s\u1ebd nh\u1eadn \u0111\u01b0\u1ee3c ph\u1ea7n th\u01b0\u1edfng t\u01b0\u01a1ng \u1ee9ng.<\/p>\n\n\n\n<p>\u0110i\u1ec1u th\u00fa v\u1ecb \u1edf \u0111\u00e2y l\u00e0 t\u1ef7 l\u1ec7 n\u1ed5 h\u0169 kh\u00f4ng c\u1ed1 \u0111\u1ecbnh, v\u00e0 m\u1ed7i tr\u00f2 ch\u01a1i \u0111\u1ec1u c\u00f3 c\u00e1ch t\u00ednh \u0111i\u1ec3m kh\u00e1c nhau. Do \u0111\u00f3, hi\u1ec3u r\u00f5 c\u00e1ch ho\u1ea1t \u0111\u1ed9ng c\u1ee7a t\u1eebng tr\u00f2 ch\u01a1i s\u1ebd gi\u00fap b\u1ea1n d\u1ec5 d\u00e0ng gi\u00e0nh chi\u1ebfn th\u1eafng h\u01a1n.<\/p>\n\n\n\n<h2 class=\"wp-block-heading\"><span class=\"ez-toc-section\" id=\"Bi_kip_giup_tang_co_hoi_no_hu_tai_FFok\"><\/span>B\u00ed k\u00edp gi\u00fap t\u0103ng c\u01a1 h\u1ed9i n\u1ed5 h\u0169 t\u1ea1i FFok<span class=\"ez-toc-section-end\"><\/span><\/h2>\n\n\n\n<p>Tr\u00f2 ch\u01a1i n\u1ed5 h\u0169 kh\u00f4ng ch\u1ec9 d\u1ef1a v\u00e0o may m\u1eafn m\u00e0 c\u00f2n c\u00f3 nh\u1eefng chi\u1ebfn l\u01b0\u1ee3c ri\u00eang gi\u00fap ng\u01b0\u1eddi ch\u01a1i t\u0103ng c\u01a1 h\u1ed9i chi\u1ebfn th\u1eafng. D\u01b0\u1edbi \u0111\u00e2y l\u00e0 m\u1ed9t v\u00e0i m\u1eb9o m\u00e0 b\u1ea1n c\u00f3 th\u1ec3 \u00e1p d\u1ee5ng.<\/p>\n\n\n\n<h3 class=\"wp-block-heading\">N\u00ean ch\u01a1i khung gi\u1edd n\u00e0o \u0111\u1ec3 d\u1ec5 n\u1ed5 h\u01a1n?<\/h3>\n\n\n\n<p>Khung gi\u1edd m\u00e0 b\u1ea1n l\u1ef1a ch\u1ecdn \u0111\u1ec3 ch\u01a1i c\u0169ng c\u00f3 th\u1ec3 \u1ea3nh h\u01b0\u1edfng \u0111\u1ebfn kh\u1ea3 n\u0103ng n\u1ed5 h\u0169. Theo kinh nghi\u1ec7m c\u1ee7a nhi\u1ec1u game th\u1ee7, nh\u1eefng khung gi\u1edd \u00edt ng\u01b0\u1eddi ch\u01a1i, ch\u1eb3ng h\u1ea1n nh\u01b0 ban \u0111\u00eam ho\u1eb7c gi\u1eefa tr\u01b0a, th\u01b0\u1eddng c\u00f3 x\u00e1c su\u1ea5t n\u1ed5 h\u0169 cao h\u01a1n. B\u1edfi l\u1ebd, khi c\u00f3 \u00edt ng\u01b0\u1eddi tham gia, c\u01a1 h\u1ed9i nh\u1eadn \u0111\u01b0\u1ee3c ph\u1ea7n th\u01b0\u1edfng l\u1edbn s\u1ebd cao h\u01a1n.<\/p>\n\n\n\n<p>Ngo\u00e0i ra, m\u1ed9t s\u1ed1 game th\u1ee7 c\u00f2n chia s\u1ebb r\u1eb1ng vi\u1ec7c theo d\u00f5i th\u1eddi gian m\u00e0 m\u1ed9t h\u0169 \u0111\u00e3 kh\u00f4ng n\u1ed5 c\u0169ng c\u00f3 th\u1ec3 gi\u00fap b\u1ea1n \u0111\u01b0a ra quy\u1ebft \u0111\u1ecbnh \u0111\u00fang \u0111\u1eafn v\u1ec1 th\u1eddi \u0111i\u1ec3m quay ti\u1ebfp theo. N\u1ebfu m\u1ed9t h\u0169 \u0111\u00e3 l\u00e2u kh\u00f4ng n\u1ed5, kh\u1ea3 n\u0103ng n\u00f3 s\u1ebd n\u1ed5 trong l\u01b0\u1ee3t ch\u01a1i ti\u1ebfp theo l\u00e0 kh\u00e1 cao.<\/p>\n\n\n\n<h3 class=\"wp-block-heading\">M\u1eb9o gi\u1eef v\u1ed1n v\u00e0 \u201ccanh\u201d l\u00fac h\u0169 s\u1eafp n\u1ed5<\/h3>\n\n\n\n<p>Gi\u1eef v\u1ed1n l\u00e0 m\u1ed9t trong nh\u1eefng y\u1ebfu t\u1ed1 quan tr\u1ecdng gi\u00fap b\u1ea1n c\u00f3 th\u1ec3 ch\u01a1i l\u00e2u d\u00e0i m\u00e0 kh\u00f4ng b\u1ecb m\u1ea5t tr\u1eafng. H\u00e3y l\u1eadp m\u1ed9t ng\u00e2n s\u00e1ch c\u1ee5 th\u1ec3 tr\u01b0\u1edbc khi b\u1eaft \u0111\u1ea7u ch\u01a1i, v\u00e0 tu\u00e2n th\u1ee7 nghi\u00eam ng\u1eb7t ng\u00e2n s\u00e1ch \u0111\u00f3. \u0110\u1eebng \u0111\u1ec3 nh\u1eefng c\u01a1n say khi th\u1eafng khi\u1ebfn b\u1ea1n qu\u00ean \u0111i m\u1ee5c ti\u00eau t\u00e0i ch\u00ednh c\u1ee7a m\u00ecnh.<\/p>\n\n\n\n<p>M\u1ed7i khi b\u1ea1n g\u1ea7n \u0111\u1ea1t \u0111\u1ebfn gi\u1edbi h\u1ea1n ng\u00e2n s\u00e1ch c\u1ee7a m\u00ecnh nh\u01b0ng v\u1eabn ch\u01b0a &#8220;n\u1ed5&#8221;, h\u00e3y c\u00e2n nh\u1eafc d\u1eebng l\u1ea1i v\u00e0 quay l\u1ea1i v\u00e0o m\u1ed9t ng\u00e0y kh\u00e1c. Vi\u1ec7c &#8220;canh&#8221; th\u1eddi \u0111i\u1ec3m h\u0169 s\u1eafp n\u1ed5 c\u0169ng l\u00e0 \u0111i\u1ec1u c\u1ea7n thi\u1ebft. Tuy nhi\u00ean, b\u1ea1n c\u0169ng c\u1ea7n ph\u1ea3i th\u1eadt ki\u00ean nh\u1eabn v\u00e0 kh\u00f4ng ch\u01a1i theo c\u1ea3m x\u00fac b\u1ed1c \u0111\u1ed3ng.<\/p>\n\n\n\n<h2 class=\"wp-block-heading\"><span class=\"ez-toc-section\" id=\"Ket_luan\"><\/span>K\u1ebft lu\u1eadn<span class=\"ez-toc-section-end\"><\/span><\/h2>\n\n\n\n<p>N\u1ed5 h\u0169 FFok kh\u00f4ng ch\u1ec9 l\u00e0 m\u1ed9t tr\u00f2 ch\u01a1i gi\u1ea3i tr\u00ed \u0111\u01a1n thu\u1ea7n m\u00e0 c\u00f2n l\u00e0 m\u1ed9t c\u01a1 h\u1ed9i \u0111\u1ec3 ng\u01b0\u1eddi ch\u01a1i tr\u1ea3i nghi\u1ec7m nh\u1eefng gi\u00e2y ph\u00fat th\u01b0 gi\u00e3n v\u00e0 c\u00f3 th\u1ec3 gia t\u0103ng t\u00e0i s\u1ea3n c\u00e1 nh\u00e2n. V\u1edbi \u0111\u1ed3 h\u1ecda \u0111\u1eb9p m\u1eaft, \u00e2m thanh s\u1ed1ng \u0111\u1ed9ng v\u00e0 c\u00e1c ph\u1ea7n th\u01b0\u1edfng h\u1ea5p d\u1eabn, \u0111\u00e2y ch\u1eafc ch\u1eafn l\u00e0 m\u1ed9t s\u00e2n ch\u01a1i m\u00e0 b\u1ea1n kh\u00f4ng n\u00ean b\u1ecf l\u1ee1.<\/p>\n\n\n","protected":false},"excerpt":{"rendered":"<p>N\u1ed5 H\u0169 FFok \u2013 Ch\u01a1i l\u00e0 ghi\u1ec1n, n\u1ed5 l\u00e0 gi\u00e0u! N\u1ed5 h\u0169 FFok \u0111ang tr\u1edf th\u00e0nh m\u1ed9t tr\u00f2 ch\u01a1i h\u1ea5p d\u1eabn trong c\u1ed9ng \u0111\u1ed3ng game th\u1ee7 Vi\u1ec7t Nam. V\u1edbi s\u1ef1 k\u1ebft h\u1ee3p ho\u00e0n h\u1ea3o gi\u1eefa \u0111\u1ed3 h\u1ecda \u0111\u1eb9p m\u1eaft v\u00e0 c\u00e1c ph\u1ea7n th\u01b0\u1edfng th\u00fa v\u1ecb, \u0111\u00e2y l\u00e0 n\u01a1i m\u00e0 ng\u01b0\u1eddi ch\u01a1i kh\u00f4ng ch\u1ec9 t\u00ecm ki\u1ebfm [&#8230;]\n","protected":false},"author":1,"featured_media":156,"parent":0,"menu_order":0,"comment_status":"closed","ping_status":"closed","template":"","meta":{"footnotes":""},"class_list":["post-22","page","type-page","status-publish","has-post-thumbnail","hentry"],"_links":{"self":[{"href":"https:\/\/checkinhanoi.com\/index.php\/wp-json\/wp\/v2\/pages\/22","targetHints":{"allow":["GET"]}}],"collection":[{"href":"https:\/\/checkinhanoi.com\/index.php\/wp-json\/wp\/v2\/pages"}],"about":[{"href":"https:\/\/checkinhanoi.com\/index.php\/wp-json\/wp\/v2\/types\/page"}],"author":[{"embeddable":true,"href":"https:\/\/checkinhanoi.com\/index.php\/wp-json\/wp\/v2\/users\/1"}],"replies":[{"embeddable":true,"href":"https:\/\/checkinhanoi.com\/index.php\/wp-json\/wp\/v2\/comments?post=22"}],"version-history":[{"count":3,"href":"https:\/\/checkinhanoi.com\/index.php\/wp-json\/wp\/v2\/pages\/22\/revisions"}],"predecessor-version":[{"id":168,"href":"https:\/\/checkinhanoi.com\/index.php\/wp-json\/wp\/v2\/pages\/22\/revisions\/168"}],"wp:featuredmedia":[{"embeddable":true,"href":"https:\/\/checkinhanoi.com\/index.php\/wp-json\/wp\/v2\/media\/156"}],"wp:attachment":[{"href":"https:\/\/checkinhanoi.com\/index.php\/wp-json\/wp\/v2\/media?parent=22"}],"curies":[{"name":"wp","href":"https:\/\/api.w.org\/{rel}","templated":true}]}}