{"id":23,"date":"2025-04-05T05:07:43","date_gmt":"2025-04-05T05:07:43","guid":{"rendered":"https:\/\/checkinhanoi.com\/?page_id=23"},"modified":"2025-04-07T05:17:48","modified_gmt":"2025-04-07T05:17:48","slug":"luckywin-ffok","status":"publish","type":"page","link":"https:\/\/checkinhanoi.com\/index.php\/luckywin-ffok\/","title":{"rendered":"Luckywin FFok \u2013 V\u1eadn may g\u00f5 c\u1eeda, th\u01b0\u1edfng v\u1ec1 ng\u1eadp v\u00ed!"},"content":{"rendered":"\n<h1 class=\"wp-block-heading\"><span class=\"ez-toc-section\" id=\"Luckywin_FFok_%E2%80%93_Van_may_go_cua_thuong_ve_ngap_vi\"><\/span>Luckywin FFok \u2013 V\u1eadn may g\u00f5 c\u1eeda, th\u01b0\u1edfng v\u1ec1 ng\u1eadp v\u00ed!<span class=\"ez-toc-section-end\"><\/span><\/h1>\n\n\n\n<figure class=\"wp-block-image aligncenter size-full\"><img loading=\"lazy\" decoding=\"async\" width=\"800\" height=\"450\" src=\"https:\/\/checkinhanoi.com\/wp-content\/uploads\/2025\/04\/luckwin.jpg\" alt=\"Luckywin FFok \u2013 V\u1eadn may g\u00f5 c\u1eeda, th\u01b0\u1edfng v\u1ec1 ng\u1eadp v\u00ed!\" class=\"wp-image-159\" srcset=\"https:\/\/checkinhanoi.com\/wp-content\/uploads\/2025\/04\/luckwin.jpg 800w, https:\/\/checkinhanoi.com\/wp-content\/uploads\/2025\/04\/luckwin-300x169.jpg 300w, https:\/\/checkinhanoi.com\/wp-content\/uploads\/2025\/04\/luckwin-768x432.jpg 768w\" sizes=\"auto, (max-width: 800px) 100vw, 800px\" \/><figcaption class=\"wp-element-caption\">Luckywin FFok \u2013 V\u1eadn may g\u00f5 c\u1eeda, th\u01b0\u1edfng v\u1ec1 ng\u1eadp v\u00ed!<\/figcaption><\/figure>\n\n\n\n<p><a href=\"https:\/\/checkinhanoi.com\/index.php\/luckywin-ffok\/\"><strong>Luckywin FFok<\/strong><\/a> l\u00e0 m\u1ed9t trong nh\u1eefng tr\u00f2 ch\u01a1i n\u00f3ng h\u1ed5i tr\u00ean th\u1ecb tr\u01b0\u1eddng hi\u1ec7n nay. \u0110\u00e2y kh\u00f4ng ch\u1ec9 l\u00e0 m\u1ed9t tr\u00f2 ch\u01a1i gi\u1ea3i tr\u00ed m\u00e0 c\u00f2n mang l\u1ea1i cho ng\u01b0\u1eddi ch\u01a1i c\u01a1 h\u1ed9i ki\u1ebfm ti\u1ec1n th\u1eadt t\u1eeb nh\u1eefng ph\u00fat gi\u00e2y th\u01b0 gi\u00e3n. Tr\u00f2 ch\u01a1i n\u00e0y \u0111ang thu h\u00fat s\u1ef1 quan t\u00e2m c\u1ee7a \u0111\u00f4ng \u0111\u1ea3o c\u1ed9ng \u0111\u1ed3ng game th\u1ee7 v\u00e0 c\u1ea3 nh\u1eefng ng\u01b0\u1eddi m\u1edbi tham gia, nh\u1edd v\u00e0o s\u1ef1 h\u1ea5p d\u1eabn v\u00e0 th\u00fa v\u1ecb m\u00e0 n\u00f3 mang l\u1ea1i.<\/p><div id=\"ez-toc-container\" class=\"ez-toc-v2_0_82_2 ez-toc-wrap-center counter-hierarchy ez-toc-counter ez-toc-grey ez-toc-container-direction\">\n<div class=\"ez-toc-title-container\">\n<p class=\"ez-toc-title\" style=\"cursor:inherit\">T\u00f3m t\u1eaft<\/p>\n<span class=\"ez-toc-title-toggle\"><a href=\"#\" class=\"ez-toc-pull-right ez-toc-btn ez-toc-btn-xs ez-toc-btn-default ez-toc-toggle\" aria-label=\"Toggle Table of Content\"><span class=\"ez-toc-js-icon-con\"><span class=\"\"><span class=\"eztoc-hide\" style=\"display:none;\">Toggle<\/span><span class=\"ez-toc-icon-toggle-span\"><svg style=\"fill: #999;color:#999\" xmlns=\"http:\/\/www.w3.org\/2000\/svg\" class=\"list-377408\" width=\"20px\" height=\"20px\" viewBox=\"0 0 24 24\" fill=\"none\"><path d=\"M6 6H4v2h2V6zm14 0H8v2h12V6zM4 11h2v2H4v-2zm16 0H8v2h12v-2zM4 16h2v2H4v-2zm16 0H8v2h12v-2z\" fill=\"currentColor\"><\/path><\/svg><svg style=\"fill: #999;color:#999\" class=\"arrow-unsorted-368013\" xmlns=\"http:\/\/www.w3.org\/2000\/svg\" width=\"10px\" height=\"10px\" viewBox=\"0 0 24 24\" version=\"1.2\" baseProfile=\"tiny\"><path d=\"M18.2 9.3l-6.2-6.3-6.2 6.3c-.2.2-.3.4-.3.7s.1.5.3.7c.2.2.4.3.7.3h11c.3 0 .5-.1.7-.3.2-.2.3-.5.3-.7s-.1-.5-.3-.7zM5.8 14.7l6.2 6.3 6.2-6.3c.2-.2.3-.5.3-.7s-.1-.5-.3-.7c-.2-.2-.4-.3-.7-.3h-11c-.3 0-.5.1-.7.3-.2.2-.3.5-.3.7s.1.5.3.7z\"\/><\/svg><\/span><\/span><\/span><\/a><\/span><\/div>\n<nav><ul class='ez-toc-list ez-toc-list-level-1 ' ><li class='ez-toc-page-1 ez-toc-heading-level-1'><a class=\"ez-toc-link ez-toc-heading-1\" href=\"https:\/\/checkinhanoi.com\/index.php\/luckywin-ffok\/#Luckywin_FFok_%E2%80%93_Van_may_go_cua_thuong_ve_ngap_vi\" >Luckywin FFok \u2013 V\u1eadn may g\u00f5 c\u1eeda, th\u01b0\u1edfng v\u1ec1 ng\u1eadp v\u00ed!<\/a><ul class='ez-toc-list-level-2' ><li class='ez-toc-heading-level-2'><a class=\"ez-toc-link ez-toc-heading-2\" href=\"https:\/\/checkinhanoi.com\/index.php\/luckywin-ffok\/#Luckywin_la_gi_va_choi_nhu_the_nao\" >Luckywin l\u00e0 g\u00ec v\u00e0 ch\u01a1i nh\u01b0 th\u1ebf n\u00e0o?<\/a><\/li><li class='ez-toc-page-1 ez-toc-heading-level-2'><a class=\"ez-toc-link ez-toc-heading-3\" href=\"https:\/\/checkinhanoi.com\/index.php\/luckywin-ffok\/#Vi_sao_Luckywin_FFok_hut_nguoi_choi\" >V\u00ec sao Luckywin FFok h\u00fat ng\u01b0\u1eddi ch\u01a1i?<\/a><\/li><li class='ez-toc-page-1 ez-toc-heading-level-2'><a class=\"ez-toc-link ez-toc-heading-4\" href=\"https:\/\/checkinhanoi.com\/index.php\/luckywin-ffok\/#Cach_choi_Luckywin_de_thang_cho_nguoi_moi\" >C\u00e1ch ch\u01a1i Luckywin d\u1ec5 th\u1eafng cho ng\u01b0\u1eddi m\u1edbi<\/a><\/li><li class='ez-toc-page-1 ez-toc-heading-level-2'><a class=\"ez-toc-link ez-toc-heading-5\" href=\"https:\/\/checkinhanoi.com\/index.php\/luckywin-ffok\/#Ket_luan\" >K\u1ebft lu\u1eadn<\/a><\/li><\/ul><\/li><\/ul><\/nav><\/div>\n\n\n\n\n<h2 class=\"wp-block-heading\"><span class=\"ez-toc-section\" id=\"Luckywin_la_gi_va_choi_nhu_the_nao\"><\/span>Luckywin l\u00e0 g\u00ec v\u00e0 ch\u01a1i nh\u01b0 th\u1ebf n\u00e0o?<span class=\"ez-toc-section-end\"><\/span><\/h2>\n\n\n\n<p>Tr\u01b0\u1edbc khi \u0111i s\u00e2u v\u00e0o chi ti\u1ebft, ch\u00fang ta h\u00e3y c\u00f9ng t\u00ecm hi\u1ec3u xem Luckywin th\u1ef1c ch\u1ea5t l\u00e0 g\u00ec. \u0110\u00e2y l\u00e0 m\u1ed9t tr\u00f2 ch\u01a1i may m\u1eafn, n\u01a1i ng\u01b0\u1eddi ch\u01a1i c\u00f3 th\u1ec3 tr\u1ea3i nghi\u1ec7m c\u1ea3m gi\u00e1c h\u1ed3i h\u1ed9p v\u00e0 ph\u1ea5n kh\u00edch khi d\u1ef1 \u0111o\u00e1n k\u1ebft qu\u1ea3 c\u1ee7a c\u00e1c v\u00f2ng ch\u01a1i. V\u1edbi nhi\u1ec1u lo\u1ea1i h\u00ecnh tr\u00f2 ch\u01a1i phong ph\u00fa, ng\u01b0\u1eddi ch\u01a1i c\u00f3 th\u1ec3 ch\u1ecdn l\u1ecdc theo s\u1edf th\u00edch c\u00e1 nh\u00e2n c\u1ee7a m\u00ecnh.<\/p>\n\n\n\n<h3 class=\"wp-block-heading\">Gi\u1edbi thi\u1ec7u c\u01a1 b\u1ea3n v\u1ec1 tr\u00f2 ch\u01a1i may m\u1eafn Luckywin<\/h3>\n\n\n\n<p>Luckywin l\u00e0 m\u1ed9t n\u1ec1n t\u1ea3ng tr\u00f2 ch\u01a1i tr\u1ef1c tuy\u1ebfn k\u1ebft h\u1ee3p gi\u1eefa y\u1ebfu t\u1ed1 may r\u1ee7i v\u00e0 k\u1ef9 n\u0103ng. Tr\u00f2 ch\u01a1i \u0111\u01b0\u1ee3c thi\u1ebft k\u1ebf v\u1edbi giao di\u1ec7n sinh \u0111\u1ed9ng, d\u1ec5 s\u1eed d\u1ee5ng gi\u00fap ng\u01b0\u1eddi ch\u01a1i nhanh ch\u00f3ng l\u00e0m quen v\u00e0 tham gia. \u0110\u1eb7c bi\u1ec7t, Luckywin cung c\u1ea5p nhi\u1ec1u th\u1ec3 lo\u1ea1i tr\u00f2 ch\u01a1i kh\u00e1c nhau nh\u01b0 x\u1ed5 s\u1ed1, quay s\u1ed1, v\u00e0 c\u00e1c tr\u00f2 ch\u01a1i mini h\u1ea5p d\u1eabn kh\u00e1c.<\/p>\n\n\n\n<p>Ng\u01b0\u1eddi ch\u01a1i kh\u00f4ng ch\u1ec9 \u0111\u01a1n thu\u1ea7n tham gia \u0111\u1ec3 gi\u1ea3i tr\u00ed m\u00e0 c\u00f2n c\u00f3 kh\u1ea3 n\u0103ng nh\u1eadn \u0111\u01b0\u1ee3c nh\u1eefng ph\u1ea7n th\u01b0\u1edfng gi\u00e1 tr\u1ecb l\u1edbn. \u0110i\u1ec1u n\u00e0y khi\u1ebfn cho Luckywin tr\u1edf th\u00e0nh m\u1ed9t \u0111\u1ecba \u0111i\u1ec3m l\u00fd t\u01b0\u1edfng cho nh\u1eefng ai y\u00eau th\u00edch m\u1ea1o hi\u1ec3m v\u00e0 ki\u1ebfm ti\u1ec1n online.<\/p>\n\n\n\n<h3 class=\"wp-block-heading\">C\u00e1ch tham gia c\u1ef1c d\u1ec5 ch\u1ec9 trong v\u00e0i b\u01b0\u1edbc<\/h3>\n\n\n\n<p>\u0110\u1ec3 tham gia Luckywin, ng\u01b0\u1eddi ch\u01a1i ch\u1ec9 c\u1ea7n l\u00e0m theo m\u1ed9t v\u00e0i b\u01b0\u1edbc \u0111\u01a1n gi\u1ea3n:<\/p>\n\n\n\n<ul class=\"wp-block-list\">\n<li><strong>B\u01b0\u1edbc 1:<\/strong>&nbsp;T\u1ea1o t\u00e0i kho\u1ea3n tr\u00ean trang web ho\u1eb7c \u1ee9ng d\u1ee5ng Luckywin. B\u1ea1n c\u1ea7n cung c\u1ea5p email v\u00e0 m\u1ed9t s\u1ed1 th\u00f4ng tin c\u00e1 nh\u00e2n c\u01a1 b\u1ea3n \u0111\u1ec3 ho\u00e0n t\u1ea5t qu\u00e1 tr\u00ecnh \u0111\u0103ng k\u00fd.<\/li>\n\n\n\n<li><strong>B\u01b0\u1edbc 2:<\/strong>&nbsp;N\u1ea1p ti\u1ec1n v\u00e0o t\u00e0i kho\u1ea3n nh\u1eb1m c\u00f3 v\u1ed1n cho vi\u1ec7c c\u01b0\u1ee3c. Luckywin h\u1ed7 tr\u1ee3 nhi\u1ec1u ph\u01b0\u01a1ng th\u1ee9c n\u1ea1p ti\u1ec1n linh ho\u1ea1t, t\u1eeb chuy\u1ec3n kho\u1ea3n ng\u00e2n h\u00e0ng \u0111\u1ebfn v\u00ed \u0111i\u1ec7n t\u1eed.<\/li>\n\n\n\n<li><strong>B\u01b0\u1edbc 3:<\/strong>&nbsp;L\u1ef1a ch\u1ecdn tr\u00f2 ch\u01a1i m\u00e0 b\u1ea1n mu\u1ed1n tham gia. C\u00f3 r\u1ea5t nhi\u1ec1u l\u1ef1a ch\u1ecdn t\u1eeb x\u1ed5 s\u1ed1, quay s\u1ed1 cho \u0111\u1ebfn c\u00e1c tr\u00f2 ch\u01a1i mini kh\u00e1c nhau.<\/li>\n\n\n\n<li><strong>B\u01b0\u1edbc 4:<\/strong>&nbsp;Tham gia ch\u01a1i v\u00e0 b\u1eaft \u0111\u1ea7u tr\u1ea3i nghi\u1ec7m v\u1eadn may c\u1ee7a m\u00ecnh. H\u00e3y nh\u1edb theo d\u00f5i k\u1ebft qu\u1ea3 v\u00e0 qu\u1ea3n l\u00fd v\u1ed1n c\u01b0\u1ee3c c\u1ee7a b\u1ea1n m\u1ed9t c\u00e1ch h\u1ee3p l\u00fd.<\/li>\n<\/ul>\n\n\n\n<p>M\u1ed9t \u0111i\u1ec3m \u0111\u1eb7c bi\u1ec7t n\u1eefa m\u00e0 Luckywin mang l\u1ea1i ch\u00ednh l\u00e0 t\u00ednh n\u0103ng khuy\u1ebfn m\u00e3i h\u1ea5p d\u1eabn cho ng\u01b0\u1eddi ch\u01a1i m\u1edbi, t\u1ea1o c\u01a1 h\u1ed9i th\u1eed nghi\u1ec7m tr\u01b0\u1edbc khi \u0111\u1ea7u t\u01b0 l\u1edbn.<\/p>\n\n\n\n<h2 class=\"wp-block-heading\"><span class=\"ez-toc-section\" id=\"Vi_sao_Luckywin_FFok_hut_nguoi_choi\"><\/span>V\u00ec sao Luckywin FFok h\u00fat ng\u01b0\u1eddi ch\u01a1i?<span class=\"ez-toc-section-end\"><\/span><\/h2>\n\n\n\n<p>C\u00f3 r\u1ea5t nhi\u1ec1u l\u00fd do \u0111\u1ec3 gi\u1ea3i th\u00edch t\u1ea1i sao Luckywin <a href=\"https:\/\/checkinhanoi.com\/\"><strong>FFok<\/strong><\/a> l\u1ea1i thu h\u00fat \u0111\u01b0\u1ee3c \u0111\u00f4ng \u0111\u1ea3o ng\u01b0\u1eddi ch\u01a1i \u0111\u1ebfn v\u1eady. Kh\u00f4ng ch\u1ec9 \u0111\u01a1n thu\u1ea7n l\u00e0 tr\u00f2 ch\u01a1i, Luckywin mang \u0111\u1ebfn cho ng\u01b0\u1eddi ch\u01a1i nh\u1eefng tr\u1ea3i nghi\u1ec7m \u0111\u1ed9c \u0111\u00e1o v\u00e0 \u0111\u00e1ng nh\u1edb.<\/p>\n\n\n\n<h3 class=\"wp-block-heading\">Gi\u1ea3i th\u01b0\u1edfng to, giao di\u1ec7n c\u1ef1c vui nh\u1ed9n<\/h3>\n\n\n\n<p>M\u1ed9t trong nh\u1eefng y\u1ebfu t\u1ed1 quan tr\u1ecdng nh\u1ea5t khi\u1ebfn Luckywin thu h\u00fat \u0111\u01b0\u1ee3c ng\u01b0\u1eddi ch\u01a1i ch\u00ednh l\u00e0 gi\u00e1 tr\u1ecb gi\u1ea3i th\u01b0\u1edfng m\u00e0 n\u00f3 mang l\u1ea1i. C\u00e1c gi\u1ea3i th\u01b0\u1edfng kh\u00f4ng ch\u1ec9 \u0111a d\u1ea1ng m\u00e0 c\u00f2n r\u1ea5t l\u1edbn, t\u1ea1o \u0111\u1ed9ng l\u1ef1c cho nhi\u1ec1u ng\u01b0\u1eddi tham gia mong mu\u1ed1n \u0111\u1ed5i \u0111\u1eddi ch\u1ec9 sau m\u1ed9t \u0111\u00eam.<\/p>\n\n\n\n<p>Giao di\u1ec7n c\u1ee7a Luckywin c\u0169ng l\u00e0 m\u1ed9t \u0111i\u1ec3m c\u1ed9ng l\u1edbn. V\u1edbi m\u00e0u s\u1eafc t\u01b0\u01a1i s\u00e1ng, h\u00ecnh \u1ea3nh sinh \u0111\u1ed9ng v\u00e0 \u00e2m thanh h\u1ea5p d\u1eabn, tr\u00f2 ch\u01a1i t\u1ea1o ra m\u1ed9t b\u1ea7u kh\u00f4ng kh\u00ed vui v\u1ebb v\u00e0 th\u00fa v\u1ecb. Ng\u01b0\u1eddi ch\u01a1i s\u1ebd lu\u00f4n c\u1ea3m th\u1ea5y h\u1ee9ng th\u00fa khi tham gia v\u00e0o c\u00e1c tr\u00f2 ch\u01a1i v\u00e0 kh\u00f4ng mu\u1ed1n r\u1eddi m\u1eaft kh\u1ecfi m\u00e0n h\u00ecnh.<\/p>\n\n\n\n<h3 class=\"wp-block-heading\">H\u1ec7 th\u1ed1ng tr\u00f2 ch\u01a1i \u0111\u1ed5i m\u1edbi li\u00ean t\u1ee5c<\/h3>\n\n\n\n<p>M\u1ed9t \u0111i\u1ec3m m\u1ea1nh kh\u00e1c c\u1ee7a Luckywin l\u00e0 s\u1ef1 \u0111\u1ed5i m\u1edbi li\u00ean t\u1ee5c trong h\u1ec7 th\u1ed1ng tr\u00f2 ch\u01a1i. M\u1ed7i th\u00e1ng, tr\u00f2 ch\u01a1i c\u1eadp nh\u1eadt th\u00eam nhi\u1ec1u lo\u1ea1i h\u00ecnh m\u1edbi, t\u1eeb \u0111\u00f3 gi\u1eef ch\u00e2n ng\u01b0\u1eddi ch\u01a1i l\u00e2u d\u00e0i. Vi\u1ec7c th\u01b0\u1eddng xuy\u00ean thay \u0111\u1ed5i n\u1ed9i dung gi\u00fap cho ng\u01b0\u1eddi ch\u01a1i kh\u00f4ng b\u1ecb nh\u00e0m ch\u00e1n v\u00e0 lu\u00f4n t\u00ecm \u0111\u01b0\u1ee3c nh\u1eefng \u0111i\u1ec1u m\u1edbi m\u1ebb \u0111\u1ec3 kh\u00e1m ph\u00e1.<\/p>\n\n\n\n<p>H\u01a1n n\u1eefa, Luckywin c\u0169ng th\u01b0\u1eddng xuy\u00ean t\u1ed5 ch\u1ee9c c\u00e1c s\u1ef1 ki\u1ec7n l\u1edbn v\u1edbi nh\u1eefng gi\u1ea3i th\u01b0\u1edfng kh\u1ee7ng, t\u1ea1o c\u01a1 h\u1ed9i cho ng\u01b0\u1eddi ch\u01a1i c\u00f3 th\u1ec3 th\u1eed s\u1ee9c m\u00ecnh v\u00e0 c\u1ea1nh tranh v\u1edbi nh\u1eefng ng\u01b0\u1eddi kh\u00e1c. \u0110i\u1ec1u n\u00e0y kh\u00f4ng ch\u1ec9 mang l\u1ea1i s\u1ef1 k\u1ecbch t\u00ednh m\u00e0 c\u00f2n t\u1ea1o n\u00ean m\u1ed9t c\u1ed9ng \u0111\u1ed3ng \u0111\u00f4ng \u0111\u1ea3o v\u00e0 s\u00f4i n\u1ed5i.<\/p>\n\n\n\n<h2 class=\"wp-block-heading\"><span class=\"ez-toc-section\" id=\"Cach_choi_Luckywin_de_thang_cho_nguoi_moi\"><\/span>C\u00e1ch ch\u01a1i Luckywin d\u1ec5 th\u1eafng cho ng\u01b0\u1eddi m\u1edbi<span class=\"ez-toc-section-end\"><\/span><\/h2>\n\n\n\n<p>B\u1ea5t k\u1ef3 ai khi tham gia v\u00e0o Luckywin c\u0169ng \u0111\u1ec1u mong mu\u1ed1n c\u00f3 th\u1ec3 gi\u00e0nh chi\u1ebfn th\u1eafng. Tuy nhi\u00ean, \u0111\u1ec3 \u0111\u1ea1t \u0111\u01b0\u1ee3c \u0111i\u1ec1u \u0111\u00f3 kh\u00f4ng ph\u1ea3i l\u00fac n\u00e0o c\u0169ng d\u1ec5 d\u00e0ng. D\u01b0\u1edbi \u0111\u00e2y l\u00e0 m\u1ed9t s\u1ed1 m\u1eb9o h\u1eefu \u00edch gi\u00fap ng\u01b0\u1eddi m\u1edbi c\u00f3 th\u1ec3 t\u0103ng t\u1ef7 l\u1ec7 th\u1eafng c\u1ee7a m\u00ecnh.<\/p>\n\n\n\n<h3 class=\"wp-block-heading\">Chia nh\u1ecf v\u1ed1n c\u01b0\u1ee3c \u0111\u1ec3 ch\u01a1i l\u00e2u d\u00e0i<\/h3>\n\n\n\n<p>M\u1ed9t trong nh\u1eefng chi\u1ebfn l\u01b0\u1ee3c t\u1ed1t nh\u1ea5t khi ch\u01a1i Luckywin ch\u00ednh l\u00e0 chia nh\u1ecf v\u1ed1n c\u01b0\u1ee3c c\u1ee7a b\u1ea1n. Thay v\u00ec \u0111\u1eb7t to\u00e0n b\u1ed9 s\u1ed1 ti\u1ec1n v\u00e0o m\u1ed9t l\u1ea7n ch\u01a1i, b\u1ea1n c\u00f3 th\u1ec3 chia nh\u1ecf th\u00e0nh nhi\u1ec1u v\u00e1n kh\u00e1c nhau. \u0110i\u1ec1u n\u00e0y gi\u00fap b\u1ea1n k\u00e9o d\u00e0i th\u1eddi gian ch\u01a1i, t\u1eeb \u0111\u00f3 t\u0103ng c\u01a1 h\u1ed9i tr\u00fang th\u01b0\u1edfng.<\/p>\n\n\n\n<p>Ngo\u00e0i ra, vi\u1ec7c chia nh\u1ecf v\u1ed1n c\u0169ng gi\u00fap b\u1ea1n gi\u1ea3m thi\u1ec3u r\u1ee7i ro. N\u1ebfu m\u1ed9t l\u1ea7n c\u01b0\u1ee3c kh\u00f4ng th\u00e0nh c\u00f4ng, b\u1ea1n v\u1eabn c\u00f2n nhi\u1ec1u c\u01a1 h\u1ed9i kh\u00e1c \u0111\u1ec3 b\u00f9 \u0111\u1eafp. C\u00e1ch ch\u01a1i n\u00e0y kh\u00f4ng ch\u1ec9 gi\u00fap b\u1ea1n gi\u1eef \u0111\u01b0\u1ee3c t\u00e2m l\u00fd tho\u1ea3i m\u00e1i m\u00e0 c\u00f2n n\u00e2ng cao kh\u1ea3 n\u0103ng ph\u00e2n t\u00edch t\u00ecnh hu\u1ed1ng khi tham gia v\u00e0o tr\u00f2 ch\u01a1i.<\/p>\n\n\n\n<h3 class=\"wp-block-heading\">Bi\u1ebft d\u1eebng \u0111\u00fang l\u00fac \u0111\u1ec3 b\u1ea3o to\u00e0n l\u1ee3i nhu\u1eadn<\/h3>\n\n\n\n<p>Vi\u1ec7c bi\u1ebft d\u1eebng \u0111\u00fang l\u00fac l\u00e0 m\u1ed9t trong nh\u1eefng y\u1ebfu t\u1ed1 quan tr\u1ecdng gi\u00fap b\u1ea1n b\u1ea3o to\u00e0n l\u1ee3i nhu\u1eadn. Khi b\u1ea1n \u0111\u00e3 th\u1eafng m\u1ed9t s\u1ed1 ti\u1ec1n \u0111\u1ee7 l\u1edbn, h\u00e3y c\u00e2n nh\u1eafc vi\u1ec7c r\u00fat lui. \u0110\u1eebng \u0111\u1ec3 l\u00f2ng tham l\u1ea5n \u00e1t l\u00fd tr\u00ed, b\u1edfi v\u00ec tr\u00f2 ch\u01a1i may r\u1ee7i c\u00f3 th\u1ec3 b\u1ea5t ng\u1edd \u0111\u1ea3o chi\u1ec1u b\u1ea5t c\u1ee9 l\u00fac n\u00e0o.<\/p>\n\n\n\n<p>\u0110\u1eb7t ra cho m\u00ecnh m\u1ed9t gi\u1edbi h\u1ea1n v\u1ec1 s\u1ed1 ti\u1ec1n thua t\u1ed1i \u0111a m\u00e0 b\u1ea1n c\u00f3 th\u1ec3 ch\u1ea5p nh\u1eadn m\u1ea5t v\u00e0 tu\u00e2n th\u1ee7 n\u00f3. \u0110i\u1ec1u n\u00e0y s\u1ebd gi\u00fap b\u1ea1n ki\u1ec3m so\u00e1t t\u1ed1t h\u01a1n v\u00e0 tr\u00e1nh \u0111\u01b0\u1ee3c t\u00ecnh tr\u1ea1ng thua l\u1ed7 k\u00e9o d\u00e0i.<\/p>\n\n\n\n<h2 class=\"wp-block-heading\"><span class=\"ez-toc-section\" id=\"Ket_luan\"><\/span>K\u1ebft lu\u1eadn<span class=\"ez-toc-section-end\"><\/span><\/h2>\n\n\n\n<p>Luckywin FFok kh\u00f4ng ch\u1ec9 l\u00e0 m\u1ed9t tr\u00f2 ch\u01a1i \u0111\u01a1n thu\u1ea7n, m\u00e0 n\u00f3 c\u00f2n m\u1edf ra m\u1ed9t th\u1ebf gi\u1edbi th\u00fa v\u1ecb c\u1ee7a s\u1ef1 may m\u1eafn v\u00e0 c\u01a1 h\u1ed9i ki\u1ebfm ti\u1ec1n. V\u1edbi c\u00e1ch ch\u01a1i \u0111\u01a1n gi\u1ea3n v\u00e0 h\u1ea5p d\u1eabn, c\u00f9ng v\u1edbi nh\u1eefng gi\u1ea3i th\u01b0\u1edfng gi\u00e1 tr\u1ecb, Luckywin \u0111ang d\u1ea7n tr\u1edf th\u00e0nh m\u1ed9t trong nh\u1eefng tr\u00f2 ch\u01a1i \u0111\u01b0\u1ee3c \u01b0a chu\u1ed9ng nh\u1ea5t trong c\u1ed9ng \u0111\u1ed3ng game th\u1ee7 hi\u1ec7n nay.<\/p>\n\n\n","protected":false},"excerpt":{"rendered":"<p>Luckywin FFok \u2013 V\u1eadn may g\u00f5 c\u1eeda, th\u01b0\u1edfng v\u1ec1 ng\u1eadp v\u00ed! Luckywin FFok l\u00e0 m\u1ed9t trong nh\u1eefng tr\u00f2 ch\u01a1i n\u00f3ng h\u1ed5i tr\u00ean th\u1ecb tr\u01b0\u1eddng hi\u1ec7n nay. \u0110\u00e2y kh\u00f4ng ch\u1ec9 l\u00e0 m\u1ed9t tr\u00f2 ch\u01a1i gi\u1ea3i tr\u00ed m\u00e0 c\u00f2n mang l\u1ea1i cho ng\u01b0\u1eddi ch\u01a1i c\u01a1 h\u1ed9i ki\u1ebfm ti\u1ec1n th\u1eadt t\u1eeb nh\u1eefng ph\u00fat gi\u00e2y th\u01b0 gi\u00e3n. Tr\u00f2 ch\u01a1i [&#8230;]\n","protected":false},"author":1,"featured_media":159,"parent":0,"menu_order":0,"comment_status":"closed","ping_status":"closed","template":"","meta":{"footnotes":""},"class_list":["post-23","page","type-page","status-publish","has-post-thumbnail","hentry"],"_links":{"self":[{"href":"https:\/\/checkinhanoi.com\/index.php\/wp-json\/wp\/v2\/pages\/23","targetHints":{"allow":["GET"]}}],"collection":[{"href":"https:\/\/checkinhanoi.com\/index.php\/wp-json\/wp\/v2\/pages"}],"about":[{"href":"https:\/\/checkinhanoi.com\/index.php\/wp-json\/wp\/v2\/types\/page"}],"author":[{"embeddable":true,"href":"https:\/\/checkinhanoi.com\/index.php\/wp-json\/wp\/v2\/users\/1"}],"replies":[{"embeddable":true,"href":"https:\/\/checkinhanoi.com\/index.php\/wp-json\/wp\/v2\/comments?post=23"}],"version-history":[{"count":3,"href":"https:\/\/checkinhanoi.com\/index.php\/wp-json\/wp\/v2\/pages\/23\/revisions"}],"predecessor-version":[{"id":160,"href":"https:\/\/checkinhanoi.com\/index.php\/wp-json\/wp\/v2\/pages\/23\/revisions\/160"}],"wp:featuredmedia":[{"embeddable":true,"href":"https:\/\/checkinhanoi.com\/index.php\/wp-json\/wp\/v2\/media\/159"}],"wp:attachment":[{"href":"https:\/\/checkinhanoi.com\/index.php\/wp-json\/wp\/v2\/media?parent=23"}],"curies":[{"name":"wp","href":"https:\/\/api.w.org\/{rel}","templated":true}]}}