{"id":39,"date":"2025-04-05T05:22:46","date_gmt":"2025-04-05T05:22:46","guid":{"rendered":"https:\/\/checkinhanoi.com\/?page_id=39"},"modified":"2025-04-07T05:22:49","modified_gmt":"2025-04-07T05:22:49","slug":"khuyen-mai-ffok","status":"publish","type":"page","link":"https:\/\/checkinhanoi.com\/index.php\/khuyen-mai-ffok\/","title":{"rendered":"Khuy\u1ebfn M\u00e3i FFok \u2013 Nh\u1eadn th\u01b0\u1edfng li\u00ean tay, ch\u01a1i g\u00ec c\u0169ng l\u1eddi!"},"content":{"rendered":"\n<h1 class=\"wp-block-heading\"><span class=\"ez-toc-section\" id=\"Khuyen_Mai_FFok_%E2%80%93_Nhan_thuong_lien_tay_choi_gi_cung_loi\"><\/span>Khuy\u1ebfn M\u00e3i FFok \u2013 Nh\u1eadn th\u01b0\u1edfng li\u00ean tay, ch\u01a1i g\u00ec c\u0169ng l\u1eddi!<span class=\"ez-toc-section-end\"><\/span><\/h1>\n\n\n\n<figure class=\"wp-block-image aligncenter size-full\"><img loading=\"lazy\" decoding=\"async\" width=\"800\" height=\"450\" src=\"https:\/\/checkinhanoi.com\/wp-content\/uploads\/2025\/04\/km.jpg\" alt=\"Khuy\u1ebfn M\u00e3i FFok \u2013 Nh\u1eadn th\u01b0\u1edfng li\u00ean tay, ch\u01a1i g\u00ec c\u0169ng l\u1eddi!\" class=\"wp-image-171\" srcset=\"https:\/\/checkinhanoi.com\/wp-content\/uploads\/2025\/04\/km.jpg 800w, https:\/\/checkinhanoi.com\/wp-content\/uploads\/2025\/04\/km-300x169.jpg 300w, https:\/\/checkinhanoi.com\/wp-content\/uploads\/2025\/04\/km-768x432.jpg 768w\" sizes=\"auto, (max-width: 800px) 100vw, 800px\" \/><figcaption class=\"wp-element-caption\">Khuy\u1ebfn M\u00e3i FFok \u2013 Nh\u1eadn th\u01b0\u1edfng li\u00ean tay, ch\u01a1i g\u00ec c\u0169ng l\u1eddi!<\/figcaption><\/figure>\n\n\n\n<p><a href=\"https:\/\/checkinhanoi.com\/index.php\/khuyen-mai-ffok\/\"><strong>Khuy\u1ebfn m\u00e3i FFok<\/strong><\/a> \u0111ang l\u00e0 m\u1ed9t \u0111i\u1ec3m nh\u1ea5n n\u1ed5i b\u1eadt trong gi\u1edbi c\u00e1 c\u01b0\u1ee3c tr\u1ef1c tuy\u1ebfn hi\u1ec7n nay. V\u1edbi nhi\u1ec1u ch\u01b0\u01a1ng tr\u00ecnh khuy\u1ebfn m\u00e3i h\u1ea5p d\u1eabn, ng\u01b0\u1eddi ch\u01a1i kh\u00f4ng ch\u1ec9 c\u00f3 c\u01a1 h\u1ed9i nh\u1eadn th\u01b0\u1edfng l\u1edbn m\u00e0 c\u00f2n tr\u1ea3i nghi\u1ec7m nh\u1eefng gi\u00e2y ph\u00fat gi\u1ea3i tr\u00ed th\u00fa v\u1ecb. H\u00e3y c\u00f9ng kh\u00e1m ph\u00e1 s\u00e2u h\u01a1n v\u1ec1 c\u00e1c ch\u01b0\u01a1ng tr\u00ecnh khuy\u1ebfn m\u00e3i n\u00e0y nh\u00e9!<\/p><div id=\"ez-toc-container\" class=\"ez-toc-v2_0_82_2 ez-toc-wrap-center counter-hierarchy ez-toc-counter ez-toc-grey ez-toc-container-direction\">\n<div class=\"ez-toc-title-container\">\n<p class=\"ez-toc-title\" style=\"cursor:inherit\">T\u00f3m t\u1eaft<\/p>\n<span class=\"ez-toc-title-toggle\"><a href=\"#\" class=\"ez-toc-pull-right ez-toc-btn ez-toc-btn-xs ez-toc-btn-default ez-toc-toggle\" aria-label=\"Toggle Table of Content\"><span class=\"ez-toc-js-icon-con\"><span class=\"\"><span class=\"eztoc-hide\" style=\"display:none;\">Toggle<\/span><span class=\"ez-toc-icon-toggle-span\"><svg style=\"fill: #999;color:#999\" xmlns=\"http:\/\/www.w3.org\/2000\/svg\" class=\"list-377408\" width=\"20px\" height=\"20px\" viewBox=\"0 0 24 24\" fill=\"none\"><path d=\"M6 6H4v2h2V6zm14 0H8v2h12V6zM4 11h2v2H4v-2zm16 0H8v2h12v-2zM4 16h2v2H4v-2zm16 0H8v2h12v-2z\" fill=\"currentColor\"><\/path><\/svg><svg style=\"fill: #999;color:#999\" class=\"arrow-unsorted-368013\" xmlns=\"http:\/\/www.w3.org\/2000\/svg\" width=\"10px\" height=\"10px\" viewBox=\"0 0 24 24\" version=\"1.2\" baseProfile=\"tiny\"><path d=\"M18.2 9.3l-6.2-6.3-6.2 6.3c-.2.2-.3.4-.3.7s.1.5.3.7c.2.2.4.3.7.3h11c.3 0 .5-.1.7-.3.2-.2.3-.5.3-.7s-.1-.5-.3-.7zM5.8 14.7l6.2 6.3 6.2-6.3c.2-.2.3-.5.3-.7s-.1-.5-.3-.7c-.2-.2-.4-.3-.7-.3h-11c-.3 0-.5.1-.7.3-.2.2-.3.5-.3.7s.1.5.3.7z\"\/><\/svg><\/span><\/span><\/span><\/a><\/span><\/div>\n<nav><ul class='ez-toc-list ez-toc-list-level-1 ' ><li class='ez-toc-page-1 ez-toc-heading-level-1'><a class=\"ez-toc-link ez-toc-heading-1\" href=\"https:\/\/checkinhanoi.com\/index.php\/khuyen-mai-ffok\/#Khuyen_Mai_FFok_%E2%80%93_Nhan_thuong_lien_tay_choi_gi_cung_loi\" >Khuy\u1ebfn M\u00e3i FFok \u2013 Nh\u1eadn th\u01b0\u1edfng li\u00ean tay, ch\u01a1i g\u00ec c\u0169ng l\u1eddi!<\/a><ul class='ez-toc-list-level-2' ><li class='ez-toc-heading-level-2'><a class=\"ez-toc-link ez-toc-heading-2\" href=\"https:\/\/checkinhanoi.com\/index.php\/khuyen-mai-ffok\/#Cac_chuong_trinh_khuyen_mai_hot_tai_FFok\" >C\u00e1c ch\u01b0\u01a1ng tr\u00ecnh khuy\u1ebfn m\u00e3i hot t\u1ea1i FFok<\/a><\/li><li class='ez-toc-page-1 ez-toc-heading-level-2'><a class=\"ez-toc-link ez-toc-heading-3\" href=\"https:\/\/checkinhanoi.com\/index.php\/khuyen-mai-ffok\/#Cach_nhan_khuyen_mai_tai_FFok_nhanh_gon_le\" >C\u00e1ch nh\u1eadn khuy\u1ebfn m\u00e3i t\u1ea1i FFok nhanh g\u1ecdn l\u1eb9<\/a><\/li><li class='ez-toc-page-1 ez-toc-heading-level-2'><a class=\"ez-toc-link ez-toc-heading-4\" href=\"https:\/\/checkinhanoi.com\/index.php\/khuyen-mai-ffok\/#Luu_y_khi_tham_gia_khuyen_mai_tai_FFok\" >L\u01b0u \u00fd khi tham gia khuy\u1ebfn m\u00e3i t\u1ea1i FFok<\/a><\/li><li class='ez-toc-page-1 ez-toc-heading-level-2'><a class=\"ez-toc-link ez-toc-heading-5\" href=\"https:\/\/checkinhanoi.com\/index.php\/khuyen-mai-ffok\/#Ket_luan\" >K\u1ebft lu\u1eadn<\/a><\/li><\/ul><\/li><\/ul><\/nav><\/div>\n\n\n\n\n<h2 class=\"wp-block-heading\"><span class=\"ez-toc-section\" id=\"Cac_chuong_trinh_khuyen_mai_hot_tai_FFok\"><\/span>C\u00e1c ch\u01b0\u01a1ng tr\u00ecnh khuy\u1ebfn m\u00e3i hot t\u1ea1i FFok<span class=\"ez-toc-section-end\"><\/span><\/h2>\n\n\n\n<p>T\u1ea1i <a href=\"https:\/\/checkinhanoi.com\/\"><strong>FFok<\/strong><\/a>, c\u00e1c ch\u01b0\u01a1ng tr\u00ecnh khuy\u1ebfn m\u00e3i th\u01b0\u1eddng xuy\u00ean \u0111\u01b0\u1ee3c c\u1eadp nh\u1eadt \u0111\u1ec3 ph\u1ee5c v\u1ee5 cho nhu c\u1ea7u c\u1ee7a ng\u01b0\u1eddi ch\u01a1i. D\u01b0\u1edbi \u0111\u00e2y l\u00e0 m\u1ed9t s\u1ed1 ch\u01b0\u01a1ng tr\u00ecnh khuy\u1ebfn m\u00e3i n\u1ed5i b\u1eadt m\u00e0 b\u1ea1n kh\u00f4ng n\u00ean b\u1ecf l\u1ee1.<\/p>\n\n\n\n<h3 class=\"wp-block-heading\">T\u1eb7ng th\u01b0\u1edfng n\u1ea1p \u0111\u1ea7u, ho\u00e0n tr\u1ea3 si\u00eau h\u1ea5p d\u1eabn<\/h3>\n\n\n\n<p>M\u1ed9t trong nh\u1eefng \u0111i\u1ec3m m\u1ea1nh nh\u1ea5t c\u1ee7a khuy\u1ebfn m\u00e3i FFok ch\u00ednh l\u00e0 ch\u01b0\u01a1ng tr\u00ecnh t\u1eb7ng th\u01b0\u1edfng n\u1ea1p \u0111\u1ea7u. Khi b\u1ea1n l\u1ea7n \u0111\u1ea7u ti\u00ean n\u1ea1p ti\u1ec1n v\u00e0o t\u00e0i kho\u1ea3n, b\u1ea1n s\u1ebd nh\u1eadn \u0111\u01b0\u1ee3c m\u1ed9t kho\u1ea3n th\u01b0\u1edfng t\u01b0\u01a1ng \u1ee9ng v\u1edbi s\u1ed1 ti\u1ec1n \u0111\u00e3 n\u1ea1p.<\/p>\n\n\n\n<p>\u0110i\u1ec1u n\u00e0y kh\u00f4ng ch\u1ec9 gi\u00fap ng\u01b0\u1eddi ch\u01a1i t\u0103ng c\u01b0\u1eddng v\u1ed1n \u0111\u1ec3 tham gia c\u00e1c tr\u00f2 ch\u01a1i m\u00e0 c\u00f2n mang \u0111\u1ebfn c\u01a1 h\u1ed9i ki\u1ebfm l\u1ee3i nhu\u1eadn nhanh ch\u00f3ng. V\u00ed d\u1ee5, n\u1ebfu b\u1ea1n n\u1ea1p 1 tri\u1ec7u \u0111\u1ed3ng, b\u1ea1n c\u00f3 th\u1ec3 nh\u1eadn \u0111\u01b0\u1ee3c th\u00eam 200.000 \u0111\u1ed3ng v\u00e0o t\u00e0i kho\u1ea3n. S\u1ed1 ti\u1ec1n n\u00e0y c\u00f3 th\u1ec3 \u0111\u01b0\u1ee3c s\u1eed d\u1ee5ng ngay l\u1eadp t\u1ee9c \u0111\u1ec3 \u0111\u1eb7t c\u01b0\u1ee3c.<\/p>\n\n\n\n<p>Ngo\u00e0i ra, FFok c\u00f2n \u00e1p d\u1ee5ng ch\u00ednh s\u00e1ch ho\u00e0n tr\u1ea3 c\u01b0\u1ee3c thua. N\u1ebfu b\u1ea1n kh\u00f4ng may m\u1eafn v\u00e0 thua c\u01b0\u1ee3c trong l\u1ea7n ch\u01a1i \u0111\u1ea7u, b\u1ea1n v\u1eabn c\u00f3 c\u01a1 h\u1ed9i nh\u1eadn l\u1ea1i m\u1ed9t ph\u1ea7n ti\u1ec1n c\u01b0\u1ee3c. \u0110i\u1ec1u n\u00e0y t\u1ea1o c\u1ea3m gi\u00e1c an t\u00e2m cho ng\u01b0\u1eddi ch\u01a1i, gi\u00fap h\u1ecd d\u00e1m th\u1eed s\u1ee9c v\u1edbi nh\u1eefng tr\u00f2 ch\u01a1i m\u1edbi m\u00e0 kh\u00f4ng s\u1ee3 m\u1ea5t tr\u1eafng.<\/p>\n\n\n\n<h3 class=\"wp-block-heading\">S\u1ef1 ki\u1ec7n theo m\u00f9a v\u00e0 \u01b0u \u0111\u00e3i cho h\u1ed9i vi\u00ean VIP<\/h3>\n\n\n\n<p>FFok kh\u00f4ng ch\u1ec9 c\u00f3 ch\u01b0\u01a1ng tr\u00ecnh khuy\u1ebfn m\u00e3i d\u00e0nh cho ng\u01b0\u1eddi m\u1edbi m\u00e0 c\u00f2n t\u1ed5 ch\u1ee9c nhi\u1ec1u s\u1ef1 ki\u1ec7n h\u1ea5p d\u1eabn theo m\u00f9a. C\u00e1c d\u1ecbp l\u1ec5 t\u1ebft hay c\u00e1c ng\u00e0y k\u1ef7 ni\u1ec7m \u0111\u1eb7c bi\u1ec7t, ng\u01b0\u1eddi ch\u01a1i s\u1ebd \u0111\u01b0\u1ee3c h\u01b0\u1edfng nh\u1eefng \u01b0u \u0111\u00e3i \u0111\u1eb7c bi\u1ec7t.<\/p>\n\n\n\n<p>Ch\u1eb3ng h\u1ea1n nh\u01b0 trong d\u1ecbp T\u1ebft Nguy\u00ean \u0110\u00e1n, FFok s\u1ebd c\u00f3 c\u00e1c s\u1ef1 ki\u1ec7n v\u1edbi gi\u1ea3i th\u01b0\u1edfng h\u1ea5p d\u1eabn \u0111\u1ec3 khuy\u1ebfn kh\u00edch ng\u01b0\u1eddi ch\u01a1i tham gia. Nh\u1eefng ch\u01b0\u01a1ng tr\u00ecnh n\u00e0y kh\u00f4ng ch\u1ec9 t\u1ea1o kh\u00f4ng kh\u00ed vui v\u1ebb m\u00e0 c\u00f2n khi\u1ebfn ng\u01b0\u1eddi ch\u01a1i c\u1ea3m th\u1ea5y h\u00e0o h\u1ee9ng h\u01a1n khi tham gia.<\/p>\n\n\n\n<p>B\u00ean c\u1ea1nh \u0111\u00f3, h\u1ed9i vi\u00ean VIP c\u0169ng \u0111\u01b0\u1ee3c h\u01b0\u1edfng nhi\u1ec1u quy\u1ec1n l\u1ee3i \u0111\u1eb7c bi\u1ec7t. Tham gia ch\u01b0\u01a1ng tr\u00ecnh VIP, ng\u01b0\u1eddi ch\u01a1i s\u1ebd nh\u1eadn \u0111\u01b0\u1ee3c nh\u1eefng \u01b0u \u0111\u00e3i ri\u00eang nh\u01b0 gi\u1ea3m ph\u00ed giao d\u1ecbch, th\u01b0\u1edfng sinh nh\u1eadt ho\u1eb7c th\u1eadm ch\u00ed l\u00e0 qu\u00e0 t\u1eb7ng cao c\u1ea5p. \u0110i\u1ec1u n\u00e0y kh\u00f4ng ch\u1ec9 gi\u00fap n\u00e2ng cao tr\u1ea3i nghi\u1ec7m ng\u01b0\u1eddi d\u00f9ng m\u00e0 c\u00f2n t\u1ea1o \u0111\u1ed9ng l\u1ef1c cho ng\u01b0\u1eddi ch\u01a1i ti\u1ebfp t\u1ee5c g\u1eafn b\u00f3 v\u1edbi FFok.<\/p>\n\n\n\n<h2 class=\"wp-block-heading\"><span class=\"ez-toc-section\" id=\"Cach_nhan_khuyen_mai_tai_FFok_nhanh_gon_le\"><\/span>C\u00e1ch nh\u1eadn khuy\u1ebfn m\u00e3i t\u1ea1i FFok nhanh g\u1ecdn l\u1eb9<span class=\"ez-toc-section-end\"><\/span><\/h2>\n\n\n\n<p>Khi \u0111\u00e3 bi\u1ebft \u0111\u1ebfn c\u00e1c ch\u01b0\u01a1ng tr\u00ecnh khuy\u1ebfn m\u00e3i h\u1ea5p d\u1eabn t\u1ea1i FFok, \u0111i\u1ec1u ti\u1ebfp theo b\u1ea1n c\u1ea7n l\u00e0m l\u00e0 t\u00ecm hi\u1ec3u c\u00e1ch nh\u1eadn khuy\u1ebfn m\u00e3i m\u1ed9t c\u00e1ch nhanh ch\u00f3ng v\u00e0 hi\u1ec7u qu\u1ea3.<\/p>\n\n\n\n<h3 class=\"wp-block-heading\">H\u01b0\u1edbng d\u1eabn k\u00edch ho\u1ea1t khuy\u1ebfn m\u00e3i ngay sau \u0111\u0103ng k\u00fd<\/h3>\n\n\n\n<p>Ngay khi b\u1ea1n \u0111\u0103ng k\u00fd t\u00e0i kho\u1ea3n t\u1ea1i FFok, b\u1ea1n s\u1ebd c\u00f3 c\u01a1 h\u1ed9i k\u00edch ho\u1ea1t c\u00e1c khuy\u1ebfn m\u00e3i ngay l\u1eadp t\u1ee9c. Sau khi \u0111i\u1ec1n th\u00f4ng tin c\u00e1 nh\u00e2n v\u00e0 x\u00e1c th\u1ef1c t\u00e0i kho\u1ea3n, b\u1ea1n ch\u1ec9 c\u1ea7n v\u00e0o m\u1ee5c khuy\u1ebfn m\u00e3i \u0111\u1ec3 l\u1ef1a ch\u1ecdn ch\u01b0\u01a1ng tr\u00ecnh ph\u00f9 h\u1ee3p.<\/p>\n\n\n\n<p>M\u1ed9t s\u1ed1 ch\u01b0\u01a1ng tr\u00ecnh y\u00eau c\u1ea7u b\u1ea1n nh\u1eadp m\u00e3 khuy\u1ebfn m\u00e3i c\u1ee5 th\u1ec3. H\u00e3y ch\u1eafc ch\u1eafn r\u1eb1ng b\u1ea1n \u0111\u00e3 ki\u1ec3m tra k\u1ef9 th\u00f4ng tin v\u00e0 nh\u1eadp \u0111\u00fang m\u00e3 \u0111\u1ec3 kh\u00f4ng b\u1ecf l\u1ee1 c\u01a1 h\u1ed9i nh\u1eadn th\u01b0\u1edfng.<\/p>\n\n\n\n<p>Sau khi k\u00edch ho\u1ea1t th\u00e0nh c\u00f4ng, ti\u1ec1n th\u01b0\u1edfng s\u1ebd t\u1ef1 \u0111\u1ed9ng \u0111\u01b0\u1ee3c c\u1ed9ng v\u00e0o t\u00e0i kho\u1ea3n c\u1ee7a b\u1ea1n. B\u1ea1n c\u00f3 th\u1ec3 d\u1ec5 d\u00e0ng ki\u1ec3m tra s\u1ed1 d\u01b0 t\u00e0i kho\u1ea3n \u0111\u1ec3 x\u00e1c nh\u1eadn vi\u1ec7c nh\u1eadn th\u01b0\u1edfng \u0111\u00e3 di\u1ec5n ra.<\/p>\n\n\n\n<h3 class=\"wp-block-heading\">\u0110i\u1ec1u ki\u1ec7n v\u00e0 c\u00e1ch s\u1eed d\u1ee5ng qu\u00e0 t\u1eb7ng hi\u1ec7u qu\u1ea3<\/h3>\n\n\n\n<p>M\u1ed7i ch\u01b0\u01a1ng tr\u00ecnh khuy\u1ebfn m\u00e3i \u0111\u1ec1u c\u00f3 nh\u1eefng \u0111i\u1ec1u ki\u1ec7n c\u1ee5 th\u1ec3 m\u00e0 ng\u01b0\u1eddi ch\u01a1i c\u1ea7n ph\u1ea3i \u0111\u00e1p \u1ee9ng. Vi\u1ec7c n\u1eafm r\u00f5 c\u00e1c \u0111i\u1ec1u ki\u1ec7n n\u00e0y r\u1ea5t quan tr\u1ecdng \u0111\u1ec3 b\u1ea1n kh\u00f4ng b\u1ecb &#8220;h\u1ee5t&#8221; th\u01b0\u1edfng.<\/p>\n\n\n\n<p>Th\u00f4ng th\u01b0\u1eddng, c\u00e1c ch\u01b0\u01a1ng tr\u00ecnh th\u01b0\u1edfng n\u1ea1p \u0111\u1ea7u y\u00eau c\u1ea7u b\u1ea1n ph\u1ea3i \u0111\u1eb7t c\u01b0\u1ee3c m\u1ed9t s\u1ed1 l\u1ea7n tr\u01b0\u1edbc khi r\u00fat ti\u1ec1n. H\u00e3y \u0111\u1ecdc k\u1ef9 c\u00e1c \u0111i\u1ec1u kho\u1ea3n \u0111\u1ec3 \u0111\u1ea3m b\u1ea3o m\u00ecnh kh\u00f4ng b\u1ecb r\u00e0ng bu\u1ed9c qu\u00e1 m\u1ee9c.<\/p>\n\n\n\n<p>\u0110\u1ec3 s\u1eed d\u1ee5ng qu\u00e0 t\u1eb7ng m\u1ed9t c\u00e1ch hi\u1ec7u qu\u1ea3, b\u1ea1n n\u00ean l\u00ean k\u1ebf ho\u1ea1ch cho c\u00e1c tr\u00f2 ch\u01a1i v\u00e0 c\u00e1ch \u0111\u1eb7t c\u01b0\u1ee3c. Ch\u1eb3ng h\u1ea1n, b\u1ea1n c\u00f3 th\u1ec3 quy\u1ebft \u0111\u1ecbnh ch\u1ec9 s\u1eed d\u1ee5ng ti\u1ec1n th\u01b0\u1edfng v\u00e0o nh\u1eefng tr\u00f2 ch\u01a1i m\u00e0 m\u00ecnh c\u00f3 l\u1ee3i th\u1ebf. \u0110i\u1ec1u n\u00e0y kh\u00f4ng ch\u1ec9 gi\u00fap b\u1ea1n ti\u1ebft ki\u1ec7m chi ph\u00ed m\u00e0 c\u00f2n t\u0103ng kh\u1ea3 n\u0103ng th\u1eafng cu\u1ed9c.<\/p>\n\n\n\n<h2 class=\"wp-block-heading\"><span class=\"ez-toc-section\" id=\"Luu_y_khi_tham_gia_khuyen_mai_tai_FFok\"><\/span>L\u01b0u \u00fd khi tham gia khuy\u1ebfn m\u00e3i t\u1ea1i FFok<span class=\"ez-toc-section-end\"><\/span><\/h2>\n\n\n\n<p>D\u00f9 c\u00e1c khuy\u1ebfn m\u00e3i t\u1ea1i FFok r\u1ea5t h\u1ea5p d\u1eabn nh\u01b0ng b\u1ea1n c\u0169ng c\u1ea7n l\u01b0u \u00fd m\u1ed9t s\u1ed1 v\u1ea5n \u0111\u1ec1 \u0111\u1ec3 t\u1eadn d\u1ee5ng t\u1ed1i \u0111a c\u00e1c \u01b0u \u0111\u00e3i n\u00e0y.<\/p>\n\n\n\n<h3 class=\"wp-block-heading\">\u0110\u1ecdc k\u1ef9 \u0111i\u1ec1u kho\u1ea3n \u0111\u1ec3 kh\u00f4ng b\u1ecb \u201ch\u1ee5t\u201d<\/h3>\n\n\n\n<p>M\u1ed9t trong nh\u1eefng sai l\u1ea7m ph\u1ed5 bi\u1ebfn m\u00e0 nhi\u1ec1u ng\u01b0\u1eddi ch\u01a1i m\u1eafc ph\u1ea3i ch\u00ednh l\u00e0 kh\u00f4ng \u0111\u1ecdc k\u1ef9 \u0111i\u1ec1u kho\u1ea3n c\u1ee7a ch\u01b0\u01a1ng tr\u00ecnh khuy\u1ebfn m\u00e3i. \u0110i\u1ec1u n\u00e0y c\u00f3 th\u1ec3 d\u1eabn \u0111\u1ebfn vi\u1ec7c b\u1ea1n kh\u00f4ng \u0111\u1ee7 \u0111i\u1ec1u ki\u1ec7n \u0111\u1ec3 nh\u1eadn th\u01b0\u1edfng ho\u1eb7c kh\u00f4ng s\u1eed d\u1ee5ng \u0111\u01b0\u1ee3c qu\u00e0 t\u1eb7ng \u0111\u00e3 nh\u1eadn.<\/p>\n\n\n\n<p>Tr\u01b0\u1edbc khi tham gia b\u1ea5t k\u1ef3 khuy\u1ebfn m\u00e3i n\u00e0o, h\u00e3y d\u00e0nh th\u1eddi gian \u0111\u1ec3 t\u00ecm hi\u1ec3u xem m\u00ecnh c\u1ea7n l\u00e0m g\u00ec \u0111\u1ec3 \u0111\u1ea3m b\u1ea3o nh\u1eadn \u0111\u01b0\u1ee3c \u0111\u1ea7y \u0111\u1ee7 \u01b0u \u0111\u00e3i. H\u1ea7u h\u1ebft c\u00e1c trang web \u0111\u1ec1u cung c\u1ea5p th\u00f4ng tin chi ti\u1ebft v\u1ec1 ch\u01b0\u01a1ng tr\u00ecnh khuy\u1ebfn m\u00e3i, v\u00ec v\u1eady \u0111\u1eebng ng\u1ea7n ng\u1ea1i t\u00ecm hi\u1ec3u.<\/p>\n\n\n\n<h3 class=\"wp-block-heading\">M\u1eb9o t\u1eadn d\u1ee5ng \u01b0u \u0111\u00e3i m\u00e0 kh\u00f4ng b\u1ecb r\u00e0ng bu\u1ed9c<\/h3>\n\n\n\n<p>\u0110\u1ec3 t\u1eadn d\u1ee5ng khuy\u1ebfn m\u00e3i m\u00e0 kh\u00f4ng b\u1ecb r\u00e0ng bu\u1ed9c, b\u1ea1n c\u00f3 th\u1ec3 tham kh\u1ea3o m\u1ed9t s\u1ed1 m\u1eb9o sau:<\/p>\n\n\n\n<ul class=\"wp-block-list\">\n<li>Ch\u1ecdn th\u1eddi \u0111i\u1ec3m tham gia khuy\u1ebfn m\u00e3i: M\u1ed9t s\u1ed1 ch\u01b0\u01a1ng tr\u00ecnh ch\u1ec9 c\u00f3 hi\u1ec7u l\u1ef1c trong th\u1eddi gian ng\u1eafn. H\u00e3y theo d\u00f5i website \u0111\u1ec3 n\u1eafm b\u1eaft th\u1eddi \u0111i\u1ec3m v\u00e0ng.<\/li>\n\n\n\n<li>K\u1ebft h\u1ee3p nhi\u1ec1u ch\u01b0\u01a1ng tr\u00ecnh: M\u1ed9t s\u1ed1 ch\u01b0\u01a1ng tr\u00ecnh cho ph\u00e9p b\u1ea1n k\u1ebft h\u1ee3p nhi\u1ec1u lo\u1ea1i khuy\u1ebfn m\u00e3i kh\u00e1c nhau. H\u00e3y xem x\u00e9t s\u1eed d\u1ee5ng ch\u00fang \u0111\u1ec3 t\u1ed1i \u0111a h\u00f3a l\u1ee3i nhu\u1eadn.<\/li>\n\n\n\n<li>Ch\u01a1i th\u1eed mi\u1ec5n ph\u00ed: Tr\u01b0\u1edbc khi s\u1eed d\u1ee5ng ti\u1ec1n th\u01b0\u1edfng, b\u1ea1n c\u00f3 th\u1ec3 th\u1eed ch\u01a1i mi\u1ec5n ph\u00ed \u0111\u1ec3 hi\u1ec3u r\u00f5 h\u01a1n v\u1ec1 tr\u00f2 ch\u01a1i v\u00e0 chi\u1ebfn thu\u1eadt \u0111\u1eb7t c\u01b0\u1ee3c.<\/li>\n<\/ul>\n\n\n\n<h2 class=\"wp-block-heading\"><span class=\"ez-toc-section\" id=\"Ket_luan\"><\/span>K\u1ebft lu\u1eadn<span class=\"ez-toc-section-end\"><\/span><\/h2>\n\n\n\n<p>Khuy\u1ebfn m\u00e3i FFok kh\u00f4ng ch\u1ec9 l\u00e0 c\u01a1 h\u1ed9i \u0111\u1ec3 ng\u01b0\u1eddi ch\u01a1i ki\u1ebfm th\u00eam l\u1ee3i nhu\u1eadn m\u00e0 c\u00f2n l\u00e0 nh\u1eefng tr\u1ea3i nghi\u1ec7m th\u00fa v\u1ecb trong th\u1ebf gi\u1edbi c\u00e1 c\u01b0\u1ee3c tr\u1ef1c tuy\u1ebfn. V\u1edbi nhi\u1ec1u ch\u01b0\u01a1ng tr\u00ecnh khuy\u1ebfn m\u00e3i h\u1ea5p d\u1eabn, t\u1eeb t\u1eb7ng th\u01b0\u1edfng n\u1ea1p \u0111\u1ea7u \u0111\u1ebfn s\u1ef1 ki\u1ec7n theo m\u00f9a, ch\u1eafc ch\u1eafn r\u1eb1ng ng\u01b0\u1eddi ch\u01a1i s\u1ebd c\u00f3 nh\u1eefng ph\u00fat gi\u00e2y gi\u1ea3i tr\u00ed tuy\u1ec7t v\u1eddi.<\/p>\n\n\n","protected":false},"excerpt":{"rendered":"<p>Khuy\u1ebfn M\u00e3i FFok \u2013 Nh\u1eadn th\u01b0\u1edfng li\u00ean tay, ch\u01a1i g\u00ec c\u0169ng l\u1eddi! Khuy\u1ebfn m\u00e3i FFok \u0111ang l\u00e0 m\u1ed9t \u0111i\u1ec3m nh\u1ea5n n\u1ed5i b\u1eadt trong gi\u1edbi c\u00e1 c\u01b0\u1ee3c tr\u1ef1c tuy\u1ebfn hi\u1ec7n nay. V\u1edbi nhi\u1ec1u ch\u01b0\u01a1ng tr\u00ecnh khuy\u1ebfn m\u00e3i h\u1ea5p d\u1eabn, ng\u01b0\u1eddi ch\u01a1i kh\u00f4ng ch\u1ec9 c\u00f3 c\u01a1 h\u1ed9i nh\u1eadn th\u01b0\u1edfng l\u1edbn m\u00e0 c\u00f2n tr\u1ea3i nghi\u1ec7m nh\u1eefng gi\u00e2y ph\u00fat [&#8230;]\n","protected":false},"author":1,"featured_media":171,"parent":0,"menu_order":0,"comment_status":"closed","ping_status":"closed","template":"","meta":{"footnotes":""},"class_list":["post-39","page","type-page","status-publish","has-post-thumbnail","hentry"],"_links":{"self":[{"href":"https:\/\/checkinhanoi.com\/index.php\/wp-json\/wp\/v2\/pages\/39","targetHints":{"allow":["GET"]}}],"collection":[{"href":"https:\/\/checkinhanoi.com\/index.php\/wp-json\/wp\/v2\/pages"}],"about":[{"href":"https:\/\/checkinhanoi.com\/index.php\/wp-json\/wp\/v2\/types\/page"}],"author":[{"embeddable":true,"href":"https:\/\/checkinhanoi.com\/index.php\/wp-json\/wp\/v2\/users\/1"}],"replies":[{"embeddable":true,"href":"https:\/\/checkinhanoi.com\/index.php\/wp-json\/wp\/v2\/comments?post=39"}],"version-history":[{"count":3,"href":"https:\/\/checkinhanoi.com\/index.php\/wp-json\/wp\/v2\/pages\/39\/revisions"}],"predecessor-version":[{"id":172,"href":"https:\/\/checkinhanoi.com\/index.php\/wp-json\/wp\/v2\/pages\/39\/revisions\/172"}],"wp:featuredmedia":[{"embeddable":true,"href":"https:\/\/checkinhanoi.com\/index.php\/wp-json\/wp\/v2\/media\/171"}],"wp:attachment":[{"href":"https:\/\/checkinhanoi.com\/index.php\/wp-json\/wp\/v2\/media?parent=39"}],"curies":[{"name":"wp","href":"https:\/\/api.w.org\/{rel}","templated":true}]}}