{"id":40,"date":"2025-04-05T05:22:37","date_gmt":"2025-04-05T05:22:37","guid":{"rendered":"https:\/\/checkinhanoi.com\/?page_id=40"},"modified":"2025-04-07T05:29:29","modified_gmt":"2025-04-07T05:29:29","slug":"game-bai-ffok","status":"publish","type":"page","link":"https:\/\/checkinhanoi.com\/index.php\/game-bai-ffok\/","title":{"rendered":"Game B\u00e0i FFok \u2013 Th\u1ebf gi\u1edbi b\u00e0i b\u1ea1c si\u00eau h\u1ea5p d\u1eabn \u0111ang ch\u1edd b\u1ea1n!"},"content":{"rendered":"\n<h1 class=\"wp-block-heading\"><span class=\"ez-toc-section\" id=\"Game_Bai_FFok_%E2%80%93_The_gioi_bai_bac_sieu_hap_dan_dang_cho_ban\"><\/span>Game B\u00e0i FFok \u2013 Th\u1ebf gi\u1edbi b\u00e0i b\u1ea1c si\u00eau h\u1ea5p d\u1eabn \u0111ang ch\u1edd b\u1ea1n!<span class=\"ez-toc-section-end\"><\/span><\/h1>\n\n\n\n<figure class=\"wp-block-image aligncenter size-full\"><img loading=\"lazy\" decoding=\"async\" width=\"800\" height=\"450\" src=\"https:\/\/checkinhanoi.com\/wp-content\/uploads\/2025\/04\/game-bai.jpg\" alt=\"Game B\u00e0i FFok \u2013 Th\u1ebf gi\u1edbi b\u00e0i b\u1ea1c si\u00eau h\u1ea5p d\u1eabn \u0111ang ch\u1edd b\u1ea1n!\" class=\"wp-image-176\" srcset=\"https:\/\/checkinhanoi.com\/wp-content\/uploads\/2025\/04\/game-bai.jpg 800w, https:\/\/checkinhanoi.com\/wp-content\/uploads\/2025\/04\/game-bai-300x169.jpg 300w, https:\/\/checkinhanoi.com\/wp-content\/uploads\/2025\/04\/game-bai-768x432.jpg 768w\" sizes=\"auto, (max-width: 800px) 100vw, 800px\" \/><figcaption class=\"wp-element-caption\">Game B\u00e0i FFok \u2013 Th\u1ebf gi\u1edbi b\u00e0i b\u1ea1c si\u00eau h\u1ea5p d\u1eabn \u0111ang ch\u1edd b\u1ea1n!<\/figcaption><\/figure>\n\n\n\n<p><a href=\"https:\/\/checkinhanoi.com\/index.php\/game-bai-ffok\/\"><strong>Game b\u00e0i FFok<\/strong><\/a> l\u00e0 m\u1ed9t trong nh\u1eefng n\u1ec1n t\u1ea3ng game tr\u1ef1c tuy\u1ebfn n\u1ed5i b\u1eadt nh\u1ea5t hi\u1ec7n nay, n\u01a1i ng\u01b0\u1eddi ch\u01a1i c\u00f3 th\u1ec3 tr\u1ea3i nghi\u1ec7m c\u00e1c tr\u00f2 ch\u01a1i b\u00e0i h\u1ea5p d\u1eabn v\u00e0 th\u00fa v\u1ecb. N\u1ebfu b\u1ea1n l\u00e0 m\u1ed9t t\u00edn \u0111\u1ed3 c\u1ee7a game b\u00e0i, \u0111\u1eebng b\u1ecf l\u1ee1 c\u01a1 h\u1ed9i \u0111\u01b0\u1ee3c kh\u00e1m ph\u00e1 nh\u1eefng \u0111i\u1ec1u tuy\u1ec7t v\u1eddi m\u00e0 game b\u00e0i FFok mang l\u1ea1i! H\u00e3y c\u00f9ng ch\u00fang t\u00f4i kh\u00e1m ph\u00e1 th\u1ebf gi\u1edbi b\u00e0i b\u1ea1c \u0111\u1ea7y m\u00e0u s\u1eafc n\u00e0y nh\u00e9!<\/p><div id=\"ez-toc-container\" class=\"ez-toc-v2_0_82_2 ez-toc-wrap-center counter-hierarchy ez-toc-counter ez-toc-grey ez-toc-container-direction\">\n<div class=\"ez-toc-title-container\">\n<p class=\"ez-toc-title\" style=\"cursor:inherit\">T\u00f3m t\u1eaft<\/p>\n<span class=\"ez-toc-title-toggle\"><a href=\"#\" class=\"ez-toc-pull-right ez-toc-btn ez-toc-btn-xs ez-toc-btn-default ez-toc-toggle\" aria-label=\"Toggle Table of Content\"><span class=\"ez-toc-js-icon-con\"><span class=\"\"><span class=\"eztoc-hide\" style=\"display:none;\">Toggle<\/span><span class=\"ez-toc-icon-toggle-span\"><svg style=\"fill: #999;color:#999\" xmlns=\"http:\/\/www.w3.org\/2000\/svg\" class=\"list-377408\" width=\"20px\" height=\"20px\" viewBox=\"0 0 24 24\" fill=\"none\"><path d=\"M6 6H4v2h2V6zm14 0H8v2h12V6zM4 11h2v2H4v-2zm16 0H8v2h12v-2zM4 16h2v2H4v-2zm16 0H8v2h12v-2z\" fill=\"currentColor\"><\/path><\/svg><svg style=\"fill: #999;color:#999\" class=\"arrow-unsorted-368013\" xmlns=\"http:\/\/www.w3.org\/2000\/svg\" width=\"10px\" height=\"10px\" viewBox=\"0 0 24 24\" version=\"1.2\" baseProfile=\"tiny\"><path d=\"M18.2 9.3l-6.2-6.3-6.2 6.3c-.2.2-.3.4-.3.7s.1.5.3.7c.2.2.4.3.7.3h11c.3 0 .5-.1.7-.3.2-.2.3-.5.3-.7s-.1-.5-.3-.7zM5.8 14.7l6.2 6.3 6.2-6.3c.2-.2.3-.5.3-.7s-.1-.5-.3-.7c-.2-.2-.4-.3-.7-.3h-11c-.3 0-.5.1-.7.3-.2.2-.3.5-.3.7s.1.5.3.7z\"\/><\/svg><\/span><\/span><\/span><\/a><\/span><\/div>\n<nav><ul class='ez-toc-list ez-toc-list-level-1 ' ><li class='ez-toc-page-1 ez-toc-heading-level-1'><a class=\"ez-toc-link ez-toc-heading-1\" href=\"https:\/\/checkinhanoi.com\/index.php\/game-bai-ffok\/#Game_Bai_FFok_%E2%80%93_The_gioi_bai_bac_sieu_hap_dan_dang_cho_ban\" >Game B\u00e0i FFok \u2013 Th\u1ebf gi\u1edbi b\u00e0i b\u1ea1c si\u00eau h\u1ea5p d\u1eabn \u0111ang ch\u1edd b\u1ea1n!<\/a><ul class='ez-toc-list-level-2' ><li class='ez-toc-heading-level-2'><a class=\"ez-toc-link ez-toc-heading-2\" href=\"https:\/\/checkinhanoi.com\/index.php\/game-bai-ffok\/#Game_bai_nao_dang_hot_nhat_o_FFok\" >Game b\u00e0i n\u00e0o \u0111ang hot nh\u1ea5t \u1edf FFok?<\/a><\/li><li class='ez-toc-page-1 ez-toc-heading-level-2'><a class=\"ez-toc-link ez-toc-heading-3\" href=\"https:\/\/checkinhanoi.com\/index.php\/game-bai-ffok\/#Cach_tham_gia_game_bai_de_dang_tai_FFok\" >C\u00e1ch tham gia game b\u00e0i d\u1ec5 d\u00e0ng t\u1ea1i FFok<\/a><\/li><li class='ez-toc-page-1 ez-toc-heading-level-2'><a class=\"ez-toc-link ez-toc-heading-4\" href=\"https:\/\/checkinhanoi.com\/index.php\/game-bai-ffok\/#Bi_quyet_choi_bai_hay_khong_lo_ve_lo\" >B\u00ed quy\u1ebft ch\u01a1i b\u00e0i hay, kh\u00f4ng lo v\u1ec1 l\u1ed7<\/a><\/li><li class='ez-toc-page-1 ez-toc-heading-level-2'><a class=\"ez-toc-link ez-toc-heading-5\" href=\"https:\/\/checkinhanoi.com\/index.php\/game-bai-ffok\/#Ket_luan\" >K\u1ebft lu\u1eadn<\/a><\/li><\/ul><\/li><\/ul><\/nav><\/div>\n\n\n\n\n<h2 class=\"wp-block-heading\"><span class=\"ez-toc-section\" id=\"Game_bai_nao_dang_hot_nhat_o_FFok\"><\/span>Game b\u00e0i n\u00e0o \u0111ang hot nh\u1ea5t \u1edf FFok?<span class=\"ez-toc-section-end\"><\/span><\/h2>\n\n\n\n<p>Khi nh\u1eafc \u0111\u1ebfn game b\u00e0i, ch\u1eafc h\u1eb3n b\u1ea1n s\u1ebd ngh\u0129 ngay \u0111\u1ebfn nh\u1eefng tr\u00f2 ch\u01a1i truy\u1ec1n th\u1ed1ng nh\u01b0 ti\u1ebfn l\u00ean, ph\u1ecfm hay m\u1eadu binh\u2026 Nh\u01b0ng t\u1ea1i <a href=\"https:\/\/checkinhanoi.com\/\"><strong>FFok<\/strong><\/a>, kh\u00f4ng ch\u1ec9 d\u1eebng l\u1ea1i \u1edf nh\u1eefng tr\u00f2 ch\u01a1i quen thu\u1ed9c \u0111\u00f3, c\u00f2n r\u1ea5t nhi\u1ec1u t\u1ef1a game b\u00e0i kh\u00e1c \u0111ang thu h\u00fat s\u1ef1 ch\u00fa \u00fd c\u1ee7a ng\u01b0\u1eddi ch\u01a1i.<\/p>\n\n\n\n<h3 class=\"wp-block-heading\">Ti\u1ebfn l\u00ean, ph\u1ecfm, m\u1eadu binh, x\u00ec t\u1ed1\u2026 \u0111\u1ee7 c\u1ea3<\/h3>\n\n\n\n<p>T\u1ea1i FFok, b\u1ea1n c\u00f3 th\u1ec3 t\u00ecm th\u1ea5y t\u1ea5t c\u1ea3 c\u00e1c tr\u00f2 ch\u01a1i b\u00e0i ph\u1ed5 bi\u1ebfn nh\u1ea5t nh\u01b0 Ti\u1ebfn L\u00ean Mi\u1ec1n Nam, Ph\u1ecfm, M\u1eadu Binh, X\u00ec T\u1ed1 v\u00e0 nhi\u1ec1u h\u01a1n n\u1eefa. M\u1ed7i tr\u00f2 ch\u01a1i \u0111\u1ec1u c\u00f3 nh\u1eefng quy lu\u1eadt ri\u00eang bi\u1ec7t, nh\u01b0ng t\u1ef1u chung l\u1ea1i, ch\u00fang \u0111\u1ec1u mang \u0111\u1ebfn nh\u1eefng gi\u00e2y ph\u00fat th\u01b0 gi\u00e3n tuy\u1ec7t v\u1eddi cho ng\u01b0\u1eddi ch\u01a1i.<\/p>\n\n\n\n<p>Ti\u1ebfn l\u00ean ch\u00ednh l\u00e0 tr\u00f2 ch\u01a1i b\u00e0i n\u1ed5i ti\u1ebfng nh\u1ea5t t\u1ea1i Vi\u1ec7t Nam. Ch\u01a1i ti\u1ebfn l\u00ean kh\u00f4ng ch\u1ec9 y\u00eau c\u1ea7u ng\u01b0\u1eddi ch\u01a1i c\u00f3 k\u1ef9 thu\u1eadt t\u1ed1t, m\u00e0 c\u00f2n c\u1ea7n kh\u1ea3 n\u0103ng quan s\u00e1t v\u00e0 \u0111o\u00e1n bi\u1ebft b\u00e0i c\u1ee7a \u0111\u1ed1i th\u1ee7. Ph\u1ecfm, v\u1edbi s\u1ef1 k\u1ebft h\u1ee3p gi\u1eefa may m\u1eafn v\u00e0 chi\u1ebfn thu\u1eadt, c\u0169ng l\u00e0 m\u1ed9t l\u1ef1a ch\u1ecdn h\u1ea5p d\u1eabn d\u00e0nh cho nh\u1eefng ai th\u00edch th\u1eed th\u00e1ch tr\u00ed tu\u1ec7 c\u1ee7a b\u1ea3n th\u00e2n. M\u1eadu binh, v\u1edbi vi\u1ec7c s\u1eafp x\u1ebfp b\u00e0i sao cho h\u1ee3p l\u00fd, s\u1ebd gi\u00fap b\u1ea1n r\u00e8n luy\u1ec7n t\u01b0 duy logic. C\u00f2n X\u00ec T\u1ed1 l\u00e0 tr\u00f2 ch\u01a1i mang t\u00ednh c\u1ea1nh tranh cao, l\u00e0 n\u01a1i \u0111\u1ec3 b\u1ea1n th\u1ec3 hi\u1ec7n b\u1ea3n l\u0129nh c\u1ee7a m\u00ecnh.<\/p>\n\n\n\n<h3 class=\"wp-block-heading\">B\u1ea3ng x\u1ebfp h\u1ea1ng cao th\u1ee7 m\u1ed7i tu\u1ea7n si\u00eau k\u00edch th\u00edch<\/h3>\n\n\n\n<p>M\u1ed9t trong nh\u1eefng \u0111i\u1ec3m thu h\u00fat ng\u01b0\u1eddi ch\u01a1i \u0111\u1ebfn v\u1edbi game b\u00e0i FFok ch\u00ednh l\u00e0 b\u1ea3ng x\u1ebfp h\u1ea1ng cao th\u1ee7. M\u1ed7i tu\u1ea7n, ng\u01b0\u1eddi ch\u01a1i c\u00f3 th\u1ec3 ki\u1ec3m tra v\u1ecb tr\u00ed c\u1ee7a m\u00ecnh tr\u00ean b\u1ea3ng x\u1ebfp h\u1ea1ng v\u00e0 so t\u00e0i c\u00f9ng nh\u1eefng cao th\u1ee7 kh\u00e1c. \u0110i\u1ec1u n\u00e0y kh\u00f4ng ch\u1ec9 t\u1ea1o ra s\u1ef1 c\u1ea1nh tranh l\u00e0nh m\u1ea1nh m\u00e0 c\u00f2n khuy\u1ebfn kh\u00edch ng\u01b0\u1eddi ch\u01a1i n\u00e2ng cao k\u1ef9 n\u0103ng c\u1ee7a m\u00ecnh.<\/p>\n\n\n\n<p>B\u1ea3ng x\u1ebfp h\u1ea1ng \u0111\u01b0\u1ee3c c\u1eadp nh\u1eadt th\u01b0\u1eddng xuy\u00ean, nh\u1eb1m \u0111\u1ea3m b\u1ea3o r\u1eb1ng t\u1ea5t c\u1ea3 m\u1ecdi ng\u01b0\u1eddi \u0111\u1ec1u c\u00f3 c\u01a1 h\u1ed9i th\u1ec3 hi\u1ec7n b\u1ea3n th\u00e2n. Vi\u1ec7c l\u1ecdt v\u00e0o top \u0111\u1ea7u kh\u00f4ng ch\u1ec9 mang l\u1ea1i ni\u1ec1m t\u1ef1 h\u00e0o m\u00e0 c\u00f2n c\u00f3 th\u1ec3 \u0111em v\u1ec1 nh\u1eefng ph\u1ea7n th\u01b0\u1edfng gi\u00e1 tr\u1ecb t\u1eeb h\u1ec7 th\u1ed1ng c\u1ee7a FFok. V\u1edbi s\u1ef1 \u0111a d\u1ea1ng tr\u00f2 ch\u01a1i v\u00e0 m\u1ee9c \u0111\u1ed9 c\u1ea1nh tranh cao, b\u1ea3ng x\u1ebfp h\u1ea1ng c\u1ee7a FFok th\u1ef1c s\u1ef1 \u0111\u00e3 tr\u1edf th\u00e0nh m\u1ed9t ngu\u1ed3n \u0111\u1ed9ng l\u1ef1c l\u1edbn cho r\u1ea5t nhi\u1ec1u ng\u01b0\u1eddi ch\u01a1i.<\/p>\n\n\n\n<h2 class=\"wp-block-heading\"><span class=\"ez-toc-section\" id=\"Cach_tham_gia_game_bai_de_dang_tai_FFok\"><\/span>C\u00e1ch tham gia game b\u00e0i d\u1ec5 d\u00e0ng t\u1ea1i FFok<span class=\"ez-toc-section-end\"><\/span><\/h2>\n\n\n\n<p>V\u1edbi vi\u1ec7c ph\u00e1t tri\u1ec3n c\u00f4ng ngh\u1ec7 ng\u00e0y c\u00e0ng ti\u00ean ti\u1ebfn, vi\u1ec7c tham gia game b\u00e0i t\u1ea1i FFok \u0111\u00e3 tr\u1edf n\u00ean d\u1ec5 d\u00e0ng h\u01a1n bao gi\u1edd h\u1ebft. B\u1ea1n ch\u1ec9 c\u1ea7n th\u1ef1c hi\u1ec7n m\u1ed9t v\u00e0i b\u01b0\u1edbc \u0111\u01a1n gi\u1ea3n l\u00e0 c\u00f3 th\u1ec3 gia nh\u1eadp th\u1ebf gi\u1edbi b\u00e0i b\u1ea1c \u0111\u1ea7y th\u00fa v\u1ecb n\u00e0y.<\/p>\n\n\n\n<h3 class=\"wp-block-heading\">\u0110\u0103ng nh\u1eadp \u2013 ch\u1ecdn game \u2013 chi\u1ebfn th\u00f4i!<\/h3>\n\n\n\n<p>\u0110\u1ea7u ti\u00ean, b\u1ea1n c\u1ea7n ph\u1ea3i t\u1ea1o m\u1ed9t t\u00e0i kho\u1ea3n tr\u00ean n\u1ec1n t\u1ea3ng FFok. Qu\u00e1 tr\u00ecnh n\u00e0y r\u1ea5t nhanh ch\u00f3ng v\u00e0 d\u1ec5 d\u00e0ng. Sau khi \u0111\u0103ng k\u00fd th\u00e0nh c\u00f4ng, b\u1ea1n s\u1ebd nh\u1eadn \u0111\u01b0\u1ee3c th\u00f4ng tin \u0111\u0103ng nh\u1eadp v\u00e0 c\u00f3 th\u1ec3 b\u1eaft \u0111\u1ea7u tr\u1ea3i nghi\u1ec7m c\u00e1c tr\u00f2 ch\u01a1i.<\/p>\n\n\n\n<p>Khi \u0111\u00e3 \u0111\u0103ng nh\u1eadp v\u00e0o h\u1ec7 th\u1ed1ng, b\u1ea1n s\u1ebd th\u1ea5y m\u1ed9t giao di\u1ec7n th\u00e2n thi\u1ec7n v\u00e0 d\u1ec5 s\u1eed d\u1ee5ng. T\u1ea1i \u0111\u00e2y, b\u1ea1n c\u00f3 th\u1ec3 l\u1ef1a ch\u1ecdn tr\u00f2 ch\u01a1i y\u00eau th\u00edch c\u1ee7a m\u00ecnh, t\u1eeb ti\u1ebfn l\u00ean, ph\u1ecfm \u0111\u1ebfn c\u00e1c tr\u00f2 ch\u01a1i m\u1edbi l\u1ea1. Ch\u1ec9 c\u1ea7n m\u1ed9t v\u00e0i c\u00fa click chu\u1ed9t, b\u1ea1n \u0111\u00e3 s\u1eb5n s\u00e0ng cho cu\u1ed9c chi\u1ebfn b\u00e0i c\u0103ng th\u1eb3ng.<\/p>\n\n\n\n<h3 class=\"wp-block-heading\">Lu\u1eadt ch\u01a1i ng\u1eafn g\u1ecdn, newbie ch\u01a1i v\u1eabn th\u1eafng<\/h3>\n\n\n\n<p>FFok \u0111\u00e3 l\u00e0m cho vi\u1ec7c tham gia v\u00e0o c\u00e1c tr\u00f2 ch\u01a1i b\u00e0i tr\u1edf n\u00ean d\u1ec5 d\u00e0ng h\u01a1n v\u1edbi lu\u1eadt ch\u01a1i \u0111\u01b0\u1ee3c gi\u1ea3i th\u00edch r\u00f5 r\u00e0ng v\u00e0 ng\u1eafn g\u1ecdn. Ngay c\u1ea3 nh\u1eefng ng\u01b0\u1eddi ch\u01a1i m\u1edbi c\u0169ng c\u00f3 th\u1ec3 nhanh ch\u00f3ng n\u1eafm b\u1eaft c\u00e1ch th\u1ee9c v\u00e0 b\u1eaft \u0111\u1ea7u tham gia ngay l\u1eadp t\u1ee9c.<\/p>\n\n\n\n<p>Ngo\u00e0i ra, FFok c\u00f2n cung c\u1ea5p c\u00e1c h\u01b0\u1edbng d\u1eabn chi ti\u1ebft v\u00e0 video minh h\u1ecda cho t\u1eebng tr\u00f2 ch\u01a1i. \u0110i\u1ec1u n\u00e0y kh\u00f4ng ch\u1ec9 gi\u00fap ng\u01b0\u1eddi ch\u01a1i m\u1edbi hi\u1ec3u r\u00f5 h\u01a1n v\u1ec1 lu\u1eadt ch\u01a1i m\u00e0 c\u00f2n h\u1ed7 tr\u1ee3 h\u1ecd trong vi\u1ec7c n\u00e2ng cao k\u1ef9 n\u0103ng c\u1ee7a m\u00ecnh. Ch\u1ec9 c\u1ea7n ki\u00ean tr\u00ec v\u00e0 luy\u1ec7n t\u1eadp, b\u1ea1n ho\u00e0n to\u00e0n c\u00f3 th\u1ec3 tr\u1edf th\u00e0nh m\u1ed9t cao th\u1ee7 trong l\u0129nh v\u1ef1c game b\u00e0i n\u00e0y.<\/p>\n\n\n\n<h2 class=\"wp-block-heading\"><span class=\"ez-toc-section\" id=\"Bi_quyet_choi_bai_hay_khong_lo_ve_lo\"><\/span>B\u00ed quy\u1ebft ch\u01a1i b\u00e0i hay, kh\u00f4ng lo v\u1ec1 l\u1ed7<span class=\"ez-toc-section-end\"><\/span><\/h2>\n\n\n\n<p>Ch\u01a1i game b\u00e0i kh\u00f4ng ch\u1ec9 \u0111\u01a1n thu\u1ea7n l\u00e0 may m\u1eafn m\u00e0 c\u00f2n ph\u1ee5 thu\u1ed9c r\u1ea5t nhi\u1ec1u v\u00e0o k\u1ef9 n\u0103ng v\u00e0 chi\u1ebfn thu\u1eadt c\u1ee7a ng\u01b0\u1eddi ch\u01a1i. D\u01b0\u1edbi \u0111\u00e2y l\u00e0 m\u1ed9t s\u1ed1 b\u00ed quy\u1ebft gi\u00fap b\u1ea1n ch\u01a1i b\u00e0i hi\u1ec7u qu\u1ea3 h\u01a1n v\u00e0 gi\u1ea3m thi\u1ec3u t\u1ed1i \u0111a t\u00ecnh tr\u1ea1ng thua l\u1ed7.<\/p>\n\n\n\n<h3 class=\"wp-block-heading\">Qu\u1ea3n l\u00fd v\u1ed1n c\u1ef1c k\u1ef3 quan tr\u1ecdng<\/h3>\n\n\n\n<p>Qu\u1ea3n l\u00fd v\u1ed1n l\u00e0 y\u1ebfu t\u1ed1 then ch\u1ed1t trong b\u1ea5t k\u1ef3 tr\u00f2 ch\u01a1i b\u00e0i n\u00e0o. Tr\u01b0\u1edbc khi tham gia, b\u1ea1n c\u1ea7n x\u00e1c \u0111\u1ecbnh ng\u00e2n s\u00e1ch c\u1ee5 th\u1ec3 cho m\u1ed7i phi\u00ean ch\u01a1i c\u1ee7a m\u00ecnh. \u0110i\u1ec1u n\u00e0y gi\u00fap b\u1ea1n tr\u00e1nh xa vi\u1ec7c b\u1ecb cu\u1ed1n v\u00e0o v\u00f2ng xo\u00e1y c\u1ee7a c\u1edd b\u1ea1c, \u0111\u1ed3ng th\u1eddi \u0111\u1ea3m b\u1ea3o r\u1eb1ng b\u1ea1n lu\u00f4n c\u00f3 \u0111\u01b0\u1ee3c nh\u1eefng gi\u00e2y ph\u00fat th\u01b0 gi\u00e3n tho\u1ea3i m\u00e1i.<\/p>\n\n\n\n<p>H\u00e3y nh\u1edb r\u1eb1ng, kh\u00f4ng ph\u1ea3i l\u00fac n\u00e0o b\u1ea1n c\u0169ng th\u1eafng. Do \u0111\u00f3, vi\u1ec7c qu\u1ea3n l\u00fd v\u1ed1n s\u1ebd gi\u00fap b\u1ea1n kh\u00f4ng b\u1ecb \u00e1p l\u1ef1c t\u00e2m l\u00fd khi thua c\u01b0\u1ee3c. M\u1ed9t m\u1eb9o nh\u1ecf l\u00e0 h\u00e3y chia ng\u00e2n s\u00e1ch th\u00e0nh t\u1eebng ph\u1ea7n nh\u1ecf v\u00e0 ch\u1ec9 \u0111\u1eb7t c\u01b0\u1ee3c m\u1ed9t ph\u1ea7n trong m\u1ed7i l\u1ea7n ch\u01a1i. Nh\u01b0 v\u1eady, b\u1ea1n s\u1ebd c\u00f3 nhi\u1ec1u c\u01a1 h\u1ed9i \u0111\u1ec3 tr\u1ea3i nghi\u1ec7m h\u01a1n m\u00e0 kh\u00f4ng lo v\u1ec1 vi\u1ec7c m\u1ea5t h\u1ebft ti\u1ec1n.<\/p>\n\n\n\n<h3 class=\"wp-block-heading\">C\u00e1ch \u0111\u1ecdc b\u00e0i \u0111\u1ed1i th\u1ee7 v\u00e0 \u201c\u0111\u00f2n t\u00e2m l\u00fd\u201d b\u00e1 \u0111\u1ea1o<\/h3>\n\n\n\n<p>\u0110\u1ecdc b\u00e0i \u0111\u1ed1i th\u1ee7 l\u00e0 m\u1ed9t k\u1ef9 n\u0103ng quan tr\u1ecdng gi\u00fap b\u1ea1n n\u1eafm b\u1eaft \u0111\u01b0\u1ee3c t\u00ecnh h\u00ecnh v\u00e0 \u0111\u01b0a ra quy\u1ebft \u0111\u1ecbnh ch\u00ednh x\u00e1c. B\u1ea1n c\u1ea7n ch\u00fa \u00fd \u0111\u1ebfn h\u00e0nh \u0111\u1ed9ng v\u00e0 bi\u1ec3u hi\u1ec7n c\u1ee7a \u0111\u1ed1i th\u1ee7 \u0111\u1ec3 ph\u00e1n \u0111o\u00e1n xem h\u1ecd c\u00f3 b\u00e0i m\u1ea1nh hay y\u1ebfu.<\/p>\n\n\n\n<p>Ngo\u00e0i ra, \u201c\u0111\u00f2n t\u00e2m l\u00fd\u201d c\u0169ng l\u00e0 m\u1ed9t ph\u1ea7n quan tr\u1ecdng trong game b\u00e0i. H\u00e3y c\u1ed1 g\u1eafng gi\u1eef v\u1eefng tinh th\u1ea7n v\u00e0 b\u00ecnh t\u0129nh tr\u01b0\u1edbc m\u1ecdi t\u00ecnh hu\u1ed1ng. \u0110i\u1ec1u n\u00e0y s\u1ebd khi\u1ebfn \u0111\u1ed1i th\u1ee7 kh\u00f3 \u0111o\u00e1n \u0111\u01b0\u1ee3c b\u00e0i c\u1ee7a b\u1ea1n, t\u1eeb \u0111\u00f3 b\u1ea1n t\u1ea1o ra l\u1ee3i th\u1ebf cho m\u00ecnh.<\/p>\n\n\n\n<p>Th\u1eadm ch\u00ed, \u0111\u00f4i khi b\u1ea1n c\u00f3 th\u1ec3 gi\u1ea3 v\u1edd c\u00f3 b\u00e0i m\u1ea1nh \u0111\u1ec3 khi\u1ebfn \u0111\u1ed1i th\u1ee7 c\u1ea3m th\u1ea5y hoang mang v\u00e0 quy\u1ebft \u0111\u1ecbnh r\u00fat lui. Chi\u1ebfn thu\u1eadt n\u00e0y c\u1ea7n \u00e1p d\u1ee5ng linh ho\u1ea1t v\u00e0 kh\u00e9o l\u00e9o \u0111\u1ec3 \u0111\u1ea1t \u0111\u01b0\u1ee3c hi\u1ec7u qu\u1ea3 cao nh\u1ea5t.<\/p>\n\n\n\n<h2 class=\"wp-block-heading\"><span class=\"ez-toc-section\" id=\"Ket_luan\"><\/span>K\u1ebft lu\u1eadn<span class=\"ez-toc-section-end\"><\/span><\/h2>\n\n\n\n<p>Tr\u00ean \u0111\u00e2y l\u00e0 nh\u1eefng th\u00f4ng tin chi ti\u1ebft v\u1ec1 game b\u00e0i FFok, t\u1eeb c\u00e1c tr\u00f2 ch\u01a1i hot nh\u1ea5t \u0111\u1ebfn c\u00e1ch tham gia v\u00e0 nh\u1eefng b\u00ed quy\u1ebft ch\u01a1i b\u00e0i hi\u1ec7u qu\u1ea3. V\u1edbi m\u1ed9t n\u1ec1n t\u1ea3ng hi\u1ec7n \u0111\u1ea1i, \u0111a d\u1ea1ng v\u00e0 phong ph\u00fa nh\u01b0 FFok, b\u1ea1n ho\u00e0n to\u00e0n c\u00f3 th\u1ec3 t\u1eadn h\u01b0\u1edfng nh\u1eefng gi\u00e2y ph\u00fat th\u01b0 gi\u00e3n tuy\u1ec7t v\u1eddi v\u00e0 tr\u1ea3i nghi\u1ec7m nh\u1eefng cu\u1ed9c \u0111\u1ea5u tr\u00ed gay c\u1ea5n. H\u00e3y gia nh\u1eadp ngay h\u00f4m nay \u0111\u1ec3 kh\u00f4ng b\u1ecf l\u1ee1 nh\u1eefng \u0111i\u1ec1u th\u00fa v\u1ecb m\u00e0 game b\u00e0i FFok \u0111ang mang \u0111\u1ebfn!<\/p>\n\n\n","protected":false},"excerpt":{"rendered":"<p>Game B\u00e0i FFok \u2013 Th\u1ebf gi\u1edbi b\u00e0i b\u1ea1c si\u00eau h\u1ea5p d\u1eabn \u0111ang ch\u1edd b\u1ea1n! Game b\u00e0i FFok l\u00e0 m\u1ed9t trong nh\u1eefng n\u1ec1n t\u1ea3ng game tr\u1ef1c tuy\u1ebfn n\u1ed5i b\u1eadt nh\u1ea5t hi\u1ec7n nay, n\u01a1i ng\u01b0\u1eddi ch\u01a1i c\u00f3 th\u1ec3 tr\u1ea3i nghi\u1ec7m c\u00e1c tr\u00f2 ch\u01a1i b\u00e0i h\u1ea5p d\u1eabn v\u00e0 th\u00fa v\u1ecb. N\u1ebfu b\u1ea1n l\u00e0 m\u1ed9t t\u00edn \u0111\u1ed3 c\u1ee7a game [&#8230;]\n","protected":false},"author":1,"featured_media":176,"parent":0,"menu_order":0,"comment_status":"closed","ping_status":"closed","template":"","meta":{"footnotes":""},"class_list":["post-40","page","type-page","status-publish","has-post-thumbnail","hentry"],"_links":{"self":[{"href":"https:\/\/checkinhanoi.com\/index.php\/wp-json\/wp\/v2\/pages\/40","targetHints":{"allow":["GET"]}}],"collection":[{"href":"https:\/\/checkinhanoi.com\/index.php\/wp-json\/wp\/v2\/pages"}],"about":[{"href":"https:\/\/checkinhanoi.com\/index.php\/wp-json\/wp\/v2\/types\/page"}],"author":[{"embeddable":true,"href":"https:\/\/checkinhanoi.com\/index.php\/wp-json\/wp\/v2\/users\/1"}],"replies":[{"embeddable":true,"href":"https:\/\/checkinhanoi.com\/index.php\/wp-json\/wp\/v2\/comments?post=40"}],"version-history":[{"count":3,"href":"https:\/\/checkinhanoi.com\/index.php\/wp-json\/wp\/v2\/pages\/40\/revisions"}],"predecessor-version":[{"id":177,"href":"https:\/\/checkinhanoi.com\/index.php\/wp-json\/wp\/v2\/pages\/40\/revisions\/177"}],"wp:featuredmedia":[{"embeddable":true,"href":"https:\/\/checkinhanoi.com\/index.php\/wp-json\/wp\/v2\/media\/176"}],"wp:attachment":[{"href":"https:\/\/checkinhanoi.com\/index.php\/wp-json\/wp\/v2\/media?parent=40"}],"curies":[{"name":"wp","href":"https:\/\/api.w.org\/{rel}","templated":true}]}}