{"id":41,"date":"2025-04-05T05:22:28","date_gmt":"2025-04-05T05:22:28","guid":{"rendered":"https:\/\/checkinhanoi.com\/?page_id=41"},"modified":"2025-04-07T05:50:06","modified_gmt":"2025-04-07T05:50:06","slug":"da-ga-ffok","status":"publish","type":"page","link":"https:\/\/checkinhanoi.com\/index.php\/da-ga-ffok\/","title":{"rendered":"\u0110\u00e1 G\u00e0 FFok \u2013 G\u00e0 \u0111\u00e1 c\u1ef1c sung, c\u01b0\u1ee3c l\u00e0 th\u1eafng l\u1edbn!"},"content":{"rendered":"\n<h1 class=\"wp-block-heading\"><span class=\"ez-toc-section\" id=\"Da_Ga_FFok_%E2%80%93_Ga_da_cuc_sung_cuoc_la_thang_lon\"><\/span>\u0110\u00e1 G\u00e0 FFok \u2013 G\u00e0 \u0111\u00e1 c\u1ef1c sung, c\u01b0\u1ee3c l\u00e0 th\u1eafng l\u1edbn!<span class=\"ez-toc-section-end\"><\/span><\/h1>\n\n\n\n<figure class=\"wp-block-image aligncenter size-full\"><img loading=\"lazy\" decoding=\"async\" width=\"800\" height=\"450\" src=\"https:\/\/checkinhanoi.com\/wp-content\/uploads\/2025\/04\/da-ga.jpg\" alt=\"\u0110\u00e1 G\u00e0 FFok \u2013 G\u00e0 \u0111\u00e1 c\u1ef1c sung, c\u01b0\u1ee3c l\u00e0 th\u1eafng l\u1edbn!\" class=\"wp-image-189\" srcset=\"https:\/\/checkinhanoi.com\/wp-content\/uploads\/2025\/04\/da-ga.jpg 800w, https:\/\/checkinhanoi.com\/wp-content\/uploads\/2025\/04\/da-ga-300x169.jpg 300w, https:\/\/checkinhanoi.com\/wp-content\/uploads\/2025\/04\/da-ga-768x432.jpg 768w\" sizes=\"auto, (max-width: 800px) 100vw, 800px\" \/><figcaption class=\"wp-element-caption\">\u0110\u00e1 G\u00e0 FFok \u2013 G\u00e0 \u0111\u00e1 c\u1ef1c sung, c\u01b0\u1ee3c l\u00e0 th\u1eafng l\u1edbn!<\/figcaption><\/figure>\n\n\n\n<p><strong><a href=\"https:\/\/checkinhanoi.com\/index.php\/da-ga-ffok\/\">\u0110\u00e1 g\u00e0 FFok<\/a><\/strong>&nbsp;kh\u00f4ng ch\u1ec9 \u0111\u01a1n thu\u1ea7n l\u00e0 m\u1ed9t tr\u00f2 ch\u01a1i gi\u1ea3i tr\u00ed m\u00e0 c\u00f2n mang \u0111\u1ebfn nh\u1eefng tr\u1ea3i nghi\u1ec7m v\u00f4 c\u00f9ng th\u00fa v\u1ecb cho ng\u01b0\u1eddi tham gia. V\u1edbi s\u1ef1 ph\u00e1t tri\u1ec3n c\u1ee7a c\u00f4ng ngh\u1ec7 v\u00e0 Internet, vi\u1ec7c \u0111\u00e1 g\u00e0 online \u0111\u00e3 tr\u1edf n\u00ean ph\u1ed5 bi\u1ebfn h\u01a1n bao gi\u1edd h\u1ebft. Nh\u1edd \u0111\u00f3, ng\u01b0\u1eddi y\u00eau th\u00edch b\u1ed9 m\u00f4n n\u00e0y c\u00f3 th\u1ec3 d\u1ec5 d\u00e0ng theo d\u00f5i c\u00e1c tr\u1eadn \u0111\u1ea5u, \u0111\u1eb7t c\u01b0\u1ee3c v\u00e0 th\u1eadm ch\u00ed l\u00e0 giao l\u01b0u v\u1edbi nh\u1eefng ng\u01b0\u1eddi c\u00f9ng \u0111am m\u00ea t\u1eeb kh\u1eafp n\u01a1i.<\/p><div id=\"ez-toc-container\" class=\"ez-toc-v2_0_82_2 ez-toc-wrap-center counter-hierarchy ez-toc-counter ez-toc-grey ez-toc-container-direction\">\n<div class=\"ez-toc-title-container\">\n<p class=\"ez-toc-title\" style=\"cursor:inherit\">T\u00f3m t\u1eaft<\/p>\n<span class=\"ez-toc-title-toggle\"><a href=\"#\" class=\"ez-toc-pull-right ez-toc-btn ez-toc-btn-xs ez-toc-btn-default ez-toc-toggle\" aria-label=\"Toggle Table of Content\"><span class=\"ez-toc-js-icon-con\"><span class=\"\"><span class=\"eztoc-hide\" style=\"display:none;\">Toggle<\/span><span class=\"ez-toc-icon-toggle-span\"><svg style=\"fill: #999;color:#999\" xmlns=\"http:\/\/www.w3.org\/2000\/svg\" class=\"list-377408\" width=\"20px\" height=\"20px\" viewBox=\"0 0 24 24\" fill=\"none\"><path d=\"M6 6H4v2h2V6zm14 0H8v2h12V6zM4 11h2v2H4v-2zm16 0H8v2h12v-2zM4 16h2v2H4v-2zm16 0H8v2h12v-2z\" fill=\"currentColor\"><\/path><\/svg><svg style=\"fill: #999;color:#999\" class=\"arrow-unsorted-368013\" xmlns=\"http:\/\/www.w3.org\/2000\/svg\" width=\"10px\" height=\"10px\" viewBox=\"0 0 24 24\" version=\"1.2\" baseProfile=\"tiny\"><path d=\"M18.2 9.3l-6.2-6.3-6.2 6.3c-.2.2-.3.4-.3.7s.1.5.3.7c.2.2.4.3.7.3h11c.3 0 .5-.1.7-.3.2-.2.3-.5.3-.7s-.1-.5-.3-.7zM5.8 14.7l6.2 6.3 6.2-6.3c.2-.2.3-.5.3-.7s-.1-.5-.3-.7c-.2-.2-.4-.3-.7-.3h-11c-.3 0-.5.1-.7.3-.2.2-.3.5-.3.7s.1.5.3.7z\"\/><\/svg><\/span><\/span><\/span><\/a><\/span><\/div>\n<nav><ul class='ez-toc-list ez-toc-list-level-1 ' ><li class='ez-toc-page-1 ez-toc-heading-level-1'><a class=\"ez-toc-link ez-toc-heading-1\" href=\"https:\/\/checkinhanoi.com\/index.php\/da-ga-ffok\/#Da_Ga_FFok_%E2%80%93_Ga_da_cuc_sung_cuoc_la_thang_lon\" >\u0110\u00e1 G\u00e0 FFok \u2013 G\u00e0 \u0111\u00e1 c\u1ef1c sung, c\u01b0\u1ee3c l\u00e0 th\u1eafng l\u1edbn!<\/a><ul class='ez-toc-list-level-2' ><li class='ez-toc-heading-level-2'><a class=\"ez-toc-link ez-toc-heading-2\" href=\"https:\/\/checkinhanoi.com\/index.php\/da-ga-ffok\/#Da_ga_online_tai_FFok_co_gi_thu_vi\" >\u0110\u00e1 g\u00e0 online t\u1ea1i FFok c\u00f3 g\u00ec th\u00fa v\u1ecb?<\/a><\/li><li class='ez-toc-page-1 ez-toc-heading-level-2'><a class=\"ez-toc-link ez-toc-heading-3\" href=\"https:\/\/checkinhanoi.com\/index.php\/da-ga-ffok\/#Cach_tham_gia_da_ga_tai_FFok\" >C\u00e1ch tham gia \u0111\u00e1 g\u00e0 t\u1ea1i FFok<\/a><\/li><li class='ez-toc-page-1 ez-toc-heading-level-2'><a class=\"ez-toc-link ez-toc-heading-4\" href=\"https:\/\/checkinhanoi.com\/index.php\/da-ga-ffok\/#Meo_ca_cuoc_da_ga_de_an_tien_hon\" >M\u1eb9o c\u00e1 c\u01b0\u1ee3c \u0111\u00e1 g\u00e0 d\u1ec5 \u0103n ti\u1ec1n h\u01a1n<\/a><\/li><li class='ez-toc-page-1 ez-toc-heading-level-2'><a class=\"ez-toc-link ez-toc-heading-5\" href=\"https:\/\/checkinhanoi.com\/index.php\/da-ga-ffok\/#Ket_luan\" >K\u1ebft lu\u1eadn<\/a><\/li><\/ul><\/li><\/ul><\/nav><\/div>\n\n\n\n\n<h2 class=\"wp-block-heading\"><span class=\"ez-toc-section\" id=\"Da_ga_online_tai_FFok_co_gi_thu_vi\"><\/span>\u0110\u00e1 g\u00e0 online t\u1ea1i FFok c\u00f3 g\u00ec th\u00fa v\u1ecb?<span class=\"ez-toc-section-end\"><\/span><\/h2>\n\n\n\n<p>Khi n\u00f3i \u0111\u1ebfn&nbsp;<strong>\u0110\u00e1 g\u00e0 FFok<\/strong>, kh\u00f4ng th\u1ec3 kh\u00f4ng nh\u1eafc \u0111\u1ebfn nh\u1eefng y\u1ebfu t\u1ed1 l\u00e0m n\u00ean s\u1ee9c h\u1ea5p d\u1eabn c\u1ee7a n\u1ec1n t\u1ea3ng n\u00e0y. T\u1ea1i nh\u00e0 c\u00e1i <a href=\"https:\/\/checkinhanoi.com\/\"><strong>FFok<\/strong><\/a>, ng\u01b0\u1eddi ch\u01a1i kh\u00f4ng ch\u1ec9 tham gia v\u00e0o c\u00e1c tr\u1eadn \u0111\u1ea5u \u0111\u00e1 g\u00e0 m\u00e0 c\u00f2n \u0111\u01b0\u1ee3c tr\u1ea3i nghi\u1ec7m m\u1ed9t kh\u00f4ng gian s\u1ed1ng \u0111\u1ed9ng, h\u00e0o h\u1ee9ng nh\u01b0 \u0111ang ng\u1ed3i trong s\u00e2n v\u1eadn \u0111\u1ed9ng th\u1eadt s\u1ef1.<\/p>\n\n\n\n<h3 class=\"wp-block-heading\">Tr\u1ef1c ti\u1ebfp t\u1eebng tr\u1eadn \u2013 \u00e2m thanh, h\u00ecnh \u1ea3nh c\u1ef1c \u0111\u00e3<\/h3>\n\n\n\n<p>M\u1ed9t trong nh\u1eefng \u0111i\u1ec3m n\u1ed5i b\u1eadt nh\u1ea5t c\u1ee7a&nbsp;<strong>\u0110\u00e1 g\u00e0 FFok<\/strong>&nbsp;ch\u00ednh l\u00e0 h\u1ec7 th\u1ed1ng truy\u1ec1n h\u00ecnh tr\u1ef1c ti\u1ebfp ch\u1ea5t l\u01b0\u1ee3ng cao. Ng\u01b0\u1eddi ch\u01a1i c\u00f3 th\u1ec3 xem t\u1eebng tr\u1eadn \u0111\u1ea5u v\u1edbi h\u00ecnh \u1ea3nh s\u1eafc n\u00e9t v\u00e0 \u00e2m thanh s\u1ed1ng \u0111\u1ed9ng, gi\u00fap t\u00e1i hi\u1ec7n l\u1ea1i kh\u00f4ng kh\u00ed c\u1ee7a c\u00e1c cu\u1ed9c \u0111\u1ea5u g\u00e0 truy\u1ec1n th\u1ed1ng.<\/p>\n\n\n\n<p>H\u1ec7 th\u1ed1ng camera \u0111a g\u00f3c \u0111\u1ed9 cho ph\u00e9p ng\u01b0\u1eddi xem quan s\u00e1t r\u00f5 r\u00e0ng t\u1eebng chi ti\u1ebft c\u1ee7a tr\u1eadn \u0111\u1ea5u, t\u1eeb c\u00e1ch di chuy\u1ec3n, chi\u1ebfn thu\u1eadt cho \u0111\u1ebfn nh\u1eefng kho\u1ea3nh kh\u1eafc quy\u1ebft \u0111\u1ecbnh c\u1ee7a g\u00e0 chi\u1ebfn. \u0110i\u1ec1u n\u00e0y kh\u00f4ng ch\u1ec9 khi\u1ebfn ng\u01b0\u1eddi xem c\u1ea3m th\u1ea5y ph\u1ea5n kh\u00edch m\u00e0 c\u00f2n gi\u00fap h\u1ecd \u0111\u01b0a ra nh\u1eefng quy\u1ebft \u0111\u1ecbnh c\u01b0\u1ee3c h\u1ee3p l\u00fd h\u01a1n.<\/p>\n\n\n\n<p>B\u00ean c\u1ea1nh \u0111\u00f3, n\u1ec1n t\u1ea3ng c\u00f2n c\u1eadp nh\u1eadt th\u00f4ng tin tr\u1ef1c ti\u1ebfp v\u1ec1 t\u00ecnh h\u00ecnh tr\u1eadn \u0111\u1ea5u, t\u1eeb t\u1ef7 s\u1ed1 cho \u0111\u1ebfn di\u1ec5n bi\u1ebfn, gi\u00fap ng\u01b0\u1eddi ch\u01a1i kh\u00f4ng b\u1ecf l\u1ee1 b\u1ea5t k\u1ef3 th\u00f4ng tin n\u00e0o.<\/p>\n\n\n\n<h3 class=\"wp-block-heading\">C\u01b0\u1ee3c si\u00eau nhanh \u2013 k\u1ebft qu\u1ea3 minh b\u1ea1ch r\u00f5 r\u00e0ng<\/h3>\n\n\n\n<p>Th\u1eddi gian c\u0169ng l\u00e0 m\u1ed9t y\u1ebfu t\u1ed1 quan tr\u1ecdng trong&nbsp;<strong>\u0110\u00e1 g\u00e0 FFok<\/strong>. Ng\u01b0\u1eddi ch\u01a1i c\u00f3 th\u1ec3 \u0111\u1eb7t c\u01b0\u1ee3c ngay trong th\u1eddi gian th\u1ef1c m\u00e0 kh\u00f4ng c\u1ea7n ph\u1ea3i ch\u1edd \u0111\u1ee3i l\u00e2u. H\u1ec7 th\u1ed1ng c\u01b0\u1ee3c c\u1ee7a FFok \u0111\u01b0\u1ee3c thi\u1ebft k\u1ebf th\u00f4ng minh, cho ph\u00e9p ng\u01b0\u1eddi ch\u01a1i l\u1ef1a ch\u1ecdn nhi\u1ec1u lo\u1ea1i k\u00e8o kh\u00e1c nhau, t\u1eeb k\u00e8o ch\u1ea5p \u0111\u1ebfn k\u00e8o t\u00e0i x\u1ec9u.<\/p>\n\n\n\n<p>C\u00e1c k\u1ebft qu\u1ea3 c\u01b0\u1ee3c c\u0169ng \u0111\u01b0\u1ee3c c\u1eadp nh\u1eadt ngay l\u1eadp t\u1ee9c sau khi tr\u1eadn \u0111\u1ea5u k\u1ebft th\u00fac, \u0111\u1ea3m b\u1ea3o t\u00ednh minh b\u1ea1ch v\u00e0 c\u00f4ng b\u1eb1ng cho m\u1ecdi ng\u01b0\u1eddi tham gia. \u0110i\u1ec1u n\u00e0y kh\u00f4ng ch\u1ec9 gi\u00fap ng\u01b0\u1eddi ch\u01a1i y\u00ean t\u00e2m h\u01a1n khi \u0111\u1eb7t c\u01b0\u1ee3c m\u00e0 c\u00f2n khuy\u1ebfn kh\u00edch h\u1ecd tham gia nhi\u1ec1u h\u01a1n v\u00e0o c\u00e1c tr\u1eadn \u0111\u1ea5u.<\/p>\n\n\n\n<p>Ngo\u00e0i ra, FFok c\u0169ng cung c\u1ea5p c\u00e1c ch\u01b0\u01a1ng tr\u00ecnh khuy\u1ebfn m\u00e3i h\u1ea5p d\u1eabn cho ng\u01b0\u1eddi ch\u01a1i m\u1edbi v\u00e0 nh\u1eefng ng\u01b0\u1eddi ch\u01a1i trung th\u00e0nh, \u0111i\u1ec1u n\u00e0y c\u00e0ng l\u00e0m t\u0103ng th\u00eam t\u00ednh h\u1ea5p d\u1eabn c\u1ee7a n\u1ec1n t\u1ea3ng.<\/p>\n\n\n\n<h2 class=\"wp-block-heading\"><span class=\"ez-toc-section\" id=\"Cach_tham_gia_da_ga_tai_FFok\"><\/span>C\u00e1ch tham gia \u0111\u00e1 g\u00e0 t\u1ea1i FFok<span class=\"ez-toc-section-end\"><\/span><\/h2>\n\n\n\n<p>Vi\u1ec7c tham gia&nbsp;<strong>\u0110\u00e1 g\u00e0 FFok<\/strong>&nbsp;r\u1ea5t \u0111\u01a1n gi\u1ea3n v\u00e0 d\u1ec5 d\u00e0ng, \u0111\u1eb7c bi\u1ec7t l\u00e0 v\u1edbi nh\u1eefng ai m\u1edbi b\u1eaft \u0111\u1ea7u. D\u01b0\u1edbi \u0111\u00e2y s\u1ebd l\u00e0 h\u01b0\u1edbng d\u1eabn c\u1ee5 th\u1ec3 \u0111\u1ec3 b\u1ea1n c\u00f3 th\u1ec3 nhanh ch\u00f3ng h\u00f2a nh\u1eadp v\u00e0o th\u1ebf gi\u1edbi \u0111\u00e1 g\u00e0 online.<\/p>\n\n\n\n<h3 class=\"wp-block-heading\">H\u01b0\u1edbng d\u1eabn ch\u1ecdn s\u1ea3nh v\u00e0 \u0111\u1eb7t c\u01b0\u1ee3c d\u1ec5 hi\u1ec3u<\/h3>\n\n\n\n<p>\u0110\u1ea7u ti\u00ean, b\u1ea1n c\u1ea7n \u0111\u0103ng k\u00fd t\u00e0i kho\u1ea3n tr\u00ean trang web c\u1ee7a FFok. Sau khi ho\u00e0n t\u1ea5t qu\u00e1 tr\u00ecnh \u0111\u0103ng k\u00fd, h\u00e3y \u0111\u0103ng nh\u1eadp v\u00e0 ch\u1ecdn s\u1ea3nh ch\u01a1i. C\u00e1c s\u1ea3nh t\u1ea1i FFok th\u01b0\u1eddng \u0111\u01b0\u1ee3c ph\u00e2n lo\u1ea1i theo c\u00e1c m\u1ee9c c\u01b0\u1ee3c v\u00e0 lo\u1ea1i g\u00e0, gi\u00fap b\u1ea1n d\u1ec5 d\u00e0ng l\u1ef1a ch\u1ecdn ph\u00f9 h\u1ee3p v\u1edbi kh\u1ea3 n\u0103ng t\u00e0i ch\u00ednh c\u1ee7a m\u00ecnh.<\/p>\n\n\n\n<p>Khi \u0111\u00e3 ch\u1ecdn \u0111\u01b0\u1ee3c s\u1ea3nh, h\u00e3y t\u00ecm hi\u1ec3u k\u1ef9 v\u1ec1 c\u00e1c lo\u1ea1i k\u00e8o c\u01b0\u1ee3c m\u00e0 s\u1ea3nh \u0111\u00f3 cung c\u1ea5p. M\u1ed7i lo\u1ea1i k\u00e8o s\u1ebd c\u00f3 c\u00e1ch \u0111\u1eb7t c\u01b0\u1ee3c v\u00e0 t\u1ef7 l\u1ec7 tr\u1ea3 th\u01b0\u1edfng kh\u00e1c nhau. Ng\u01b0\u1eddi ch\u01a1i n\u00ean nghi\u00ean c\u1ee9u k\u1ef9 c\u00e1c lo\u1ea1i k\u00e8o n\u00e0y tr\u01b0\u1edbc khi ti\u1ebfn h\u00e0nh \u0111\u1eb7t c\u01b0\u1ee3c \u0111\u1ec3 tr\u00e1nh g\u1eb7p ph\u1ea3i sai s\u00f3t.<\/p>\n\n\n\n<p>Sau khi \u0111\u00e3 n\u1eafm r\u00f5 th\u00f4ng tin, b\u1ea1n ch\u1ec9 c\u1ea7n ch\u1ecdn g\u00e0 v\u00e0 m\u1ee9c c\u01b0\u1ee3c m\u00e0 b\u1ea1n mu\u1ed1n tham gia. H\u1ec7 th\u1ed1ng s\u1ebd t\u1ef1 \u0111\u1ed9ng t\u00ednh to\u00e1n v\u00e0 x\u00e1c nh\u1eadn c\u01b0\u1ee3c c\u1ee7a b\u1ea1n ngay l\u1eadp t\u1ee9c, gi\u00fap b\u1ea1n ti\u1ebft ki\u1ec7m th\u1eddi gian t\u1ed1i \u0111a.<\/p>\n\n\n\n<h3 class=\"wp-block-heading\">C\u00e1c lo\u1ea1i k\u00e8o \u0111\u00e1 g\u00e0 ph\u1ed5 bi\u1ebfn cho ng\u01b0\u1eddi m\u1edbi<\/h3>\n\n\n\n<p>Khi tham gia&nbsp;<strong>\u0110\u00e1 g\u00e0 FFok<\/strong>, b\u1ea1n s\u1ebd g\u1eb7p m\u1ed9t s\u1ed1 lo\u1ea1i k\u00e8o ph\u1ed5 bi\u1ebfn m\u00e0 ng\u01b0\u1eddi ch\u01a1i th\u01b0\u1eddng s\u1eed d\u1ee5ng. Nh\u1eefng lo\u1ea1i k\u00e8o n\u00e0y kh\u00f4ng ch\u1ec9 \u0111\u01a1n gi\u1ea3n m\u00e0 c\u00f2n d\u1ec5 hi\u1ec3u, gi\u00fap c\u00e1c t\u00e2n binh nhanh ch\u00f3ng l\u00e0m quen v\u1edbi c\u00e1ch c\u01b0\u1ee3c.<\/p>\n\n\n\n<p>K\u00e8o ch\u1ea5p: \u0110\u00e2y l\u00e0 lo\u1ea1i k\u00e8o c\u01a1 b\u1ea3n nh\u1ea5t, trong \u0111\u00f3 m\u1ed9t \u0111\u1ed9i (g\u00e0) s\u1ebd \u0111\u01b0\u1ee3c xem l\u00e0 m\u1ea1nh h\u01a1n v\u00e0 ph\u1ea3i ch\u1ea5p m\u1ed9t s\u1ed1 \u0111i\u1ec3m nh\u1ea5t \u0111\u1ecbnh. Ng\u01b0\u1eddi ch\u01a1i ch\u1ec9 c\u1ea7n x\u00e1c \u0111\u1ecbnh g\u00e0 n\u00e0o s\u1ebd gi\u00e0nh chi\u1ebfn th\u1eafng ho\u1eb7c li\u1ec7u k\u1ebft qu\u1ea3 c\u00f3 v\u01b0\u1ee3t qua m\u1ee9c ch\u1ea5p hay kh\u00f4ng.<\/p>\n\n\n\n<p>K\u00e8o t\u00e0i x\u1ec9u: \u0110\u00e2y l\u00e0 lo\u1ea1i k\u00e8o d\u1ef1 \u0111o\u00e1n t\u1ed5ng s\u1ed1 \u0111i\u1ec3m m\u00e0 hai g\u00e0 c\u00f3 th\u1ec3 \u0111\u1ea1t \u0111\u01b0\u1ee3c trong tr\u1eadn \u0111\u1ea5u. Ng\u01b0\u1eddi ch\u01a1i s\u1ebd \u0111\u1eb7t c\u01b0\u1ee3c t\u00e0i (tr\u00ean m\u1ee9c) ho\u1eb7c x\u1ec9u (d\u01b0\u1edbi m\u1ee9c) v\u00e0 t\u00f9y thu\u1ed9c v\u00e0o phong \u0111\u1ed9 c\u1ee7a g\u00e0 m\u00e0 b\u1ea1n c\u00f3 th\u1ec3 \u0111\u01b0a ra d\u1ef1 \u0111o\u00e1n ch\u00ednh x\u00e1c h\u01a1n.<\/p>\n\n\n\n<p>K\u00e8o \u0111\u1ed3ng banh: \u0110\u00e2y l\u00e0 lo\u1ea1i k\u00e8o r\u1ea5t ph\u1ed5 bi\u1ebfn, th\u01b0\u1eddng \u00e1p d\u1ee5ng trong tr\u01b0\u1eddng h\u1ee3p hai g\u00e0 \u0111\u01b0\u1ee3c \u0111\u00e1nh gi\u00e1 ngang nhau. Ng\u01b0\u1eddi ch\u01a1i ch\u1ec9 c\u1ea7n \u0111\u1eb7t c\u01b0\u1ee3c cho g\u00e0 m\u00e0 m\u00ecnh tin t\u01b0\u1edfng s\u1ebd chi\u1ebfn th\u1eafng.<\/p>\n\n\n\n<p>Nh\u1eefng lo\u1ea1i k\u00e8o n\u00e0y s\u1ebd gi\u00fap b\u1ea1n c\u00f3 c\u00e1i nh\u00ecn t\u1ed5ng quan h\u01a1n v\u1ec1 t\u1eebng tr\u1eadn \u0111\u1ea5u v\u00e0 \u0111\u01b0a ra nh\u1eefng quy\u1ebft \u0111\u1ecbnh c\u01b0\u1ee3c h\u1ee3p l\u00fd. Vi\u1ec7c n\u1eafm v\u1eefng c\u00e1c lo\u1ea1i k\u00e8o l\u00e0 ch\u00eca kh\u00f3a \u0111\u1ec3 b\u1ea1n c\u00f3 th\u1ec3 chi\u1ebfn th\u1eafng trong c\u00e1c tr\u1eadn \u0111\u1ea5u \u0111\u00e1 g\u00e0.<\/p>\n\n\n\n<h2 class=\"wp-block-heading\"><span class=\"ez-toc-section\" id=\"Meo_ca_cuoc_da_ga_de_an_tien_hon\"><\/span>M\u1eb9o c\u00e1 c\u01b0\u1ee3c \u0111\u00e1 g\u00e0 d\u1ec5 \u0103n ti\u1ec1n h\u01a1n<span class=\"ez-toc-section-end\"><\/span><\/h2>\n\n\n\n<p>C\u00e1 c\u01b0\u1ee3c \u0111\u00e1 g\u00e0 kh\u00f4ng ch\u1ec9 \u0111\u01a1n thu\u1ea7n l\u00e0 may m\u1eafn. \u0110\u1ec3 c\u00f3 th\u1ec3 th\u1eafng l\u1edbn, ng\u01b0\u1eddi ch\u01a1i c\u1ea7n c\u00f3 nh\u1eefng chi\u1ebfn l\u01b0\u1ee3c v\u00e0 b\u00ed quy\u1ebft ri\u00eang. D\u01b0\u1edbi \u0111\u00e2y l\u00e0 m\u1ed9t s\u1ed1 m\u1eb9o h\u1eefu \u00edch gi\u00fap b\u1ea1n gia t\u0103ng c\u01a1 h\u1ed9i th\u1eafng l\u1ee3i khi tham gia&nbsp;<strong>\u0110\u00e1 g\u00e0 FFok<\/strong>.<\/p>\n\n\n\n<h3 class=\"wp-block-heading\">Xem l\u1ecbch thi \u0111\u1ea5u, ch\u1ecdn g\u00e0 phong \u0111\u1ed9 cao<\/h3>\n\n\n\n<p>M\u1ed9t trong nh\u1eefng y\u1ebfu t\u1ed1 quan tr\u1ecdng nh\u1ea5t trong c\u00e1 c\u01b0\u1ee3c \u0111\u00e1 g\u00e0 l\u00e0 ch\u1ecdn g\u00e0 c\u00f3 phong \u0111\u1ed9 t\u1ed1t. Tr\u01b0\u1edbc khi \u0111\u1eb7t c\u01b0\u1ee3c, h\u00e3y xem x\u00e9t l\u1ecbch thi \u0111\u1ea5u v\u00e0 k\u1ebft qu\u1ea3 g\u1ea7n \u0111\u00e2y c\u1ee7a c\u00e1c g\u00e0. G\u00e0 n\u00e0o c\u00f3 chu\u1ed7i th\u1eafng k\u00e9o d\u00e0i, \u0111\u1ed1i th\u1ee7 c\u00f3 phong \u0111\u1ed9 th\u1ea5p h\u01a1n, hay g\u00e0 n\u00e0o t\u1eebng th\u1eafng trong c\u00e1c cu\u1ed9c \u0111\u1ed1i \u0111\u1ea7u tr\u1ef1c ti\u1ebfp s\u1ebd l\u00e0 nh\u1eefng l\u1ef1a ch\u1ecdn \u0111\u00e1ng c\u00e2n nh\u1eafc.<\/p>\n\n\n\n<p>H\u00e3y th\u01b0\u1eddng xuy\u00ean theo d\u00f5i c\u00e1c di\u1ec5n \u0111\u00e0n, m\u1ea1ng x\u00e3 h\u1ed9i ho\u1eb7c c\u00e1c trang web chuy\u00ean v\u1ec1 \u0111\u00e1 g\u00e0 \u0111\u1ec3 c\u1eadp nh\u1eadt nh\u1eefng th\u00f4ng tin m\u1edbi nh\u1ea5t v\u1ec1 c\u00e1c chi\u1ebfn k\u00ea ti\u1ec1m n\u0103ng. Vi\u1ec7c n\u1eafm b\u1eaft th\u00f4ng tin k\u1ecbp th\u1eddi s\u1ebd gi\u00fap b\u1ea1n c\u00f3 c\u00e1i nh\u00ecn s\u00e2u s\u1eafc h\u01a1n v\u1ec1 t\u1eebng \u0111\u1ed1i th\u1ee7 trong tr\u1eadn \u0111\u1ea5u.<\/p>\n\n\n\n<p>Ngo\u00e0i ra, n\u1ebfu c\u00f3 th\u1ec3, h\u00e3y xem tr\u1ef1c ti\u1ebfp c\u00e1c tr\u1eadn \u0111\u1ea5u \u0111\u1ec3 \u0111\u00e1nh gi\u00e1 k\u1ef9 l\u01b0\u1ee1ng c\u00e1ch th\u1ee9c thi \u0111\u1ea5u v\u00e0 k\u0129 n\u0103ng c\u1ee7a t\u1eebng g\u00e0. \u0110i\u1ec1u n\u00e0y s\u1ebd gi\u00fap b\u1ea1n \u0111\u01b0a ra nh\u1eefng quy\u1ebft \u0111\u1ecbnh ch\u00ednh x\u00e1c h\u01a1n khi \u0111\u1eb7t c\u01b0\u1ee3c.<\/p>\n\n\n\n<h3 class=\"wp-block-heading\">Qu\u1ea3n l\u00fd v\u1ed1n ch\u01a1i th\u00f4ng minh, kh\u00f4ng b\u1ecb cu\u1ed1n<\/h3>\n\n\n\n<p>Qu\u1ea3n l\u00fd v\u1ed1n l\u00e0 m\u1ed9t ph\u1ea7n kh\u00f4ng th\u1ec3 thi\u1ebfu trong b\u1ea5t k\u1ef3 h\u00ecnh th\u1ee9c c\u00e1 c\u01b0\u1ee3c n\u00e0o, bao g\u1ed3m c\u1ea3&nbsp;<strong>\u0110\u00e1 g\u00e0 FFok<\/strong>. B\u1ea1n c\u1ea7n x\u00e1c \u0111\u1ecbnh r\u00f5 r\u00e0ng ng\u00e2n s\u00e1ch m\u00e0 m\u00ecnh c\u00f3 th\u1ec3 d\u00e0nh cho vi\u1ec7c c\u00e1 c\u01b0\u1ee3c v\u00e0 tuy\u1ec7t \u0111\u1ed1i tu\u00e2n th\u1ee7 n\u00f3.<\/p>\n\n\n\n<p>H\u00e3y chia nh\u1ecf s\u1ed1 ti\u1ec1n b\u1ea1n c\u00f3 th\u00e0nh nhi\u1ec1u v\u00e1n c\u01b0\u1ee3c kh\u00e1c nhau v\u00e0 \u0111\u1eebng \u0111\u1eb7t c\u01b0\u1ee3c t\u1ea5t c\u1ea3 v\u00e0o m\u1ed9t tr\u1eadn \u0111\u1ea5u. Vi\u1ec7c n\u00e0y kh\u00f4ng ch\u1ec9 gi\u00fap b\u1ea1n gi\u1ea3m thi\u1ec3u r\u1ee7i ro m\u00e0 c\u00f2n gi\u00fap b\u1ea1n c\u00f3 th\u1ec3 tham gia nhi\u1ec1u tr\u1eadn \u0111\u1ea5u h\u01a1n.<\/p>\n\n\n\n<p>N\u1ebfu b\u1ea1n th\u1eafng, h\u00e3y xem x\u00e9t vi\u1ec7c gi\u1eef l\u1ea1i m\u1ed9t ph\u1ea7n l\u1ee3i nhu\u1eadn v\u00e0 ch\u1ec9 s\u1eed d\u1ee5ng m\u1ed9t ph\u1ea7n cho c\u00e1c l\u1ea7n c\u01b0\u1ee3c ti\u1ebfp theo. Ng\u01b0\u1ee3c l\u1ea1i, n\u1ebfu b\u1ea1n thua, h\u00e3y bi\u1ebft d\u1eebng l\u1ea1i k\u1ecbp th\u1eddi thay v\u00ec c\u1ed1 g\u1eafng g\u1ee1 g\u1ea1c. Vi\u1ec7c gi\u1eef b\u00ecnh t\u0129nh v\u00e0 qu\u1ea3n l\u00fd v\u1ed1n m\u1ed9t c\u00e1ch th\u00f4ng minh s\u1ebd gi\u00fap b\u1ea1n duy tr\u00ec \u0111\u01b0\u1ee3c ni\u1ec1m vui trong tr\u00f2 ch\u01a1i n\u00e0y m\u00e0 kh\u00f4ng b\u1ecb \u00e1p l\u1ef1c t\u00e0i ch\u00ednh.<\/p>\n\n\n\n<h2 class=\"wp-block-heading\"><span class=\"ez-toc-section\" id=\"Ket_luan\"><\/span>K\u1ebft lu\u1eadn<span class=\"ez-toc-section-end\"><\/span><\/h2>\n\n\n\n<p><strong>\u0110\u00e1 g\u00e0 FFok<\/strong>&nbsp;th\u1ef1c s\u1ef1 m\u1edf ra m\u1ed9t th\u1ebf gi\u1edbi m\u1edbi cho nh\u1eefng ng\u01b0\u1eddi y\u00eau th\u00edch tr\u00f2 ch\u01a1i n\u00e0y. Kh\u00f4ng ch\u1ec9 mang \u0111\u1ebfn nh\u1eefng ph\u00fat gi\u00e2y h\u1ed3i h\u1ed9p, th\u00fa v\u1ecb, m\u00e0 c\u00f2n l\u00e0 n\u01a1i \u0111\u1ec3 giao l\u01b0u, h\u1ecdc h\u1ecfi kinh nghi\u1ec7m v\u00e0 n\u00e2ng cao k\u1ef9 n\u0103ng c\u00e1 c\u01b0\u1ee3c. Qua b\u00e0i vi\u1ebft n\u00e0y, hy v\u1ecdng b\u1ea1n \u0111\u00e3 c\u00f3 th\u00eam nhi\u1ec1u ki\u1ebfn th\u1ee9c b\u1ed5 \u00edch \u0111\u1ec3 tham gia v\u00e0o c\u00e1c tr\u1eadn \u0111\u1ea5u \u0111\u00e1 g\u00e0 m\u1ed9t c\u00e1ch hi\u1ec7u qu\u1ea3 v\u00e0 ki\u1ebfm \u0111\u01b0\u1ee3c nh\u1eefng kho\u1ea3n l\u1ee3i nhu\u1eadn \u0111\u00e1ng k\u1ec3. H\u00e3y tham gia ngay h\u00f4m nay v\u00e0 tr\u1ea3i nghi\u1ec7m s\u1ef1 kh\u00e1c bi\u1ec7t m\u00e0 FFok mang l\u1ea1i!<\/p>\n\n\n","protected":false},"excerpt":{"rendered":"<p>\u0110\u00e1 G\u00e0 FFok \u2013 G\u00e0 \u0111\u00e1 c\u1ef1c sung, c\u01b0\u1ee3c l\u00e0 th\u1eafng l\u1edbn! \u0110\u00e1 g\u00e0 FFok&nbsp;kh\u00f4ng ch\u1ec9 \u0111\u01a1n thu\u1ea7n l\u00e0 m\u1ed9t tr\u00f2 ch\u01a1i gi\u1ea3i tr\u00ed m\u00e0 c\u00f2n mang \u0111\u1ebfn nh\u1eefng tr\u1ea3i nghi\u1ec7m v\u00f4 c\u00f9ng th\u00fa v\u1ecb cho ng\u01b0\u1eddi tham gia. V\u1edbi s\u1ef1 ph\u00e1t tri\u1ec3n c\u1ee7a c\u00f4ng ngh\u1ec7 v\u00e0 Internet, vi\u1ec7c \u0111\u00e1 g\u00e0 online \u0111\u00e3 tr\u1edf n\u00ean [&#8230;]\n","protected":false},"author":1,"featured_media":189,"parent":0,"menu_order":0,"comment_status":"closed","ping_status":"closed","template":"","meta":{"footnotes":""},"class_list":["post-41","page","type-page","status-publish","has-post-thumbnail","hentry"],"_links":{"self":[{"href":"https:\/\/checkinhanoi.com\/index.php\/wp-json\/wp\/v2\/pages\/41","targetHints":{"allow":["GET"]}}],"collection":[{"href":"https:\/\/checkinhanoi.com\/index.php\/wp-json\/wp\/v2\/pages"}],"about":[{"href":"https:\/\/checkinhanoi.com\/index.php\/wp-json\/wp\/v2\/types\/page"}],"author":[{"embeddable":true,"href":"https:\/\/checkinhanoi.com\/index.php\/wp-json\/wp\/v2\/users\/1"}],"replies":[{"embeddable":true,"href":"https:\/\/checkinhanoi.com\/index.php\/wp-json\/wp\/v2\/comments?post=41"}],"version-history":[{"count":3,"href":"https:\/\/checkinhanoi.com\/index.php\/wp-json\/wp\/v2\/pages\/41\/revisions"}],"predecessor-version":[{"id":191,"href":"https:\/\/checkinhanoi.com\/index.php\/wp-json\/wp\/v2\/pages\/41\/revisions\/191"}],"wp:featuredmedia":[{"embeddable":true,"href":"https:\/\/checkinhanoi.com\/index.php\/wp-json\/wp\/v2\/media\/189"}],"wp:attachment":[{"href":"https:\/\/checkinhanoi.com\/index.php\/wp-json\/wp\/v2\/media?parent=41"}],"curies":[{"name":"wp","href":"https:\/\/api.w.org\/{rel}","templated":true}]}}