{"id":43,"date":"2025-04-05T05:22:07","date_gmt":"2025-04-05T05:22:07","guid":{"rendered":"https:\/\/checkinhanoi.com\/?page_id=43"},"modified":"2025-04-07T05:57:27","modified_gmt":"2025-04-07T05:57:27","slug":"ban-ca-ffok","status":"publish","type":"page","link":"https:\/\/checkinhanoi.com\/index.php\/ban-ca-ffok\/","title":{"rendered":"B\u1eafn C\u00e1 FFok \u2013 Gi\u1ea3i tr\u00ed th\u1ea3 ga, rinh th\u01b0\u1edfng \u0111\u1ea7y kho!"},"content":{"rendered":"\n<h1 class=\"wp-block-heading\"><span class=\"ez-toc-section\" id=\"Ban_Ca_FFok_%E2%80%93_Giai_tri_tha_ga_rinh_thuong_day_kho\"><\/span>B\u1eafn C\u00e1 FFok \u2013 Gi\u1ea3i tr\u00ed th\u1ea3 ga, rinh th\u01b0\u1edfng \u0111\u1ea7y kho!<span class=\"ez-toc-section-end\"><\/span><\/h1>\n\n\n\n<figure class=\"wp-block-image aligncenter size-full\"><img loading=\"lazy\" decoding=\"async\" width=\"800\" height=\"450\" src=\"https:\/\/checkinhanoi.com\/wp-content\/uploads\/2025\/04\/ban-ca.jpg\" alt=\"B\u1eafn C\u00e1 FFok \u2013 Gi\u1ea3i tr\u00ed th\u1ea3 ga, rinh th\u01b0\u1edfng \u0111\u1ea7y kho!\" class=\"wp-image-197\" srcset=\"https:\/\/checkinhanoi.com\/wp-content\/uploads\/2025\/04\/ban-ca.jpg 800w, https:\/\/checkinhanoi.com\/wp-content\/uploads\/2025\/04\/ban-ca-300x169.jpg 300w, https:\/\/checkinhanoi.com\/wp-content\/uploads\/2025\/04\/ban-ca-768x432.jpg 768w\" sizes=\"auto, (max-width: 800px) 100vw, 800px\" \/><figcaption class=\"wp-element-caption\">B\u1eafn C\u00e1 FFok \u2013 Gi\u1ea3i tr\u00ed th\u1ea3 ga, rinh th\u01b0\u1edfng \u0111\u1ea7y kho!<\/figcaption><\/figure>\n\n\n\n<p><a href=\"https:\/\/checkinhanoi.com\/index.php\/ban-ca-ffok\/\"><strong>B\u1eafn c\u00e1 FFok<\/strong><\/a> l\u00e0 m\u1ed9t tr\u00f2 ch\u01a1i gi\u1ea3i tr\u00ed n\u1ed5i b\u1eadt trong th\u1ebf gi\u1edbi game tr\u1ef1c tuy\u1ebfn hi\u1ec7n nay. Ng\u01b0\u1eddi ch\u01a1i kh\u00f4ng ch\u1ec9 \u0111\u01b0\u1ee3c tr\u1ea3i nghi\u1ec7m nh\u1eefng gi\u00e2y ph\u00fat th\u01b0 gi\u00e3n m\u00e0 c\u00f2n c\u00f3 c\u01a1 h\u1ed9i nh\u1eadn nhi\u1ec1u ph\u1ea7n th\u01b0\u1edfng h\u1ea5p d\u1eabn. Trong b\u00e0i vi\u1ebft n\u00e0y, ch\u00fang ta s\u1ebd c\u00f9ng kh\u00e1m ph\u00e1 nh\u1eefng \u0111i\u1ec3m th\u00fa v\u1ecb c\u1ee7a tr\u00f2 ch\u01a1i b\u1eafn c\u00e1 t\u1ea1i FFok, h\u01b0\u1edbng d\u1eabn c\u00e1ch ch\u01a1i c\u0169ng nh\u01b0 chia s\u1ebb nh\u1eefng m\u1eb9o \u0111\u1ec3 tr\u1edf th\u00e0nh cao th\u1ee7 trong game.<\/p><div id=\"ez-toc-container\" class=\"ez-toc-v2_0_82_2 ez-toc-wrap-center counter-hierarchy ez-toc-counter ez-toc-grey ez-toc-container-direction\">\n<div class=\"ez-toc-title-container\">\n<p class=\"ez-toc-title\" style=\"cursor:inherit\">T\u00f3m t\u1eaft<\/p>\n<span class=\"ez-toc-title-toggle\"><a href=\"#\" class=\"ez-toc-pull-right ez-toc-btn ez-toc-btn-xs ez-toc-btn-default ez-toc-toggle\" aria-label=\"Toggle Table of Content\"><span class=\"ez-toc-js-icon-con\"><span class=\"\"><span class=\"eztoc-hide\" style=\"display:none;\">Toggle<\/span><span class=\"ez-toc-icon-toggle-span\"><svg style=\"fill: #999;color:#999\" xmlns=\"http:\/\/www.w3.org\/2000\/svg\" class=\"list-377408\" width=\"20px\" height=\"20px\" viewBox=\"0 0 24 24\" fill=\"none\"><path d=\"M6 6H4v2h2V6zm14 0H8v2h12V6zM4 11h2v2H4v-2zm16 0H8v2h12v-2zM4 16h2v2H4v-2zm16 0H8v2h12v-2z\" fill=\"currentColor\"><\/path><\/svg><svg style=\"fill: #999;color:#999\" class=\"arrow-unsorted-368013\" xmlns=\"http:\/\/www.w3.org\/2000\/svg\" width=\"10px\" height=\"10px\" viewBox=\"0 0 24 24\" version=\"1.2\" baseProfile=\"tiny\"><path d=\"M18.2 9.3l-6.2-6.3-6.2 6.3c-.2.2-.3.4-.3.7s.1.5.3.7c.2.2.4.3.7.3h11c.3 0 .5-.1.7-.3.2-.2.3-.5.3-.7s-.1-.5-.3-.7zM5.8 14.7l6.2 6.3 6.2-6.3c.2-.2.3-.5.3-.7s-.1-.5-.3-.7c-.2-.2-.4-.3-.7-.3h-11c-.3 0-.5.1-.7.3-.2.2-.3.5-.3.7s.1.5.3.7z\"\/><\/svg><\/span><\/span><\/span><\/a><\/span><\/div>\n<nav><ul class='ez-toc-list ez-toc-list-level-1 ' ><li class='ez-toc-page-1 ez-toc-heading-level-1'><a class=\"ez-toc-link ez-toc-heading-1\" href=\"https:\/\/checkinhanoi.com\/index.php\/ban-ca-ffok\/#Ban_Ca_FFok_%E2%80%93_Giai_tri_tha_ga_rinh_thuong_day_kho\" >B\u1eafn C\u00e1 FFok \u2013 Gi\u1ea3i tr\u00ed th\u1ea3 ga, rinh th\u01b0\u1edfng \u0111\u1ea7y kho!<\/a><ul class='ez-toc-list-level-2' ><li class='ez-toc-heading-level-2'><a class=\"ez-toc-link ez-toc-heading-2\" href=\"https:\/\/checkinhanoi.com\/index.php\/ban-ca-ffok\/#Game_ban_ca_tai_FFok_co_gi_vui\" >Game b\u1eafn c\u00e1 t\u1ea1i FFok c\u00f3 g\u00ec vui?<\/a><\/li><li class='ez-toc-page-1 ez-toc-heading-level-2'><a class=\"ez-toc-link ez-toc-heading-3\" href=\"https:\/\/checkinhanoi.com\/index.php\/ban-ca-ffok\/#Huong_dan_cach_choi_ban_ca_FFok\" >H\u01b0\u1edbng d\u1eabn c\u00e1ch ch\u01a1i b\u1eafn c\u00e1 FFok<\/a><\/li><li class='ez-toc-page-1 ez-toc-heading-level-2'><a class=\"ez-toc-link ez-toc-heading-4\" href=\"https:\/\/checkinhanoi.com\/index.php\/ban-ca-ffok\/#Meo_ban_ca_cuc_hieu_qua_dung_bo_lo\" >M\u1eb9o b\u1eafn c\u00e1 c\u1ef1c hi\u1ec7u qu\u1ea3, \u0111\u1eebng b\u1ecf l\u1ee1<\/a><\/li><li class='ez-toc-page-1 ez-toc-heading-level-2'><a class=\"ez-toc-link ez-toc-heading-5\" href=\"https:\/\/checkinhanoi.com\/index.php\/ban-ca-ffok\/#Ket_luan\" >K\u1ebft lu\u1eadn<\/a><\/li><\/ul><\/li><\/ul><\/nav><\/div>\n\n\n\n\n<h2 class=\"wp-block-heading\"><span class=\"ez-toc-section\" id=\"Game_ban_ca_tai_FFok_co_gi_vui\"><\/span>Game b\u1eafn c\u00e1 t\u1ea1i FFok c\u00f3 g\u00ec vui?<span class=\"ez-toc-section-end\"><\/span><\/h2>\n\n\n\n<p>Tr\u00f2 ch\u01a1i b\u1eafn c\u00e1 t\u1ea1i <a href=\"https:\/\/checkinhanoi.com\/\"><strong>FFok<\/strong><\/a> kh\u00f4ng ch\u1ec9 \u0111\u01a1n thu\u1ea7n l\u00e0 gi\u1ebft th\u1eddi gian m\u00e0 c\u00f2n mang l\u1ea1i cho ng\u01b0\u1eddi ch\u01a1i nh\u1eefng tr\u1ea3i nghi\u1ec7m th\u00fa v\u1ecb v\u00e0 \u0111\u1ed9c \u0111\u00e1o. V\u1edbi thi\u1ebft k\u1ebf \u0111\u1ed3 h\u1ecda \u1ea5n t\u01b0\u1ee3ng v\u00e0 c\u01a1 ch\u1ebf th\u01b0\u1edfng v\u00f4 c\u00f9ng h\u1ea5p d\u1eabn, b\u1eafn c\u00e1 FFok \u0111\u00e3 thu h\u00fat h\u00e0ng tri\u1ec7u ng\u01b0\u1eddi ch\u01a1i tr\u00ean to\u00e0n qu\u1ed1c. D\u01b0\u1edbi \u0111\u00e2y l\u00e0 s\u1ef1 ph\u00e2n t\u00edch chi ti\u1ebft v\u1ec1 nh\u1eefng \u0111i\u1ec1u t\u1ea1o n\u00ean s\u1ee9c h\u1ea5p d\u1eabn c\u1ee7a tr\u00f2 ch\u01a1i n\u00e0y.<\/p>\n\n\n\n<h3 class=\"wp-block-heading\">\u0110\u1ed3 h\u1ecda c\u1ef1c \u0111\u1ec9nh, c\u00e1 b\u01a1i m\u01b0\u1ee3t nh\u01b0 phim<\/h3>\n\n\n\n<p>Khi b\u01b0\u1edbc v\u00e0o th\u1ebf gi\u1edbi b\u1eafn c\u00e1 FFok, ng\u01b0\u1eddi ch\u01a1i s\u1ebd ngay l\u1eadp t\u1ee9c b\u1ecb cu\u1ed1n h\u00fat b\u1edfi h\u00ecnh \u1ea3nh sinh \u0111\u1ed9ng v\u00e0 m\u00e0u s\u1eafc t\u01b0\u01a1i s\u00e1ng. \u0110\u1ed3 h\u1ecda c\u1ee7a tr\u00f2 ch\u01a1i \u0111\u01b0\u1ee3c thi\u1ebft k\u1ebf v\u1edbi c\u00f4ng ngh\u1ec7 ti\u00ean ti\u1ebfn, mang \u0111\u1ebfn c\u1ea3m gi\u00e1c ch\u00e2n th\u1ef1c nh\u01b0 \u0111ang h\u00f2a m\u00ecnh v\u00e0o \u0111\u1ea1i d\u01b0\u01a1ng bao la.<\/p>\n\n\n\n<p>H\u00ecnh \u1ea3nh c\u00e1c lo\u1ea1i c\u00e1 v\u1edbi \u0111\u1ee7 k\u00edch c\u1ee1 v\u00e0 m\u00e0u s\u1eafc kh\u00e1c nhau, t\u1eeb nh\u1eefng con c\u00e1 nh\u1ecf xinh \u0111\u1ebfn nh\u1eefng con c\u00e1 kh\u1ed5ng l\u1ed3, \u0111\u1ec1u th\u1ec3 hi\u1ec7n r\u00f5 n\u00e9t t\u1eebng chi ti\u1ebft. Kh\u00f4ng ch\u1ec9 c\u00f3 v\u1eady, hi\u1ec7u \u1ee9ng \u00e2m thanh s\u1ed1ng \u0111\u1ed9ng khi b\u1ea1n b\u1eafn tr\u00fang c\u00e1 c\u00e0ng l\u00e0m t\u0103ng th\u00eam ph\u1ea7n k\u1ecbch t\u00ednh cho cu\u1ed9c s\u0103n.<\/p>\n\n\n\n<p>C\u1ea3m gi\u00e1c nh\u01b0 b\u1ea1n \u0111ang \u1edf d\u01b0\u1edbi n\u01b0\u1edbc, m\u1ecdi th\u1ee9 di\u1ec5n ra xung quanh th\u1eadt huy\u1ec1n \u1ea3o. \u0110i\u1ec1u n\u00e0y gi\u00fap ng\u01b0\u1eddi ch\u01a1i kh\u00f4ng ch\u1ec9 vui v\u1ebb m\u00e0 c\u00f2n c\u1ea3m th\u1ea5y ph\u1ea5n kh\u00edch m\u1ed7i l\u1ea7n \u201ckhai h\u1ecfa\u201d \u0111\u1ec3 b\u1eaft c\u00e1.<\/p>\n\n\n\n<h3 class=\"wp-block-heading\">C\u01a1 ch\u1ebf th\u01b0\u1edfng si\u00eau h\u1ea5p d\u1eabn, n\u1ed5 xu li\u00ean t\u1ee5c<\/h3>\n\n\n\n<p>M\u1ed9t trong nh\u1eefng \u0111i\u1ec3m nh\u1ea5n l\u1edbn nh\u1ea5t c\u1ee7a tr\u00f2 ch\u01a1i b\u1eafn c\u00e1 FFok ch\u00ednh l\u00e0 c\u01a1 ch\u1ebf th\u01b0\u1edfng. M\u1ed7i l\u1ea7n b\u1eafn tr\u00fang c\u00e1, b\u1ea1n s\u1ebd nh\u1eadn \u0111\u01b0\u1ee3c s\u1ed1 l\u01b0\u1ee3ng xu t\u01b0\u01a1ng \u1ee9ng v\u1edbi gi\u00e1 tr\u1ecb c\u1ee7a con c\u00e1 \u0111\u00f3. \u0110\u1eb7c bi\u1ec7t, c\u00f3 nh\u1eefng con c\u00e1 \u0111\u1eb7c bi\u1ec7t nh\u01b0 Boss c\u00e1 l\u1edbn, khi b\u1ecb ti\u00eau di\u1ec7t, ng\u01b0\u1eddi ch\u01a1i s\u1ebd nh\u1eadn \u0111\u01b0\u1ee3c ngu\u1ed3n th\u01b0\u1edfng v\u00f4 c\u00f9ng l\u1edbn.<\/p>\n\n\n\n<p>Ngo\u00e0i ra, FFok th\u01b0\u1eddng xuy\u00ean t\u1ed5 ch\u1ee9c c\u00e1c s\u1ef1 ki\u1ec7n v\u00e0 mini game, t\u1ea1o \u0111i\u1ec1u ki\u1ec7n cho ng\u01b0\u1eddi ch\u01a1i rinh th\u01b0\u1edfng d\u1ec5 d\u00e0ng h\u01a1n. C\u00e1c ch\u1ebf \u0111\u1ed9 ch\u01a1i \u0111a d\u1ea1ng t\u1eeb d\u1ec5 \u0111\u1ebfn kh\u00f3 gi\u00fap ng\u01b0\u1eddi ch\u01a1i t\u1ef1 do l\u1ef1a ch\u1ecdn theo s\u1edf th\u00edch. S\u1ef1 phong ph\u00fa n\u00e0y kh\u00f4ng ch\u1ec9 gi\u00fap ng\u01b0\u1eddi ch\u01a1i lu\u00f4n t\u00ecm th\u1ea5y ni\u1ec1m vui m\u1edbi m\u00e0 c\u00f2n th\u00fac \u0111\u1ea9y c\u1ea1nh tranh gi\u1eefa c\u00e1c game th\u1ee7.<\/p>\n\n\n\n<h2 class=\"wp-block-heading\"><span class=\"ez-toc-section\" id=\"Huong_dan_cach_choi_ban_ca_FFok\"><\/span>H\u01b0\u1edbng d\u1eabn c\u00e1ch ch\u01a1i b\u1eafn c\u00e1 FFok<span class=\"ez-toc-section-end\"><\/span><\/h2>\n\n\n\n<p>\u0110\u1ec3 c\u00f3 th\u1ec3 tham gia v\u00e0o tr\u00f2 ch\u01a1i b\u1eafn c\u00e1 FFok m\u1ed9t c\u00e1ch hi\u1ec7u qu\u1ea3, ng\u01b0\u1eddi ch\u01a1i c\u1ea7n n\u1eafm v\u1eefng c\u00e1c b\u01b0\u1edbc c\u01a1 b\u1ea3n c\u0169ng nh\u01b0 m\u1ed9t s\u1ed1 l\u01b0u \u00fd quan tr\u1ecdng. D\u01b0\u1edbi \u0111\u00e2y l\u00e0 h\u01b0\u1edbng d\u1eabn chi ti\u1ebft \u0111\u1ec3 b\u1ea1n c\u00f3 th\u1ec3 nhanh ch\u00f3ng ti\u1ebfp c\u1eadn v\u00e0 tr\u1ea3i nghi\u1ec7m tr\u00f2 ch\u01a1i.<\/p>\n\n\n\n<h3 class=\"wp-block-heading\">Ch\u1ecdn ph\u00f2ng, ch\u1ecdn s\u00fang, \u201ckhai h\u1ecfa\u201d th\u00f4i!<\/h3>\n\n\n\n<p>Khi b\u1eaft \u0111\u1ea7u, ng\u01b0\u1eddi ch\u01a1i s\u1ebd \u0111\u01b0\u1ee3c y\u00eau c\u1ea7u ch\u1ecdn ph\u00f2ng ch\u01a1i. T\u00f9y v\u00e0o m\u1ee9c \u0111\u1ed9 kinh nghi\u1ec7m v\u00e0 kh\u1ea3 n\u0103ng t\u00e0i ch\u00ednh c\u1ee7a b\u1ea1n, h\u00e3y ch\u1ecdn cho m\u00ecnh m\u1ed9t ph\u00f2ng ph\u00f9 h\u1ee3p. C\u00e1c ph\u00f2ng ch\u01a1i s\u1ebd c\u00f3 nh\u1eefng quy \u0111\u1ecbnh ri\u00eang v\u1ec1 m\u1ee9c c\u01b0\u1ee3c v\u00e0 s\u1ed1 l\u01b0\u1ee3ng ng\u01b0\u1eddi ch\u01a1i.<\/p>\n\n\n\n<p>Sau khi ch\u1ecdn ph\u00f2ng, b\u1ea1n s\u1ebd ti\u1ebfn t\u1edbi b\u01b0\u1edbc ch\u1ecdn s\u00fang. C\u00f3 r\u1ea5t nhi\u1ec1u lo\u1ea1i s\u00fang v\u1edbi m\u1ee9c s\u00e1t th\u01b0\u01a1ng kh\u00e1c nhau. Vi\u1ec7c l\u1ef1a ch\u1ecdn s\u00fang ph\u00f9 h\u1ee3p s\u1ebd gi\u00fap b\u1ea1n t\u1ed1i \u01b0u h\u00f3a kh\u1ea3 n\u0103ng b\u1eafn c\u00e1. H\u00e3y c\u00e2n nh\u1eafc gi\u1eefa vi\u1ec7c \u0111\u1ea7u t\u01b0 v\u00e0o s\u00fang m\u1ea1nh nh\u01b0ng t\u1ed1n k\u00e9m hay s\u1eed d\u1ee5ng s\u00fang v\u1eeba ph\u1ea3i \u0111\u1ec3 c\u00f3 th\u1ec3 b\u1eafn l\u00e2u d\u00e0i.<\/p>\n\n\n\n<p>Khi \u0111\u00e3 s\u1eb5n s\u00e0ng, h\u00e3y nh\u1eafm m\u1ee5c ti\u00eau ch\u00ednh x\u00e1c v\u00e0 \u201ckhai h\u1ecfa\u201d. Nh\u1eefng con c\u00e1 b\u01a1i qua s\u1ebd l\u00e0 c\u01a1 h\u1ed9i \u0111\u1ec3 b\u1ea1n ghi \u0111i\u1ec3m v\u00e0 ki\u1ebfm xu. \u0110\u1eebng qu\u00ean ch\u00fa \u00fd \u0111\u1ebfn th\u1eddi gian v\u00e0 t\u1ed1c \u0111\u1ed9 c\u1ee7a c\u00e1c sinh v\u1eadt bi\u1ec3n nh\u00e9!<\/p>\n\n\n\n<h3 class=\"wp-block-heading\">C\u00e1ch s\u0103n Boss c\u00e1 l\u1edbn c\u1ef1c \u0111\u01a1n gi\u1ea3n<\/h3>\n\n\n\n<p>S\u0103n Boss c\u00e1 l\u1edbn l\u00e0 m\u1ed9t trong nh\u1eefng \u0111i\u1ec3m h\u1ea5p d\u1eabn nh\u1ea5t trong b\u1eafn c\u00e1 FFok. Tuy nhi\u00ean, \u0111\u1ec3 \u0111\u00e1nh b\u1ea1i \u0111\u01b0\u1ee3c Boss kh\u00f4ng ph\u1ea3i l\u00e0 \u0111i\u1ec1u d\u1ec5 d\u00e0ng. B\u1ea1n c\u1ea7n c\u00f3 chi\u1ebfn thu\u1eadt v\u00e0 ki\u00ean nh\u1eabn \u0111\u1ec3 ch\u1edd \u0111\u1ee3i th\u1eddi \u0111i\u1ec3m th\u00edch h\u1ee3p.<\/p>\n\n\n\n<p>\u0110\u1ea7u ti\u00ean, h\u00e3y theo d\u00f5i s\u1ef1 xu\u1ea5t hi\u1ec7n c\u1ee7a Boss. Th\u00f4ng th\u01b0\u1eddng, ch\u00fang s\u1ebd xu\u1ea5t hi\u1ec7n \u1edf nh\u1eefng khu v\u1ef1c nh\u1ea5t \u0111\u1ecbnh v\u00e0 c\u00f3 m\u1ed9t kho\u1ea3ng th\u1eddi gian nh\u1ea5t \u0111\u1ecbnh. Khi \u0111\u00e3 ph\u00e1t hi\u1ec7n ra ch\u00fang, h\u00e3y ch\u1eafc ch\u1eafn r\u1eb1ng b\u1ea1n \u0111\u00e3 trang b\u1ecb m\u1ed9t kh\u1ea9u s\u00fang t\u1ed1t v\u00e0 \u0111\u1ea7y \u0111\u1ee7 \u0111\u1ea1n.<\/p>\n\n\n\n<p>Khi s\u0103n Boss, h\u00e3y c\u1ed1 g\u1eafng b\u1eafn li\u00ean t\u1ee5c, t\u1ea1o \u00e1p l\u1ef1c l\u00ean n\u00f3. N\u1ebfu c\u00f3 \u0111\u1ed3ng \u0111\u1ed9i, vi\u1ec7c ph\u1ed1i h\u1ee3p s\u1ebd gi\u00fap t\u0103ng kh\u1ea3 n\u0103ng ti\u00eau di\u1ec7t. Quan tr\u1ecdng nh\u1ea5t, h\u00e3y gi\u1eef v\u1eefng t\u00e2m l\u00fd v\u00e0 ki\u00ean nh\u1eabn, v\u00ec \u0111\u00f4i khi vi\u1ec7c b\u1eafn Boss c\u00f3 th\u1ec3 m\u1ea5t m\u1ed9t \u00edt th\u1eddi gian.<\/p>\n\n\n\n<h2 class=\"wp-block-heading\"><span class=\"ez-toc-section\" id=\"Meo_ban_ca_cuc_hieu_qua_dung_bo_lo\"><\/span>M\u1eb9o b\u1eafn c\u00e1 c\u1ef1c hi\u1ec7u qu\u1ea3, \u0111\u1eebng b\u1ecf l\u1ee1<span class=\"ez-toc-section-end\"><\/span><\/h2>\n\n\n\n<p>\u0110\u1ec3 tr\u1edf th\u00e0nh m\u1ed9t cao th\u1ee7 th\u1ef1c th\u1ee5 trong b\u1eafn c\u00e1 FFok, b\u00ean c\u1ea1nh vi\u1ec7c n\u1eafm v\u1eefng c\u00e1ch ch\u01a1i, b\u1ea1n c\u0169ng n\u00ean bi\u1ebft m\u1ed9t s\u1ed1 m\u1eb9o hay \u0111\u1ec3 n\u00e2ng cao kh\u1ea3 n\u0103ng chi\u1ebfn th\u1eafng c\u1ee7a m\u00ecnh. D\u01b0\u1edbi \u0111\u00e2y l\u00e0 nh\u1eefng b\u00ed quy\u1ebft v\u00e0ng m\u00e0 b\u1ea1n kh\u00f4ng n\u00ean b\u1ecf l\u1ee1.<\/p>\n\n\n\n<h3 class=\"wp-block-heading\">B\u1eafn li\u00ean ho\u00e0n \u2013 canh th\u1eddi \u0111i\u1ec3m chu\u1ea9n x\u00e1c<\/h3>\n\n\n\n<p>B\u1eafn li\u00ean ho\u00e0n l\u00e0 m\u1ed9t chi\u1ebfn thu\u1eadt hi\u1ec7u qu\u1ea3 trong b\u1eafn c\u00e1. Thay v\u00ec ch\u1ec9 b\u1eafn m\u1ed9t l\u1ea7n r\u1ed3i ch\u1edd, h\u00e3y d\u00f9ng k\u1ef9 thu\u1eadt b\u1eafn li\u00ean t\u1ee5c, \u0111\u1eb7c bi\u1ec7t l\u00e0 khi b\u1ea1n th\u1ea5y nhi\u1ec1u c\u00e1 b\u01a1i ngang nhau.<\/p>\n\n\n\n<p>Vi\u1ec7c canh th\u1eddi \u0111i\u1ec3m chu\u1ea9n x\u00e1c s\u1ebd gi\u00fap t\u0103ng t\u1ef7 l\u1ec7 tr\u00fang cao h\u01a1n. B\u1ea1n c\u00f3 th\u1ec3 s\u1eed d\u1ee5ng ph\u01b0\u01a1ng ph\u00e1p \u201cnh\u1eafm g\u00f3c\u201d \u0111\u1ec3 d\u1ec5 d\u00e0ng b\u1eafn tr\u00fang nhi\u1ec1u c\u00e1 h\u01a1n c\u00f9ng l\u00fac. H\u00e3y nh\u1edb r\u1eb1ng, kh\u00f4ng ph\u1ea3i l\u00fac n\u00e0o b\u1eafn nhi\u1ec1u c\u0169ng mang l\u1ea1i k\u1ebft qu\u1ea3 t\u1ed1t, m\u00e0 \u0111\u00f4i khi c\u1ea7n c\u00f3 s\u1ef1 tinh t\u1ebf v\u00e0 chi\u1ebfn thu\u1eadt.<\/p>\n\n\n\n<h3 class=\"wp-block-heading\">N\u00e2ng c\u1ea5p v\u0169 kh\u00ed \u0111\u00fang l\u00fac \u0111\u1ec3 \u0103n l\u1edbn<\/h3>\n\n\n\n<p>N\u00e2ng c\u1ea5p v\u0169 kh\u00ed l\u00e0 m\u1ed9t trong nh\u1eefng y\u1ebfu t\u1ed1 quan tr\u1ecdng gi\u00fap b\u1ea1n gia t\u0103ng s\u1ee9c m\u1ea1nh trong vi\u1ec7c s\u0103n c\u00e1. \u0110\u1eebng ng\u1ea7n ng\u1ea1i \u0111\u1ea7u t\u01b0 v\u00e0o nh\u1eefng kh\u1ea9u s\u00fang m\u1ea1nh m\u1ebd h\u01a1n khi b\u1ea1n c\u00f3 \u0111\u1ee7 ti\u1ec1n. Nh\u1eefng kh\u1ea9u s\u00fang n\u00e0y kh\u00f4ng ch\u1ec9 gi\u00fap b\u1ea1n ti\u00eau di\u1ec7t c\u00e1 nhanh ch\u00f3ng m\u00e0 c\u00f2n gi\u1ea3m th\u1eddi gian ch\u1edd \u0111\u1ee3i.<\/p>\n\n\n\n<p>Th\u1eddi \u0111i\u1ec3m n\u00e2ng c\u1ea5p c\u0169ng r\u1ea5t quan tr\u1ecdng. H\u00e3y n\u1eafm b\u1eaft t\u00ecnh h\u00ecnh trong tr\u00f2 ch\u01a1i, n\u1ebfu b\u1ea1n th\u1ea5y r\u1eb1ng m\u00ecnh th\u01b0\u1eddng xuy\u00ean b\u1ecb b\u1ecf xa trong \u0111i\u1ec3m s\u1ed1, c\u00f3 th\u1ec3 \u0111\u00e3 \u0111\u1ebfn l\u00fac b\u1ea1n c\u1ea7n n\u00e2ng c\u1ea5p trang b\u1ecb. H\u00e3y lu\u00f4n theo d\u00f5i s\u1ed1 l\u01b0\u1ee3ng xu m\u00e0 b\u1ea1n \u0111ang c\u00f3 \u0111\u1ec3 \u0111\u01b0a ra quy\u1ebft \u0111\u1ecbnh ch\u00ednh x\u00e1c.<\/p>\n\n\n\n<p>Th\u00f4ng qua vi\u1ec7c n\u00e2ng c\u1ea5p v\u0169 kh\u00ed \u0111\u00fang l\u00fac, b\u1ea1n s\u1ebd d\u1ec5 d\u00e0ng t\u0103ng c\u01b0\u1eddng s\u1ee9c m\u1ea1nh v\u00e0 kh\u1ea3 n\u0103ng s\u0103n c\u00e1, t\u1eeb \u0111\u00f3 gia t\u0103ng l\u1ee3i nhu\u1eadn v\u00e0 ph\u1ea7n th\u01b0\u1edfng cho m\u00ecnh.<\/p>\n\n\n\n<h2 class=\"wp-block-heading\"><span class=\"ez-toc-section\" id=\"Ket_luan\"><\/span>K\u1ebft lu\u1eadn<span class=\"ez-toc-section-end\"><\/span><\/h2>\n\n\n\n<p>B\u1eafn c\u00e1 FFok kh\u00f4ng ch\u1ec9 l\u00e0 m\u1ed9t tr\u00f2 ch\u01a1i gi\u1ea3i tr\u00ed \u0111\u01a1n thu\u1ea7n, m\u00e0 c\u00f2n l\u00e0 n\u01a1i b\u1ea1n c\u00f3 th\u1ec3 th\u1eed th\u00e1ch b\u1ea3n th\u00e2n v\u00e0 rinh v\u1ec1 nh\u1eefng ph\u1ea7n th\u01b0\u1edfng h\u1ea5p d\u1eabn. V\u1edbi \u0111\u1ed3 h\u1ecda \u0111\u1eb9p m\u1eaft, c\u01a1 ch\u1ebf th\u01b0\u1edfng th\u00fa v\u1ecb, c\u00f9ng nh\u1eefng h\u01b0\u1edbng d\u1eabn v\u00e0 m\u1eb9o ch\u01a1i m\u00e0 ch\u00fang t\u00f4i \u0111\u00e3 chia s\u1ebb, hy v\u1ecdng b\u1ea1n s\u1ebd c\u00f3 nh\u1eefng gi\u1edd ph\u00fat th\u01b0 gi\u00e3n v\u00e0 th\u00fa v\u1ecb khi tham gia v\u00e0o game n\u00e0y. H\u00e3y c\u00f9ng b\u1ea1n b\u00e8 tr\u1ea3i nghi\u1ec7m b\u1eafn c\u00e1 FFok ngay h\u00f4m nay \u0111\u1ec3 t\u1eadn h\u01b0\u1edfng ni\u1ec1m vui b\u1ea5t t\u1eadn!<\/p>\n\n\n","protected":false},"excerpt":{"rendered":"<p>B\u1eafn C\u00e1 FFok \u2013 Gi\u1ea3i tr\u00ed th\u1ea3 ga, rinh th\u01b0\u1edfng \u0111\u1ea7y kho! B\u1eafn c\u00e1 FFok l\u00e0 m\u1ed9t tr\u00f2 ch\u01a1i gi\u1ea3i tr\u00ed n\u1ed5i b\u1eadt trong th\u1ebf gi\u1edbi game tr\u1ef1c tuy\u1ebfn hi\u1ec7n nay. Ng\u01b0\u1eddi ch\u01a1i kh\u00f4ng ch\u1ec9 \u0111\u01b0\u1ee3c tr\u1ea3i nghi\u1ec7m nh\u1eefng gi\u00e2y ph\u00fat th\u01b0 gi\u00e3n m\u00e0 c\u00f2n c\u00f3 c\u01a1 h\u1ed9i nh\u1eadn nhi\u1ec1u ph\u1ea7n th\u01b0\u1edfng h\u1ea5p d\u1eabn. Trong [&#8230;]\n","protected":false},"author":1,"featured_media":197,"parent":0,"menu_order":0,"comment_status":"closed","ping_status":"closed","template":"","meta":{"footnotes":""},"class_list":["post-43","page","type-page","status-publish","has-post-thumbnail","hentry"],"_links":{"self":[{"href":"https:\/\/checkinhanoi.com\/index.php\/wp-json\/wp\/v2\/pages\/43","targetHints":{"allow":["GET"]}}],"collection":[{"href":"https:\/\/checkinhanoi.com\/index.php\/wp-json\/wp\/v2\/pages"}],"about":[{"href":"https:\/\/checkinhanoi.com\/index.php\/wp-json\/wp\/v2\/types\/page"}],"author":[{"embeddable":true,"href":"https:\/\/checkinhanoi.com\/index.php\/wp-json\/wp\/v2\/users\/1"}],"replies":[{"embeddable":true,"href":"https:\/\/checkinhanoi.com\/index.php\/wp-json\/wp\/v2\/comments?post=43"}],"version-history":[{"count":3,"href":"https:\/\/checkinhanoi.com\/index.php\/wp-json\/wp\/v2\/pages\/43\/revisions"}],"predecessor-version":[{"id":199,"href":"https:\/\/checkinhanoi.com\/index.php\/wp-json\/wp\/v2\/pages\/43\/revisions\/199"}],"wp:featuredmedia":[{"embeddable":true,"href":"https:\/\/checkinhanoi.com\/index.php\/wp-json\/wp\/v2\/media\/197"}],"wp:attachment":[{"href":"https:\/\/checkinhanoi.com\/index.php\/wp-json\/wp\/v2\/media?parent=43"}],"curies":[{"name":"wp","href":"https:\/\/api.w.org\/{rel}","templated":true}]}}