{"id":45,"date":"2025-04-05T05:21:41","date_gmt":"2025-04-05T05:21:41","guid":{"rendered":"https:\/\/checkinhanoi.com\/?page_id=45"},"modified":"2025-04-07T05:16:32","modified_gmt":"2025-04-07T05:16:32","slug":"rut-tien-ffok","status":"publish","type":"page","link":"https:\/\/checkinhanoi.com\/index.php\/rut-tien-ffok\/","title":{"rendered":"R\u00fat Ti\u1ec1n FFok \u2013 Th\u1eafng l\u00e0 r\u00fat li\u1ec1n tay, kh\u1ecfi ch\u1edd \u0111\u1ee3i!"},"content":{"rendered":"\n<h1 class=\"wp-block-heading\"><span class=\"ez-toc-section\" id=\"Rut_Tien_FFok_%E2%80%93_Thang_la_rut_lien_tay_khoi_cho_doi\"><\/span>R\u00fat Ti\u1ec1n FFok \u2013 Th\u1eafng l\u00e0 r\u00fat li\u1ec1n tay, kh\u1ecfi ch\u1edd \u0111\u1ee3i!<span class=\"ez-toc-section-end\"><\/span><\/h1>\n\n\n\n<figure class=\"wp-block-image aligncenter size-full\"><img loading=\"lazy\" decoding=\"async\" width=\"800\" height=\"450\" src=\"https:\/\/checkinhanoi.com\/wp-content\/uploads\/2025\/04\/no-hu.jpg\" alt=\"N\u1ed5 H\u0169 FFok \u2013 Ch\u01a1i l\u00e0 ghi\u1ec1n, n\u1ed5 l\u00e0 gi\u00e0u!\" class=\"wp-image-156\" srcset=\"https:\/\/checkinhanoi.com\/wp-content\/uploads\/2025\/04\/no-hu.jpg 800w, https:\/\/checkinhanoi.com\/wp-content\/uploads\/2025\/04\/no-hu-300x169.jpg 300w, https:\/\/checkinhanoi.com\/wp-content\/uploads\/2025\/04\/no-hu-768x432.jpg 768w\" sizes=\"auto, (max-width: 800px) 100vw, 800px\" \/><figcaption class=\"wp-element-caption\">N\u1ed5 H\u0169 FFok \u2013 Ch\u01a1i l\u00e0 ghi\u1ec1n, n\u1ed5 l\u00e0 gi\u00e0u!<\/figcaption><\/figure>\n\n\n\n<p><a href=\"https:\/\/checkinhanoi.com\/index.php\/rut-tien-ffok\/\"><strong>R\u00fat ti\u1ec1n FFok<\/strong><\/a> l\u00e0 m\u1ed9t trong nh\u1eefng v\u1ea5n \u0111\u1ec1 quan tr\u1ecdng m\u00e0 ng\u01b0\u1eddi ch\u01a1i c\u1ea7n l\u01b0u \u00fd khi tham gia v\u00e0o c\u00e1c tr\u00f2 ch\u01a1i v\u00e0 d\u1ecbch v\u1ee5 c\u00e1 c\u01b0\u1ee3c tr\u1ef1c tuy\u1ebfn t\u1ea1i \u0111\u00e2y. V\u1edbi n\u1ec1n t\u1ea3ng hi\u1ec7n \u0111\u1ea1i, FFok cam k\u1ebft mang \u0111\u1ebfn cho ng\u01b0\u1eddi d\u00f9ng tr\u1ea3i nghi\u1ec7m r\u00fat ti\u1ec1n nhanh ch\u00f3ng v\u00e0 thu\u1eadn ti\u1ec7n nh\u1ea5t. Trong b\u00e0i vi\u1ebft n\u00e0y, ch\u00fang ta s\u1ebd c\u00f9ng nhau t\u00ecm hi\u1ec3u chi ti\u1ebft v\u1ec1 qu\u00e1 tr\u00ecnh r\u00fat ti\u1ec1n t\u1ea1i FFok, t\u1eeb h\u01b0\u1edbng d\u1eabn th\u1ef1c hi\u1ec7n cho \u0111\u1ebfn c\u00e1c m\u1eb9o \u0111\u1ec3 \u0111\u1ea3m b\u1ea3o m\u1ecdi giao d\u1ecbch di\u1ec5n ra su\u00f4n s\u1ebb.<\/p><div id=\"ez-toc-container\" class=\"ez-toc-v2_0_82_2 ez-toc-wrap-center counter-hierarchy ez-toc-counter ez-toc-grey ez-toc-container-direction\">\n<div class=\"ez-toc-title-container\">\n<p class=\"ez-toc-title\" style=\"cursor:inherit\">T\u00f3m t\u1eaft<\/p>\n<span class=\"ez-toc-title-toggle\"><a href=\"#\" class=\"ez-toc-pull-right ez-toc-btn ez-toc-btn-xs ez-toc-btn-default ez-toc-toggle\" aria-label=\"Toggle Table of Content\"><span class=\"ez-toc-js-icon-con\"><span class=\"\"><span class=\"eztoc-hide\" style=\"display:none;\">Toggle<\/span><span class=\"ez-toc-icon-toggle-span\"><svg style=\"fill: #999;color:#999\" xmlns=\"http:\/\/www.w3.org\/2000\/svg\" class=\"list-377408\" width=\"20px\" height=\"20px\" viewBox=\"0 0 24 24\" fill=\"none\"><path d=\"M6 6H4v2h2V6zm14 0H8v2h12V6zM4 11h2v2H4v-2zm16 0H8v2h12v-2zM4 16h2v2H4v-2zm16 0H8v2h12v-2z\" fill=\"currentColor\"><\/path><\/svg><svg style=\"fill: #999;color:#999\" class=\"arrow-unsorted-368013\" xmlns=\"http:\/\/www.w3.org\/2000\/svg\" width=\"10px\" height=\"10px\" viewBox=\"0 0 24 24\" version=\"1.2\" baseProfile=\"tiny\"><path d=\"M18.2 9.3l-6.2-6.3-6.2 6.3c-.2.2-.3.4-.3.7s.1.5.3.7c.2.2.4.3.7.3h11c.3 0 .5-.1.7-.3.2-.2.3-.5.3-.7s-.1-.5-.3-.7zM5.8 14.7l6.2 6.3 6.2-6.3c.2-.2.3-.5.3-.7s-.1-.5-.3-.7c-.2-.2-.4-.3-.7-.3h-11c-.3 0-.5.1-.7.3-.2.2-.3.5-.3.7s.1.5.3.7z\"\/><\/svg><\/span><\/span><\/span><\/a><\/span><\/div>\n<nav><ul class='ez-toc-list ez-toc-list-level-1 ' ><li class='ez-toc-page-1 ez-toc-heading-level-1'><a class=\"ez-toc-link ez-toc-heading-1\" href=\"https:\/\/checkinhanoi.com\/index.php\/rut-tien-ffok\/#Rut_Tien_FFok_%E2%80%93_Thang_la_rut_lien_tay_khoi_cho_doi\" >R\u00fat Ti\u1ec1n FFok \u2013 Th\u1eafng l\u00e0 r\u00fat li\u1ec1n tay, kh\u1ecfi ch\u1edd \u0111\u1ee3i!<\/a><ul class='ez-toc-list-level-2' ><li class='ez-toc-heading-level-2'><a class=\"ez-toc-link ez-toc-heading-2\" href=\"https:\/\/checkinhanoi.com\/index.php\/rut-tien-ffok\/#Huong_dan_rut_tien_nhanh_gon_tai_FFok\" >H\u01b0\u1edbng d\u1eabn r\u00fat ti\u1ec1n nhanh g\u1ecdn t\u1ea1i FFok<\/a><\/li><li class='ez-toc-page-1 ez-toc-heading-level-2'><a class=\"ez-toc-link ez-toc-heading-3\" href=\"https:\/\/checkinhanoi.com\/index.php\/rut-tien-ffok\/#Dieu_kien_rut_tien_tai_FFok_ban_can_biet\" >\u0110i\u1ec1u ki\u1ec7n r\u00fat ti\u1ec1n t\u1ea1i FFok b\u1ea1n c\u1ea7n bi\u1ebft<\/a><\/li><li class='ez-toc-page-1 ez-toc-heading-level-2'><a class=\"ez-toc-link ez-toc-heading-4\" href=\"https:\/\/checkinhanoi.com\/index.php\/rut-tien-ffok\/#Meo_rut_tien_muot_khong_bi_delay\" >M\u1eb9o r\u00fat ti\u1ec1n m\u01b0\u1ee3t, kh\u00f4ng b\u1ecb delay<\/a><\/li><li class='ez-toc-page-1 ez-toc-heading-level-2'><a class=\"ez-toc-link ez-toc-heading-5\" href=\"https:\/\/checkinhanoi.com\/index.php\/rut-tien-ffok\/#Ket_luan\" >K\u1ebft lu\u1eadn<\/a><\/li><\/ul><\/li><\/ul><\/nav><\/div>\n\n\n\n\n<h2 class=\"wp-block-heading\"><span class=\"ez-toc-section\" id=\"Huong_dan_rut_tien_nhanh_gon_tai_FFok\"><\/span>H\u01b0\u1edbng d\u1eabn r\u00fat ti\u1ec1n nhanh g\u1ecdn t\u1ea1i FFok<span class=\"ez-toc-section-end\"><\/span><\/h2>\n\n\n\n<p>Khi b\u1ea1n th\u1eafng trong c\u00e1c tr\u00f2 ch\u01a1i t\u1ea1i <a href=\"https:\/\/checkinhanoi.com\/\"><strong>FFok<\/strong><\/a>, vi\u1ec7c r\u00fat ti\u1ec1n th\u1eafng l\u1ee3i l\u00e0 \u0111i\u1ec1u v\u00f4 c\u00f9ng quan tr\u1ecdng. D\u01b0\u1edbi \u0111\u00e2y l\u00e0 h\u01b0\u1edbng d\u1eabn chi ti\u1ebft gi\u00fap b\u1ea1n th\u1ef1c hi\u1ec7n vi\u1ec7c n\u00e0y m\u1ed9t c\u00e1ch d\u1ec5 d\u00e0ng v\u00e0 nhanh ch\u00f3ng.<\/p>\n\n\n\n<h3 class=\"wp-block-heading\">C\u00e1c b\u01b0\u1edbc r\u00fat ti\u1ec1n chi ti\u1ebft, ai c\u0169ng l\u00e0m \u0111\u01b0\u1ee3c<\/h3>\n\n\n\n<p>\u0110\u1ec3 b\u1eaft \u0111\u1ea7u qu\u00e1 tr\u00ecnh r\u00fat ti\u1ec1n t\u1ea1i FFok, tr\u01b0\u1edbc ti\u00ean b\u1ea1n c\u1ea7n ph\u1ea3i \u0111\u0103ng nh\u1eadp v\u00e0o t\u00e0i kho\u1ea3n c\u1ee7a m\u00ecnh. Sau \u0111\u00f3, h\u00e3y l\u00e0m theo c\u00e1c b\u01b0\u1edbc sau:<\/p>\n\n\n\n<ul class=\"wp-block-list\">\n<li><strong>B\u01b0\u1edbc 1:<\/strong>&nbsp;V\u00e0o m\u1ee5c &#8220;R\u00fat ti\u1ec1n&#8221; tr\u00ean giao di\u1ec7n ch\u00ednh c\u1ee7a trang web. B\u1ea1n s\u1ebd th\u1ea5y m\u1ed9t c\u1eeda s\u1ed5 m\u1edbi xu\u1ea5t hi\u1ec7n v\u1edbi c\u00e1c th\u00f4ng tin li\u00ean quan \u0111\u1ebfn r\u00fat ti\u1ec1n. T\u1ea1i \u0111\u00e2y, b\u1ea1n s\u1ebd \u0111\u01b0\u1ee3c y\u00eau c\u1ea7u \u0111i\u1ec1n c\u00e1c th\u00f4ng tin c\u1ea7n thi\u1ebft nh\u01b0 s\u1ed1 l\u01b0\u1ee3ng ti\u1ec1n mu\u1ed1n r\u00fat v\u00e0 ph\u01b0\u01a1ng th\u1ee9c thanh to\u00e1n.<\/li>\n\n\n\n<li><strong>B\u01b0\u1edbc 2:<\/strong>&nbsp;Ch\u1ecdn ph\u01b0\u01a1ng th\u1ee9c r\u00fat ti\u1ec1n ph\u00f9 h\u1ee3p.<\/li>\n<\/ul>\n\n\n\n<p>FFok cung c\u1ea5p nhi\u1ec1u ph\u01b0\u01a1ng th\u1ee9c r\u00fat ti\u1ec1n kh\u00e1c nhau, bao g\u1ed3m chuy\u1ec3n kho\u1ea3n ng\u00e2n h\u00e0ng, v\u00ed \u0111i\u1ec7n t\u1eed, ho\u1eb7c c\u00e1c h\u00ecnh th\u1ee9c thanh to\u00e1n kh\u00e1c. B\u1ea1n c\u1ea7n ch\u1ecdn ph\u01b0\u01a1ng th\u1ee9c m\u00e0 m\u00ecnh c\u1ea3m th\u1ea5y ti\u1ec7n l\u1ee3i nh\u1ea5t.<\/p>\n\n\n\n<ul class=\"wp-block-list\">\n<li><strong>B\u01b0\u1edbc 3:<\/strong>&nbsp;\u0110i\u1ec1n th\u00f4ng tin r\u00fat ti\u1ec1n.<\/li>\n<\/ul>\n\n\n\n<p>Sau khi ch\u1ecdn ph\u01b0\u01a1ng th\u1ee9c, b\u1ea1n c\u1ea7n \u0111i\u1ec1n th\u00f4ng tin chi ti\u1ebft nh\u01b0 s\u1ed1 t\u00e0i kho\u1ea3n ng\u00e2n h\u00e0ng (n\u1ebfu ch\u1ecdn r\u00fat qua ng\u00e2n h\u00e0ng), s\u1ed1 ti\u1ec1n mu\u1ed1n r\u00fat v\u00e0 c\u00e1c th\u00f4ng tin kh\u00e1c n\u1ebfu c\u00f3. H\u00e3y ki\u1ec3m tra k\u1ef9 \u0111\u1ec3 tr\u00e1nh sai s\u00f3t.<\/p>\n\n\n\n<ul class=\"wp-block-list\">\n<li><strong>B\u01b0\u1edbc 4:<\/strong>&nbsp;X\u00e1c nh\u1eadn giao d\u1ecbch.<\/li>\n<\/ul>\n\n\n\n<p>Cu\u1ed1i c\u00f9ng, b\u1ea1n ch\u1ec9 c\u1ea7n nh\u1ea5n n\u00fat &#8220;X\u00e1c nh\u1eadn&#8221; \u0111\u1ec3 ho\u00e0n t\u1ea5t qu\u00e1 tr\u00ecnh r\u00fat ti\u1ec1n. H\u1ec7 th\u1ed1ng s\u1ebd x\u1eed l\u00fd y\u00eau c\u1ea7u c\u1ee7a b\u1ea1n v\u00e0 th\u00f4ng b\u00e1o cho b\u1ea1n bi\u1ebft k\u1ebft qu\u1ea3.<\/p>\n\n\n\n<h3 class=\"wp-block-heading\">Th\u1eddi gian x\u1eed l\u00fd r\u00fat ti\u1ec1n c\u00f3 nhanh kh\u00f4ng?<\/h3>\n\n\n\n<p>Th\u1eddi gian x\u1eed l\u00fd r\u00fat ti\u1ec1n t\u1ea1i FFok th\u01b0\u1eddng r\u1ea5t nhanh ch\u00f3ng. Tuy nhi\u00ean, \u0111i\u1ec1u n\u00e0y c\u00f2n ph\u1ee5 thu\u1ed9c v\u00e0o ph\u01b0\u01a1ng th\u1ee9c r\u00fat ti\u1ec1n m\u00e0 b\u1ea1n \u0111\u00e3 ch\u1ecdn. N\u1ebfu b\u1ea1n th\u1ef1c hi\u1ec7n giao d\u1ecbch v\u00e0o khung gi\u1edd cao \u0111i\u1ec3m, c\u00f3 th\u1ec3 th\u1eddi gian ch\u1edd \u0111\u1ee3i s\u1ebd l\u00e2u h\u01a1n m\u1ed9t ch\u00fat so v\u1edbi th\u1eddi gian b\u00ecnh th\u01b0\u1eddng.<\/p>\n\n\n\n<p>Nh\u00ecn chung, FFok cam k\u1ebft x\u1eed l\u00fd nhanh ch\u00f3ng c\u00e1c giao d\u1ecbch r\u00fat ti\u1ec1n, gi\u00fap ng\u01b0\u1eddi ch\u01a1i c\u00f3 th\u1ec3 nh\u1eadn \u0111\u01b0\u1ee3c ti\u1ec1n ngay khi c\u00f3 chi\u1ebfn th\u1eafng. Nh\u1eefng y\u1ebfu t\u1ed1 nh\u01b0 t\u1ed1c \u0111\u1ed9 x\u1eed l\u00fd c\u1ee7a ng\u00e2n h\u00e0ng ho\u1eb7c v\u00ed \u0111i\u1ec7n t\u1eed c\u0169ng \u1ea3nh h\u01b0\u1edfng \u0111\u1ebfn th\u1eddi gian nh\u1eadn ti\u1ec1n.<\/p>\n\n\n\n<h2 class=\"wp-block-heading\"><span class=\"ez-toc-section\" id=\"Dieu_kien_rut_tien_tai_FFok_ban_can_biet\"><\/span>\u0110i\u1ec1u ki\u1ec7n r\u00fat ti\u1ec1n t\u1ea1i FFok b\u1ea1n c\u1ea7n bi\u1ebft<span class=\"ez-toc-section-end\"><\/span><\/h2>\n\n\n\n<p>Tr\u01b0\u1edbc khi th\u1ef1c hi\u1ec7n r\u00fat ti\u1ec1n, b\u1ea1n c\u1ea7n n\u1eafm r\u00f5 m\u1ed9t s\u1ed1 \u0111i\u1ec1u ki\u1ec7n quan tr\u1ecdng \u0111\u1ec3 \u0111\u1ea3m b\u1ea3o r\u1eb1ng giao d\u1ecbch c\u1ee7a b\u1ea1n di\u1ec5n ra su\u00f4n s\u1ebb.<\/p>\n\n\n\n<h3 class=\"wp-block-heading\">C\u1ea7n x\u00e1c minh t\u00e0i kho\u1ea3n tr\u01b0\u1edbc khi r\u00fat<\/h3>\n\n\n\n<p>M\u1ed9t trong nh\u1eefng \u0111i\u1ec1u ki\u1ec7n quan tr\u1ecdng nh\u1ea5t \u0111\u1ec3 r\u00fat ti\u1ec1n t\u1ea1i FFok \u0111\u00f3 ch\u00ednh l\u00e0 vi\u1ec7c x\u00e1c minh t\u00e0i kho\u1ea3n. Qu\u00e1 tr\u00ecnh x\u00e1c minh gi\u00fap b\u1ea3o v\u1ec7 t\u00e0i kho\u1ea3n c\u1ee7a b\u1ea1n kh\u1ecfi nh\u1eefng r\u1ee7i ro v\u00e0 \u0111\u1ea3m b\u1ea3o an to\u00e0n trong giao d\u1ecbch.<\/p>\n\n\n\n<p>\u0110\u1ec3 x\u00e1c minh t\u00e0i kho\u1ea3n, b\u1ea1n c\u1ea7n cung c\u1ea5p m\u1ed9t s\u1ed1 gi\u1ea5y t\u1edd t\u00f9y th\u00e2n nh\u01b0 CMND ho\u1eb7c h\u1ed9 chi\u1ebfu. C\u00e1c t\u00e0i li\u1ec7u n\u00e0y s\u1ebd \u0111\u01b0\u1ee3c ki\u1ec3m tra b\u1edfi \u0111\u1ed9i ng\u0169 nh\u00e2n vi\u00ean c\u1ee7a FFok nh\u1eb1m x\u00e1c nh\u1eadn danh t\u00ednh c\u1ee7a b\u1ea1n.<\/p>\n\n\n\n<p>Vi\u1ec7c x\u00e1c minh t\u00e0i kho\u1ea3n c\u00f3 th\u1ec3 m\u1ea5t m\u1ed9t kho\u1ea3ng th\u1eddi gian nh\u1ea5t \u0111\u1ecbnh, nh\u01b0ng \u0111\u00e2y l\u00e0 b\u01b0\u1edbc quan tr\u1ecdng \u0111\u1ec3 \u0111\u1ea3m b\u1ea3o an to\u00e0n cho b\u1ea1n c\u0169ng nh\u01b0 cho h\u1ec7 th\u1ed1ng c\u1ee7a FFok.<\/p>\n\n\n\n<h3 class=\"wp-block-heading\">\u0110\u1ea3m b\u1ea3o s\u1ed1 d\u01b0 \u0111\u1ee7 v\u00e0 kh\u00f4ng vi ph\u1ea1m khuy\u1ebfn m\u00e3i<\/h3>\n\n\n\n<p>Ngo\u00e0i vi\u1ec7c x\u00e1c minh t\u00e0i kho\u1ea3n, b\u1ea1n c\u0169ng c\u1ea7n \u0111\u1ea3m b\u1ea3o r\u1eb1ng s\u1ed1 d\u01b0 trong t\u00e0i kho\u1ea3n c\u1ee7a b\u1ea1n \u0111\u1ee7 \u0111\u1ec3 th\u1ef1c hi\u1ec7n giao d\u1ecbch r\u00fat ti\u1ec1n. N\u1ebfu s\u1ed1 d\u01b0 kh\u00f4ng \u0111\u1ee7, b\u1ea1n s\u1ebd kh\u00f4ng th\u1ec3 ti\u1ebfn h\u00e0nh r\u00fat ti\u1ec1n.<\/p>\n\n\n\n<p>B\u00ean c\u1ea1nh \u0111\u00f3, FFok th\u01b0\u1eddng c\u00f3 c\u00e1c ch\u01b0\u01a1ng tr\u00ecnh khuy\u1ebfn m\u00e3i \u0111i k\u00e8m. N\u1ebfu b\u1ea1n \u0111\u00e3 s\u1eed d\u1ee5ng c\u00e1c \u01b0u \u0111\u00e3i n\u00e0y, h\u00e3y ch\u1eafc ch\u1eafn r\u1eb1ng b\u1ea1n \u0111\u00e3 th\u1ef1c hi\u1ec7n \u0111\u1ea7y \u0111\u1ee7 c\u00e1c \u0111i\u1ec1u ki\u1ec7n \u0111i k\u00e8m tr\u01b0\u1edbc khi r\u00fat ti\u1ec1n. N\u1ebfu kh\u00f4ng, giao d\u1ecbch c\u1ee7a b\u1ea1n c\u00f3 th\u1ec3 b\u1ecb t\u1eeb ch\u1ed1i.<\/p>\n\n\n\n<h2 class=\"wp-block-heading\"><span class=\"ez-toc-section\" id=\"Meo_rut_tien_muot_khong_bi_delay\"><\/span>M\u1eb9o r\u00fat ti\u1ec1n m\u01b0\u1ee3t, kh\u00f4ng b\u1ecb delay<span class=\"ez-toc-section-end\"><\/span><\/h2>\n\n\n\n<p>\u0110\u1ec3 \u0111\u1ea3m b\u1ea3o qu\u00e1 tr\u00ecnh r\u00fat ti\u1ec1n t\u1ea1i FFok di\u1ec5n ra tr\u01a1n tru v\u00e0 nhanh ch\u00f3ng, d\u01b0\u1edbi \u0111\u00e2y l\u00e0 m\u1ed9t s\u1ed1 m\u1eb9o h\u1eefu \u00edch m\u00e0 b\u1ea1n n\u00ean tham kh\u1ea3o.<\/p>\n\n\n\n<h3 class=\"wp-block-heading\">Th\u1ef1c hi\u1ec7n r\u00fat v\u00e0o khung gi\u1edd cao \u0111i\u1ec3m hay th\u1ea5p \u0111i\u1ec3m?<\/h3>\n\n\n\n<p>Khung gi\u1edd th\u1ef1c hi\u1ec7n r\u00fat ti\u1ec1n c\u0169ng \u1ea3nh h\u01b0\u1edfng \u0111\u1ebfn t\u1ed1c \u0111\u1ed9 x\u1eed l\u00fd giao d\u1ecbch. Th\u00f4ng th\u01b0\u1eddng, v\u00e0o c\u00e1c ng\u00e0y cu\u1ed1i tu\u1ea7n ho\u1eb7c c\u00e1c d\u1ecbp l\u1ec5 h\u1ed9i, l\u01b0\u1ee3ng giao d\u1ecbch t\u0103ng l\u00ean \u0111\u00e1ng k\u1ec3. Do \u0111\u00f3, b\u1ea1n n\u00ean xem x\u00e9t th\u1ef1c hi\u1ec7n r\u00fat ti\u1ec1n v\u00e0o nh\u1eefng khung gi\u1edd th\u1ea5p \u0111i\u1ec3m, ch\u1eb3ng h\u1ea1n nh\u01b0 v\u00e0o gi\u1eefa tu\u1ea7n ho\u1eb7c bu\u1ed5i s\u00e1ng.<\/p>\n\n\n\n<p>N\u1ebfu b\u1ea1n c\u00f3 th\u1ec3, h\u00e3y th\u1eed th\u1ef1c hi\u1ec7n giao d\u1ecbch v\u00e0o nh\u1eefng gi\u1edd \u00edt ng\u01b0\u1eddi tr\u1ef1c tuy\u1ebfn. \u0110i\u1ec1u n\u00e0y kh\u00f4ng ch\u1ec9 gi\u00fap gi\u1ea3m thi\u1ec3u t\u00ecnh tr\u1ea1ng qu\u00e1 t\u1ea3i m\u00e0 c\u00f2n t\u0103ng kh\u1ea3 n\u0103ng giao d\u1ecbch c\u1ee7a b\u1ea1n \u0111\u01b0\u1ee3c x\u1eed l\u00fd nhanh ch\u00f3ng.<\/p>\n\n\n\n<h3 class=\"wp-block-heading\">L\u01b0u \u00fd ch\u1ecdn \u0111\u00fang ng\u00e2n h\u00e0ng \u0111\u1ec3 tr\u00e1nh l\u1ed7i<\/h3>\n\n\n\n<p>Khi r\u00fat ti\u1ec1n, vi\u1ec7c ch\u1ecdn ng\u00e2n h\u00e0ng ph\u00f9 h\u1ee3p c\u0169ng r\u1ea5t quan tr\u1ecdng. M\u1ed7i ng\u00e2n h\u00e0ng c\u00f3 quy tr\u00ecnh ri\u00eang v\u00e0 th\u1eddi gian x\u1eed l\u00fd kh\u00e1c nhau. M\u1ed9t s\u1ed1 ng\u00e2n h\u00e0ng c\u00f3 th\u1ec3 x\u1eed l\u00fd giao d\u1ecbch r\u00fat ti\u1ec1n r\u1ea5t nhanh, trong khi m\u1ed9t s\u1ed1 kh\u00e1c l\u1ea1i m\u1ea5t nhi\u1ec1u th\u1eddi gian h\u01a1n.<\/p>\n\n\n\n<p>\u0110\u1ec3 t\u1ed1i \u01b0u h\u00f3a qu\u00e1 tr\u00ecnh r\u00fat ti\u1ec1n, h\u00e3y t\u00ecm hi\u1ec3u k\u1ef9 v\u1ec1 c\u00e1c ng\u00e2n h\u00e0ng m\u00e0 FFok h\u1ed7 tr\u1ee3 v\u00e0 ch\u1ecdn ng\u00e2n h\u00e0ng m\u00e0 b\u1ea1n th\u1ea5y t\u1ed1t nh\u1ea5t. Ngo\u00e0i ra, h\u00e3y \u0111\u1ea3m b\u1ea3o r\u1eb1ng th\u00f4ng tin t\u00e0i kho\u1ea3n ng\u00e2n h\u00e0ng c\u1ee7a b\u1ea1n ch\u00ednh x\u00e1c \u0111\u1ec3 tr\u00e1nh nh\u1eefng l\u1ed7i kh\u00f4ng mong mu\u1ed1n.<\/p>\n\n\n\n<h2 class=\"wp-block-heading\"><span class=\"ez-toc-section\" id=\"Ket_luan\"><\/span>K\u1ebft lu\u1eadn<span class=\"ez-toc-section-end\"><\/span><\/h2>\n\n\n\n<p>Qua b\u00e0i vi\u1ebft n\u00e0y, hy v\u1ecdng b\u1ea1n \u0111\u00e3 c\u00f3 c\u00e1i nh\u00ecn t\u1ed5ng quan v\u00e0 chi ti\u1ebft v\u1ec1 qu\u00e1 tr\u00ecnh r\u00fat ti\u1ec1n t\u1ea1i FFok. Vi\u1ec7c r\u00fat ti\u1ec1n nhanh ch\u00f3ng v\u00e0 hi\u1ec7u qu\u1ea3 kh\u00f4ng ch\u1ec9 gi\u00fap b\u1ea1n t\u1eadn h\u01b0\u1edfng th\u00e0nh qu\u1ea3 t\u1eeb s\u1ef1 may m\u1eafn m\u00e0 c\u00f2n mang l\u1ea1i tr\u1ea3i nghi\u1ec7m t\u1ed1t h\u01a1n khi tham gia v\u00e0o c\u00e1c tr\u00f2 ch\u01a1i c\u00e1 c\u01b0\u1ee3c.<\/p>\n\n\n","protected":false},"excerpt":{"rendered":"<p>R\u00fat Ti\u1ec1n FFok \u2013 Th\u1eafng l\u00e0 r\u00fat li\u1ec1n tay, kh\u1ecfi ch\u1edd \u0111\u1ee3i! R\u00fat ti\u1ec1n FFok l\u00e0 m\u1ed9t trong nh\u1eefng v\u1ea5n \u0111\u1ec1 quan tr\u1ecdng m\u00e0 ng\u01b0\u1eddi ch\u01a1i c\u1ea7n l\u01b0u \u00fd khi tham gia v\u00e0o c\u00e1c tr\u00f2 ch\u01a1i v\u00e0 d\u1ecbch v\u1ee5 c\u00e1 c\u01b0\u1ee3c tr\u1ef1c tuy\u1ebfn t\u1ea1i \u0111\u00e2y. V\u1edbi n\u1ec1n t\u1ea3ng hi\u1ec7n \u0111\u1ea1i, FFok cam k\u1ebft mang \u0111\u1ebfn [&#8230;]\n","protected":false},"author":1,"featured_media":155,"parent":0,"menu_order":0,"comment_status":"closed","ping_status":"closed","template":"","meta":{"footnotes":""},"class_list":["post-45","page","type-page","status-publish","has-post-thumbnail","hentry"],"_links":{"self":[{"href":"https:\/\/checkinhanoi.com\/index.php\/wp-json\/wp\/v2\/pages\/45","targetHints":{"allow":["GET"]}}],"collection":[{"href":"https:\/\/checkinhanoi.com\/index.php\/wp-json\/wp\/v2\/pages"}],"about":[{"href":"https:\/\/checkinhanoi.com\/index.php\/wp-json\/wp\/v2\/types\/page"}],"author":[{"embeddable":true,"href":"https:\/\/checkinhanoi.com\/index.php\/wp-json\/wp\/v2\/users\/1"}],"replies":[{"embeddable":true,"href":"https:\/\/checkinhanoi.com\/index.php\/wp-json\/wp\/v2\/comments?post=45"}],"version-history":[{"count":3,"href":"https:\/\/checkinhanoi.com\/index.php\/wp-json\/wp\/v2\/pages\/45\/revisions"}],"predecessor-version":[{"id":165,"href":"https:\/\/checkinhanoi.com\/index.php\/wp-json\/wp\/v2\/pages\/45\/revisions\/165"}],"wp:featuredmedia":[{"embeddable":true,"href":"https:\/\/checkinhanoi.com\/index.php\/wp-json\/wp\/v2\/media\/155"}],"wp:attachment":[{"href":"https:\/\/checkinhanoi.com\/index.php\/wp-json\/wp\/v2\/media?parent=45"}],"curies":[{"name":"wp","href":"https:\/\/api.w.org\/{rel}","templated":true}]}}