{"id":46,"date":"2025-04-05T05:21:32","date_gmt":"2025-04-05T05:21:32","guid":{"rendered":"https:\/\/checkinhanoi.com\/?page_id=46"},"modified":"2025-04-07T05:16:49","modified_gmt":"2025-04-07T05:16:49","slug":"tai-app-ffok","status":"publish","type":"page","link":"https:\/\/checkinhanoi.com\/index.php\/tai-app-ffok\/","title":{"rendered":"T\u1ea3i App FFok \u2013 C\u00e0i li\u1ec1n, ch\u01a1i l\u1eb9, nh\u1eadn qu\u00e0 t\u1eb9t ga!"},"content":{"rendered":"\n<h1 class=\"wp-block-heading\"><span class=\"ez-toc-section\" id=\"Tai_App_FFok_%E2%80%93_Cai_lien_choi_le_nhan_qua_tet_ga\"><\/span>T\u1ea3i App FFok \u2013 C\u00e0i li\u1ec1n, ch\u01a1i l\u1eb9, nh\u1eadn qu\u00e0 t\u1eb9t ga!<span class=\"ez-toc-section-end\"><\/span><\/h1>\n\n\n\n<figure class=\"wp-block-image aligncenter size-full\"><img loading=\"lazy\" decoding=\"async\" width=\"800\" height=\"450\" src=\"https:\/\/checkinhanoi.com\/wp-content\/uploads\/2025\/04\/tai-app.jpg\" alt=\"T\u1ea3i App FFok \u2013 C\u00e0i li\u1ec1n, ch\u01a1i l\u1eb9, nh\u1eadn qu\u00e0 t\u1eb9t ga!\" class=\"wp-image-154\" srcset=\"https:\/\/checkinhanoi.com\/wp-content\/uploads\/2025\/04\/tai-app.jpg 800w, https:\/\/checkinhanoi.com\/wp-content\/uploads\/2025\/04\/tai-app-300x169.jpg 300w, https:\/\/checkinhanoi.com\/wp-content\/uploads\/2025\/04\/tai-app-768x432.jpg 768w\" sizes=\"auto, (max-width: 800px) 100vw, 800px\" \/><figcaption class=\"wp-element-caption\">T\u1ea3i App FFok \u2013 C\u00e0i li\u1ec1n, ch\u01a1i l\u1eb9, nh\u1eadn qu\u00e0 t\u1eb9t ga!<\/figcaption><\/figure>\n\n\n\n<p><a href=\"https:\/\/checkinhanoi.com\/index.php\/tai-app-ffok\/\"><strong>T\u1ea3i app FFok<\/strong><\/a> l\u00e0 m\u1ed9t trong nh\u1eefng xu h\u01b0\u1edbng m\u1edbi m\u1ebb m\u00e0 ng\u01b0\u1eddi d\u00f9ng smartphone hi\u1ec7n nay \u0111ang r\u1ea5t \u01b0a chu\u1ed9ng. V\u1eady t\u1ea1i sao \u1ee9ng d\u1ee5ng n\u00e0y l\u1ea1i h\u1ea5p d\u1eabn \u0111\u1ebfn v\u1eady? H\u00e3y c\u00f9ng t\u00ecm hi\u1ec3u s\u00e2u h\u01a1n v\u1ec1 n\u00f3 trong b\u00e0i vi\u1ebft d\u01b0\u1edbi \u0111\u00e2y.<\/p><div id=\"ez-toc-container\" class=\"ez-toc-v2_0_82_2 ez-toc-wrap-center counter-hierarchy ez-toc-counter ez-toc-grey ez-toc-container-direction\">\n<div class=\"ez-toc-title-container\">\n<p class=\"ez-toc-title\" style=\"cursor:inherit\">T\u00f3m t\u1eaft<\/p>\n<span class=\"ez-toc-title-toggle\"><a href=\"#\" class=\"ez-toc-pull-right ez-toc-btn ez-toc-btn-xs ez-toc-btn-default ez-toc-toggle\" aria-label=\"Toggle Table of Content\"><span class=\"ez-toc-js-icon-con\"><span class=\"\"><span class=\"eztoc-hide\" style=\"display:none;\">Toggle<\/span><span class=\"ez-toc-icon-toggle-span\"><svg style=\"fill: #999;color:#999\" xmlns=\"http:\/\/www.w3.org\/2000\/svg\" class=\"list-377408\" width=\"20px\" height=\"20px\" viewBox=\"0 0 24 24\" fill=\"none\"><path d=\"M6 6H4v2h2V6zm14 0H8v2h12V6zM4 11h2v2H4v-2zm16 0H8v2h12v-2zM4 16h2v2H4v-2zm16 0H8v2h12v-2z\" fill=\"currentColor\"><\/path><\/svg><svg style=\"fill: #999;color:#999\" class=\"arrow-unsorted-368013\" xmlns=\"http:\/\/www.w3.org\/2000\/svg\" width=\"10px\" height=\"10px\" viewBox=\"0 0 24 24\" version=\"1.2\" baseProfile=\"tiny\"><path d=\"M18.2 9.3l-6.2-6.3-6.2 6.3c-.2.2-.3.4-.3.7s.1.5.3.7c.2.2.4.3.7.3h11c.3 0 .5-.1.7-.3.2-.2.3-.5.3-.7s-.1-.5-.3-.7zM5.8 14.7l6.2 6.3 6.2-6.3c.2-.2.3-.5.3-.7s-.1-.5-.3-.7c-.2-.2-.4-.3-.7-.3h-11c-.3 0-.5.1-.7.3-.2.2-.3.5-.3.7s.1.5.3.7z\"\/><\/svg><\/span><\/span><\/span><\/a><\/span><\/div>\n<nav><ul class='ez-toc-list ez-toc-list-level-1 ' ><li class='ez-toc-page-1 ez-toc-heading-level-1'><a class=\"ez-toc-link ez-toc-heading-1\" href=\"https:\/\/checkinhanoi.com\/index.php\/tai-app-ffok\/#Tai_App_FFok_%E2%80%93_Cai_lien_choi_le_nhan_qua_tet_ga\" >T\u1ea3i App FFok \u2013 C\u00e0i li\u1ec1n, ch\u01a1i l\u1eb9, nh\u1eadn qu\u00e0 t\u1eb9t ga!<\/a><ul class='ez-toc-list-level-2' ><li class='ez-toc-heading-level-2'><a class=\"ez-toc-link ez-toc-heading-2\" href=\"https:\/\/checkinhanoi.com\/index.php\/tai-app-ffok\/#Vi_sao_nen_tai_app_FFok_ve_dien_thoai\" >V\u00ec sao n\u00ean t\u1ea3i app FFok v\u1ec1 \u0111i\u1ec7n tho\u1ea1i?<\/a><\/li><li class='ez-toc-page-1 ez-toc-heading-level-2'><a class=\"ez-toc-link ez-toc-heading-3\" href=\"https:\/\/checkinhanoi.com\/index.php\/tai-app-ffok\/#Cach_tai_app_FFok_cho_Android_va_iOS\" >C\u00e1ch t\u1ea3i app FFok cho Android v\u00e0 iOS<\/a><\/li><li class='ez-toc-page-1 ez-toc-heading-level-2'><a class=\"ez-toc-link ez-toc-heading-4\" href=\"https:\/\/checkinhanoi.com\/index.php\/tai-app-ffok\/#Meo_dung_app_FFok_hieu_qua_hon\" >M\u1eb9o d\u00f9ng app FFok hi\u1ec7u qu\u1ea3 h\u01a1n<\/a><\/li><li class='ez-toc-page-1 ez-toc-heading-level-2'><a class=\"ez-toc-link ez-toc-heading-5\" href=\"https:\/\/checkinhanoi.com\/index.php\/tai-app-ffok\/#Ket_luan\" >K\u1ebft lu\u1eadn<\/a><\/li><\/ul><\/li><\/ul><\/nav><\/div>\n\n\n\n\n<h2 class=\"wp-block-heading\"><span class=\"ez-toc-section\" id=\"Vi_sao_nen_tai_app_FFok_ve_dien_thoai\"><\/span>V\u00ec sao n\u00ean t\u1ea3i app FFok v\u1ec1 \u0111i\u1ec7n tho\u1ea1i?<span class=\"ez-toc-section-end\"><\/span><\/h2>\n\n\n\n<p>\u0110\u1ec3 hi\u1ec3u r\u00f5 l\u00fd do v\u00ec sao b\u1ea1n n\u00ean t\u1ea3i app FFok, tr\u01b0\u1edbc ti\u00ean ch\u00fang ta c\u1ea7n n\u1eafm b\u1eaft \u0111\u01b0\u1ee3c nh\u1eefng \u01b0u \u0111i\u1ec3m n\u1ed5i b\u1eadt m\u00e0 \u1ee9ng d\u1ee5ng n\u00e0y mang l\u1ea1i.<\/p>\n\n\n\n<h3 class=\"wp-block-heading\">Ch\u01a1i m\u01b0\u1ee3t kh\u00f4ng lag, kh\u00f4ng b\u1ecb ch\u1eb7n<\/h3>\n\n\n\n<p>M\u1ed9t trong nh\u1eefng y\u1ebfu t\u1ed1 quan tr\u1ecdng nh\u1ea5t khi\u1ebfn ng\u01b0\u1eddi d\u00f9ng quy\u1ebft \u0111\u1ecbnh t\u1ea3i app FFok ch\u00ednh l\u00e0 kh\u1ea3 n\u0103ng ch\u01a1i game m\u01b0\u1ee3t m\u00e0. Khi t\u1ea3i app FFok, b\u1ea1n s\u1ebd kh\u00f4ng c\u00f2n ph\u1ea3i lo l\u1eafng v\u1ec1 t\u00ecnh tr\u1ea1ng lag gi\u1eadt hay b\u1ecb ch\u1eb7n trong qu\u00e1 tr\u00ecnh ch\u01a1i game.<\/p>\n\n\n\n<p>\u0110i\u1ec1u n\u00e0y \u0111\u1eb7c bi\u1ec7t quan tr\u1ecdng \u0111\u1ed1i v\u1edbi nh\u1eefng ai y\u00eau th\u00edch c\u00e1c tr\u00f2 ch\u01a1i tr\u1ef1c tuy\u1ebfn ho\u1eb7c c\u00e1c s\u1ef1 ki\u1ec7n th\u1ec3 thao. V\u1edbi t\u1ed1c \u0111\u1ed9 x\u1eed l\u00fd nhanh ch\u00f3ng v\u00e0 h\u1ec7 th\u1ed1ng m\u00e1y ch\u1ee7 \u1ed5n \u0111\u1ecbnh, vi\u1ec7c tr\u1ea3i nghi\u1ec7m game tr\u1edf n\u00ean d\u1ec5 d\u00e0ng v\u00e0 th\u00fa v\u1ecb h\u01a1n bao gi\u1edd h\u1ebft. B\u1ea1n c\u00f3 th\u1ec3 t\u1eadn h\u01b0\u1edfng t\u1eebng kho\u1ea3nh kh\u1eafc c\u1ee7a tr\u00f2 ch\u01a1i m\u00e0 kh\u00f4ng b\u1ecb gi\u00e1n \u0111o\u1ea1n, t\u1eeb \u0111\u00f3 n\u00e2ng cao hi\u1ec7u su\u1ea5t thi \u0111\u1ea5u c\u0169ng nh\u01b0 c\u1ea3m gi\u00e1c h\u00e0o h\u1ee9ng khi tham gia.<\/p>\n\n\n\n<p>H\u01a1n n\u1eefa, kh\u00f4ng ch\u1ec9 d\u1eebng l\u1ea1i \u1edf vi\u1ec7c ch\u01a1i game, t\u1ea3i app FFok c\u00f2n gi\u00fap b\u1ea1n k\u1ebft n\u1ed1i v\u1edbi c\u1ed9ng \u0111\u1ed3ng game th\u1ee7 tr\u00ean to\u00e0n qu\u1ed1c. \u0110i\u1ec1u n\u00e0y t\u1ea1o ra c\u01a1 h\u1ed9i \u0111\u1ec3 b\u1ea1n chia s\u1ebb kinh nghi\u1ec7m, chi\u1ebfn thu\u1eadt v\u00e0 th\u1eadm ch\u00ed l\u00e0 h\u00ecnh th\u00e0nh nh\u1eefng m\u1ed1i quan h\u1ec7 h\u1eefu \u00edch trong th\u1ebf gi\u1edbi game.<\/p>\n\n\n\n<h3 class=\"wp-block-heading\">Th\u00f4ng b\u00e1o khuy\u1ebfn m\u00e3i c\u1eadp nh\u1eadt li\u1ec1n tay<\/h3>\n\n\n\n<p>M\u1ed9t t\u00ednh n\u0103ng n\u1ed5i b\u1eadt kh\u00e1c khi b\u1ea1n t\u1ea3i app FFok l\u00e0 kh\u1ea3 n\u0103ng c\u1eadp nh\u1eadt th\u00f4ng tin khuy\u1ebfn m\u00e3i li\u00ean t\u1ee5c. App n\u00e0y kh\u00f4ng ch\u1ec9 cung c\u1ea5p cho b\u1ea1n nh\u1eefng th\u00f4ng tin m\u1edbi nh\u1ea5t v\u1ec1 c\u00e1c tr\u00f2 ch\u01a1i m\u00e0 c\u00f2n th\u01b0\u1eddng xuy\u00ean t\u1ed5 ch\u1ee9c c\u00e1c s\u1ef1 ki\u1ec7n khuy\u1ebfn m\u00e3i c\u1ef1c h\u1ea5p d\u1eabn.<\/p>\n\n\n\n<p>Nh\u1eefng th\u00f4ng b\u00e1o n\u00e0y s\u1ebd \u0111\u01b0\u1ee3c g\u1eedi \u0111\u1ebfn b\u1ea1n ngay l\u1eadp t\u1ee9c, gi\u00fap b\u1ea1n kh\u00f4ng b\u1ecf l\u1ee1 b\u1ea5t k\u1ef3 c\u01a1 h\u1ed9i n\u00e0o. C\u00f3 th\u1ec3 n\u00f3i, vi\u1ec7c t\u1ea3i app FFok ch\u00ednh l\u00e0 c\u00e1ch t\u1ed1t nh\u1ea5t \u0111\u1ec3 b\u1ea1n c\u00f3 th\u1ec3 n\u1eafm b\u1eaft th\u00f4ng tin nhanh ch\u00f3ng v\u00e0 ch\u00ednh x\u00e1c nh\u1ea5t, t\u1eeb \u0111\u00f3 t\u1ed1i \u01b0u h\u00f3a tr\u1ea3i nghi\u1ec7m ch\u01a1i game c\u1ee7a m\u00ecnh.<\/p>\n\n\n\n<p>Kh\u00f4ng ch\u1ec9 \u0111\u01a1n thu\u1ea7n l\u00e0 th\u00f4ng b\u00e1o v\u1ec1 khuy\u1ebfn m\u00e3i, app <a href=\"https:\/\/checkinhanoi.com\/\"><strong>FFok<\/strong><\/a> c\u00f2n cung c\u1ea5p cho b\u1ea1n nhi\u1ec1u th\u00f4ng tin h\u1eefu \u00edch kh\u00e1c nh\u01b0 m\u1eb9o ch\u01a1i game, h\u01b0\u1edbng d\u1eabn s\u1eed d\u1ee5ng \u1ee9ng d\u1ee5ng v\u00e0 c\u00e1c tin t\u1ee9c li\u00ean quan \u0111\u1ebfn c\u1ed9ng \u0111\u1ed3ng game th\u1ee7. T\u1ea5t c\u1ea3 nh\u1eefng \u0111i\u1ec1u n\u00e0y \u0111\u1ec1u g\u00f3p ph\u1ea7n l\u00e0m cho tr\u1ea3i nghi\u1ec7m c\u1ee7a b\u1ea1n tr\u1edf n\u00ean phong ph\u00fa v\u00e0 \u0111a d\u1ea1ng h\u01a1n.<\/p>\n\n\n\n<h2 class=\"wp-block-heading\"><span class=\"ez-toc-section\" id=\"Cach_tai_app_FFok_cho_Android_va_iOS\"><\/span>C\u00e1ch t\u1ea3i app FFok cho Android v\u00e0 iOS<span class=\"ez-toc-section-end\"><\/span><\/h2>\n\n\n\n<p>Vi\u1ec7c t\u1ea3i app FFok ho\u00e0n to\u00e0n \u0111\u01a1n gi\u1ea3n v\u00e0 d\u1ec5 d\u00e0ng, d\u00f9 b\u1ea1n \u0111ang s\u1eed d\u1ee5ng thi\u1ebft b\u1ecb Android hay iOS. H\u00e3y c\u00f9ng t\u00ecm hi\u1ec3u chi ti\u1ebft c\u00e1ch th\u1ef1c hi\u1ec7n nh\u00e9.<\/p>\n\n\n\n<h3 class=\"wp-block-heading\">Link t\u1ea3i ch\u00ednh ch\u1ee7 an to\u00e0n tuy\u1ec7t \u0111\u1ed1i<\/h3>\n\n\n\n<p>Tr\u01b0\u1edbc ti\u00ean, \u0111\u1ec3 t\u1ea3i app FFok, b\u1ea1n c\u1ea7n truy c\u1eadp v\u00e0o link t\u1ea3i ch\u00ednh th\u1ee9c t\u1eeb nh\u00e0 ph\u00e1t tri\u1ec3n. \u0110i\u1ec1u n\u00e0y r\u1ea5t quan tr\u1ecdng b\u1edfi v\u00ec vi\u1ec7c t\u1ea3i \u1ee9ng d\u1ee5ng t\u1eeb nh\u1eefng ngu\u1ed3n kh\u00f4ng \u0111\u00e1ng tin c\u1eady c\u00f3 th\u1ec3 g\u00e2y ra nhi\u1ec1u r\u1ee7i ro nh\u01b0 virus hay m\u00e3 \u0111\u1ed9c.<\/p>\n\n\n\n<p>Link t\u1ea3i FFok th\u01b0\u1eddng \u0111\u01b0\u1ee3c c\u00f4ng b\u1ed1 r\u1ed9ng r\u00e3i tr\u00ean website ch\u00ednh th\u1ee9c c\u1ee7a nh\u00e0 ph\u00e1t tri\u1ec3n ho\u1eb7c qua c\u00e1c k\u00eanh truy\u1ec1n th\u00f4ng x\u00e3 h\u1ed9i. Ngay sau khi b\u1ea1n truy c\u1eadp v\u00e0o link t\u1ea3i, h\u00e3y ch\u1eafc ch\u1eafn r\u1eb1ng b\u1ea1n \u0111\u00e3 ki\u1ec3m tra k\u1ef9 l\u01b0\u1ee1ng th\u00f4ng tin \u0111\u1ec3 \u0111\u1ea3m b\u1ea3o r\u1eb1ng m\u00ecnh \u0111ang t\u1ea3i \u0111\u00fang phi\u00ean b\u1ea3n c\u1ee7a \u1ee9ng d\u1ee5ng.<\/p>\n\n\n\n<p>H\u00e3y l\u01b0u \u00fd r\u1eb1ng, \u0111\u1ec3 t\u1ea3i app tr\u00ean Android, b\u1ea1n c\u1ea7n k\u00edch ho\u1ea1t t\u00ednh n\u0103ng cho ph\u00e9p t\u1ea3i \u1ee9ng d\u1ee5ng t\u1eeb ngu\u1ed3n kh\u00f4ng x\u00e1c \u0111\u1ecbnh trong ph\u1ea7n c\u00e0i \u0111\u1eb7t. C\u00f2n v\u1edbi iOS, vi\u1ec7c t\u1ea3i \u1ee9ng d\u1ee5ng t\u1eeb App Store s\u1ebd d\u1ec5 d\u00e0ng h\u01a1n r\u1ea5t nhi\u1ec1u.<\/p>\n\n\n\n<h3 class=\"wp-block-heading\">H\u01b0\u1edbng d\u1eabn c\u00e0i \u0111\u1eb7t t\u1eebng b\u01b0\u1edbc c\u1ef1c d\u1ec5<\/h3>\n\n\n\n<p>Sau khi \u0111\u00e3 t\u1ea3i xong app FFok, b\u01b0\u1edbc ti\u1ebfp theo l\u00e0 c\u00e0i \u0111\u1eb7t \u1ee9ng d\u1ee5ng. \u0110\u00e2y l\u00e0 quy tr\u00ecnh kh\u00e1 \u0111\u01a1n gi\u1ea3n, b\u1ea1n ch\u1ec9 c\u1ea7n th\u1ef1c hi\u1ec7n theo nh\u1eefng b\u01b0\u1edbc sau:<\/p>\n\n\n\n<ul class=\"wp-block-list\">\n<li><strong>B\u01b0\u1edbc 1<\/strong>: M\u1edf file c\u00e0i \u0111\u1eb7t m\u00e0 b\u1ea1n v\u1eeba t\u1ea3i v\u1ec1. N\u1ebfu b\u1ea1n s\u1eed d\u1ee5ng Android, b\u1ea1n s\u1ebd th\u1ea5y file APK xu\u1ea5t hi\u1ec7n trong th\u01b0 vi\u1ec7n t\u1ea3i xu\u1ed1ng.<\/li>\n\n\n\n<li><strong>B\u01b0\u1edbc 2<\/strong>: Nh\u1ea5n v\u00e0o &#8220;C\u00e0i \u0111\u1eb7t&#8221; v\u00e0 ch\u1edd \u0111\u1ee3i qu\u00e1 tr\u00ecnh c\u00e0i \u0111\u1eb7t ho\u00e0n t\u1ea5t. Qu\u00e1 tr\u00ecnh n\u00e0y c\u00f3 th\u1ec3 di\u1ec5n ra trong v\u00e0i ph\u00fat t\u00f9y thu\u1ed9c v\u00e0o c\u1ea5u h\u00ecnh thi\u1ebft b\u1ecb c\u1ee7a b\u1ea1n.<\/li>\n\n\n\n<li><strong>B\u01b0\u1edbc 3<\/strong>: Khi qu\u00e1 tr\u00ecnh c\u00e0i \u0111\u1eb7t ho\u00e0n t\u1ea5t, b\u1ea1n h\u00e3y m\u1edf \u1ee9ng d\u1ee5ng FFok l\u00ean v\u00e0 ti\u1ebfn h\u00e0nh \u0111\u0103ng k\u00fd t\u00e0i kho\u1ea3n n\u1ebfu b\u1ea1n ch\u01b0a c\u00f3.<\/li>\n<\/ul>\n\n\n\n<p>Qu\u00e1 tr\u00ecnh c\u00e0i \u0111\u1eb7t app FFok c\u1ef1c k\u1ef3 nhanh ch\u00f3ng v\u00e0 d\u1ec5 d\u00e0ng, kh\u00f4ng c\u1ea7n b\u1ea5t c\u1ee9 ki\u1ebfn th\u1ee9c c\u00f4ng ngh\u1ec7 ph\u1ee9c t\u1ea1p n\u00e0o. Ngay sau khi ho\u00e0n t\u1ea5t, b\u1ea1n \u0111\u00e3 s\u1eb5n s\u00e0ng \u0111\u1ec3 kh\u00e1m ph\u00e1 th\u1ebf gi\u1edbi \u0111\u1ea7y m\u00e0u s\u1eafc v\u00e0 h\u1ea5p d\u1eabn c\u1ee7a c\u00e1c tr\u00f2 ch\u01a1i!<\/p>\n\n\n\n<h2 class=\"wp-block-heading\"><span class=\"ez-toc-section\" id=\"Meo_dung_app_FFok_hieu_qua_hon\"><\/span>M\u1eb9o d\u00f9ng app FFok hi\u1ec7u qu\u1ea3 h\u01a1n<span class=\"ez-toc-section-end\"><\/span><\/h2>\n\n\n\n<p>Khi \u0111\u00e3 t\u1ea3i app FFok v\u00e0 c\u00e0i \u0111\u1eb7t th\u00e0nh c\u00f4ng, b\u1ea1n c\u1ea7n bi\u1ebft m\u1ed9t s\u1ed1 m\u1eb9o \u0111\u1ec3 s\u1eed d\u1ee5ng \u1ee9ng d\u1ee5ng n\u00e0y m\u1ed9t c\u00e1ch hi\u1ec7u qu\u1ea3 h\u01a1n. C\u00e1c m\u1eb9o n\u00e0y kh\u00f4ng ch\u1ec9 gi\u00fap b\u1ea1n t\u1ed1i \u01b0u h\u00f3a tr\u1ea3i nghi\u1ec7m ch\u01a1i game m\u00e0 c\u00f2n gi\u00fap b\u1ea1n kh\u00f4ng b\u1ecf l\u1ee1 b\u1ea5t k\u1ef3 th\u00f4ng tin quan tr\u1ecdng n\u00e0o t\u1eeb \u1ee9ng d\u1ee5ng.<\/p>\n\n\n\n<h3 class=\"wp-block-heading\">B\u1eadt th\u00f4ng b\u00e1o \u0111\u1ec3 kh\u00f4ng b\u1ecf l\u1ee1 s\u1ef1 ki\u1ec7n<\/h3>\n\n\n\n<p>M\u1ed9t trong nh\u1eefng t\u00ednh n\u0103ng quan tr\u1ecdng c\u1ee7a app FFok ch\u00ednh l\u00e0 th\u00f4ng b\u00e1o s\u1ef1 ki\u1ec7n. Vi\u1ec7c b\u1eadt th\u00f4ng b\u00e1o tr\u00ean \u1ee9ng d\u1ee5ng gi\u00fap b\u1ea1n kh\u00f4ng b\u1ecf l\u1ee1 b\u1ea5t k\u1ef3 s\u1ef1 ki\u1ec7n hay khuy\u1ebfn m\u00e3i n\u00e0o \u0111ang di\u1ec5n ra.<\/p>\n\n\n\n<p>Khi b\u1ea1n b\u1eadt th\u00f4ng b\u00e1o, m\u1ed7i khi c\u00f3 s\u1ef1 ki\u1ec7n m\u1edbi hay ch\u01b0\u01a1ng tr\u00ecnh khuy\u1ebfn m\u00e3i, b\u1ea1n s\u1ebd nh\u1eadn \u0111\u01b0\u1ee3c th\u00f4ng b\u00e1o ngay l\u1eadp t\u1ee9c. \u0110i\u1ec1u n\u00e0y r\u1ea5t h\u1eefu \u00edch cho nh\u1eefng game th\u1ee7 mu\u1ed1n gi\u1eef v\u1eefng v\u1ecb th\u1ebf c\u1ee7a m\u00ecnh trong cu\u1ed9c ch\u01a1i c\u0169ng nh\u01b0 kh\u00f4ng b\u1ecf l\u1ee1 c\u00e1c c\u01a1 h\u1ed9i ki\u1ebfm th\u00eam th\u01b0\u1edfng.<\/p>\n\n\n\n<p>H\u01a1n n\u1eefa, vi\u1ec7c b\u1eadt th\u00f4ng b\u00e1o c\u00f2n gi\u00fap b\u1ea1n k\u1ebft n\u1ed1i v\u1edbi c\u1ed9ng \u0111\u1ed3ng game th\u1ee7. B\u1ea1n c\u00f3 th\u1ec3 tham gia v\u00e0o c\u00e1c s\u1ef1 ki\u1ec7n tr\u1ef1c tuy\u1ebfn, c\u00e1c gi\u1ea3i \u0111\u1ea5u ho\u1eb7c nh\u1eefng bu\u1ed5i giao l\u01b0u v\u1edbi game th\u1ee7 kh\u00e1c, t\u1eeb \u0111\u00f3 n\u00e2ng cao k\u1ef9 n\u0103ng c\u1ee7a m\u00ecnh.<\/p>\n\n\n\n<h3 class=\"wp-block-heading\">\u0110\u0103ng nh\u1eadp v\u00e2n tay\/face ID \u2013 b\u1ea3o m\u1eadt ti\u1ec7n l\u1ee3i<\/h3>\n\n\n\n<p>M\u1ed9t trong nh\u1eefng t\u00ednh n\u0103ng \u01b0u vi\u1ec7t c\u1ee7a app FFok ch\u00ednh l\u00e0 kh\u1ea3 n\u0103ng b\u1ea3o m\u1eadt th\u00f4ng tin c\u00e1 nh\u00e2n c\u1ee7a ng\u01b0\u1eddi d\u00f9ng. Vi\u1ec7c \u0111\u0103ng nh\u1eadp b\u1eb1ng v\u00e2n tay ho\u1eb7c Face ID kh\u00f4ng ch\u1ec9 gi\u00fap t\u0103ng t\u00ednh b\u1ea3o m\u1eadt m\u00e0 c\u00f2n mang l\u1ea1i s\u1ef1 ti\u1ec7n l\u1ee3i t\u1ed1i \u0111a cho ng\u01b0\u1eddi d\u00f9ng.<\/p>\n\n\n\n<p>Thay v\u00ec ph\u1ea3i nh\u1eadp m\u1eadt kh\u1ea9u m\u1ed7i l\u1ea7n \u0111\u0103ng nh\u1eadp, b\u1ea1n ch\u1ec9 c\u1ea7n \u0111\u1eb7t ng\u00f3n tay ho\u1eb7c nh\u00ecn v\u00e0o camera \u0111\u1ec3 x\u00e1c nh\u1eadn danh t\u00ednh. \u0110i\u1ec1u n\u00e0y gi\u00fap b\u1ea1n ti\u1ebft ki\u1ec7m th\u1eddi gian v\u00e0 tr\u00e1nh nh\u1eefng r\u1ee7i ro li\u00ean quan \u0111\u1ebfn vi\u1ec7c qu\u00ean m\u1eadt kh\u1ea9u hay b\u1ecb l\u1ed9 th\u00f4ng tin c\u00e1 nh\u00e2n.<\/p>\n\n\n\n<p>B\u00ean c\u1ea1nh \u0111\u00f3, v\u1edbi t\u00ednh n\u0103ng b\u1ea3o m\u1eadt n\u00e0y, b\u1ea1n c\u00f3 th\u1ec3 ho\u00e0n to\u00e0n y\u00ean t\u00e2m khi s\u1eed d\u1ee5ng \u1ee9ng d\u1ee5ng m\u00e0 kh\u00f4ng s\u1ee3 b\u1ecb hacker hay c\u00e1c ph\u1ea7n m\u1ec1m \u0111\u1ed9c h\u1ea1i t\u1ea5n c\u00f4ng. An to\u00e0n l\u00e0 \u0111i\u1ec1u m\u00e0 m\u1ecdi game th\u1ee7 \u0111\u1ec1u mong mu\u1ed1n, v\u00e0 app FFok ch\u1eafc ch\u1eafn \u0111\u00e1p \u1ee9ng \u0111\u01b0\u1ee3c y\u00eau c\u1ea7u n\u00e0y.<\/p>\n\n\n\n<h2 class=\"wp-block-heading\"><span class=\"ez-toc-section\" id=\"Ket_luan\"><\/span>K\u1ebft lu\u1eadn<span class=\"ez-toc-section-end\"><\/span><\/h2>\n\n\n\n<p>T\u1ea3i app FFok l\u00e0 b\u01b0\u1edbc \u0111\u1ea7u ti\u00ean \u0111\u1ec3 b\u1ea1n kh\u00e1m ph\u00e1 th\u1ebf gi\u1edbi game \u0111\u1ea7y th\u00fa v\u1ecb v\u00e0 h\u1ea5p d\u1eabn. V\u1edbi nhi\u1ec1u t\u00ednh n\u0103ng \u01b0u vi\u1ec7t nh\u01b0 ch\u01a1i m\u01b0\u1ee3t m\u00e0 kh\u00f4ng lag, th\u00f4ng b\u00e1o khuy\u1ebfn m\u00e3i c\u1eadp nh\u1eadt li\u00ean t\u1ee5c, c\u00f9ng v\u1edbi kh\u1ea3 n\u0103ng b\u1ea3o m\u1eadt v\u01b0\u1ee3t tr\u1ed9i, \u1ee9ng d\u1ee5ng n\u00e0y ch\u1eafc ch\u1eafn s\u1ebd l\u00e0m h\u00e0i l\u00f2ng m\u1ecdi t\u00edn \u0111\u1ed3 y\u00eau th\u00edch game.<\/p>\n\n\n","protected":false},"excerpt":{"rendered":"<p>T\u1ea3i App FFok \u2013 C\u00e0i li\u1ec1n, ch\u01a1i l\u1eb9, nh\u1eadn qu\u00e0 t\u1eb9t ga! T\u1ea3i app FFok l\u00e0 m\u1ed9t trong nh\u1eefng xu h\u01b0\u1edbng m\u1edbi m\u1ebb m\u00e0 ng\u01b0\u1eddi d\u00f9ng smartphone hi\u1ec7n nay \u0111ang r\u1ea5t \u01b0a chu\u1ed9ng. V\u1eady t\u1ea1i sao \u1ee9ng d\u1ee5ng n\u00e0y l\u1ea1i h\u1ea5p d\u1eabn \u0111\u1ebfn v\u1eady? H\u00e3y c\u00f9ng t\u00ecm hi\u1ec3u s\u00e2u h\u01a1n v\u1ec1 n\u00f3 trong b\u00e0i vi\u1ebft [&#8230;]\n","protected":false},"author":1,"featured_media":154,"parent":0,"menu_order":0,"comment_status":"closed","ping_status":"closed","template":"","meta":{"footnotes":""},"class_list":["post-46","page","type-page","status-publish","has-post-thumbnail","hentry"],"_links":{"self":[{"href":"https:\/\/checkinhanoi.com\/index.php\/wp-json\/wp\/v2\/pages\/46","targetHints":{"allow":["GET"]}}],"collection":[{"href":"https:\/\/checkinhanoi.com\/index.php\/wp-json\/wp\/v2\/pages"}],"about":[{"href":"https:\/\/checkinhanoi.com\/index.php\/wp-json\/wp\/v2\/types\/page"}],"author":[{"embeddable":true,"href":"https:\/\/checkinhanoi.com\/index.php\/wp-json\/wp\/v2\/users\/1"}],"replies":[{"embeddable":true,"href":"https:\/\/checkinhanoi.com\/index.php\/wp-json\/wp\/v2\/comments?post=46"}],"version-history":[{"count":3,"href":"https:\/\/checkinhanoi.com\/index.php\/wp-json\/wp\/v2\/pages\/46\/revisions"}],"predecessor-version":[{"id":166,"href":"https:\/\/checkinhanoi.com\/index.php\/wp-json\/wp\/v2\/pages\/46\/revisions\/166"}],"wp:featuredmedia":[{"embeddable":true,"href":"https:\/\/checkinhanoi.com\/index.php\/wp-json\/wp\/v2\/media\/154"}],"wp:attachment":[{"href":"https:\/\/checkinhanoi.com\/index.php\/wp-json\/wp\/v2\/media?parent=46"}],"curies":[{"name":"wp","href":"https:\/\/api.w.org\/{rel}","templated":true}]}}