{"id":64,"date":"2025-04-05T05:38:29","date_gmt":"2025-04-05T05:38:29","guid":{"rendered":"https:\/\/checkinhanoi.com\/?page_id=64"},"modified":"2025-04-07T05:45:34","modified_gmt":"2025-04-07T05:45:34","slug":"dang-ky-ffok","status":"publish","type":"page","link":"https:\/\/checkinhanoi.com\/index.php\/dang-ky-ffok\/","title":{"rendered":"\u0110\u0103ng K\u00fd FFok \u2013 T\u1ea1o t\u00e0i kho\u1ea3n ch\u01b0a t\u1edbi 1 ph\u00fat!"},"content":{"rendered":"\n<h1 class=\"wp-block-heading\"><span class=\"ez-toc-section\" id=\"Dang_Ky_FFok_%E2%80%93_Tao_tai_khoan_chua_toi_1_phut\"><\/span>\u0110\u0103ng K\u00fd FFok \u2013 T\u1ea1o t\u00e0i kho\u1ea3n ch\u01b0a t\u1edbi 1 ph\u00fat!<span class=\"ez-toc-section-end\"><\/span><\/h1>\n\n\n\n<figure class=\"wp-block-image aligncenter size-full\"><img loading=\"lazy\" decoding=\"async\" width=\"800\" height=\"450\" src=\"https:\/\/checkinhanoi.com\/wp-content\/uploads\/2025\/04\/dang-ky.jpg\" alt=\"\u0110\u0103ng K\u00fd FFok \u2013 T\u1ea1o t\u00e0i kho\u1ea3n ch\u01b0a t\u1edbi 1 ph\u00fat!\" class=\"wp-image-184\" srcset=\"https:\/\/checkinhanoi.com\/wp-content\/uploads\/2025\/04\/dang-ky.jpg 800w, https:\/\/checkinhanoi.com\/wp-content\/uploads\/2025\/04\/dang-ky-300x169.jpg 300w, https:\/\/checkinhanoi.com\/wp-content\/uploads\/2025\/04\/dang-ky-768x432.jpg 768w\" sizes=\"auto, (max-width: 800px) 100vw, 800px\" \/><figcaption class=\"wp-element-caption\">\u0110\u0103ng K\u00fd FFok \u2013 T\u1ea1o t\u00e0i kho\u1ea3n ch\u01b0a t\u1edbi 1 ph\u00fat!<\/figcaption><\/figure>\n\n\n\n<p>Trong th\u1eddi \u0111\u1ea1i s\u1ed1 h\u00f3a hi\u1ec7n nay, vi\u1ec7c tham gia v\u00e0o c\u00e1c n\u1ec1n t\u1ea3ng tr\u1ef1c tuy\u1ebfn \u0111\u1ec3 gi\u1ea3i tr\u00ed v\u00e0 ki\u1ebfm ti\u1ec1n ng\u00e0y c\u00e0ng tr\u1edf n\u00ean ph\u1ed5 bi\u1ebfn.&nbsp;<strong><a href=\"https:\/\/checkinhanoi.com\/index.php\/dang-ky-ffok\/\">\u0110\u0103ng k\u00fd FFok<\/a><\/strong>&nbsp;l\u00e0 m\u1ed9t trong nh\u1eefng c\u00e1ch th\u1ee9c d\u1ec5 d\u00e0ng v\u00e0 nhanh ch\u00f3ng nh\u1ea5t \u0111\u1ec3 b\u1ea1n c\u00f3 th\u1ec3 h\u00f2a m\u00ecnh v\u00e0o th\u1ebf gi\u1edbi game c\u00e1 c\u01b0\u1ee3c \u0111\u1ea7y th\u00fa v\u1ecb. V\u1edbi giao di\u1ec7n th\u00e2n thi\u1ec7n v\u00e0 quy tr\u00ecnh \u0111\u0103ng k\u00fd \u0111\u01a1n gi\u1ea3n, ch\u1ec9 m\u1ea5t ch\u01b0a \u0111\u1ebfn 1 ph\u00fat, b\u1ea1n \u0111\u00e3 c\u00f3 th\u1ec3 s\u1edf h\u1eefu cho m\u00ecnh m\u1ed9t t\u00e0i kho\u1ea3n <a href=\"https:\/\/checkinhanoi.com\/\"><strong>FFok<\/strong><\/a> h\u1ea5p d\u1eabn. B\u00e0i vi\u1ebft n\u00e0y s\u1ebd h\u01b0\u1edbng d\u1eabn b\u1ea1n chi ti\u1ebft t\u1eebng b\u01b0\u1edbc \u0111\u1ec3 \u0111\u0103ng k\u00fd t\u00e0i kho\u1ea3n, c\u00f9ng v\u1edbi nh\u1eefng l\u1ee3i \u00edch v\u00e0 l\u01b0u \u00fd quan tr\u1ecdng khi s\u1eed d\u1ee5ng d\u1ecbch v\u1ee5.<\/p><div id=\"ez-toc-container\" class=\"ez-toc-v2_0_82_2 ez-toc-wrap-center counter-hierarchy ez-toc-counter ez-toc-grey ez-toc-container-direction\">\n<div class=\"ez-toc-title-container\">\n<p class=\"ez-toc-title\" style=\"cursor:inherit\">T\u00f3m t\u1eaft<\/p>\n<span class=\"ez-toc-title-toggle\"><a href=\"#\" class=\"ez-toc-pull-right ez-toc-btn ez-toc-btn-xs ez-toc-btn-default ez-toc-toggle\" aria-label=\"Toggle Table of Content\"><span class=\"ez-toc-js-icon-con\"><span class=\"\"><span class=\"eztoc-hide\" style=\"display:none;\">Toggle<\/span><span class=\"ez-toc-icon-toggle-span\"><svg style=\"fill: #999;color:#999\" xmlns=\"http:\/\/www.w3.org\/2000\/svg\" class=\"list-377408\" width=\"20px\" height=\"20px\" viewBox=\"0 0 24 24\" fill=\"none\"><path d=\"M6 6H4v2h2V6zm14 0H8v2h12V6zM4 11h2v2H4v-2zm16 0H8v2h12v-2zM4 16h2v2H4v-2zm16 0H8v2h12v-2z\" fill=\"currentColor\"><\/path><\/svg><svg style=\"fill: #999;color:#999\" class=\"arrow-unsorted-368013\" xmlns=\"http:\/\/www.w3.org\/2000\/svg\" width=\"10px\" height=\"10px\" viewBox=\"0 0 24 24\" version=\"1.2\" baseProfile=\"tiny\"><path d=\"M18.2 9.3l-6.2-6.3-6.2 6.3c-.2.2-.3.4-.3.7s.1.5.3.7c.2.2.4.3.7.3h11c.3 0 .5-.1.7-.3.2-.2.3-.5.3-.7s-.1-.5-.3-.7zM5.8 14.7l6.2 6.3 6.2-6.3c.2-.2.3-.5.3-.7s-.1-.5-.3-.7c-.2-.2-.4-.3-.7-.3h-11c-.3 0-.5.1-.7.3-.2.2-.3.5-.3.7s.1.5.3.7z\"\/><\/svg><\/span><\/span><\/span><\/a><\/span><\/div>\n<nav><ul class='ez-toc-list ez-toc-list-level-1 ' ><li class='ez-toc-page-1 ez-toc-heading-level-1'><a class=\"ez-toc-link ez-toc-heading-1\" href=\"https:\/\/checkinhanoi.com\/index.php\/dang-ky-ffok\/#Dang_Ky_FFok_%E2%80%93_Tao_tai_khoan_chua_toi_1_phut\" >\u0110\u0103ng K\u00fd FFok \u2013 T\u1ea1o t\u00e0i kho\u1ea3n ch\u01b0a t\u1edbi 1 ph\u00fat!<\/a><ul class='ez-toc-list-level-2' ><li class='ez-toc-heading-level-2'><a class=\"ez-toc-link ez-toc-heading-2\" href=\"https:\/\/checkinhanoi.com\/index.php\/dang-ky-ffok\/#Huong_dan_dang_ky_tai_khoan_FFok\" >H\u01b0\u1edbng d\u1eabn \u0111\u0103ng k\u00fd t\u00e0i kho\u1ea3n FFok<\/a><\/li><li class='ez-toc-page-1 ez-toc-heading-level-2'><a class=\"ez-toc-link ez-toc-heading-3\" href=\"https:\/\/checkinhanoi.com\/index.php\/dang-ky-ffok\/#Luu_y_khi_tao_tai_khoan_FFok\" >L\u01b0u \u00fd khi t\u1ea1o t\u00e0i kho\u1ea3n FFok<\/a><\/li><li class='ez-toc-page-1 ez-toc-heading-level-2'><a class=\"ez-toc-link ez-toc-heading-4\" href=\"https:\/\/checkinhanoi.com\/index.php\/dang-ky-ffok\/#Nhung_uu_dai_danh_cho_nguoi_moi_dang_ky\" >Nh\u1eefng \u01b0u \u0111\u00e3i d\u00e0nh cho ng\u01b0\u1eddi m\u1edbi \u0111\u0103ng k\u00fd<\/a><\/li><li class='ez-toc-page-1 ez-toc-heading-level-2'><a class=\"ez-toc-link ez-toc-heading-5\" href=\"https:\/\/checkinhanoi.com\/index.php\/dang-ky-ffok\/#Ket_luan\" >K\u1ebft lu\u1eadn<\/a><\/li><\/ul><\/li><\/ul><\/nav><\/div>\n\n\n\n\n<h2 class=\"wp-block-heading\"><span class=\"ez-toc-section\" id=\"Huong_dan_dang_ky_tai_khoan_FFok\"><\/span>H\u01b0\u1edbng d\u1eabn \u0111\u0103ng k\u00fd t\u00e0i kho\u1ea3n FFok<span class=\"ez-toc-section-end\"><\/span><\/h2>\n\n\n\n<p>Khi b\u1ea1n quy\u1ebft \u0111\u1ecbnh&nbsp;<strong>\u0111\u0103ng k\u00fd FFok<\/strong>, b\u01b0\u1edbc \u0111\u1ea7u ti\u00ean l\u00e0 truy c\u1eadp v\u00e0o trang web ch\u00ednh th\u1ee9c c\u1ee7a FFok. Ngay sau khi v\u00e0o trang ch\u1ee7, b\u1ea1n s\u1ebd nh\u1eadn th\u1ea5y n\u00fat &#8220;\u0110\u0103ng k\u00fd&#8221; n\u1ed5i b\u1eadt tr\u00ean giao di\u1ec7n. Nh\u1ea5n v\u00e0o n\u00fat \u0111\u00f3, m\u1ed9t c\u1eeda s\u1ed5 m\u1edbi s\u1ebd m\u1edf ra y\u00eau c\u1ea7u b\u1ea1n \u0111i\u1ec1n th\u00f4ng tin c\u01a1 b\u1ea3n.<\/p>\n\n\n\n<h3 class=\"wp-block-heading\">\u0110i\u1ec1n th\u00f4ng tin c\u01a1 b\u1ea3n v\u00e0 x\u00e1c nh\u1eadn<\/h3>\n\n\n\n<p>Vi\u1ec7c \u0111i\u1ec1n th\u00f4ng tin c\u00e1 nh\u00e2n l\u00e0 r\u1ea5t quan tr\u1ecdng \u0111\u1ec3 \u0111\u1ea3m b\u1ea3o r\u1eb1ng t\u00e0i kho\u1ea3n c\u1ee7a b\u1ea1n an to\u00e0n v\u00e0 \u0111\u01b0\u1ee3c b\u1ea3o m\u1eadt.<\/p>\n\n\n\n<h4 class=\"wp-block-heading\">Th\u00f4ng tin c\u1ea7n thi\u1ebft<\/h4>\n\n\n\n<p>Khi b\u1eaft \u0111\u1ea7u qu\u00e1 tr\u00ecnh \u0111\u0103ng k\u00fd, b\u1ea1n s\u1ebd c\u1ea7n cung c\u1ea5p m\u1ed9t s\u1ed1 th\u00f4ng tin nh\u01b0:<\/p>\n\n\n\n<ul class=\"wp-block-list\">\n<li>H\u1ecd v\u00e0 t\u00ean<\/li>\n\n\n\n<li>S\u1ed1 \u0111i\u1ec7n tho\u1ea1i<\/li>\n\n\n\n<li>\u0110\u1ecba ch\u1ec9 email<\/li>\n\n\n\n<li>M\u1eadt kh\u1ea9u<\/li>\n<\/ul>\n\n\n\n<p>M\u1ed7i th\u00f4ng tin n\u00e0y \u0111\u1ec1u r\u1ea5t quan tr\u1ecdng. S\u1ed1 \u0111i\u1ec7n tho\u1ea1i kh\u00f4ng ch\u1ec9 d\u00f9ng \u0111\u1ec3 x\u00e1c th\u1ef1c t\u00e0i kho\u1ea3n m\u00e0 c\u00f2n \u0111\u1ec3 g\u1eedi m\u00e3 x\u00e1c nh\u1eadn ho\u1eb7c h\u1ed7 tr\u1ee3 n\u1ebfu b\u1ea1n qu\u00ean m\u1eadt kh\u1ea9u. \u0110\u1ecba ch\u1ec9 email c\u0169ng v\u1eady, n\u00f3 s\u1ebd tr\u1edf th\u00e0nh k\u00eanh li\u00ean l\u1ea1c ch\u00ednh gi\u1eefa b\u1ea1n v\u00e0 FFok.<\/p>\n\n\n\n<h4 class=\"wp-block-heading\">X\u00e1c nh\u1eadn th\u00f4ng tin<\/h4>\n\n\n\n<p>Sau khi \u0111i\u1ec1n xong, h\u00e3y ki\u1ec3m tra l\u1ea1i t\u1ea5t c\u1ea3 th\u00f4ng tin m\u1ed9t l\u1ea7n n\u1eefa. N\u1ebfu m\u1ecdi th\u1ee9 \u0111\u1ec1u ch\u00ednh x\u00e1c, b\u1ea1n nh\u1ea5n v\u00e0o n\u00fat &#8220;X\u00e1c nh\u1eadn&#8221;. M\u1ed9t m\u00e3 x\u00e1c nh\u1eadn s\u1ebd \u0111\u01b0\u1ee3c g\u1eedi \u0111\u1ebfn s\u1ed1 \u0111i\u1ec7n tho\u1ea1i ho\u1eb7c email m\u00e0 b\u1ea1n \u0111\u00e3 \u0111\u0103ng k\u00fd. B\u1ea1n ch\u1ec9 c\u1ea7n nh\u1eadp m\u00e3 n\u00e0y v\u00e0o \u00f4 y\u00eau c\u1ea7u \u0111\u1ec3 ho\u00e0n t\u1ea5t qu\u00e1 tr\u00ecnh \u0111\u0103ng k\u00fd.<\/p>\n\n\n\n<h3 class=\"wp-block-heading\">Nh\u1eadn qu\u00e0 t\u1eb7ng sau khi \u0111\u0103ng k\u00fd th\u00e0nh c\u00f4ng<\/h3>\n\n\n\n<p>Khi ho\u00e0n t\u1ea5t vi\u1ec7c&nbsp;<strong>\u0111\u0103ng k\u00fd FFok<\/strong>, b\u1ea1n s\u1ebd kh\u00f4ng ch\u1ec9 c\u00f3 m\u1ed9t t\u00e0i kho\u1ea3n ho\u1ea1t \u0111\u1ed9ng m\u00e0 c\u00f2n nh\u1eadn \u0111\u01b0\u1ee3c nh\u1eefng ph\u1ea7n qu\u00e0 t\u1eb7ng h\u1ea5p d\u1eabn t\u1eeb nh\u00e0 c\u00e1i.<\/p>\n\n\n\n<h4 class=\"wp-block-heading\">C\u00e1c lo\u1ea1i qu\u00e0 t\u1eb7ng<\/h4>\n\n\n\n<p>FFok th\u01b0\u1eddng xuy\u00ean c\u00f3 ch\u01b0\u01a1ng tr\u00ecnh khuy\u1ebfn m\u00e3i d\u00e0nh ri\u00eang cho ng\u01b0\u1eddi ch\u01a1i m\u1edbi. Nh\u1eefng ph\u1ea7n qu\u00e0 n\u00e0y c\u00f3 th\u1ec3 bao g\u1ed3m:<\/p>\n\n\n\n<ul class=\"wp-block-list\">\n<li>Ti\u1ec1n th\u01b0\u1edfng cho l\u01b0\u1ee3t n\u1ea1p \u0111\u1ea7u ti\u00ean<\/li>\n\n\n\n<li>Free spins trong c\u00e1c tr\u00f2 ch\u01a1i slot<\/li>\n\n\n\n<li>Ho\u1eb7c c\u00e1c coupon gi\u1ea3m gi\u00e1 cho l\u1ea7n \u0111\u1eb7t c\u01b0\u1ee3c ti\u1ebfp theo<\/li>\n<\/ul>\n\n\n\n<h4 class=\"wp-block-heading\">C\u00e1ch nh\u1eadn qu\u00e0 t\u1eb7ng<\/h4>\n\n\n\n<p>Qu\u00e1 tr\u00ecnh nh\u1eadn qu\u00e0 t\u1eb7ng r\u1ea5t \u0111\u01a1n gi\u1ea3n. Sau khi b\u1ea1n \u0111\u0103ng nh\u1eadp v\u00e0o t\u00e0i kho\u1ea3n m\u1edbi t\u1ea1o, h\u1ec7 th\u1ed1ng s\u1ebd t\u1ef1 \u0111\u1ed9ng g\u1eedi c\u00e1c \u01b0u \u0111\u00e3i n\u00e0y v\u1ec1 h\u1ed9p th\u01b0 ho\u1eb7c th\u00f4ng b\u00e1o trong \u1ee9ng d\u1ee5ng. H\u00e3y nh\u1edb ki\u1ec3m tra th\u01b0\u1eddng xuy\u00ean \u0111\u1ec3 kh\u00f4ng b\u1ecf l\u1ee1 b\u1ea5t k\u1ef3 c\u01a1 h\u1ed9i n\u00e0o.<\/p>\n\n\n\n<h2 class=\"wp-block-heading\"><span class=\"ez-toc-section\" id=\"Luu_y_khi_tao_tai_khoan_FFok\"><\/span>L\u01b0u \u00fd khi t\u1ea1o t\u00e0i kho\u1ea3n FFok<span class=\"ez-toc-section-end\"><\/span><\/h2>\n\n\n\n<p>D\u00f9 r\u1eb1ng vi\u1ec7c&nbsp;<strong>\u0111\u0103ng k\u00fd FFok<\/strong>&nbsp;r\u1ea5t nhanh ch\u00f3ng nh\u01b0ng v\u1eabn c\u00f3 v\u00e0i \u0111i\u1ec3m b\u1ea1n c\u1ea7n ch\u00fa \u00fd \u0111\u1ec3 tr\u00e1nh phi\u1ec1n to\u00e1i trong t\u01b0\u01a1ng lai.<\/p>\n\n\n\n<h3 class=\"wp-block-heading\">D\u00f9ng s\u1ed1 \u0111i\u1ec7n tho\u1ea1i, email ch\u00ednh ch\u1ee7<\/h3>\n\n\n\n<p>M\u1ed9t trong nh\u1eefng y\u1ebfu t\u1ed1 quan tr\u1ecdng nh\u1ea5t khi \u0111\u0103ng k\u00fd l\u00e0 ph\u1ea3i s\u1eed d\u1ee5ng th\u00f4ng tin ch\u00ednh x\u00e1c v\u00e0 h\u1ee3p l\u1ec7.<\/p>\n\n\n\n<h4 class=\"wp-block-heading\">T\u1ea1i sao c\u1ea7n th\u00f4ng tin ch\u00ednh ch\u1ee7?<\/h4>\n\n\n\n<p>N\u1ebfu b\u1ea1n d\u00f9ng s\u1ed1 \u0111i\u1ec7n tho\u1ea1i ho\u1eb7c \u0111\u1ecba ch\u1ec9 email kh\u00f4ng ch\u00ednh ch\u1ee7, r\u1ea5t c\u00f3 th\u1ec3 b\u1ea1n s\u1ebd g\u1eb7p kh\u00f3 kh\u0103n trong vi\u1ec7c l\u1ea5y l\u1ea1i t\u00e0i kho\u1ea3n khi qu\u00ean m\u1eadt kh\u1ea9u. Ngo\u00e0i ra, vi\u1ec7c x\u00e1c th\u1ef1c t\u00e0i kho\u1ea3n c\u0169ng s\u1ebd tr\u1edf n\u00ean ph\u1ee9c t\u1ea1p h\u01a1n, g\u00e2y t\u1ed1n th\u1eddi gian.<\/p>\n\n\n\n<h4 class=\"wp-block-heading\">H\u1eadu qu\u1ea3 c\u1ee7a vi\u1ec7c s\u1eed d\u1ee5ng th\u00f4ng tin sai<\/h4>\n\n\n\n<p>S\u1eed d\u1ee5ng th\u00f4ng tin sai l\u1ec7ch c\u00f3 th\u1ec3 d\u1eabn \u0111\u1ebfn vi\u1ec7c t\u00e0i kho\u1ea3n c\u1ee7a b\u1ea1n b\u1ecb kh\u00f3a ho\u1eb7c kh\u00f4ng c\u00f2n kh\u1ea3 n\u0103ng truy c\u1eadp v\u00e0o m\u1ed9t s\u1ed1 t\u00ednh n\u0103ng nh\u1ea5t \u0111\u1ecbnh. Do \u0111\u00f3, h\u00e3y ch\u1eafc ch\u1eafn r\u1eb1ng th\u00f4ng tin b\u1ea1n cung c\u1ea5p l\u00e0 ch\u00ednh x\u00e1c v\u00e0 h\u1ee3p l\u1ec7.<\/p>\n\n\n\n<h3 class=\"wp-block-heading\">Kh\u00f4ng t\u1ea1o nhi\u1ec1u t\u00e0i kho\u1ea3n tr\u00e1nh b\u1ecb kh\u00f3a<\/h3>\n\n\n\n<p>Nhi\u1ec1u ng\u01b0\u1eddi d\u00f9ng c\u00f3 xu h\u01b0\u1edbng mu\u1ed1n \u0111\u0103ng k\u00fd nhi\u1ec1u t\u00e0i kho\u1ea3n \u0111\u1ec3 t\u1eadn d\u1ee5ng c\u00e1c \u01b0u \u0111\u00e3i kh\u00e1c nhau. Tuy nhi\u00ean, \u0111\u00e2y l\u00e0 m\u1ed9t sai l\u1ea7m l\u1edbn.<\/p>\n\n\n\n<h4 class=\"wp-block-heading\">Nguy c\u01a1 t\u1eeb vi\u1ec7c t\u1ea1o nhi\u1ec1u t\u00e0i kho\u1ea3n<\/h4>\n\n\n\n<p>Vi\u1ec7c t\u1ea1o nhi\u1ec1u t\u00e0i kho\u1ea3n c\u00f3 th\u1ec3 khi\u1ebfn b\u1ea1n b\u1ecb nghi ng\u1edd l\u00e0 ng\u01b0\u1eddi ch\u01a1i gian l\u1eadn v\u00e0 c\u00f3 th\u1ec3 d\u1eabn \u0111\u1ebfn vi\u1ec7c t\u1ea5t c\u1ea3 t\u00e0i kho\u1ea3n c\u1ee7a b\u1ea1n b\u1ecb kh\u00f3a. \u0110i\u1ec1u n\u00e0y kh\u00f4ng ch\u1ec9 l\u00e0m m\u1ea5t quy\u1ec1n l\u1ee3i c\u1ee7a b\u1ea1n m\u00e0 c\u00f2n g\u00e2y r\u1eafc r\u1ed1i kh\u00f4ng c\u1ea7n thi\u1ebft.<\/p>\n\n\n\n<h4 class=\"wp-block-heading\">C\u00e1ch t\u1ed1t nh\u1ea5t \u0111\u1ec3 t\u1ed1i \u01b0u h\u00f3a l\u1ee3i \u00edch<\/h4>\n\n\n\n<p>Thay v\u00ec t\u1ea1o nhi\u1ec1u t\u00e0i kho\u1ea3n, h\u00e3y s\u1eed d\u1ee5ng m\u1ed9t t\u00e0i kho\u1ea3n duy nh\u1ea5t v\u00e0 t\u1eadp trung v\u00e0o vi\u1ec7c khai th\u00e1c h\u1ebft c\u00e1c \u01b0u \u0111\u00e3i v\u00e0 khuy\u1ebfn m\u00e3i m\u00e0 FFok cung c\u1ea5p. \u0110i\u1ec1u n\u00e0y gi\u00fap b\u1ea1n qu\u1ea3n l\u00fd t\u00e0i kho\u1ea3n d\u1ec5 d\u00e0ng h\u01a1n v\u00e0 v\u1eabn t\u1eadn h\u01b0\u1edfng \u0111\u1ea7y \u0111\u1ee7 c\u00e1c l\u1ee3i \u00edch.<\/p>\n\n\n\n<h2 class=\"wp-block-heading\"><span class=\"ez-toc-section\" id=\"Nhung_uu_dai_danh_cho_nguoi_moi_dang_ky\"><\/span>Nh\u1eefng \u01b0u \u0111\u00e3i d\u00e0nh cho ng\u01b0\u1eddi m\u1edbi \u0111\u0103ng k\u00fd<span class=\"ez-toc-section-end\"><\/span><\/h2>\n\n\n\n<p>Khi b\u1ea1n ho\u00e0n th\u00e0nh vi\u1ec7c&nbsp;<strong>\u0111\u0103ng k\u00fd FFok<\/strong>, b\u1ea1n kh\u00f4ng ch\u1ec9 c\u00f3 c\u01a1 h\u1ed9i ch\u01a1i game m\u00e0 c\u00f2n \u0111\u01b0\u1ee3c h\u01b0\u1edfng nhi\u1ec1u \u01b0u \u0111\u00e3i h\u1ea5p d\u1eabn.<\/p>\n\n\n\n<h3 class=\"wp-block-heading\">Th\u01b0\u1edfng n\u1ea1p \u0111\u1ea7u, qu\u00e0 s\u1ef1 ki\u1ec7n c\u1ef1c h\u1ea5p d\u1eabn<\/h3>\n\n\n\n<p>FFok th\u01b0\u1eddng xuy\u00ean t\u1ed5 ch\u1ee9c c\u00e1c ch\u01b0\u01a1ng tr\u00ecnh khuy\u1ebfn m\u00e3i nh\u1eb1m thu h\u00fat ng\u01b0\u1eddi ch\u01a1i m\u1edbi.<\/p>\n\n\n\n<h4 class=\"wp-block-heading\">Th\u01b0\u1edfng n\u1ea1p \u0111\u1ea7u<\/h4>\n\n\n\n<p>Ng\u01b0\u1eddi ch\u01a1i m\u1edbi khi th\u1ef1c hi\u1ec7n l\u1ea7n n\u1ea1p \u0111\u1ea7u ti\u00ean s\u1ebd \u0111\u01b0\u1ee3c nh\u1eadn m\u1ed9t kho\u1ea3n ti\u1ec1n th\u01b0\u1edfng t\u01b0\u01a1ng \u1ee9ng. Kho\u1ea3n ti\u1ec1n n\u00e0y c\u00f3 th\u1ec3 l\u00ean \u0111\u1ebfn 100% s\u1ed1 ti\u1ec1n b\u1ea1n n\u1ea1p, gi\u00fap t\u0103ng th\u00eam ngu\u1ed3n v\u1ed1n \u0111\u1ec3 b\u1ea1n c\u00f3 th\u1ec3 tr\u1ea3i nghi\u1ec7m c\u00e1c tr\u00f2 ch\u01a1i m\u00e0 kh\u00f4ng ph\u1ea3i lo l\u1eafng v\u1ec1 vi\u1ec7c ti\u00eau t\u1ed1n qu\u00e1 nhi\u1ec1u ti\u1ec1n.<\/p>\n\n\n\n<h4 class=\"wp-block-heading\">Qu\u00e0 t\u1eb7ng s\u1ef1 ki\u1ec7n<\/h4>\n\n\n\n<p>Ngo\u00e0i th\u01b0\u1edfng n\u1ea1p \u0111\u1ea7u, FFok c\u00f2n c\u00f3 c\u00e1c ch\u01b0\u01a1ng tr\u00ecnh qu\u00e0 t\u1eb7ng nh\u00e2n d\u1ecbp l\u1ec5, T\u1ebft ho\u1eb7c c\u00e1c s\u1ef1 ki\u1ec7n l\u1edbn trong n\u0103m. Nh\u1eefng qu\u00e0 t\u1eb7ng n\u00e0y c\u00f3 th\u1ec3 l\u00e0 ti\u1ec1n m\u1eb7t, voucher mi\u1ec5n ph\u00ed hay c\u00e1c tr\u1ea3i nghi\u1ec7m \u0111\u1eb7c bi\u1ec7t trong tr\u00f2 ch\u01a1i.<\/p>\n\n\n\n<h3 class=\"wp-block-heading\">H\u01b0\u1edbng d\u1eabn k\u00edch ho\u1ea1t \u01b0u \u0111\u00e3i nhanh nh\u1ea5t<\/h3>\n\n\n\n<p>\u0110\u1ec3 kh\u00f4ng b\u1ecf l\u1ee1 nh\u1eefng \u01b0u \u0111\u00e3i n\u00e0y, b\u1ea1n c\u1ea7n n\u1eafm v\u1eefng c\u00e1ch k\u00edch ho\u1ea1t ch\u00fang.<\/p>\n\n\n\n<h4 class=\"wp-block-heading\">Ki\u1ec3m tra th\u00f4ng b\u00e1o<\/h4>\n\n\n\n<p>Sau khi \u0111\u0103ng k\u00fd, h\u00e3y th\u01b0\u1eddng xuy\u00ean ki\u1ec3m tra ph\u1ea7n th\u00f4ng b\u00e1o tr\u00ean website ho\u1eb7c \u1ee9ng d\u1ee5ng. T\u1ea5t c\u1ea3 c\u00e1c ch\u01b0\u01a1ng tr\u00ecnh khuy\u1ebfn m\u00e3i \u0111\u1ec1u s\u1ebd \u0111\u01b0\u1ee3c th\u00f4ng b\u00e1o r\u00f5 r\u00e0ng.<\/p>\n\n\n\n<h4 class=\"wp-block-heading\">Th\u00e0nh vi\u00ean VIP<\/h4>\n\n\n\n<p>N\u1ebfu b\u1ea1n th\u01b0\u1eddng xuy\u00ean tham gia v\u00e0 n\u1ea1p v\u00e0o t\u00e0i kho\u1ea3n, \u0111\u1eebng qu\u00ean t\u00ecm hi\u1ec3u v\u1ec1 ch\u01b0\u01a1ng tr\u00ecnh th\u00e0nh vi\u00ean VIP. \u0110i\u1ec1u n\u00e0y s\u1ebd m\u1edf ra cho b\u1ea1n nhi\u1ec1u c\u01a1 h\u1ed9i nh\u1eadn \u0111\u01b0\u1ee3c nh\u1eefng \u01b0u \u0111\u00e3i \u0111\u1ed9c quy\u1ec1n v\u00e0 h\u1ea5p d\u1eabn h\u01a1n.<\/p>\n\n\n\n<h2 class=\"wp-block-heading\"><span class=\"ez-toc-section\" id=\"Ket_luan\"><\/span>K\u1ebft lu\u1eadn<span class=\"ez-toc-section-end\"><\/span><\/h2>\n\n\n\n<p><strong>\u0110\u0103ng k\u00fd FFok<\/strong>&nbsp;l\u00e0 m\u1ed9t quy tr\u00ecnh \u0111\u01a1n gi\u1ea3n v\u00e0 nhanh ch\u00f3ng, m\u1edf ra cho b\u1ea1n c\u00e1nh c\u1eeda v\u00e0o th\u1ebf gi\u1edbi gi\u1ea3i tr\u00ed \u0111a d\u1ea1ng. Tuy nhi\u00ean, c\u0169ng c\u1ea7n ch\u00fa \u00fd \u0111\u1ebfn c\u00e1c v\u1ea5n \u0111\u1ec1 b\u1ea3o m\u1eadt th\u00f4ng tin c\u00e1 nh\u00e2n v\u00e0 c\u00e1ch s\u1eed d\u1ee5ng t\u00e0i kho\u1ea3n sao cho hi\u1ec7u qu\u1ea3 nh\u1ea5t. Hy v\u1ecdng qua b\u00e0i vi\u1ebft n\u00e0y, b\u1ea1n \u0111\u00e3 c\u00f3 th\u00eam nh\u1eefng th\u00f4ng tin h\u1eefu \u00edch \u0111\u1ec3 \u0111\u0103ng k\u00fd v\u00e0 t\u1eadn d\u1ee5ng nh\u1eefng l\u1ee3i \u00edch m\u00e0 FFok mang l\u1ea1i. Ch\u00fac b\u1ea1n c\u00f3 nh\u1eefng tr\u1ea3i nghi\u1ec7m th\u00fa v\u1ecb v\u00e0 th\u00e0nh c\u00f4ng v\u1edbi t\u00e0i kho\u1ea3n FFok c\u1ee7a m\u00ecnh!<\/p>\n\n\n","protected":false},"excerpt":{"rendered":"<p>\u0110\u0103ng K\u00fd FFok \u2013 T\u1ea1o t\u00e0i kho\u1ea3n ch\u01b0a t\u1edbi 1 ph\u00fat! Trong th\u1eddi \u0111\u1ea1i s\u1ed1 h\u00f3a hi\u1ec7n nay, vi\u1ec7c tham gia v\u00e0o c\u00e1c n\u1ec1n t\u1ea3ng tr\u1ef1c tuy\u1ebfn \u0111\u1ec3 gi\u1ea3i tr\u00ed v\u00e0 ki\u1ebfm ti\u1ec1n ng\u00e0y c\u00e0ng tr\u1edf n\u00ean ph\u1ed5 bi\u1ebfn.&nbsp;\u0110\u0103ng k\u00fd FFok&nbsp;l\u00e0 m\u1ed9t trong nh\u1eefng c\u00e1ch th\u1ee9c d\u1ec5 d\u00e0ng v\u00e0 nhanh ch\u00f3ng nh\u1ea5t \u0111\u1ec3 b\u1ea1n c\u00f3 [&#8230;]\n","protected":false},"author":1,"featured_media":184,"parent":0,"menu_order":0,"comment_status":"closed","ping_status":"closed","template":"","meta":{"footnotes":""},"class_list":["post-64","page","type-page","status-publish","has-post-thumbnail","hentry"],"_links":{"self":[{"href":"https:\/\/checkinhanoi.com\/index.php\/wp-json\/wp\/v2\/pages\/64","targetHints":{"allow":["GET"]}}],"collection":[{"href":"https:\/\/checkinhanoi.com\/index.php\/wp-json\/wp\/v2\/pages"}],"about":[{"href":"https:\/\/checkinhanoi.com\/index.php\/wp-json\/wp\/v2\/types\/page"}],"author":[{"embeddable":true,"href":"https:\/\/checkinhanoi.com\/index.php\/wp-json\/wp\/v2\/users\/1"}],"replies":[{"embeddable":true,"href":"https:\/\/checkinhanoi.com\/index.php\/wp-json\/wp\/v2\/comments?post=64"}],"version-history":[{"count":3,"href":"https:\/\/checkinhanoi.com\/index.php\/wp-json\/wp\/v2\/pages\/64\/revisions"}],"predecessor-version":[{"id":186,"href":"https:\/\/checkinhanoi.com\/index.php\/wp-json\/wp\/v2\/pages\/64\/revisions\/186"}],"wp:featuredmedia":[{"embeddable":true,"href":"https:\/\/checkinhanoi.com\/index.php\/wp-json\/wp\/v2\/media\/184"}],"wp:attachment":[{"href":"https:\/\/checkinhanoi.com\/index.php\/wp-json\/wp\/v2\/media?parent=64"}],"curies":[{"name":"wp","href":"https:\/\/api.w.org\/{rel}","templated":true}]}}