{"id":65,"date":"2025-04-05T05:38:20","date_gmt":"2025-04-05T05:38:20","guid":{"rendered":"https:\/\/checkinhanoi.com\/?page_id=65"},"modified":"2025-04-07T05:20:34","modified_gmt":"2025-04-07T05:20:34","slug":"lien-he-ffok","status":"publish","type":"page","link":"https:\/\/checkinhanoi.com\/index.php\/lien-he-ffok\/","title":{"rendered":"Li\u00ean H\u1ec7 FFok \u2013 C\u1ea7n g\u00ec l\u00e0 c\u00f3 li\u1ec1n, support si\u00eau nhanh!"},"content":{"rendered":"\n<h1 class=\"wp-block-heading\"><span class=\"ez-toc-section\" id=\"Lien_He_FFok_%E2%80%93_Can_gi_la_co_lien_support_sieu_nhanh\"><\/span>Li\u00ean H\u1ec7 FFok \u2013 C\u1ea7n g\u00ec l\u00e0 c\u00f3 li\u1ec1n, support si\u00eau nhanh!<span class=\"ez-toc-section-end\"><\/span><\/h1>\n\n\n\n<figure class=\"wp-block-image aligncenter size-full\"><img loading=\"lazy\" decoding=\"async\" width=\"800\" height=\"450\" src=\"https:\/\/checkinhanoi.com\/wp-content\/uploads\/2025\/04\/lien-he.jpg\" alt=\"Li\u00ean H\u1ec7 FFok \u2013 C\u1ea7n g\u00ec l\u00e0 c\u00f3 li\u1ec1n, support si\u00eau nhanh!\" class=\"wp-image-169\" srcset=\"https:\/\/checkinhanoi.com\/wp-content\/uploads\/2025\/04\/lien-he.jpg 800w, https:\/\/checkinhanoi.com\/wp-content\/uploads\/2025\/04\/lien-he-300x169.jpg 300w, https:\/\/checkinhanoi.com\/wp-content\/uploads\/2025\/04\/lien-he-768x432.jpg 768w\" sizes=\"auto, (max-width: 800px) 100vw, 800px\" \/><figcaption class=\"wp-element-caption\">Li\u00ean H\u1ec7 FFok \u2013 C\u1ea7n g\u00ec l\u00e0 c\u00f3 li\u1ec1n, support si\u00eau nhanh!<\/figcaption><\/figure>\n\n\n\n<p><a href=\"https:\/\/checkinhanoi.com\/index.php\/lien-he-ffok\/\"><strong>Li\u00ean h\u1ec7 FFok<\/strong><\/a> l\u00e0 m\u1ed9t trong nh\u1eefng c\u1ee5m t\u1eeb m\u00e0 ng\u01b0\u1eddi d\u00f9ng th\u01b0\u1eddng xuy\u00ean t\u00ecm ki\u1ebfm khi c\u1ea7n h\u1ed7 tr\u1ee3 ho\u1eb7c gi\u1ea3i \u0111\u00e1p th\u1eafc m\u1eafc. V\u1edbi s\u1ef1 ph\u00e1t tri\u1ec3n m\u1ea1nh m\u1ebd c\u1ee7a c\u00f4ng ngh\u1ec7 v\u00e0 nhu c\u1ea7u s\u1eed d\u1ee5ng d\u1ecbch v\u1ee5 ng\u00e0y c\u00e0ng cao, vi\u1ec7c li\u00ean h\u1ec7 v\u1edbi b\u1ed9 ph\u1eadn ch\u0103m s\u00f3c kh\u00e1ch h\u00e0ng tr\u1edf n\u00ean v\u00f4 c\u00f9ng quan tr\u1ecdng. Trong b\u00e0i vi\u1ebft n\u00e0y, ch\u00fang ta s\u1ebd c\u00f9ng nhau kh\u00e1m ph\u00e1 c\u00e1c k\u00eanh li\u00ean h\u1ec7 ph\u1ed5 bi\u1ebfn c\u1ee7a FFok, th\u1eddi \u0111i\u1ec3m n\u00e0o n\u00ean li\u00ean h\u1ec7 b\u1ed9 ph\u1eadn ch\u0103m s\u00f3c kh\u00e1ch h\u00e0ng v\u00e0 m\u1ed9t s\u1ed1 m\u1eb9o \u0111\u1ec3 c\u00f3 th\u1ec3 \u0111\u01b0\u1ee3c h\u1ed7 tr\u1ee3 nhanh ch\u00f3ng nh\u1ea5t.<\/p><div id=\"ez-toc-container\" class=\"ez-toc-v2_0_82_2 ez-toc-wrap-center counter-hierarchy ez-toc-counter ez-toc-grey ez-toc-container-direction\">\n<div class=\"ez-toc-title-container\">\n<p class=\"ez-toc-title\" style=\"cursor:inherit\">T\u00f3m t\u1eaft<\/p>\n<span class=\"ez-toc-title-toggle\"><a href=\"#\" class=\"ez-toc-pull-right ez-toc-btn ez-toc-btn-xs ez-toc-btn-default ez-toc-toggle\" aria-label=\"Toggle Table of Content\"><span class=\"ez-toc-js-icon-con\"><span class=\"\"><span class=\"eztoc-hide\" style=\"display:none;\">Toggle<\/span><span class=\"ez-toc-icon-toggle-span\"><svg style=\"fill: #999;color:#999\" xmlns=\"http:\/\/www.w3.org\/2000\/svg\" class=\"list-377408\" width=\"20px\" height=\"20px\" viewBox=\"0 0 24 24\" fill=\"none\"><path d=\"M6 6H4v2h2V6zm14 0H8v2h12V6zM4 11h2v2H4v-2zm16 0H8v2h12v-2zM4 16h2v2H4v-2zm16 0H8v2h12v-2z\" fill=\"currentColor\"><\/path><\/svg><svg style=\"fill: #999;color:#999\" class=\"arrow-unsorted-368013\" xmlns=\"http:\/\/www.w3.org\/2000\/svg\" width=\"10px\" height=\"10px\" viewBox=\"0 0 24 24\" version=\"1.2\" baseProfile=\"tiny\"><path d=\"M18.2 9.3l-6.2-6.3-6.2 6.3c-.2.2-.3.4-.3.7s.1.5.3.7c.2.2.4.3.7.3h11c.3 0 .5-.1.7-.3.2-.2.3-.5.3-.7s-.1-.5-.3-.7zM5.8 14.7l6.2 6.3 6.2-6.3c.2-.2.3-.5.3-.7s-.1-.5-.3-.7c-.2-.2-.4-.3-.7-.3h-11c-.3 0-.5.1-.7.3-.2.2-.3.5-.3.7s.1.5.3.7z\"\/><\/svg><\/span><\/span><\/span><\/a><\/span><\/div>\n<nav><ul class='ez-toc-list ez-toc-list-level-1 ' ><li class='ez-toc-page-1 ez-toc-heading-level-1'><a class=\"ez-toc-link ez-toc-heading-1\" href=\"https:\/\/checkinhanoi.com\/index.php\/lien-he-ffok\/#Lien_He_FFok_%E2%80%93_Can_gi_la_co_lien_support_sieu_nhanh\" >Li\u00ean H\u1ec7 FFok \u2013 C\u1ea7n g\u00ec l\u00e0 c\u00f3 li\u1ec1n, support si\u00eau nhanh!<\/a><ul class='ez-toc-list-level-2' ><li class='ez-toc-heading-level-2'><a class=\"ez-toc-link ez-toc-heading-2\" href=\"https:\/\/checkinhanoi.com\/index.php\/lien-he-ffok\/#Cac_kenh_lien_he_FFok_pho_bien_nhat\" >C\u00e1c k\u00eanh li\u00ean h\u1ec7 FFok ph\u1ed5 bi\u1ebfn nh\u1ea5t<\/a><\/li><li class='ez-toc-page-1 ez-toc-heading-level-2'><a class=\"ez-toc-link ez-toc-heading-3\" href=\"https:\/\/checkinhanoi.com\/index.php\/lien-he-ffok\/#Khi_nao_nen_lien_he_bo_phan_cham_soc\" >Khi n\u00e0o n\u00ean li\u00ean h\u1ec7 b\u1ed9 ph\u1eadn ch\u0103m s\u00f3c?<\/a><\/li><li class='ez-toc-page-1 ez-toc-heading-level-2'><a class=\"ez-toc-link ez-toc-heading-4\" href=\"https:\/\/checkinhanoi.com\/index.php\/lien-he-ffok\/#Meo_lien_he_nhanh_duoc_phan_hoi_lien\" >M\u1eb9o li\u00ean h\u1ec7 nhanh \u0111\u01b0\u1ee3c ph\u1ea3n h\u1ed3i li\u1ec1n<\/a><\/li><li class='ez-toc-page-1 ez-toc-heading-level-2'><a class=\"ez-toc-link ez-toc-heading-5\" href=\"https:\/\/checkinhanoi.com\/index.php\/lien-he-ffok\/#Ket_luan\" >K\u1ebft lu\u1eadn<\/a><\/li><\/ul><\/li><\/ul><\/nav><\/div>\n\n\n\n\n<h2 class=\"wp-block-heading\"><span class=\"ez-toc-section\" id=\"Cac_kenh_lien_he_FFok_pho_bien_nhat\"><\/span>C\u00e1c k\u00eanh li\u00ean h\u1ec7 FFok ph\u1ed5 bi\u1ebfn nh\u1ea5t<span class=\"ez-toc-section-end\"><\/span><\/h2>\n\n\n\n<p>Khi b\u1ea1n quy\u1ebft \u0111\u1ecbnh&nbsp;<strong>li\u00ean h\u1ec7 FFok<\/strong>, c\u00f3 r\u1ea5t nhi\u1ec1u c\u00e1ch \u0111\u1ec3 k\u1ebft n\u1ed1i v\u1edbi \u0111\u1ed9i ng\u0169 h\u1ed7 tr\u1ee3 kh\u00e1ch h\u00e0ng. D\u01b0\u1edbi \u0111\u00e2y, ch\u00fang ta s\u1ebd c\u00f9ng t\u00ecm hi\u1ec3u m\u1ed9t s\u1ed1 k\u00eanh li\u00ean h\u1ec7 ph\u1ed5 bi\u1ebfn nh\u1ea5t m\u00e0 kh\u00e1ch h\u00e0ng c\u00f3 th\u1ec3 s\u1eed d\u1ee5ng.<\/p>\n\n\n\n<h3 class=\"wp-block-heading\">Chat tr\u1ef1c tuy\u1ebfn, Telegram, Zalo, Email<\/h3>\n\n\n\n<p>M\u1ed9t trong nh\u1eefng h\u00ecnh th\u1ee9c li\u00ean h\u1ec7 hi\u1ec7u qu\u1ea3 nh\u1ea5t hi\u1ec7n nay ch\u00ednh l\u00e0 chat tr\u1ef1c tuy\u1ebfn. K\u00eanh giao ti\u1ebfp n\u00e0y cho ph\u00e9p b\u1ea1n trao \u0111\u1ed5i th\u00f4ng tin t\u1ee9c th\u00ec v\u1edbi nh\u00e2n vi\u00ean h\u1ed7 tr\u1ee3 m\u00e0 kh\u00f4ng c\u1ea7n ph\u1ea3i \u0111\u1ee3i l\u00e2u. \u0110i\u1ec1u n\u00e0y gi\u00fap b\u1ea1n nh\u1eadn \u0111\u01b0\u1ee3c c\u00e2u tr\u1ea3 l\u1eddi nhanh ch\u00f3ng h\u01a1n bao gi\u1edd h\u1ebft.<\/p>\n\n\n\n<p>Ch\u00fang ta c\u0169ng kh\u00f4ng th\u1ec3 kh\u00f4ng nh\u1eafc \u0111\u1ebfn Telegram v\u00e0 Zalo &#8211; hai \u1ee9ng d\u1ee5ng nh\u1eafn tin r\u1ea5t ph\u1ed5 bi\u1ebfn \u1edf Vi\u1ec7t Nam. Ng\u01b0\u1eddi d\u00f9ng c\u00f3 th\u1ec3 d\u1ec5 d\u00e0ng t\u1ea1o nh\u00f3m h\u1ed7 tr\u1ee3 tr\u00ean c\u00e1c n\u1ec1n t\u1ea3ng n\u00e0y \u0111\u1ec3 m\u1ecdi v\u1ea5n \u0111\u1ec1 \u0111\u01b0\u1ee3c gi\u1ea3i quy\u1ebft theo h\u01b0\u1edbng \u0111\u1ed3ng b\u1ed9 v\u00e0 nhanh ch\u00f3ng. \u0110\u1eb7c bi\u1ec7t, vi\u1ec7c s\u1eed d\u1ee5ng Zalo \u2013 m\u1ed9t \u1ee9ng d\u1ee5ng quen thu\u1ed9c v\u1edbi nhi\u1ec1u ng\u01b0\u1eddi \u2013 khi\u1ebfn cho qu\u00e1 tr\u00ecnh li\u00ean h\u1ec7 tr\u1edf n\u00ean d\u1ec5 d\u00e0ng h\u01a1n bao gi\u1edd h\u1ebft.<\/p>\n\n\n\n<p>Email c\u0169ng l\u00e0 m\u1ed9t ph\u01b0\u01a1ng ti\u1ec7n li\u00ean h\u1ec7 h\u1eefu \u00edch, m\u1eb7c d\u00f9 n\u00f3 c\u00f3 th\u1ec3 m\u1ea5t th\u1eddi gian h\u01a1n so v\u1edbi chat tr\u1ef1c tuy\u1ebfn. Tuy nhi\u00ean, g\u1eedi email l\u1ea1i cho ph\u00e9p b\u1ea1n m\u00f4 t\u1ea3 chi ti\u1ebft v\u1ea5n \u0111\u1ec1 c\u1ee7a m\u00ecnh, \u0111i\u1ec1u n\u00e0y c\u00f3 th\u1ec3 gi\u00fap nh\u00e2n vi\u00ean h\u1ed7 tr\u1ee3 hi\u1ec3u r\u00f5 h\u01a1n v\u1ec1 t\u00ecnh hu\u1ed1ng c\u1ee7a b\u1ea1n.<\/p>\n\n\n\n<h3 class=\"wp-block-heading\">Hotline ho\u1ea1t \u0111\u1ed9ng 24\/7 s\u1eb5n s\u00e0ng h\u1ed7 tr\u1ee3<\/h3>\n\n\n\n<p>Hotline l\u00e0 m\u1ed9t k\u00eanh li\u00ean h\u1ec7 truy\u1ec1n th\u1ed1ng nh\u01b0ng v\u1eabn r\u1ea5t hi\u1ec7u qu\u1ea3. D\u00f9 l\u00e0 ban ng\u00e0y hay \u0111\u00eam khuya, ng\u01b0\u1eddi d\u00f9ng lu\u00f4n c\u00f3 th\u1ec3 g\u1ecdi \u0111i\u1ec7n \u0111\u1ec3 \u0111\u01b0\u1ee3c h\u1ed7 tr\u1ee3 ngay l\u1eadp t\u1ee9c. S\u1ef1 c\u00f3 m\u1eb7t c\u1ee7a \u0111\u01b0\u1eddng d\u00e2y n\u00f3ng 24\/7 kh\u00f4ng ch\u1ec9 gi\u00fap ng\u01b0\u1eddi d\u00f9ng c\u1ea3m th\u1ea5y y\u00ean t\u00e2m m\u00e0 c\u00f2n ch\u1ee9ng t\u1ecf cam k\u1ebft c\u1ee7a <a href=\"https:\/\/checkinhanoi.com\/\"><strong>FFok<\/strong><\/a> trong vi\u1ec7c ph\u1ee5c v\u1ee5 kh\u00e1ch h\u00e0ng.<\/p>\n\n\n\n<p>C\u00e1ch th\u1ee9c li\u00ean h\u1ec7 qua hotline mang l\u1ea1i l\u1ee3i th\u1ebf l\u1edbn b\u1edfi t\u00ednh tr\u1ef1c ti\u1ebfp. B\u1ea1n c\u00f3 th\u1ec3 tr\u00f2 chuy\u1ec7n ngay v\u1edbi nh\u00e2n vi\u00ean v\u00e0 gi\u1ea3i quy\u1ebft v\u1ea5n \u0111\u1ec1 m\u1ed9t c\u00e1ch nhanh ch\u00f3ng. Tuy nhi\u00ean, v\u00e0o nh\u1eefng th\u1eddi \u0111i\u1ec3m \u0111\u00f4ng kh\u00e1ch, b\u1ea1n c\u00f3 th\u1ec3 ph\u1ea3i ch\u1edd \u0111\u1ee3i m\u1ed9t ch\u00fat. \u0110i\u1ec1u n\u00e0y ho\u00e0n to\u00e0n b\u00ecnh th\u01b0\u1eddng trong m\u00f4i tr\u01b0\u1eddng d\u1ecbch v\u1ee5.<\/p>\n\n\n\n<p>S\u1ef1 t\u1eadn t\u00e2m c\u1ee7a \u0111\u1ed9i ng\u0169 nh\u00e2n vi\u00ean t\u1ea1i FFok kh\u00f4ng ch\u1ec9 d\u1eebng l\u1ea1i \u1edf vi\u1ec7c tr\u1ea3 l\u1eddi c\u00e1c c\u00e2u h\u1ecfi, m\u00e0 c\u00f2n cung c\u1ea5p th\u00f4ng tin v\u00e0 l\u1eddi khuy\u00ean h\u1eefu \u00edch nh\u1eb1m gi\u00fap ng\u01b0\u1eddi d\u00f9ng t\u1ed1i \u01b0u h\u00f3a tr\u1ea3i nghi\u1ec7m c\u1ee7a m\u00ecnh.<\/p>\n\n\n\n<h2 class=\"wp-block-heading\"><span class=\"ez-toc-section\" id=\"Khi_nao_nen_lien_he_bo_phan_cham_soc\"><\/span>Khi n\u00e0o n\u00ean li\u00ean h\u1ec7 b\u1ed9 ph\u1eadn ch\u0103m s\u00f3c?<span class=\"ez-toc-section-end\"><\/span><\/h2>\n\n\n\n<p>N\u1ebfu b\u1ea1n \u0111ang g\u1eb7p kh\u00f3 kh\u0103n trong qu\u00e1 tr\u00ecnh s\u1eed d\u1ee5ng d\u1ecbch v\u1ee5 c\u1ee7a FFok, \u0111i\u1ec1u quan tr\u1ecdng l\u00e0 bi\u1ebft \u0111\u00fang th\u1eddi \u0111i\u1ec3m \u0111\u1ec3 li\u00ean h\u1ec7 v\u1edbi b\u1ed9 ph\u1eadn ch\u0103m s\u00f3c kh\u00e1ch h\u00e0ng. D\u01b0\u1edbi \u0111\u00e2y l\u00e0 m\u1ed9t s\u1ed1 t\u00ecnh hu\u1ed1ng ph\u1ed5 bi\u1ebfn m\u00e0 b\u1ea1n n\u00ean xem x\u00e9t.<\/p>\n\n\n\n<h3 class=\"wp-block-heading\">Khi g\u1eb7p l\u1ed7i n\u1ea1p\/r\u00fat, ho\u1eb7c l\u1ed7i game<\/h3>\n\n\n\n<p>M\u1ed9t trong nh\u1eefng l\u00fd do ph\u1ed5 bi\u1ebfn nh\u1ea5t \u0111\u1ec3&nbsp;<strong>li\u00ean h\u1ec7 FFok<\/strong>&nbsp;ch\u00ednh l\u00e0 khi ng\u01b0\u1eddi d\u00f9ng g\u1eb7p ph\u1ea3i l\u1ed7i trong qu\u00e1 tr\u00ecnh n\u1ea1p ho\u1eb7c r\u00fat ti\u1ec1n. \u0110\u00e2y l\u00e0 nh\u1eefng thao t\u00e1c h\u1ebft s\u1ee9c quan tr\u1ecdng v\u00e0 n\u1ebfu x\u1ea3y ra l\u1ed7i, b\u1ea1n c\u1ea7n \u0111\u01b0\u1ee3c h\u1ed7 tr\u1ee3 ngay l\u1eadp t\u1ee9c \u0111\u1ec3 \u0111\u1ea3m b\u1ea3o t\u00e0i kho\u1ea3n c\u1ee7a m\u00ecnh an to\u00e0n.<\/p>\n\n\n\n<p>Nhi\u1ec1u ng\u01b0\u1eddi ch\u01a1i \u0111\u00e3 t\u1eebng tr\u1ea3i qua t\u00ecnh hu\u1ed1ng khi th\u1ef1c hi\u1ec7n giao d\u1ecbch nh\u01b0ng kh\u00f4ng nh\u1eadn \u0111\u01b0\u1ee3c s\u1ed1 ti\u1ec1n t\u01b0\u01a1ng \u1ee9ng. T\u00ecnh hu\u1ed1ng n\u00e0y kh\u00f4ng ch\u1ec9 g\u00e2y b\u1ef1c b\u1ed9i m\u00e0 c\u00f2n \u1ea3nh h\u01b0\u1edfng \u0111\u1ebfn tr\u1ea3i nghi\u1ec7m ch\u01a1i game c\u1ee7a b\u1ea1n. Ch\u00ednh v\u00ec v\u1eady, vi\u1ec7c li\u00ean h\u1ec7 v\u1edbi b\u1ed9 ph\u1eadn ch\u0103m s\u00f3c kh\u00e1ch h\u00e0ng l\u00e0 \u0111i\u1ec1u c\u1ea7n thi\u1ebft.<\/p>\n\n\n\n<p>Ngo\u00e0i ra, l\u1ed7i trong game c\u0169ng l\u00e0 m\u1ed9t nguy\u00ean nh\u00e2n ch\u00ednh m\u00e0 ng\u01b0\u1eddi ch\u01a1i n\u00ean c\u00e2n nh\u1eafc li\u00ean h\u1ec7. N\u1ebfu b\u1ea1n g\u1eb7p ph\u1ea3i l\u1ed7i kh\u00f4ng t\u1ea3i \u0111\u01b0\u1ee3c game, b\u1ecb lag ho\u1eb7c kh\u00f4ng th\u1ec3 \u0111\u0103ng nh\u1eadp, h\u00e3y nhanh ch\u00f3ng nh\u1ea5c m\u00e1y ho\u1eb7c g\u1eedi tin nh\u1eafn t\u1edbi \u0111\u1ed9i ng\u0169 h\u1ed7 tr\u1ee3 \u0111\u1ec3 nh\u1eadn \u0111\u01b0\u1ee3c s\u1ef1 tr\u1ee3 gi\u00fap.<\/p>\n\n\n\n<h3 class=\"wp-block-heading\">G\u00f3p \u00fd, ph\u1ea3n h\u1ed3i, v\u00e0 x\u1eed l\u00fd s\u1ef1 c\u1ed1 t\u00e0i kho\u1ea3n<\/h3>\n\n\n\n<p>\u0110\u00f4i khi, b\u1ea1n c\u00f3 th\u1ec3 mu\u1ed1n chia s\u1ebb \u00fd ki\u1ebfn ho\u1eb7c g\u00f3p \u00fd v\u1ec1 d\u1ecbch v\u1ee5 m\u00e0 FFok cung c\u1ea5p. Vi\u1ec7c n\u00e0y kh\u00f4ng ch\u1ec9 gi\u00fap c\u1ea3i thi\u1ec7n ch\u1ea5t l\u01b0\u1ee3ng d\u1ecbch v\u1ee5 m\u00e0 c\u00f2n l\u00e0m cho b\u1ea1n c\u00f3 c\u1ea3m gi\u00e1c m\u00ecnh \u0111\u01b0\u1ee3c l\u1eafng nghe. B\u1ed9 ph\u1eadn ch\u0103m s\u00f3c kh\u00e1ch h\u00e0ng c\u1ee7a FFok lu\u00f4n m\u1edf c\u1eeda \u0111\u00f3n nh\u1eadn nh\u1eefng ph\u1ea3n h\u1ed3i t\u1eeb ng\u01b0\u1eddi d\u00f9ng.<\/p>\n\n\n\n<p>B\u1ea1n c\u00f3 th\u1ec3 \u0111\u01b0a ra nh\u1eefng \u00fd t\u01b0\u1edfng, kh\u1ea3o s\u00e1t ho\u1eb7c b\u1ea5t k\u1ef3 \u0111i\u1ec1u g\u00ec m\u00e0 b\u1ea1n c\u1ea3m th\u1ea5y c\u1ea7n thi\u1ebft. Nh\u1eefng \u00fd ki\u1ebfn \u0111\u00f3ng g\u00f3p n\u00e0y th\u01b0\u1eddng \u0111\u01b0\u1ee3c ghi nh\u1eadn v\u00e0 xem x\u00e9t \u0111\u1ec3 n\u00e2ng cao ch\u1ea5t l\u01b0\u1ee3ng d\u1ecbch v\u1ee5 trong t\u01b0\u01a1ng lai.<\/p>\n\n\n\n<p>Ngo\u00e0i ra, n\u1ebfu b\u1ea1n g\u1eb7p ph\u1ea3i s\u1ef1 c\u1ed1 li\u00ean quan \u0111\u1ebfn t\u00e0i kho\u1ea3n c\u1ee7a m\u00ecnh, vi\u1ec7c li\u00ean h\u1ec7 v\u1edbi b\u1ed9 ph\u1eadn ch\u0103m s\u00f3c kh\u00e1ch h\u00e0ng l\u00e0 c\u1ef1c k\u1ef3 quan tr\u1ecdng. C\u00f3 th\u1ec3 b\u1ea1n \u0111\u00e3 qu\u00ean m\u1eadt kh\u1ea9u ho\u1eb7c t\u00e0i kho\u1ea3n c\u1ee7a b\u1ea1n b\u1ecb kh\u00f3a. \u0110\u1eebng ng\u1ea7n ng\u1ea1i m\u00e0 h\u00e3y y\u00eau c\u1ea7u s\u1ef1 tr\u1ee3 gi\u00fap \u0111\u1ec3 l\u1ea5y l\u1ea1i quy\u1ec1n ki\u1ec3m so\u00e1t t\u00e0i kho\u1ea3n c\u1ee7a m\u00ecnh.<\/p>\n\n\n\n<h2 class=\"wp-block-heading\"><span class=\"ez-toc-section\" id=\"Meo_lien_he_nhanh_duoc_phan_hoi_lien\"><\/span>M\u1eb9o li\u00ean h\u1ec7 nhanh \u0111\u01b0\u1ee3c ph\u1ea3n h\u1ed3i li\u1ec1n<span class=\"ez-toc-section-end\"><\/span><\/h2>\n\n\n\n<p>\u0110\u1ec3 c\u00f3 th\u1ec3 nh\u1eadn \u0111\u01b0\u1ee3c ph\u1ea3n h\u1ed3i nhanh ch\u00f3ng t\u1eeb b\u1ed9 ph\u1eadn ch\u0103m s\u00f3c kh\u00e1ch h\u00e0ng c\u1ee7a FFok, b\u1ea1n c\u00f3 th\u1ec3 tham kh\u1ea3o m\u1ed9t s\u1ed1 m\u1eb9o d\u01b0\u1edbi \u0111\u00e2y.<\/p>\n\n\n\n<h3 class=\"wp-block-heading\">Cung c\u1ea5p \u0111\u00fang th\u00f4ng tin \u2013 d\u1ec5 x\u1eed l\u00fd h\u01a1n<\/h3>\n\n\n\n<p>Khi li\u00ean h\u1ec7 v\u1edbi nh\u00e2n vi\u00ean h\u1ed7 tr\u1ee3, vi\u1ec7c \u0111\u1ea7u ti\u00ean b\u1ea1n c\u1ea7n l\u00e0m l\u00e0 cung c\u1ea5p \u0111\u1ea7y \u0111\u1ee7 v\u00e0 ch\u00ednh x\u00e1c th\u00f4ng tin li\u00ean quan \u0111\u1ebfn v\u1ea5n \u0111\u1ec1 c\u1ee7a m\u00ecnh. N\u1ebfu b\u1ea1n g\u1eb7p l\u1ed7i khi n\u1ea1p ti\u1ec1n, h\u00e3y cho h\u1ecd bi\u1ebft b\u1ea1n \u0111\u00e3 th\u1ef1c hi\u1ec7n giao d\u1ecbch v\u00e0o th\u1eddi gian n\u00e0o, s\u1ed1 ti\u1ec1n l\u00e0 bao nhi\u00eau v\u00e0 ph\u01b0\u01a1ng th\u1ee9c thanh to\u00e1n b\u1ea1n s\u1eed d\u1ee5ng.<\/p>\n\n\n\n<p>Vi\u1ec7c cung c\u1ea5p th\u00f4ng tin r\u00f5 r\u00e0ng kh\u00f4ng ch\u1ec9 gi\u00fap nh\u00e2n vi\u00ean ti\u1ebft ki\u1ec7m th\u1eddi gian m\u00e0 c\u00f2n gi\u00fap cho qu\u00e1 tr\u00ecnh gi\u1ea3i quy\u1ebft v\u1ea5n \u0111\u1ec1 di\u1ec5n ra su\u00f4n s\u1ebb h\u01a1n. H\u00e3y lu\u00f4n nh\u1edb r\u1eb1ng, c\u00e0ng \u00edt th\u00f4ng tin c\u1ea7n ph\u1ea3i h\u1ecfi l\u1ea1i, b\u1ea1n s\u1ebd c\u00e0ng nh\u1eadn \u0111\u01b0\u1ee3c s\u1ef1 h\u1ed7 tr\u1ee3 nhanh ch\u00f3ng.<\/p>\n\n\n\n<p>Ngo\u00e0i ra, n\u1ebfu b\u1ea1n \u0111ang g\u1eb7p ph\u1ea3i l\u1ed7i trong game, h\u00e3y m\u00f4 t\u1ea3 chi ti\u1ebft v\u1ec1 t\u00ecnh tr\u1ea1ng m\u00e0 b\u1ea1n \u0111ang g\u1eb7p ph\u1ea3i. \u0110i\u1ec1u n\u00e0y s\u1ebd gi\u00fap nh\u00e0 ph\u00e1t tri\u1ec3n nh\u1eadn ra v\u1ea5n \u0111\u1ec1 v\u00e0 \u0111\u01b0a ra gi\u1ea3i ph\u00e1p th\u00edch h\u1ee3p h\u01a1n.<\/p>\n\n\n\n<h3 class=\"wp-block-heading\">Gi\u1eef b\u00ecnh t\u0129nh, nh\u00e2n vi\u00ean s\u1ebd gi\u00fap h\u1ebft m\u00ecnh<\/h3>\n\n\n\n<p>Trong qu\u00e1 tr\u00ecnh li\u00ean h\u1ec7 \u0111\u1ec3 gi\u1ea3i quy\u1ebft v\u1ea5n \u0111\u1ec1, c\u00f3 th\u1ec3 b\u1ea1n s\u1ebd c\u1ea3m th\u1ea5y kh\u00f3 ch\u1ecbu ho\u1eb7c b\u1ef1c b\u1ed9i. Tuy nhi\u00ean, h\u00e3y lu\u00f4n gi\u1eef b\u00ecnh t\u0129nh v\u00e0 th\u1ec3 hi\u1ec7n th\u00e1i \u0111\u1ed9 t\u00edch c\u1ef1c. Nh\u00e2n vi\u00ean h\u1ed7 tr\u1ee3 c\u0169ng l\u00e0 con ng\u01b0\u1eddi, v\u00e0 h\u1ecd s\u1ebd s\u1eb5n s\u00e0ng gi\u00fap \u0111\u1ee1 b\u1ea1n khi b\u1ea1n c\u01b0 x\u1eed m\u1ed9t c\u00e1ch l\u1ecbch s\u1ef1 v\u00e0 nh\u1eb9 nh\u00e0ng.<\/p>\n\n\n\n<p>H\u00e3y hi\u1ec3u r\u1eb1ng \u0111\u00f4i khi s\u1ef1 c\u1ed1 x\u1ea3y ra kh\u00f4ng ph\u1ea3i do l\u1ed7i c\u1ee7a nh\u00e2n vi\u00ean m\u00e0 c\u00f3 th\u1ec3 l\u00e0 do h\u1ec7 th\u1ed1ng ho\u1eb7c l\u1ed7i k\u1ef9 thu\u1eadt. Ch\u1ec9 c\u1ea7n b\u1ea1n ki\u00ean nh\u1eabn, r\u1ea5t c\u00f3 th\u1ec3 v\u1ea5n \u0111\u1ec1 c\u1ee7a b\u1ea1n s\u1ebd \u0111\u01b0\u1ee3c gi\u1ea3i quy\u1ebft m\u1ed9t c\u00e1ch nhanh ch\u00f3ng.<\/p>\n\n\n\n<p>Khi b\u1ea1n gi\u1eef b\u00ecnh t\u0129nh, b\u1ea1n s\u1ebd c\u00f3 th\u1ec3 t\u01b0 duy r\u00f5 r\u00e0ng h\u01a1n v\u00e0 truy\u1ec1n \u0111\u1ea1t v\u1ea5n \u0111\u1ec1 c\u1ee7a m\u00ecnh m\u1ed9t c\u00e1ch t\u1ed1t nh\u1ea5t. \u0110i\u1ec1u n\u00e0y kh\u00f4ng ch\u1ec9 gi\u00fap b\u1ea1n nh\u1eadn \u0111\u01b0\u1ee3c s\u1ef1 h\u1ed7 tr\u1ee3 nhanh ch\u00f3ng m\u00e0 c\u00f2n t\u1ea1o ra m\u1ed9t tr\u1ea3i nghi\u1ec7m t\u00edch c\u1ef1c cho c\u1ea3 hai b\u00ean.<\/p>\n\n\n\n<h2 class=\"wp-block-heading\"><span class=\"ez-toc-section\" id=\"Ket_luan\"><\/span>K\u1ebft lu\u1eadn<span class=\"ez-toc-section-end\"><\/span><\/h2>\n\n\n\n<p>Nh\u01b0 v\u1eady, vi\u1ec7c&nbsp;<strong>li\u00ean h\u1ec7 FFok<\/strong>&nbsp;kh\u00f4ng ch\u1ec9 \u0111\u01a1n thu\u1ea7n l\u00e0 h\u00e0nh \u0111\u1ed9ng t\u00ecm ki\u1ebfm s\u1ef1 h\u1ed7 tr\u1ee3 m\u00e0 c\u00f2n l\u00e0 c\u01a1 h\u1ed9i \u0111\u1ec3 ng\u01b0\u1eddi d\u00f9ng c\u00f3 th\u1ec3 c\u1ea3i thi\u1ec7n tr\u1ea3i nghi\u1ec7m c\u1ee7a m\u00ecnh. B\u1eb1ng c\u00e1ch s\u1eed d\u1ee5ng c\u00e1c k\u00eanh li\u00ean h\u1ec7 ph\u00f9 h\u1ee3p v\u00e0 bi\u1ebft khi n\u00e0o n\u00ean li\u00ean h\u1ec7 v\u1edbi b\u1ed9 ph\u1eadn ch\u0103m s\u00f3c kh\u00e1ch h\u00e0ng, b\u1ea1n c\u00f3 th\u1ec3 nhanh ch\u00f3ng v\u01b0\u1ee3t qua m\u1ecdi kh\u00f3 kh\u0103n m\u00e0 m\u00ecnh g\u1eb7p ph\u1ea3i.<\/p>\n\n\n","protected":false},"excerpt":{"rendered":"<p>Li\u00ean H\u1ec7 FFok \u2013 C\u1ea7n g\u00ec l\u00e0 c\u00f3 li\u1ec1n, support si\u00eau nhanh! Li\u00ean h\u1ec7 FFok l\u00e0 m\u1ed9t trong nh\u1eefng c\u1ee5m t\u1eeb m\u00e0 ng\u01b0\u1eddi d\u00f9ng th\u01b0\u1eddng xuy\u00ean t\u00ecm ki\u1ebfm khi c\u1ea7n h\u1ed7 tr\u1ee3 ho\u1eb7c gi\u1ea3i \u0111\u00e1p th\u1eafc m\u1eafc. V\u1edbi s\u1ef1 ph\u00e1t tri\u1ec3n m\u1ea1nh m\u1ebd c\u1ee7a c\u00f4ng ngh\u1ec7 v\u00e0 nhu c\u1ea7u s\u1eed d\u1ee5ng d\u1ecbch v\u1ee5 ng\u00e0y c\u00e0ng [&#8230;]\n","protected":false},"author":1,"featured_media":169,"parent":0,"menu_order":0,"comment_status":"closed","ping_status":"closed","template":"","meta":{"footnotes":""},"class_list":["post-65","page","type-page","status-publish","has-post-thumbnail","hentry"],"_links":{"self":[{"href":"https:\/\/checkinhanoi.com\/index.php\/wp-json\/wp\/v2\/pages\/65","targetHints":{"allow":["GET"]}}],"collection":[{"href":"https:\/\/checkinhanoi.com\/index.php\/wp-json\/wp\/v2\/pages"}],"about":[{"href":"https:\/\/checkinhanoi.com\/index.php\/wp-json\/wp\/v2\/types\/page"}],"author":[{"embeddable":true,"href":"https:\/\/checkinhanoi.com\/index.php\/wp-json\/wp\/v2\/users\/1"}],"replies":[{"embeddable":true,"href":"https:\/\/checkinhanoi.com\/index.php\/wp-json\/wp\/v2\/comments?post=65"}],"version-history":[{"count":3,"href":"https:\/\/checkinhanoi.com\/index.php\/wp-json\/wp\/v2\/pages\/65\/revisions"}],"predecessor-version":[{"id":170,"href":"https:\/\/checkinhanoi.com\/index.php\/wp-json\/wp\/v2\/pages\/65\/revisions\/170"}],"wp:featuredmedia":[{"embeddable":true,"href":"https:\/\/checkinhanoi.com\/index.php\/wp-json\/wp\/v2\/media\/169"}],"wp:attachment":[{"href":"https:\/\/checkinhanoi.com\/index.php\/wp-json\/wp\/v2\/media?parent=65"}],"curies":[{"name":"wp","href":"https:\/\/api.w.org\/{rel}","templated":true}]}}