{"id":66,"date":"2025-04-05T05:38:10","date_gmt":"2025-04-05T05:38:10","guid":{"rendered":"https:\/\/checkinhanoi.com\/?page_id=66"},"modified":"2025-04-07T05:39:13","modified_gmt":"2025-04-07T05:39:13","slug":"dieu-khoan-ffok","status":"publish","type":"page","link":"https:\/\/checkinhanoi.com\/index.php\/dieu-khoan-ffok\/","title":{"rendered":"\u0110i\u1ec1u Kho\u1ea3n FFok \u2013 \u0110\u1ecdc k\u1ef9 ch\u01a1i y\u00ean t\u00e2m, kh\u1ecfi lo xui r\u1ee7i!"},"content":{"rendered":"\n<h1 class=\"wp-block-heading\"><span class=\"ez-toc-section\" id=\"Dieu_Khoan_FFok_%E2%80%93_Doc_ky_choi_yen_tam_khoi_lo_xui_rui\"><\/span>\u0110i\u1ec1u Kho\u1ea3n FFok \u2013 \u0110\u1ecdc k\u1ef9 ch\u01a1i y\u00ean t\u00e2m, kh\u1ecfi lo xui r\u1ee7i!<span class=\"ez-toc-section-end\"><\/span><\/h1>\n\n\n\n<figure class=\"wp-block-image aligncenter size-full\"><img loading=\"lazy\" decoding=\"async\" width=\"800\" height=\"450\" src=\"https:\/\/checkinhanoi.com\/wp-content\/uploads\/2025\/04\/dieu-khoan.jpg\" alt=\"\u0110i\u1ec1u Kho\u1ea3n FFok \u2013 \u0110\u1ecdc k\u1ef9 ch\u01a1i y\u00ean t\u00e2m, kh\u1ecfi lo xui r\u1ee7i!\" class=\"wp-image-180\" srcset=\"https:\/\/checkinhanoi.com\/wp-content\/uploads\/2025\/04\/dieu-khoan.jpg 800w, https:\/\/checkinhanoi.com\/wp-content\/uploads\/2025\/04\/dieu-khoan-300x169.jpg 300w, https:\/\/checkinhanoi.com\/wp-content\/uploads\/2025\/04\/dieu-khoan-768x432.jpg 768w\" sizes=\"auto, (max-width: 800px) 100vw, 800px\" \/><figcaption class=\"wp-element-caption\">\u0110i\u1ec1u Kho\u1ea3n FFok \u2013 \u0110\u1ecdc k\u1ef9 ch\u01a1i y\u00ean t\u00e2m, kh\u1ecfi lo xui r\u1ee7i!<\/figcaption><\/figure>\n\n\n\n<p><strong><a href=\"https:\/\/checkinhanoi.com\/index.php\/dieu-khoan-ffok\/\">\u0110i\u1ec1u kho\u1ea3n v\u00e0 \u0111i\u1ec1u ki\u1ec7n FFok<\/a><\/strong>&nbsp;l\u00e0 nh\u1eefng th\u00f4ng tin quan tr\u1ecdng m\u00e0 m\u1ecdi ng\u01b0\u1eddi ch\u01a1i c\u1ea7n n\u1eafm r\u00f5 tr\u01b0\u1edbc khi tham gia v\u00e0o c\u00e1c ho\u1ea1t \u0111\u1ed9ng c\u00e1 c\u01b0\u1ee3c t\u1ea1i n\u1ec1n t\u1ea3ng n\u00e0y. Vi\u1ec7c hi\u1ec3u r\u00f5 c\u00e1c \u0111i\u1ec1u kho\u1ea3n s\u1ebd gi\u00fap b\u1ea1n c\u00f3 th\u1ec3 t\u1eadn d\u1ee5ng t\u1ed1i \u0111a c\u00e1c d\u1ecbch v\u1ee5 m\u00e0 FFok cung c\u1ea5p, \u0111\u1ed3ng th\u1eddi tr\u00e1nh \u0111\u01b0\u1ee3c nh\u1eefng v\u1ea5n \u0111\u1ec1 ph\u00e1t sinh kh\u00f4ng mong mu\u1ed1n trong qu\u00e1 tr\u00ecnh s\u1eed d\u1ee5ng d\u1ecbch v\u1ee5.<\/p><div id=\"ez-toc-container\" class=\"ez-toc-v2_0_82_2 ez-toc-wrap-center counter-hierarchy ez-toc-counter ez-toc-grey ez-toc-container-direction\">\n<div class=\"ez-toc-title-container\">\n<p class=\"ez-toc-title\" style=\"cursor:inherit\">T\u00f3m t\u1eaft<\/p>\n<span class=\"ez-toc-title-toggle\"><a href=\"#\" class=\"ez-toc-pull-right ez-toc-btn ez-toc-btn-xs ez-toc-btn-default ez-toc-toggle\" aria-label=\"Toggle Table of Content\"><span class=\"ez-toc-js-icon-con\"><span class=\"\"><span class=\"eztoc-hide\" style=\"display:none;\">Toggle<\/span><span class=\"ez-toc-icon-toggle-span\"><svg style=\"fill: #999;color:#999\" xmlns=\"http:\/\/www.w3.org\/2000\/svg\" class=\"list-377408\" width=\"20px\" height=\"20px\" viewBox=\"0 0 24 24\" fill=\"none\"><path d=\"M6 6H4v2h2V6zm14 0H8v2h12V6zM4 11h2v2H4v-2zm16 0H8v2h12v-2zM4 16h2v2H4v-2zm16 0H8v2h12v-2z\" fill=\"currentColor\"><\/path><\/svg><svg style=\"fill: #999;color:#999\" class=\"arrow-unsorted-368013\" xmlns=\"http:\/\/www.w3.org\/2000\/svg\" width=\"10px\" height=\"10px\" viewBox=\"0 0 24 24\" version=\"1.2\" baseProfile=\"tiny\"><path d=\"M18.2 9.3l-6.2-6.3-6.2 6.3c-.2.2-.3.4-.3.7s.1.5.3.7c.2.2.4.3.7.3h11c.3 0 .5-.1.7-.3.2-.2.3-.5.3-.7s-.1-.5-.3-.7zM5.8 14.7l6.2 6.3 6.2-6.3c.2-.2.3-.5.3-.7s-.1-.5-.3-.7c-.2-.2-.4-.3-.7-.3h-11c-.3 0-.5.1-.7.3-.2.2-.3.5-.3.7s.1.5.3.7z\"\/><\/svg><\/span><\/span><\/span><\/a><\/span><\/div>\n<nav><ul class='ez-toc-list ez-toc-list-level-1 ' ><li class='ez-toc-page-1 ez-toc-heading-level-1'><a class=\"ez-toc-link ez-toc-heading-1\" href=\"https:\/\/checkinhanoi.com\/index.php\/dieu-khoan-ffok\/#Dieu_Khoan_FFok_%E2%80%93_Doc_ky_choi_yen_tam_khoi_lo_xui_rui\" >\u0110i\u1ec1u Kho\u1ea3n FFok \u2013 \u0110\u1ecdc k\u1ef9 ch\u01a1i y\u00ean t\u00e2m, kh\u1ecfi lo xui r\u1ee7i!<\/a><ul class='ez-toc-list-level-2' ><li class='ez-toc-heading-level-2'><a class=\"ez-toc-link ez-toc-heading-2\" href=\"https:\/\/checkinhanoi.com\/index.php\/dieu-khoan-ffok\/#Dieu_khoan_su_dung_tai_FFok_gom_nhung_gi\" >\u0110i\u1ec1u kho\u1ea3n s\u1eed d\u1ee5ng t\u1ea1i FFok g\u1ed3m nh\u1eefng g\u00ec?<\/a><\/li><li class='ez-toc-page-1 ez-toc-heading-level-2'><a class=\"ez-toc-link ez-toc-heading-3\" href=\"https:\/\/checkinhanoi.com\/index.php\/dieu-khoan-ffok\/#Quyen_loi_va_nghia_vu_cua_doi_ben\" >Quy\u1ec1n l\u1ee3i v\u00e0 ngh\u0129a v\u1ee5 c\u1ee7a \u0111\u00f4i b\u00ean<\/a><\/li><li class='ez-toc-page-1 ez-toc-heading-level-2'><a class=\"ez-toc-link ez-toc-heading-4\" href=\"https:\/\/checkinhanoi.com\/index.php\/dieu-khoan-ffok\/#Luu_y_can_nho_de_khong_vi_pham\" >L\u01b0u \u00fd c\u1ea7n nh\u1edb \u0111\u1ec3 kh\u00f4ng vi ph\u1ea1m<\/a><\/li><li class='ez-toc-page-1 ez-toc-heading-level-2'><a class=\"ez-toc-link ez-toc-heading-5\" href=\"https:\/\/checkinhanoi.com\/index.php\/dieu-khoan-ffok\/#Ket_luan\" >K\u1ebft lu\u1eadn<\/a><\/li><\/ul><\/li><\/ul><\/nav><\/div>\n\n\n\n\n<h2 class=\"wp-block-heading\"><span class=\"ez-toc-section\" id=\"Dieu_khoan_su_dung_tai_FFok_gom_nhung_gi\"><\/span>\u0110i\u1ec1u kho\u1ea3n s\u1eed d\u1ee5ng t\u1ea1i FFok g\u1ed3m nh\u1eefng g\u00ec?<span class=\"ez-toc-section-end\"><\/span><\/h2>\n\n\n\n<p>Khi tham gia v\u00e0o b\u1ea5t k\u1ef3 n\u1ec1n t\u1ea3ng c\u00e1 c\u01b0\u1ee3c n\u00e0o, vi\u1ec7c n\u1eafm r\u00f5&nbsp;<em>\u0111i\u1ec1u kho\u1ea3n s\u1eed d\u1ee5ng<\/em>&nbsp;l\u00e0 r\u1ea5t quan tr\u1ecdng. T\u1ea1i FFok, \u0111i\u1ec1u n\u00e0y kh\u00f4ng ch\u1ec9 \u1ea3nh h\u01b0\u1edfng \u0111\u1ebfn quy\u1ec1n l\u1ee3i c\u1ee7a ng\u01b0\u1eddi ch\u01a1i m\u00e0 c\u00f2n b\u1ea3o v\u1ec7 l\u1ee3i \u00edch c\u1ee7a nh\u00e0 cung c\u1ea5p d\u1ecbch v\u1ee5.<\/p>\n\n\n\n<h3 class=\"wp-block-heading\">Quy \u0111\u1ecbnh khi tham gia c\u01b0\u1ee3c v\u00e0 s\u1eed d\u1ee5ng d\u1ecbch v\u1ee5<\/h3>\n\n\n\n<p>M\u1ed9t trong nh\u1eefng quy \u0111\u1ecbnh c\u01a1 b\u1ea3n khi tham gia c\u01b0\u1ee3c t\u1ea1i <a href=\"https:\/\/checkinhanoi.com\/\"><strong>FFok<\/strong><\/a> l\u00e0 ng\u01b0\u1eddi ch\u01a1i ph\u1ea3i \u0111\u1ee7 18 tu\u1ed5i tr\u1edf l\u00ean. \u0110\u00e2y l\u00e0 m\u1ed9t \u0111i\u1ec1u ki\u1ec7n ti\u00ean quy\u1ebft \u0111\u1ec3 \u0111\u1ea3m b\u1ea3o r\u1eb1ng m\u1ecdi ng\u01b0\u1eddi tham gia \u0111\u1ec1u c\u00f3 kh\u1ea3 n\u0103ng nh\u1eadn th\u1ee9c v\u00e0 ch\u1ecbu tr\u00e1ch nhi\u1ec7m v\u1edbi h\u00e0nh \u0111\u1ed9ng c\u1ee7a m\u00ecnh.<\/p>\n\n\n\n<p>Ngo\u00e0i ra, ng\u01b0\u1eddi ch\u01a1i c\u1ea7n \u0111\u0103ng k\u00fd t\u00e0i kho\u1ea3n ch\u00ednh th\u1ee9c v\u00e0 x\u00e1c minh danh t\u00ednh tr\u01b0\u1edbc khi b\u1eaft \u0111\u1ea7u \u0111\u1eb7t c\u01b0\u1ee3c. Qu\u00e1 tr\u00ecnh n\u00e0y kh\u00f4ng ch\u1ec9 nh\u1eb1m m\u1ee5c \u0111\u00edch b\u1ea3o m\u1eadt m\u00e0 c\u00f2n gi\u00fap FFok duy tr\u00ec m\u1ed9t m\u00f4i tr\u01b0\u1eddng c\u00e1 c\u01b0\u1ee3c c\u00f4ng b\u1eb1ng cho t\u1ea5t c\u1ea3 ng\u01b0\u1eddi d\u00f9ng. N\u1ebfu ai \u0111\u00f3 c\u1ed1 t\u00ecnh cung c\u1ea5p th\u00f4ng tin sai l\u1ec7ch \u0111\u1ec3 l\u00e1ch lu\u1eadt, h\u1ecd c\u00f3 th\u1ec3 b\u1ecb \u0111\u00ecnh ch\u1ec9 t\u00e0i kho\u1ea3n ngay l\u1eadp t\u1ee9c.<\/p>\n\n\n\n<p>Ng\u01b0\u1eddi ch\u01a1i c\u0169ng c\u1ea7n ph\u1ea3i tu\u00e2n th\u1ee7 c\u00e1c quy \u0111\u1ecbnh c\u1ee5 th\u1ec3 v\u1ec1 s\u1ed1 ti\u1ec1n c\u01b0\u1ee3c t\u1ed1i thi\u1ec3u v\u00e0 t\u1ed1i \u0111a trong t\u1eebng tr\u00f2 ch\u01a1i. \u0110i\u1ec1u n\u00e0y kh\u00f4ng ch\u1ec9 b\u1ea3o v\u1ec7 ng\u01b0\u1eddi ch\u01a1i kh\u1ecfi vi\u1ec7c thua l\u1ed7 qu\u00e1 m\u1ee9c m\u00e0 c\u00f2n gi\u00fap FFok ki\u1ec3m so\u00e1t r\u1ee7i ro t\u00e0i ch\u00ednh cho c\u1ea3 hai b\u00ean.<\/p>\n\n\n\n<h3 class=\"wp-block-heading\">Tr\u00e1ch nhi\u1ec7m c\u1ee7a ng\u01b0\u1eddi ch\u01a1i khi t\u1ea1o t\u00e0i kho\u1ea3n<\/h3>\n\n\n\n<p>Tr\u00e1ch nhi\u1ec7m c\u1ee7a ng\u01b0\u1eddi ch\u01a1i kh\u00f4ng ch\u1ec9 d\u1eebng l\u1ea1i \u1edf vi\u1ec7c \u0111\u0103ng k\u00fd t\u00e0i kho\u1ea3n \u0111\u00fang c\u00e1ch. H\u1ecd c\u0169ng c\u1ea7n th\u01b0\u1eddng xuy\u00ean c\u1eadp nh\u1eadt th\u00f4ng tin c\u00e1 nh\u00e2n v\u00e0 b\u1ea3o m\u1eadt t\u00e0i kho\u1ea3n c\u1ee7a m\u00ecnh. \u0110\u00e2y l\u00e0 y\u1ebfu t\u1ed1 v\u00f4 c\u00f9ng quan tr\u1ecdng v\u00ec n\u00f3 li\u00ean quan tr\u1ef1c ti\u1ebfp \u0111\u1ebfn s\u1ef1 an to\u00e0n c\u1ee7a ti\u1ec1n c\u01b0\u1ee3c v\u00e0 th\u00f4ng tin c\u00e1 nh\u00e2n.<\/p>\n\n\n\n<p>Ng\u01b0\u1eddi ch\u01a1i c\u0169ng c\u00f3 tr\u00e1ch nhi\u1ec7m s\u1eed d\u1ee5ng t\u00e0i kho\u1ea3n c\u1ee7a m\u00ecnh m\u1ed9t c\u00e1ch h\u1ee3p l\u00fd. \u0110i\u1ec1u n\u00e0y \u0111\u1ed3ng ngh\u0129a v\u1edbi vi\u1ec7c kh\u00f4ng chia s\u1ebb t\u00e0i kho\u1ea3n cho b\u1ea5t k\u1ef3 ai kh\u00e1c v\u00e0 kh\u00f4ng th\u1ef1c hi\u1ec7n c\u00e1c h\u00e0nh vi gian l\u1eadn hay thao t\u00fang tr\u00f2 ch\u01a1i. N\u1ebfu b\u1ecb ph\u00e1t hi\u1ec7n, t\u00e0i kho\u1ea3n c\u00f3 th\u1ec3 b\u1ecb kh\u00f3a v\u0129nh vi\u1ec5n, g\u00e2y ra nhi\u1ec1u h\u1ec7 l\u1ee5y \u0111\u00e1ng ti\u1ebfc.<\/p>\n\n\n\n<p>Cu\u1ed1i c\u00f9ng, ng\u01b0\u1eddi ch\u01a1i c\u0169ng n\u00ean t\u1ef1 qu\u1ea3n l\u00fd ng\u00e2n s\u00e1ch c\u00e1 c\u01b0\u1ee3c c\u1ee7a m\u00ecnh. Vi\u1ec7c n\u00e0y kh\u00f4ng ch\u1ec9 gi\u00fap h\u1ecd tr\u00e1nh \u0111\u01b0\u1ee3c t\u00ecnh tr\u1ea1ng ch\u00e1y t\u00fai m\u00e0 c\u00f2n gi\u00fap \u0111i\u1ec1u ch\u1ec9nh h\u00e0nh vi ch\u01a1i game m\u1ed9t c\u00e1ch h\u1ee3p l\u00fd v\u00e0 c\u00f3 tr\u00e1ch nhi\u1ec7m.<\/p>\n\n\n\n<h2 class=\"wp-block-heading\"><span class=\"ez-toc-section\" id=\"Quyen_loi_va_nghia_vu_cua_doi_ben\"><\/span>Quy\u1ec1n l\u1ee3i v\u00e0 ngh\u0129a v\u1ee5 c\u1ee7a \u0111\u00f4i b\u00ean<span class=\"ez-toc-section-end\"><\/span><\/h2>\n\n\n\n<p>Trong b\u1ea5t k\u1ef3 m\u1ed1i quan h\u1ec7 n\u00e0o, \u0111\u1eb7c bi\u1ec7t l\u00e0 gi\u1eefa nh\u00e0 cung c\u1ea5p d\u1ecbch v\u1ee5 v\u00e0 ng\u01b0\u1eddi ch\u01a1i, vi\u1ec7c x\u00e1c \u0111\u1ecbnh r\u00f5 quy\u1ec1n l\u1ee3i v\u00e0 ngh\u0129a v\u1ee5 c\u1ee7a \u0111\u00f4i b\u00ean l\u00e0 r\u1ea5t quan tr\u1ecdng. T\u1ea1i FFok, \u0111i\u1ec1u n\u00e0y \u0111\u01b0\u1ee3c quy \u0111\u1ecbnh r\u00f5 r\u00e0ng trong c\u00e1c \u0111i\u1ec1u kho\u1ea3n v\u00e0 \u0111i\u1ec1u ki\u1ec7n.<\/p>\n\n\n\n<h3 class=\"wp-block-heading\">FFok \u0111\u1ea3m b\u1ea3o minh b\u1ea1ch, ng\u01b0\u1eddi ch\u01a1i c\u0169ng ph\u1ea3i trung th\u1ef1c<\/h3>\n\n\n\n<p>FFok cam k\u1ebft cung c\u1ea5p m\u1ed9t m\u00f4i tr\u01b0\u1eddng c\u00e1 c\u01b0\u1ee3c minh b\u1ea1ch, n\u01a1i m\u1ecdi th\u00f4ng tin v\u1ec1 t\u1ef7 l\u1ec7 c\u01b0\u1ee3c, k\u1ebft qu\u1ea3 v\u00e0 khuy\u1ebfn m\u00e3i \u0111\u1ec1u \u0111\u01b0\u1ee3c c\u00f4ng khai. \u0110i\u1ec1u n\u00e0y kh\u00f4ng ch\u1ec9 gi\u00fap ng\u01b0\u1eddi ch\u01a1i d\u1ec5 d\u00e0ng theo d\u00f5i m\u00e0 c\u00f2n t\u1ea1o ni\u1ec1m tin cho ng\u01b0\u1eddi d\u00f9ng.<\/p>\n\n\n\n<p>Tuy nhi\u00ean, \u0111\u1ec3 duy tr\u00ec \u0111\u01b0\u1ee3c s\u1ef1 minh b\u1ea1ch \u1ea5y, ng\u01b0\u1eddi ch\u01a1i c\u0169ng c\u1ea7n ph\u1ea3i trung th\u1ef1c trong m\u1ecdi giao d\u1ecbch. Vi\u1ec7c cung c\u1ea5p th\u00f4ng tin sai l\u1ec7ch ho\u1eb7c c\u1ed1 t\u00ecnh gian l\u1eadn s\u1ebd d\u1eabn \u0111\u1ebfn h\u1eadu qu\u1ea3 nghi\u00eam tr\u1ecdng nh\u01b0 m\u1ea5t h\u1ebft ti\u1ec1n c\u01b0\u1ee3c v\u00e0 b\u1ecb c\u1ea5m tham gia c\u00e1c ho\u1ea1t \u0111\u1ed9ng tr\u00ean n\u1ec1n t\u1ea3ng.<\/p>\n\n\n\n<p>Ch\u00ednh v\u00ec v\u1eady, c\u1ea3 hai b\u00ean c\u1ea7n c\u00f3 s\u1ef1 t\u00f4n tr\u1ecdng l\u1eabn nhau \u0111\u1ec3 x\u00e2y d\u1ef1ng m\u1ed9t c\u1ed9ng \u0111\u1ed3ng c\u00e1 c\u01b0\u1ee3c l\u00e0nh m\u1ea1nh. Ng\u01b0\u1eddi ch\u01a1i n\u00ean ghi nh\u1edb r\u1eb1ng m\u1ed9t h\u00e0nh \u0111\u1ed9ng thi\u1ebfu \u0111\u1ea1o \u0111\u1ee9c c\u00f3 th\u1ec3 \u1ea3nh h\u01b0\u1edfng \u0111\u1ebfn tr\u1ea3i nghi\u1ec7m kh\u00f4ng ch\u1ec9 c\u1ee7a ri\u00eang h\u1ecd m\u00e0 c\u00f2n c\u1ee7a c\u1ea3 c\u1ed9ng \u0111\u1ed3ng.<\/p>\n\n\n\n<h3 class=\"wp-block-heading\">C\u00e1ch x\u1eed l\u00fd khi c\u00f3 tranh ch\u1ea5p<\/h3>\n\n\n\n<p>Tranh ch\u1ea5p c\u00f3 th\u1ec3 x\u1ea3y ra trong b\u1ea5t c\u1ee9 l\u0129nh v\u1ef1c n\u00e0o, \u0111\u1eb7c bi\u1ec7t l\u00e0 trong ng\u00e0nh c\u00e1 c\u01b0\u1ee3c. FFok \u0111\u00e3 thi\u1ebft l\u1eadp m\u1ed9t quy tr\u00ecnh gi\u1ea3i quy\u1ebft tranh ch\u1ea5p h\u1ee3p l\u00fd v\u00e0 minh b\u1ea1ch \u0111\u1ec3 \u0111\u1ea3m b\u1ea3o quy\u1ec1n l\u1ee3i cho ng\u01b0\u1eddi ch\u01a1i.<\/p>\n\n\n\n<p>Khi c\u00f3 tranh ch\u1ea5p x\u1ea3y ra, ng\u01b0\u1eddi ch\u01a1i n\u00ean li\u00ean h\u1ec7 v\u1edbi b\u1ed9 ph\u1eadn h\u1ed7 tr\u1ee3 kh\u00e1ch h\u00e0ng c\u1ee7a FFok c\u00e0ng s\u1edbm c\u00e0ng t\u1ed1t. Th\u00f4ng qua c\u00e1c k\u00eanh li\u00ean l\u1ea1c ch\u00ednh th\u1ee9c, ng\u01b0\u1eddi ch\u01a1i c\u00f3 th\u1ec3 g\u1eedi khi\u1ebfu n\u1ea1i v\u00e0 cung c\u1ea5p \u0111\u1ea7y \u0111\u1ee7 th\u00f4ng tin \u0111\u1ec3 \u0111\u1ed9i ng\u0169 h\u1ed7 tr\u1ee3 xem x\u00e9t v\u00e0 \u0111\u01b0a ra gi\u1ea3i ph\u00e1p ph\u00f9 h\u1ee3p.<\/p>\n\n\n\n<p>Qu\u00e1 tr\u00ecnh n\u00e0y th\u01b0\u1eddng di\u1ec5n ra nhanh ch\u00f3ng v\u00e0 hi\u1ec7u qu\u1ea3, nh\u01b0ng ng\u01b0\u1eddi ch\u01a1i c\u1ea7n ki\u00ean nh\u1eabn v\u00e0 cung c\u1ea5p \u0111\u1ea7y \u0111\u1ee7 ch\u1ee9ng c\u1ee9 \u0111\u1ec3 h\u1ed7 tr\u1ee3 y\u00eau c\u1ea7u c\u1ee7a m\u00ecnh. N\u1ebfu kh\u00f4ng h\u00e0i l\u00f2ng v\u1edbi k\u1ebft qu\u1ea3, ng\u01b0\u1eddi ch\u01a1i c\u00f3 quy\u1ec1n khi\u1ebfu n\u1ea1i l\u00ean c\u00e1c t\u1ed5 ch\u1ee9c qu\u1ea3n l\u00fd c\u00f3 th\u1ea9m quy\u1ec1n.<\/p>\n\n\n\n<h2 class=\"wp-block-heading\"><span class=\"ez-toc-section\" id=\"Luu_y_can_nho_de_khong_vi_pham\"><\/span>L\u01b0u \u00fd c\u1ea7n nh\u1edb \u0111\u1ec3 kh\u00f4ng vi ph\u1ea1m<span class=\"ez-toc-section-end\"><\/span><\/h2>\n\n\n\n<p>Khi tham gia v\u00e0o c\u00e1 c\u01b0\u1ee3c online, c\u00f3 r\u1ea5t nhi\u1ec1u \u0111i\u1ec1u m\u00e0 ng\u01b0\u1eddi ch\u01a1i c\u1ea7n l\u01b0u \u00fd \u0111\u1ec3 tr\u00e1nh m\u1eafc ph\u1ea3i c\u00e1c l\u1ed7i vi ph\u1ea1m kh\u00f4ng \u0111\u00e1ng c\u00f3. D\u01b0\u1edbi \u0111\u00e2y l\u00e0 m\u1ed9t v\u00e0i \u0111i\u1ec3m quan tr\u1ecdng m\u00e0 b\u1ea1n n\u00ean ghi nh\u1edb.<\/p>\n\n\n\n<h3 class=\"wp-block-heading\">\u0110\u1ecdc k\u1ef9 tr\u01b0\u1edbc khi nh\u1eadn khuy\u1ebfn m\u00e3i<\/h3>\n\n\n\n<p>Khuy\u1ebfn m\u00e3i l\u00e0 m\u1ed9t trong nh\u1eefng \u01b0u \u0111\u00e3i h\u1ea5p d\u1eabn d\u00e0nh cho ng\u01b0\u1eddi ch\u01a1i, nh\u01b0ng kh\u00f4ng ph\u1ea3i ai c\u0169ng hi\u1ec3u r\u00f5 c\u00e1c \u0111i\u1ec1u ki\u1ec7n \u0111i k\u00e8m. Tr\u01b0\u1edbc khi nh\u1eadn b\u1ea5t k\u1ef3 ch\u01b0\u01a1ng tr\u00ecnh khuy\u1ebfn m\u00e3i n\u00e0o, b\u1ea1n n\u00ean \u0111\u1ecdc k\u1ef9 c\u00e1c \u0111i\u1ec1u kho\u1ea3n \u0111\u1ec3 bi\u1ebft \u0111\u01b0\u1ee3c m\u00ecnh c\u1ea7n l\u00e0m g\u00ec \u0111\u1ec3 \u0111\u1ee7 \u0111i\u1ec1u ki\u1ec7n c\u0169ng nh\u01b0 c\u00e1c h\u1ea1n ch\u1ebf li\u00ean quan \u0111\u1ebfn vi\u1ec7c r\u00fat ti\u1ec1n.<\/p>\n\n\n\n<p>Nhi\u1ec1u ng\u01b0\u1eddi ch\u01a1i th\u01b0\u1eddng kh\u00f4ng \u0111\u1ec3 \u00fd \u0111\u1ebfn c\u00e1c \u0111i\u1ec1u ki\u1ec7n n\u00e0y, d\u1eabn \u0111\u1ebfn vi\u1ec7c kh\u00f4ng th\u1ec3 r\u00fat ti\u1ec1n th\u1eafng c\u01b0\u1ee3c do ch\u01b0a ho\u00e0n th\u00e0nh y\u00eau c\u1ea7u. Ch\u00ednh v\u00ec v\u1eady, h\u00e3y lu\u00f4n c\u1ea9n th\u1eadn v\u00e0 ch\u1eafc ch\u1eafn r\u1eb1ng b\u1ea1n \u0111\u00e3 hi\u1ec3u r\u00f5 tr\u01b0\u1edbc khi tham gia b\u1ea5t k\u1ef3 ch\u01b0\u01a1ng tr\u00ecnh khuy\u1ebfn m\u00e3i n\u00e0o.<\/p>\n\n\n\n<h3 class=\"wp-block-heading\">Tr\u00e1nh s\u1eed d\u1ee5ng t\u00e0i kho\u1ea3n sai m\u1ee5c \u0111\u00edch<\/h3>\n\n\n\n<p>Vi\u1ec7c s\u1eed d\u1ee5ng t\u00e0i kho\u1ea3n c\u00e1 c\u01b0\u1ee3c kh\u00f4ng \u0111\u00fang m\u1ee5c \u0111\u00edch ho\u1eb7c vi ph\u1ea1m c\u00e1c quy \u0111\u1ecbnh c\u1ee7a FFok c\u00f3 th\u1ec3 d\u1eabn \u0111\u1ebfn vi\u1ec7c t\u00e0i kho\u1ea3n c\u1ee7a b\u1ea1n b\u1ecb kh\u00f3a. M\u1ed9t s\u1ed1 h\u00e0nh vi sai tr\u00e1i bao g\u1ed3m vi\u1ec7c s\u1eed d\u1ee5ng t\u00e0i kho\u1ea3n c\u1ee7a ng\u01b0\u1eddi kh\u00e1c, th\u1ef1c hi\u1ec7n giao d\u1ecbch b\u1ea5t h\u1ee3p ph\u00e1p ho\u1eb7c tham gia v\u00e0o c\u00e1c ho\u1ea1t \u0111\u1ed9ng tr\u00e1i ph\u00e9p.<\/p>\n\n\n\n<p>\u0110\u1ec3 tr\u00e1nh nh\u1eefng r\u1eafc r\u1ed1i kh\u00f4ng c\u1ea7n thi\u1ebft, ng\u01b0\u1eddi ch\u01a1i n\u00ean s\u1eed d\u1ee5ng t\u00e0i kho\u1ea3n c\u1ee7a m\u00ecnh cho m\u1ee5c \u0111\u00edch c\u00e1 c\u01b0\u1ee3c ch\u00ednh th\u1ee9c v\u00e0 tu\u00e2n th\u1ee7 m\u1ecdi quy \u0111\u1ecbnh c\u1ee7a FFok. H\u00e3y nh\u1edb r\u1eb1ng, tr\u00e1ch nhi\u1ec7m l\u00e0 c\u1ee7a b\u1ea1n v\u00e0 vi\u1ec7c kh\u00f4ng tu\u00e2n th\u1ee7 c\u00f3 th\u1ec3 d\u1eabn \u0111\u1ebfn nh\u1eefng h\u1eadu qu\u1ea3 nghi\u00eam tr\u1ecdng h\u01a1n b\u1ea1n t\u01b0\u1edfng.<\/p>\n\n\n\n<h2 class=\"wp-block-heading\"><span class=\"ez-toc-section\" id=\"Ket_luan\"><\/span>K\u1ebft lu\u1eadn<span class=\"ez-toc-section-end\"><\/span><\/h2>\n\n\n\n<p>T\u00f3m l\u1ea1i, vi\u1ec7c n\u1eafm r\u00f5&nbsp;<em>\u0110i\u1ec1u kho\u1ea3n v\u00e0 \u0111i\u1ec1u ki\u1ec7n FFok<\/em>&nbsp;l\u00e0 c\u1ef1c k\u1ef3 quan tr\u1ecdng \u0111\u1ed1i v\u1edbi m\u1ed7i ng\u01b0\u1eddi ch\u01a1i. Nh\u1eefng \u0111i\u1ec1u kho\u1ea3n n\u00e0y kh\u00f4ng ch\u1ec9 gi\u00fap b\u1ea1n hi\u1ec3u r\u00f5 quy\u1ec1n l\u1ee3i v\u00e0 ngh\u0129a v\u1ee5 c\u1ee7a m\u00ecnh m\u00e0 c\u00f2n b\u1ea3o v\u1ec7 b\u1ea1n kh\u1ecfi nh\u1eefng r\u1ee7i ro kh\u00f4ng mong mu\u1ed1n trong qu\u00e1 tr\u00ecnh c\u00e1 c\u01b0\u1ee3c.<\/p>\n\n\n","protected":false},"excerpt":{"rendered":"<p>\u0110i\u1ec1u Kho\u1ea3n FFok \u2013 \u0110\u1ecdc k\u1ef9 ch\u01a1i y\u00ean t\u00e2m, kh\u1ecfi lo xui r\u1ee7i! \u0110i\u1ec1u kho\u1ea3n v\u00e0 \u0111i\u1ec1u ki\u1ec7n FFok&nbsp;l\u00e0 nh\u1eefng th\u00f4ng tin quan tr\u1ecdng m\u00e0 m\u1ecdi ng\u01b0\u1eddi ch\u01a1i c\u1ea7n n\u1eafm r\u00f5 tr\u01b0\u1edbc khi tham gia v\u00e0o c\u00e1c ho\u1ea1t \u0111\u1ed9ng c\u00e1 c\u01b0\u1ee3c t\u1ea1i n\u1ec1n t\u1ea3ng n\u00e0y. Vi\u1ec7c hi\u1ec3u r\u00f5 c\u00e1c \u0111i\u1ec1u kho\u1ea3n s\u1ebd gi\u00fap b\u1ea1n c\u00f3 [&#8230;]\n","protected":false},"author":1,"featured_media":180,"parent":0,"menu_order":0,"comment_status":"closed","ping_status":"closed","template":"","meta":{"footnotes":""},"class_list":["post-66","page","type-page","status-publish","has-post-thumbnail","hentry"],"_links":{"self":[{"href":"https:\/\/checkinhanoi.com\/index.php\/wp-json\/wp\/v2\/pages\/66","targetHints":{"allow":["GET"]}}],"collection":[{"href":"https:\/\/checkinhanoi.com\/index.php\/wp-json\/wp\/v2\/pages"}],"about":[{"href":"https:\/\/checkinhanoi.com\/index.php\/wp-json\/wp\/v2\/types\/page"}],"author":[{"embeddable":true,"href":"https:\/\/checkinhanoi.com\/index.php\/wp-json\/wp\/v2\/users\/1"}],"replies":[{"embeddable":true,"href":"https:\/\/checkinhanoi.com\/index.php\/wp-json\/wp\/v2\/comments?post=66"}],"version-history":[{"count":3,"href":"https:\/\/checkinhanoi.com\/index.php\/wp-json\/wp\/v2\/pages\/66\/revisions"}],"predecessor-version":[{"id":181,"href":"https:\/\/checkinhanoi.com\/index.php\/wp-json\/wp\/v2\/pages\/66\/revisions\/181"}],"wp:featuredmedia":[{"embeddable":true,"href":"https:\/\/checkinhanoi.com\/index.php\/wp-json\/wp\/v2\/media\/180"}],"wp:attachment":[{"href":"https:\/\/checkinhanoi.com\/index.php\/wp-json\/wp\/v2\/media?parent=66"}],"curies":[{"name":"wp","href":"https:\/\/api.w.org\/{rel}","templated":true}]}}