{"id":68,"date":"2025-04-05T05:37:52","date_gmt":"2025-04-05T05:37:52","guid":{"rendered":"https:\/\/checkinhanoi.com\/?page_id=68"},"modified":"2025-04-07T05:54:19","modified_gmt":"2025-04-07T05:54:19","slug":"chinh-sach-bao-mat-ffok","status":"publish","type":"page","link":"https:\/\/checkinhanoi.com\/index.php\/chinh-sach-bao-mat-ffok\/","title":{"rendered":"Ch\u00ednh S\u00e1ch B\u1ea3o M\u1eadt FFok \u2013 Th\u00f4ng tin b\u1ea1n l\u00e0 b\u00ed m\u1eadt c\u1ee7a t\u1ee5i m\u00ecnh!"},"content":{"rendered":"\n<h1 class=\"wp-block-heading\"><span class=\"ez-toc-section\" id=\"Chinh_Sach_Bao_Mat_FFok_%E2%80%93_Thong_tin_ban_la_bi_mat_cua_tui_minh\"><\/span>Ch\u00ednh S\u00e1ch B\u1ea3o M\u1eadt FFok \u2013 Th\u00f4ng tin b\u1ea1n l\u00e0 b\u00ed m\u1eadt c\u1ee7a t\u1ee5i m\u00ecnh!<span class=\"ez-toc-section-end\"><\/span><\/h1>\n\n\n\n<figure class=\"wp-block-image aligncenter size-full\"><img loading=\"lazy\" decoding=\"async\" width=\"800\" height=\"450\" src=\"https:\/\/checkinhanoi.com\/wp-content\/uploads\/2025\/04\/bao-mat.jpg\" alt=\"Ch\u00ednh S\u00e1ch B\u1ea3o M\u1eadt FFok \u2013 Th\u00f4ng tin b\u1ea1n l\u00e0 b\u00ed m\u1eadt c\u1ee7a t\u1ee5i m\u00ecnh!\" class=\"wp-image-192\" srcset=\"https:\/\/checkinhanoi.com\/wp-content\/uploads\/2025\/04\/bao-mat.jpg 800w, https:\/\/checkinhanoi.com\/wp-content\/uploads\/2025\/04\/bao-mat-300x169.jpg 300w, https:\/\/checkinhanoi.com\/wp-content\/uploads\/2025\/04\/bao-mat-768x432.jpg 768w\" sizes=\"auto, (max-width: 800px) 100vw, 800px\" \/><figcaption class=\"wp-element-caption\">Ch\u00ednh S\u00e1ch B\u1ea3o M\u1eadt FFok \u2013 Th\u00f4ng tin b\u1ea1n l\u00e0 b\u00ed m\u1eadt c\u1ee7a t\u1ee5i m\u00ecnh!<\/figcaption><\/figure>\n\n\n\n<p>Ch\u00e0o m\u1eebng b\u1ea1n \u0111\u1ebfn v\u1edbi b\u00e0i vi\u1ebft chi ti\u1ebft v\u1ec1&nbsp;<strong><a href=\"https:\/\/checkinhanoi.com\/index.php\/chinh-sach-bao-mat-ffok\/\">Ch\u00ednh S\u00e1ch B\u1ea3o M\u1eadt FFok<\/a><\/strong>! Trong th\u1eddi \u0111\u1ea1i c\u00f4ng ngh\u1ec7 ph\u00e1t tri\u1ec3n m\u1ea1nh m\u1ebd, vi\u1ec7c b\u1ea3o v\u1ec7 th\u00f4ng tin c\u00e1 nh\u00e2n tr\u1edf th\u00e0nh m\u1ed9t v\u1ea5n \u0111\u1ec1 r\u1ea5t quan tr\u1ecdng. FFok cam k\u1ebft gi\u1eef g\u00ecn s\u1ef1 ri\u00eang t\u01b0 v\u00e0 b\u1ea3o m\u1eadt th\u00f4ng tin c\u1ee7a ng\u01b0\u1eddi d\u00f9ng trong m\u1ecdi tr\u01b0\u1eddng h\u1ee3p. H\u00e3y c\u00f9ng t\u00ecm hi\u1ec3u s\u00e2u h\u01a1n v\u1ec1 ch\u00ednh s\u00e1ch n\u00e0y v\u00e0 c\u00e1ch m\u00e0 FFok th\u1ef1c hi\u1ec7n \u0111\u1ec3 \u0111\u1ea3m b\u1ea3o an to\u00e0n cho b\u1ea1n.<\/p><div id=\"ez-toc-container\" class=\"ez-toc-v2_0_82_2 ez-toc-wrap-center counter-hierarchy ez-toc-counter ez-toc-grey ez-toc-container-direction\">\n<div class=\"ez-toc-title-container\">\n<p class=\"ez-toc-title\" style=\"cursor:inherit\">T\u00f3m t\u1eaft<\/p>\n<span class=\"ez-toc-title-toggle\"><a href=\"#\" class=\"ez-toc-pull-right ez-toc-btn ez-toc-btn-xs ez-toc-btn-default ez-toc-toggle\" aria-label=\"Toggle Table of Content\"><span class=\"ez-toc-js-icon-con\"><span class=\"\"><span class=\"eztoc-hide\" style=\"display:none;\">Toggle<\/span><span class=\"ez-toc-icon-toggle-span\"><svg style=\"fill: #999;color:#999\" xmlns=\"http:\/\/www.w3.org\/2000\/svg\" class=\"list-377408\" width=\"20px\" height=\"20px\" viewBox=\"0 0 24 24\" fill=\"none\"><path d=\"M6 6H4v2h2V6zm14 0H8v2h12V6zM4 11h2v2H4v-2zm16 0H8v2h12v-2zM4 16h2v2H4v-2zm16 0H8v2h12v-2z\" fill=\"currentColor\"><\/path><\/svg><svg style=\"fill: #999;color:#999\" class=\"arrow-unsorted-368013\" xmlns=\"http:\/\/www.w3.org\/2000\/svg\" width=\"10px\" height=\"10px\" viewBox=\"0 0 24 24\" version=\"1.2\" baseProfile=\"tiny\"><path d=\"M18.2 9.3l-6.2-6.3-6.2 6.3c-.2.2-.3.4-.3.7s.1.5.3.7c.2.2.4.3.7.3h11c.3 0 .5-.1.7-.3.2-.2.3-.5.3-.7s-.1-.5-.3-.7zM5.8 14.7l6.2 6.3 6.2-6.3c.2-.2.3-.5.3-.7s-.1-.5-.3-.7c-.2-.2-.4-.3-.7-.3h-11c-.3 0-.5.1-.7.3-.2.2-.3.5-.3.7s.1.5.3.7z\"\/><\/svg><\/span><\/span><\/span><\/a><\/span><\/div>\n<nav><ul class='ez-toc-list ez-toc-list-level-1 ' ><li class='ez-toc-page-1 ez-toc-heading-level-1'><a class=\"ez-toc-link ez-toc-heading-1\" href=\"https:\/\/checkinhanoi.com\/index.php\/chinh-sach-bao-mat-ffok\/#Chinh_Sach_Bao_Mat_FFok_%E2%80%93_Thong_tin_ban_la_bi_mat_cua_tui_minh\" >Ch\u00ednh S\u00e1ch B\u1ea3o M\u1eadt FFok \u2013 Th\u00f4ng tin b\u1ea1n l\u00e0 b\u00ed m\u1eadt c\u1ee7a t\u1ee5i m\u00ecnh!<\/a><ul class='ez-toc-list-level-2' ><li class='ez-toc-heading-level-2'><a class=\"ez-toc-link ez-toc-heading-2\" href=\"https:\/\/checkinhanoi.com\/index.php\/chinh-sach-bao-mat-ffok\/#FFok_bao_ve_thong_tin_nguoi_dung_ra_sao\" >FFok b\u1ea3o v\u1ec7 th\u00f4ng tin ng\u01b0\u1eddi d\u00f9ng ra sao?<\/a><\/li><li class='ez-toc-page-1 ez-toc-heading-level-2'><a class=\"ez-toc-link ez-toc-heading-3\" href=\"https:\/\/checkinhanoi.com\/index.php\/chinh-sach-bao-mat-ffok\/#Nhung_gi_nguoi_dung_can_biet_ve_bao_mat\" >Nh\u1eefng g\u00ec ng\u01b0\u1eddi d\u00f9ng c\u1ea7n bi\u1ebft v\u1ec1 b\u1ea3o m\u1eadt<\/a><\/li><li class='ez-toc-page-1 ez-toc-heading-level-2'><a class=\"ez-toc-link ez-toc-heading-4\" href=\"https:\/\/checkinhanoi.com\/index.php\/chinh-sach-bao-mat-ffok\/#FFok_xu_ly_cac_su_co_bao_mat_nhu_the_nao\" >FFok x\u1eed l\u00fd c\u00e1c s\u1ef1 c\u1ed1 b\u1ea3o m\u1eadt nh\u01b0 th\u1ebf n\u00e0o?<\/a><\/li><li class='ez-toc-page-1 ez-toc-heading-level-2'><a class=\"ez-toc-link ez-toc-heading-5\" href=\"https:\/\/checkinhanoi.com\/index.php\/chinh-sach-bao-mat-ffok\/#Ket_luan\" >K\u1ebft lu\u1eadn<\/a><\/li><\/ul><\/li><\/ul><\/nav><\/div>\n\n\n\n\n<h2 class=\"wp-block-heading\"><span class=\"ez-toc-section\" id=\"FFok_bao_ve_thong_tin_nguoi_dung_ra_sao\"><\/span>FFok b\u1ea3o v\u1ec7 th\u00f4ng tin ng\u01b0\u1eddi d\u00f9ng ra sao?<span class=\"ez-toc-section-end\"><\/span><\/h2>\n\n\n\n<p>Trong m\u1ed9t th\u1ebf gi\u1edbi ng\u00e0y c\u00e0ng s\u1ed1 h\u00f3a, c\u00e2u h\u1ecfi \u0111\u1eb7t ra l\u00e0 l\u00e0m th\u1ebf n\u00e0o \u0111\u1ec3 b\u1ea3o v\u1ec7 th\u00f4ng tin ng\u01b0\u1eddi d\u00f9ng hi\u1ec7u qu\u1ea3 nh\u1ea5t.&nbsp;<strong>Ch\u00ednh S\u00e1ch B\u1ea3o M\u1eadt FFok<\/strong>&nbsp;kh\u00f4ng ch\u1ec9 \u0111\u01a1n thu\u1ea7n l\u00e0 m\u1ed9t b\u1ea3n tuy\u00ean b\u1ed1; n\u00f3 l\u00e0 m\u1ed9t cam k\u1ebft nghi\u00eam t\u00fac t\u1eeb ch\u00fang t\u00f4i v\u1ec1 vi\u1ec7c b\u1ea3o v\u1ec7 quy\u1ec1n ri\u00eang t\u01b0 c\u1ee7a b\u1ea1n.<\/p>\n\n\n\n<h3 class=\"wp-block-heading\">M\u00e3 h\u00f3a d\u1eef li\u1ec7u, l\u01b0u tr\u1eef an to\u00e0n tuy\u1ec7t \u0111\u1ed1i<\/h3>\n\n\n\n<p>M\u00e3 h\u00f3a d\u1eef li\u1ec7u l\u00e0 m\u1ed9t trong nh\u1eefng bi\u1ec7n ph\u00e1p b\u1ea3o m\u1eadt ti\u00ean ti\u1ebfn nh\u1ea5t m\u00e0 FFok s\u1eed d\u1ee5ng \u0111\u1ec3 b\u1ea3o v\u1ec7 th\u00f4ng tin c\u1ee7a b\u1ea1n. M\u1ed7i khi b\u1ea1n nh\u1eadp th\u00f4ng tin c\u00e1 nh\u00e2n v\u00e0o h\u1ec7 th\u1ed1ng, th\u00f4ng tin \u0111\u00f3 s\u1ebd \u0111\u01b0\u1ee3c m\u00e3 h\u00f3a b\u1eb1ng c\u00e1c thu\u1eadt to\u00e1n hi\u1ec7n \u0111\u1ea1i. \u0110i\u1ec1u n\u00e0y c\u00f3 ngh\u0129a l\u00e0 ngay c\u1ea3 khi c\u00f3 ai \u0111\u00f3 c\u1ed1 g\u1eafng truy c\u1eadp v\u00e0o d\u1eef li\u1ec7u c\u1ee7a b\u1ea1n, h\u1ecd c\u0169ng s\u1ebd th\u1ea5y ch\u1ec9 l\u00e0 nh\u1eefng k\u00fd t\u1ef1 v\u00f4 ngh\u0129a.<\/p>\n\n\n\n<p>B\u00ean c\u1ea1nh \u0111\u00f3, FFok c\u00f2n \u00e1p d\u1ee5ng h\u1ec7 th\u1ed1ng l\u01b0u tr\u1eef an to\u00e0n tuy\u1ec7t \u0111\u1ed1i. T\u1ea5t c\u1ea3 d\u1eef li\u1ec7u \u0111\u1ec1u \u0111\u01b0\u1ee3c l\u01b0u tr\u1eef tr\u00ean c\u00e1c m\u00e1y ch\u1ee7 b\u1ea3o m\u1eadt, v\u1edbi nhi\u1ec1u l\u1edbp b\u1ea3o v\u1ec7 kh\u00e1c nhau. Ch\u00fang t\u00f4i th\u01b0\u1eddng xuy\u00ean ki\u1ec3m tra v\u00e0 c\u1eadp nh\u1eadt h\u1ec7 th\u1ed1ng \u0111\u1ec3 \u0111\u1ea3m b\u1ea3o r\u1eb1ng kh\u00f4ng c\u00f3 l\u1ed7 h\u1ed5ng n\u00e0o c\u00f3 th\u1ec3 b\u1ecb khai th\u00e1c. M\u1ed9t s\u1ed1 bi\u1ec7n ph\u00e1p b\u1ea3o m\u1eadt m\u00e0 ch\u00fang t\u00f4i s\u1eed d\u1ee5ng bao g\u1ed3m ki\u1ec3m so\u00e1t quy\u1ec1n truy c\u1eadp, t\u01b0\u1eddng l\u1eeda v\u00e0 c\u00e1c ph\u1ea7n m\u1ec1m ch\u1ed1ng virus ti\u00ean ti\u1ebfn.<\/p>\n\n\n\n<p>H\u1ec7 th\u1ed1ng m\u00e3 h\u00f3a v\u00e0 l\u01b0u tr\u1eef an to\u00e0n gi\u00fap ng\u01b0\u1eddi d\u00f9ng c\u1ea3m th\u1ea5y y\u00ean t\u00e2m h\u01a1n m\u1ed7i khi s\u1eed d\u1ee5ng d\u1ecbch v\u1ee5 c\u1ee7a FFok. B\u1ea1n c\u00f3 th\u1ec3 tho\u1ea3i m\u00e1i giao ti\u1ebfp v\u00e0 chia s\u1ebb th\u00f4ng tin m\u00e0 kh\u00f4ng s\u1ee3 b\u1ecb r\u00f2 r\u1ec9 hay \u0111\u00e1nh c\u1eafp.<\/p>\n\n\n\n<h3 class=\"wp-block-heading\">Kh\u00f4ng chia s\u1ebb th\u00f4ng tin cho b\u00ean th\u1ee9 ba<\/h3>\n\n\n\n<p>M\u1ed9t trong nh\u1eefng nguy\u00ean t\u1eafc c\u01a1 b\u1ea3n trong&nbsp;<strong>Ch\u00ednh S\u00e1ch B\u1ea3o M\u1eadt FFok<\/strong>&nbsp;l\u00e0 kh\u00f4ng chia s\u1ebb th\u00f4ng tin c\u00e1 nh\u00e2n c\u1ee7a ng\u01b0\u1eddi d\u00f9ng cho b\u00ean th\u1ee9 ba m\u00e0 kh\u00f4ng c\u00f3 s\u1ef1 \u0111\u1ed3ng \u00fd r\u00f5 r\u00e0ng t\u1eeb b\u1ea1n. \u0110i\u1ec1u n\u00e0y c\u00f3 ngh\u0129a l\u00e0 ch\u00fang t\u00f4i s\u1ebd kh\u00f4ng b\u00e1n hay cho thu\u00ea th\u00f4ng tin c\u1ee7a b\u1ea1n cho b\u1ea5t k\u1ef3 c\u00f4ng ty n\u00e0o kh\u00e1c.<\/p>\n\n\n\n<p>Ch\u00fang t\u00f4i hi\u1ec3u r\u1eb1ng b\u1ea3o m\u1eadt th\u00f4ng tin c\u00e1 nh\u00e2n kh\u00f4ng ch\u1ec9 l\u00e0 tr\u00e1ch nhi\u1ec7m m\u00e0 c\u00f2n l\u00e0 quy\u1ec1n l\u1ee3i c\u1ee7a ng\u01b0\u1eddi d\u00f9ng. Khi b\u1ea1n \u0111\u0103ng k\u00fd t\u00e0i kho\u1ea3n t\u1ea1i <a href=\"https:\/\/checkinhanoi.com\/\"><strong>FFok<\/strong><\/a>, b\u1ea1n ho\u00e0n to\u00e0n c\u00f3 th\u1ec3 tin t\u01b0\u1edfng r\u1eb1ng th\u00f4ng tin c\u1ee7a m\u00ecnh s\u1ebd \u0111\u01b0\u1ee3c x\u1eed l\u00fd m\u1ed9t c\u00e1ch b\u1ea3o m\u1eadt v\u00e0 an to\u00e0n.<\/p>\n\n\n\n<p>Ngo\u00e0i ra, n\u1ebfu c\u00f3 b\u1ea5t k\u1ef3 t\u00ecnh hu\u1ed1ng n\u00e0o y\u00eau c\u1ea7u chia s\u1ebb th\u00f4ng tin c\u1ee7a b\u1ea1n v\u1edbi b\u00ean th\u1ee9 ba, ch\u00fang t\u00f4i s\u1ebd th\u00f4ng b\u00e1o cho b\u1ea1n tr\u01b0\u1edbc. Ch\u1ec9 khi b\u1ea1n \u0111\u1ed3ng \u00fd, th\u00f4ng tin m\u1edbi \u0111\u01b0\u1ee3c chuy\u1ec3n giao. \u0110i\u1ec1u n\u00e0y th\u1ec3 hi\u1ec7n s\u1ef1 minh b\u1ea1ch trong quy tr\u00ecnh ho\u1ea1t \u0111\u1ed9ng v\u00e0 cam k\u1ebft c\u1ee7a ch\u00fang t\u00f4i \u0111\u1ed1i v\u1edbi quy\u1ec1n ri\u00eang t\u01b0 c\u1ee7a b\u1ea1n.<\/p>\n\n\n\n<h2 class=\"wp-block-heading\"><span class=\"ez-toc-section\" id=\"Nhung_gi_nguoi_dung_can_biet_ve_bao_mat\"><\/span>Nh\u1eefng g\u00ec ng\u01b0\u1eddi d\u00f9ng c\u1ea7n bi\u1ebft v\u1ec1 b\u1ea3o m\u1eadt<span class=\"ez-toc-section-end\"><\/span><\/h2>\n\n\n\n<p>Khi n\u00f3i \u0111\u1ebfn b\u1ea3o m\u1eadt, ngo\u00e0i nh\u1eefng bi\u1ec7n ph\u00e1p m\u00e0 FFok \u0111\u00e3 tri\u1ec3n khai, ng\u01b0\u1eddi d\u00f9ng c\u0169ng c\u1ea7n ph\u1ea3i n\u1eafm r\u00f5 m\u1ed9t s\u1ed1 \u0111i\u1ec1u quan tr\u1ecdng \u0111\u1ec3 t\u1ef1 b\u1ea3o v\u1ec7 t\u00e0i kho\u1ea3n c\u1ee7a m\u00ecnh.<\/p>\n\n\n\n<h3 class=\"wp-block-heading\">C\u00e1ch t\u1ef1 b\u1ea3o v\u1ec7 t\u00e0i kho\u1ea3n c\u1ee7a b\u1ea1n<\/h3>\n\n\n\n<p>Vi\u1ec7c t\u1ef1 b\u1ea3o v\u1ec7 t\u00e0i kho\u1ea3n c\u1ee7a b\u1ea1n l\u00e0 h\u1ebft s\u1ee9c c\u1ea7n thi\u1ebft trong th\u1eddi bu\u1ed5i c\u00f4ng ngh\u1ec7 s\u1ed1. \u0110\u1ea7u ti\u00ean, h\u00e3y \u0111\u1ea3m b\u1ea3o r\u1eb1ng b\u1ea1n t\u1ea1o m\u1ed9t m\u1eadt kh\u1ea9u m\u1ea1nh v\u00e0 duy nh\u1ea5t cho t\u00e0i kho\u1ea3n FFok c\u1ee7a m\u00ecnh. M\u1ed9t m\u1eadt kh\u1ea9u t\u1ed1t n\u00ean bao g\u1ed3m ch\u1eef hoa, ch\u1eef th\u01b0\u1eddng, s\u1ed1 v\u00e0 k\u00fd t\u1ef1 \u0111\u1eb7c bi\u1ec7t. Tr\u00e1nh s\u1eed d\u1ee5ng nh\u1eefng th\u00f4ng tin d\u1ec5 \u0111o\u00e1n nh\u01b0 ng\u00e0y sinh hay t\u00ean c\u00e1 nh\u00e2n.<\/p>\n\n\n\n<p>Th\u1ee9 hai, h\u00e3y \u0111\u1ecbnh k\u1ef3 thay \u0111\u1ed5i m\u1eadt kh\u1ea9u c\u1ee7a b\u1ea1n. Vi\u1ec7c n\u00e0y gi\u00fap gi\u1ea3m thi\u1ec3u nguy c\u01a1 b\u1ecb x\u00e2m ph\u1ea1m t\u00e0i kho\u1ea3n. N\u1ebfu b\u1ea1n nghi ng\u1edd r\u1eb1ng m\u1eadt kh\u1ea9u c\u1ee7a m\u00ecnh c\u00f3 th\u1ec3 \u0111\u00e3 b\u1ecb r\u00f2 r\u1ec9, h\u00e3y thay \u0111\u1ed5i ngay l\u1eadp t\u1ee9c.<\/p>\n\n\n\n<p>Cu\u1ed1i c\u00f9ng, h\u00e3y s\u1eed d\u1ee5ng ch\u1ee9c n\u0103ng x\u00e1c th\u1ef1c hai y\u1ebfu t\u1ed1 (2FA) n\u1ebfu c\u00f3. \u0110\u00e2y l\u00e0 m\u1ed9t bi\u1ec7n ph\u00e1p b\u1ea3o m\u1eadt th\u00eam gi\u00fap b\u1ea1n b\u1ea3o v\u1ec7 t\u00e0i kho\u1ea3n c\u1ee7a m\u00ecnh t\u1ed1t h\u01a1n. V\u1edbi 2FA, ngay c\u1ea3 khi ai \u0111\u00f3 c\u00f3 \u0111\u01b0\u1ee3c m\u1eadt kh\u1ea9u c\u1ee7a b\u1ea1n, h\u1ecd v\u1eabn c\u1ea7n m\u1ed9t y\u1ebfu t\u1ed1 th\u1ee9 hai \u0111\u1ec3 \u0111\u0103ng nh\u1eadp v\u00e0o t\u00e0i kho\u1ea3n.<\/p>\n\n\n\n<h3 class=\"wp-block-heading\">Nh\u1eefng d\u1ea5u hi\u1ec7u l\u1ea1 c\u1ea7n b\u00e1o ngay cho support<\/h3>\n\n\n\n<p>C\u00f3 nh\u1eefng d\u1ea5u hi\u1ec7u c\u1ea3nh b\u00e1o m\u00e0 b\u1ea1n c\u1ea7n ch\u00fa \u00fd \u0111\u1ec3 b\u1ea3o v\u1ec7 t\u00e0i kho\u1ea3n c\u1ee7a m\u00ecnh. N\u1ebfu b\u1ea1n nh\u1eadn th\u1ea5y b\u1ea5t k\u1ef3 ho\u1ea1t \u0111\u1ed9ng l\u1ea1 n\u00e0o tr\u00ean t\u00e0i kho\u1ea3n c\u1ee7a m\u00ecnh, ch\u1eb3ng h\u1ea1n nh\u01b0 \u0111\u0103ng nh\u1eadp t\u1eeb v\u1ecb tr\u00ed \u0111\u1ecba l\u00fd kh\u00f4ng quen thu\u1ed9c ho\u1eb7c th\u00f4ng b\u00e1o v\u1ec1 m\u1ed9t thay \u0111\u1ed5i m\u00e0 b\u1ea1n ch\u01b0a th\u1ef1c hi\u1ec7n, h\u00e3y li\u00ean h\u1ec7 ngay v\u1edbi b\u1ed9 ph\u1eadn h\u1ed7 tr\u1ee3 c\u1ee7a FFok.<\/p>\n\n\n\n<p>Ngo\u00e0i ra, n\u1ebfu b\u1ea1n nh\u1eadn \u0111\u01b0\u1ee3c email ho\u1eb7c tin nh\u1eafn gi\u1ea3 m\u1ea1o y\u00eau c\u1ea7u cung c\u1ea5p th\u00f4ng tin c\u00e1 nh\u00e2n, \u0111\u1eebng ph\u1ea3n h\u1ed3i. Nh\u1eefng th\u1ee7 \u0111o\u1ea1n n\u00e0y th\u01b0\u1eddng \u0111\u01b0\u1ee3c g\u1ecdi l\u00e0 phishing v\u00e0 c\u00f3 th\u1ec3 d\u1eabn \u0111\u1ebfn vi\u1ec7c m\u1ea5t quy\u1ec1n truy c\u1eadp v\u00e0o t\u00e0i kho\u1ea3n c\u1ee7a b\u1ea1n. H\u00e3y \u0111\u1ea3m b\u1ea3o r\u1eb1ng b\u1ea1n ch\u1ec9 t\u01b0\u01a1ng t\u00e1c v\u1edbi email ho\u1eb7c tin nh\u1eafn ch\u00ednh th\u1ee9c t\u1eeb FFok.<\/p>\n\n\n\n<p>Vi\u1ec7c nhanh ch\u00f3ng nh\u1eadn di\u1ec7n nh\u1eefng d\u1ea5u hi\u1ec7u l\u1ea1 v\u00e0 b\u00e1o c\u00e1o cho b\u1ed9 ph\u1eadn h\u1ed7 tr\u1ee3 s\u1ebd gi\u00fap ch\u00fang t\u00f4i can thi\u1ec7p k\u1ecbp th\u1eddi v\u00e0 b\u1ea3o v\u1ec7 th\u00f4ng tin c\u1ee7a b\u1ea1n m\u1ed9t c\u00e1ch t\u1ed1i \u01b0u nh\u1ea5t.<\/p>\n\n\n\n<h2 class=\"wp-block-heading\"><span class=\"ez-toc-section\" id=\"FFok_xu_ly_cac_su_co_bao_mat_nhu_the_nao\"><\/span>FFok x\u1eed l\u00fd c\u00e1c s\u1ef1 c\u1ed1 b\u1ea3o m\u1eadt nh\u01b0 th\u1ebf n\u00e0o?<span class=\"ez-toc-section-end\"><\/span><\/h2>\n\n\n\n<p>Khi x\u1ea3y ra s\u1ef1 c\u1ed1 b\u1ea3o m\u1eadt, FFok lu\u00f4n c\u00f3 nh\u1eefng bi\u1ec7n ph\u00e1p \u1ee9ng ph\u00f3 nhanh ch\u00f3ng v\u00e0 hi\u1ec7u qu\u1ea3 \u0111\u1ec3 b\u1ea3o v\u1ec7 th\u00f4ng tin ng\u01b0\u1eddi d\u00f9ng.<\/p>\n\n\n\n<h3 class=\"wp-block-heading\">Ph\u1ea3n h\u1ed3i nhanh, kh\u00f3a t\u00e0i kho\u1ea3n khi c\u1ea7n<\/h3>\n\n\n\n<p>M\u1ed9t trong nh\u1eefng nguy\u00ean t\u1eafc h\u00e0ng \u0111\u1ea7u c\u1ee7a ch\u00fang t\u00f4i l\u00e0 ph\u1ea3n h\u1ed3i nhanh ch\u00f3ng v\u1edbi b\u1ea5t k\u1ef3 s\u1ef1 c\u1ed1 b\u1ea3o m\u1eadt n\u00e0o. Khi nh\u1eadn \u0111\u01b0\u1ee3c th\u00f4ng b\u00e1o v\u1ec1 m\u1ed9t s\u1ef1 c\u1ed1, \u0111\u1ed9i ng\u0169 h\u1ed7 tr\u1ee3 c\u1ee7a FFok s\u1ebd ngay l\u1eadp t\u1ee9c xem x\u00e9t v\u00e0 \u0111i\u1ec1u tra v\u1ea5n \u0111\u1ec1. Trong tr\u01b0\u1eddng h\u1ee3p c\u1ea7n thi\u1ebft, ch\u00fang t\u00f4i s\u1ebd kh\u00f3a t\u00e0i kho\u1ea3n \u0111\u1ec3 ng\u0103n ch\u1eb7n b\u1ea5t k\u1ef3 h\u00e0nh vi gian l\u1eadn n\u00e0o c\u00f3 th\u1ec3 x\u1ea3y ra.<\/p>\n\n\n\n<p>Ch\u00fang t\u00f4i hi\u1ec3u r\u1eb1ng s\u1ef1 an to\u00e0n c\u1ee7a b\u1ea1n l\u00e0 \u01b0u ti\u00ean h\u00e0ng \u0111\u1ea7u. Do \u0111\u00f3, ngay khi ph\u00e1t hi\u1ec7n d\u1ea5u hi\u1ec7u b\u1ea5t th\u01b0\u1eddng, ch\u00fang t\u00f4i kh\u00f4ng ng\u1ea7n ng\u1ea1i th\u1ef1c hi\u1ec7n c\u00e1c b\u01b0\u1edbc c\u1ea7n thi\u1ebft \u0111\u1ec3 b\u1ea3o v\u1ec7 t\u00e0i kho\u1ea3n c\u1ee7a b\u1ea1n.<\/p>\n\n\n\n<p>Ch\u00fang t\u00f4i c\u0169ng cung c\u1ea5p cho ng\u01b0\u1eddi d\u00f9ng c\u00f4ng c\u1ee5 \u0111\u1ec3 t\u1ef1 ki\u1ec3m tra t\u00ecnh tr\u1ea1ng t\u00e0i kho\u1ea3n c\u1ee7a h\u1ecd. N\u1ebfu b\u1ea1n nghi ng\u1edd t\u00e0i kho\u1ea3n c\u1ee7a m\u00ecnh \u0111ang g\u1eb7p v\u1ea5n \u0111\u1ec1, b\u1ea1n c\u00f3 th\u1ec3 ki\u1ec3m tra l\u1ecbch s\u1eed \u0111\u0103ng nh\u1eadp v\u00e0 th\u00f4ng b\u00e1o cho ch\u00fang t\u00f4i n\u1ebfu th\u1ea5y c\u00f3 g\u00ec kh\u00f4ng \u1ed5n.<\/p>\n\n\n\n<h3 class=\"wp-block-heading\">C\u00e1ch l\u1ea5y l\u1ea1i t\u00e0i kho\u1ea3n n\u1ebfu b\u1ecb m\u1ea5t quy\u1ec1n truy c\u1eadp<\/h3>\n\n\n\n<p>N\u1ebfu b\u1ea1n kh\u00f4ng may g\u1eb7p ph\u1ea3i t\u00ecnh hu\u1ed1ng m\u1ea5t quy\u1ec1n truy c\u1eadp v\u00e0o t\u00e0i kho\u1ea3n c\u1ee7a m\u00ecnh, FFok c\u0169ng \u0111\u00e3 chu\u1ea9n b\u1ecb m\u1ed9t quy tr\u00ecnh ph\u1ee5c h\u1ed3i t\u00e0i kho\u1ea3n \u0111\u01a1n gi\u1ea3n v\u00e0 nhanh ch\u00f3ng. \u0110\u1ec3 b\u1eaft \u0111\u1ea7u, b\u1ea1n ch\u1ec9 c\u1ea7n truy c\u1eadp v\u00e0o trang \u0111\u0103ng nh\u1eadp v\u00e0 ch\u1ecdn &#8220;Qu\u00ean m\u1eadt kh\u1ea9u?&#8221;. Sau \u0111\u00f3, b\u1ea1n s\u1ebd nh\u1eadn \u0111\u01b0\u1ee3c h\u01b0\u1edbng d\u1eabn c\u1ee5 th\u1ec3 qua email \u0111\u1ec3 thi\u1ebft l\u1eadp l\u1ea1i m\u1eadt kh\u1ea9u m\u1edbi.<\/p>\n\n\n\n<p>Trong tr\u01b0\u1eddng h\u1ee3p b\u1ea1n kh\u00f4ng c\u00f2n truy c\u1eadp v\u00e0o email \u0111\u00e3 \u0111\u0103ng k\u00fd, h\u00e3y li\u00ean h\u1ec7 v\u1edbi b\u1ed9 ph\u1eadn h\u1ed7 tr\u1ee3 c\u1ee7a ch\u00fang t\u00f4i. Ch\u00fang t\u00f4i s\u1ebd y\u00eau c\u1ea7u b\u1ea1n cung c\u1ea5p m\u1ed9t s\u1ed1 th\u00f4ng tin x\u00e1c th\u1ef1c \u0111\u1ec3 x\u00e1c minh danh t\u00ednh v\u00e0 sau \u0111\u00f3 h\u01b0\u1edbng d\u1eabn b\u1ea1n kh\u00f4i ph\u1ee5c quy\u1ec1n truy c\u1eadp v\u00e0o t\u00e0i kho\u1ea3n.<\/p>\n\n\n\n<p>Quy tr\u00ecnh n\u00e0y nh\u1eb1m \u0111\u1ea3m b\u1ea3o r\u1eb1ng ch\u1ec9 c\u00f3 b\u1ea1n m\u1edbi c\u00f3 th\u1ec3 l\u1ea5y l\u1ea1i quy\u1ec1n truy c\u1eadp v\u00e0o t\u00e0i kho\u1ea3n c\u1ee7a m\u00ecnh, \u0111\u1ed3ng th\u1eddi b\u1ea3o v\u1ec7 th\u00f4ng tin c\u00e1 nh\u00e2n c\u1ee7a b\u1ea1n kh\u1ecfi nh\u1eefng k\u1ebb x\u1ea5u.<\/p>\n\n\n\n<h2 class=\"wp-block-heading\"><span class=\"ez-toc-section\" id=\"Ket_luan\"><\/span>K\u1ebft lu\u1eadn<span class=\"ez-toc-section-end\"><\/span><\/h2>\n\n\n\n<p>Th\u00f4ng qua b\u00e0i vi\u1ebft n\u00e0y, hy v\u1ecdng b\u1ea1n \u0111\u00e3 c\u00f3 c\u00e1i nh\u00ecn r\u00f5 n\u00e9t h\u01a1n v\u1ec1&nbsp;<strong>Ch\u00ednh S\u00e1ch B\u1ea3o M\u1eadt FFok<\/strong>. Ch\u00fang t\u00f4i cam k\u1ebft b\u1ea3o v\u1ec7 th\u00f4ng tin c\u00e1 nh\u00e2n c\u1ee7a b\u1ea1n b\u1eb1ng nh\u1eefng bi\u1ec7n ph\u00e1p b\u1ea3o m\u1eadt ti\u00ean ti\u1ebfn v\u00e0 \u0111\u1ed3ng th\u1eddi mong mu\u1ed1n b\u1ea1n c\u0169ng ch\u1ee7 \u0111\u1ed9ng trong vi\u1ec7c b\u1ea3o v\u1ec7 t\u00e0i kho\u1ea3n c\u1ee7a m\u00ecnh.<\/p>\n\n\n","protected":false},"excerpt":{"rendered":"<p>Ch\u00ednh S\u00e1ch B\u1ea3o M\u1eadt FFok \u2013 Th\u00f4ng tin b\u1ea1n l\u00e0 b\u00ed m\u1eadt c\u1ee7a t\u1ee5i m\u00ecnh! Ch\u00e0o m\u1eebng b\u1ea1n \u0111\u1ebfn v\u1edbi b\u00e0i vi\u1ebft chi ti\u1ebft v\u1ec1&nbsp;Ch\u00ednh S\u00e1ch B\u1ea3o M\u1eadt FFok! Trong th\u1eddi \u0111\u1ea1i c\u00f4ng ngh\u1ec7 ph\u00e1t tri\u1ec3n m\u1ea1nh m\u1ebd, vi\u1ec7c b\u1ea3o v\u1ec7 th\u00f4ng tin c\u00e1 nh\u00e2n tr\u1edf th\u00e0nh m\u1ed9t v\u1ea5n \u0111\u1ec1 r\u1ea5t quan tr\u1ecdng. FFok cam [&#8230;]\n","protected":false},"author":1,"featured_media":192,"parent":0,"menu_order":0,"comment_status":"closed","ping_status":"closed","template":"","meta":{"footnotes":""},"class_list":["post-68","page","type-page","status-publish","has-post-thumbnail","hentry"],"_links":{"self":[{"href":"https:\/\/checkinhanoi.com\/index.php\/wp-json\/wp\/v2\/pages\/68","targetHints":{"allow":["GET"]}}],"collection":[{"href":"https:\/\/checkinhanoi.com\/index.php\/wp-json\/wp\/v2\/pages"}],"about":[{"href":"https:\/\/checkinhanoi.com\/index.php\/wp-json\/wp\/v2\/types\/page"}],"author":[{"embeddable":true,"href":"https:\/\/checkinhanoi.com\/index.php\/wp-json\/wp\/v2\/users\/1"}],"replies":[{"embeddable":true,"href":"https:\/\/checkinhanoi.com\/index.php\/wp-json\/wp\/v2\/comments?post=68"}],"version-history":[{"count":3,"href":"https:\/\/checkinhanoi.com\/index.php\/wp-json\/wp\/v2\/pages\/68\/revisions"}],"predecessor-version":[{"id":194,"href":"https:\/\/checkinhanoi.com\/index.php\/wp-json\/wp\/v2\/pages\/68\/revisions\/194"}],"wp:featuredmedia":[{"embeddable":true,"href":"https:\/\/checkinhanoi.com\/index.php\/wp-json\/wp\/v2\/media\/192"}],"wp:attachment":[{"href":"https:\/\/checkinhanoi.com\/index.php\/wp-json\/wp\/v2\/media?parent=68"}],"curies":[{"name":"wp","href":"https:\/\/api.w.org\/{rel}","templated":true}]}}